{"id":3802,"date":"2025-07-23T14:51:52","date_gmt":"2025-07-23T06:51:52","guid":{"rendered":"https:\/\/jblcorten.com\/?post_type=product&#038;p=3802"},"modified":"2025-07-23T14:52:58","modified_gmt":"2025-07-23T06:52:58","slug":"cheminee-suspendue-au-plafond","status":"publish","type":"product","link":"https:\/\/jblcorten.com\/fr\/ceiling-hanging-fireplace\/","title":{"rendered":"Plafond suspendu Chemin\u00e9e"},"content":{"rendered":"<h2 style=\"text-align: center;\"><span style=\"font-size: 14pt;\">Plafond suspendu Chemin\u00e9e<\/span><\/h2>\n<p>Contrairement \u00e0 la chemin\u00e9e traditionnelle plac\u00e9e contre le mur, la chemin\u00e9e suspendue au plafond permet d'obtenir l'effet visuel de flammes br\u00fblant librement dans l'air en \u00e9tant suspendue au plafond, ce qui cr\u00e9e une sensation sans pr\u00e9c\u00e9dent de centre spatial et d'atmosph\u00e8re d'art architectural. Qu'il s'agisse du salon d'une villa, d'un h\u00f4tel ou d'un hall d'exposition haut de gamme, elle peut devenir un point focal qui attire l'attention et cr\u00e9e une atmosph\u00e8re. La flamme visible \u00e0 360\u00b0, le design sculptural et une vari\u00e9t\u00e9 d'options de combustible respectueuses de l'environnement en font non seulement un appareil de chauffage, mais aussi une \u0153uvre d'art.<\/p>\n<p><img fetchpriority=\"high\" decoding=\"async\" class=\"alignnone size-full wp-image-3807\" src=\"https:\/\/jblcorten.com\/wp-content\/uploads\/2025\/07\/ceiling-hanging-fireplace.jpg\" alt=\"chemin\u00e9e suspendue au plafond\" width=\"750\" height=\"450\" title=\"\" srcset=\"https:\/\/jblcorten.com\/wp-content\/uploads\/2025\/07\/ceiling-hanging-fireplace.jpg 750w, https:\/\/jblcorten.com\/wp-content\/uploads\/2025\/07\/ceiling-hanging-fireplace-300x180.jpg 300w, https:\/\/jblcorten.com\/wp-content\/uploads\/2025\/07\/ceiling-hanging-fireplace-18x12.jpg 18w, https:\/\/jblcorten.com\/wp-content\/uploads\/2025\/07\/ceiling-hanging-fireplace-600x360.jpg 600w\" sizes=\"(max-width: 750px) 100vw, 750px\" \/><\/p>\n<p>Chaque chemin\u00e9e suspendue est la cristallisation du design et de l'artisanat. L'enveloppe ext\u00e9rieure est en acier de haute qualit\u00e9, pulv\u00e9ris\u00e9 \u00e0 haute temp\u00e9rature ou poli \u00e0 la main, et le traitement de surface est d\u00e9licat et textur\u00e9. Diverses options de traitement de surface sont propos\u00e9es en standard, telles que le noir mat, le blanc c\u00e9ramique, le gris givr\u00e9, le m\u00e9tal bross\u00e9, etc. Les utilisateurs peuvent \u00e9galement personnaliser les couleurs standard RAL en fonction du style de l'espace. La forme de la chemin\u00e9e combine le minimalisme moderne et le style de la sculpture architecturale, et peut \u00eatre ronde, elliptique, conique, hyperbolique et d'autres apparences pour s'assurer qu'elle peut \u00eatre parfaitement int\u00e9gr\u00e9e dans des espaces de diff\u00e9rents styles.<\/p>\n<p><strong><span style=\"font-size: 14pt;\">Sp\u00e9cification du produit :<\/span><\/strong><\/p>\n<table style=\"border-collapse: collapse; width: 100%; height: 318px;\">\n<tbody>\n<tr style=\"height: 53px;\">\n<td style=\"width: 26.4398%; height: 53px; background-color: #f5f5f5;\">Nom du produit<\/td>\n<td style=\"width: 73.5602%; height: 53px;\">Plafond suspendu Chemin\u00e9e<\/td>\n<\/tr>\n<tr style=\"height: 53px;\">\n<td style=\"width: 26.4398%; height: 53px; background-color: #f5f5f5;\">Mat\u00e9riau<\/td>\n<td style=\"width: 73.5602%; height: 53px;\">Acier au carbone, acier<\/td>\n<\/tr>\n<tr style=\"height: 53px;\">\n<td style=\"width: 26.4398%; height: 53px; background-color: #f5f5f5;\">Taille<\/td>\n<td style=\"width: 73.5602%; height: 53px;\">\u03c6600 \/ \u03c6700\/personnalis\u00e9<\/td>\n<\/tr>\n<tr style=\"height: 53px;\">\n<td style=\"width: 26.4398%; height: 53px; background-color: #f5f5f5;\">Carburant<\/td>\n<td style=\"width: 73.5602%; height: 53px;\">Bois ou \u00e9thanol<\/td>\n<\/tr>\n<tr style=\"height: 53px;\">\n<td style=\"width: 26.4398%; height: 53px; background-color: #f5f5f5;\">Zone de chaleur<\/td>\n<td style=\"width: 73.5602%; height: 53px;\">120-150\u33a1<\/td>\n<\/tr>\n<tr style=\"height: 53px;\">\n<td style=\"width: 26.4398%; background-color: #f5f5f5; height: 53px;\">Traitement de surface<\/td>\n<td style=\"width: 73.5602%; height: 53px;\">Noir mat anti-haute temp\u00e9rature ou personnalis\u00e9<\/td>\n<\/tr>\n<\/tbody>\n<\/table>\n<p><strong><span style=\"font-size: 14pt;\">Plafond Suspension Chemin\u00e9e Utilisation du sc\u00e9nario\uff1a<\/span><\/strong><\/p>\n<ul>\n<li>Salon moderne : La chemin\u00e9e suspendue permet d'\u00e9conomiser de l'espace au sol, devient le centre visuel du salon et cr\u00e9e une atmosph\u00e8re chaleureuse et confortable.<\/li>\n<li>Restaurants et caf\u00e9s : ajoutez un style d\u00e9coratif unique et de la chaleur aux restaurants et aux caf\u00e9s, permettant aux clients de profiter de la nourriture et de la communication dans un environnement chaleureux.<\/li>\n<li>Espace commercial : Convient aux halls d'entr\u00e9e des h\u00f4tels, aux salons des bureaux, etc., pour am\u00e9liorer la qualit\u00e9 de l'espace et cr\u00e9er un environnement \u00e9l\u00e9gant et convivial.<\/li>\n<li>Balcon ou terrasse int\u00e9rieure : L'installation sur un balcon semi-ext\u00e9rieur ou ferm\u00e9 garantit la chaleur, ajoute une beaut\u00e9 moderne et prolonge la saison des loisirs.<\/li>\n<\/ul>\n<p><img decoding=\"async\" class=\"alignnone size-full wp-image-3808\" src=\"https:\/\/jblcorten.com\/wp-content\/uploads\/2025\/07\/Ceiling-Hanging-Fireplace-Use-scenario.jpg\" alt=\"Plafond Suspension Foyer Sc\u00e9nario d&#039;utilisation\" width=\"750\" height=\"400\" title=\"\" srcset=\"https:\/\/jblcorten.com\/wp-content\/uploads\/2025\/07\/Ceiling-Hanging-Fireplace-Use-scenario.jpg 750w, https:\/\/jblcorten.com\/wp-content\/uploads\/2025\/07\/Ceiling-Hanging-Fireplace-Use-scenario-300x160.jpg 300w, https:\/\/jblcorten.com\/wp-content\/uploads\/2025\/07\/Ceiling-Hanging-Fireplace-Use-scenario-18x10.jpg 18w, https:\/\/jblcorten.com\/wp-content\/uploads\/2025\/07\/Ceiling-Hanging-Fireplace-Use-scenario-600x320.jpg 600w\" sizes=\"(max-width: 750px) 100vw, 750px\" \/><\/p>\n<p><strong><span style=\"font-size: 14pt;\">Emballage du produit :<\/span><\/strong><\/p>\n<p>Nous utilisons des caisses en bois renforc\u00e9es \u00e0 double couche pour garantir un transport s\u00fbr ; l'int\u00e9rieur est envelopp\u00e9 d'une mousse \u00e9paisse et toutes les pi\u00e8ces sont emball\u00e9es s\u00e9par\u00e9ment.<\/p>\n<p><img decoding=\"async\" class=\"alignnone size-full wp-image-3535\" src=\"https:\/\/jblcorten.com\/wp-content\/uploads\/2025\/06\/hanging-fireplace-for-sale.jpg\" alt=\"Chemin\u00e9e suspendue \u00e0 vendre\" width=\"750\" height=\"562\" title=\"\" srcset=\"https:\/\/jblcorten.com\/wp-content\/uploads\/2025\/06\/hanging-fireplace-for-sale.jpg 750w, https:\/\/jblcorten.com\/wp-content\/uploads\/2025\/06\/hanging-fireplace-for-sale-300x225.jpg 300w, https:\/\/jblcorten.com\/wp-content\/uploads\/2025\/06\/hanging-fireplace-for-sale-16x12.jpg 16w, https:\/\/jblcorten.com\/wp-content\/uploads\/2025\/06\/hanging-fireplace-for-sale-600x450.jpg 600w\" sizes=\"(max-width: 750px) 100vw, 750px\" \/><\/p>\n<p><img loading=\"lazy\" decoding=\"async\" class=\"alignnone size-full wp-image-3536\" src=\"https:\/\/jblcorten.com\/wp-content\/uploads\/2025\/06\/Hanging-Fireplace.jpg\" alt=\"Chemin\u00e9e suspendue\" width=\"750\" height=\"562\" title=\"\" srcset=\"https:\/\/jblcorten.com\/wp-content\/uploads\/2025\/06\/Hanging-Fireplace.jpg 750w, https:\/\/jblcorten.com\/wp-content\/uploads\/2025\/06\/Hanging-Fireplace-300x225.jpg 300w, https:\/\/jblcorten.com\/wp-content\/uploads\/2025\/06\/Hanging-Fireplace-16x12.jpg 16w, https:\/\/jblcorten.com\/wp-content\/uploads\/2025\/06\/Hanging-Fireplace-600x450.jpg 600w\" sizes=\"(max-width: 750px) 100vw, 750px\" \/><\/p>\n<p><strong><span style=\"font-size: 14pt;\">FAQ :<\/span><\/strong><\/p>\n<p>Q1 : \u00cates-vous un fabricant ?<br \/>\nR : Oui, nous avons notre propre usine.<\/p>\n<p>Q2 : La couleur ou l'aspect peuvent-ils \u00eatre personnalis\u00e9s ?<br \/>\nR : Les couleurs, les formes de coquilles et les longueurs de tiges de suspension peuvent \u00eatre personnalis\u00e9es. N'h\u00e9sitez pas \u00e0 contacter le service client\u00e8le pour des solutions personnalis\u00e9es.<\/p>\n<p>Q3 : La flamme est-elle r\u00e9elle ?<br \/>\nR : Oui, cette chemin\u00e9e fonctionne au bois et produit de v\u00e9ritables flammes chaudes. De plus, notre c\u0153ur de four est personnalisable.<\/p>","protected":false},"excerpt":{"rendered":"<p>Cette chemin\u00e9e suspendue au plafond adopte un design visuel \u00e0 360\u00b0, avec des flammes br\u00fblant depuis l'air, cr\u00e9ant une atmosph\u00e8re de r\u00eave avec des flammes flottantes. Le corps principal de la chemin\u00e9e est fix\u00e9 \u00e0 la structure du plafond par des tiges m\u00e9talliques \u00e0 haute r\u00e9sistance, ce qui est ferme et s\u00fbr, tout en tenant compte du style simple. Le c\u0153ur du four peut \u00eatre personnalis\u00e9 pour r\u00e9pondre aux besoins de diff\u00e9rents espaces.<\/p>\n<ul>\n<li>Type de produit : Chemin\u00e9e suspendue<\/li>\n<li>Mat\u00e9riau : Acier au carbone<\/li>\n<li>Couleur : Noir<\/li>\n<li>Combustible : bois<\/li>\n<\/ul>","protected":false},"featured_media":3803,"template":"","meta":{"site-sidebar-layout":"default","site-content-layout":"","ast-site-content-layout":"default","site-content-style":"default","site-sidebar-style":"default","ast-global-header-display":"","ast-banner-title-visibility":"","ast-main-header-display":"","ast-hfb-above-header-display":"","ast-hfb-below-header-display":"","ast-hfb-mobile-header-display":"","site-post-title":"","ast-breadcrumbs-content":"","ast-featured-img":"","footer-sml-layout":"","ast-disable-related-posts":"","theme-transparent-header-meta":"default","adv-header-id-meta":"","stick-header-meta":"","header-above-stick-meta":"","header-main-stick-meta":"","header-below-stick-meta":"","astra-migrate-meta-layouts":"set","ast-page-background-enabled":"default","ast-page-background-meta":{"desktop":{"background-color":"var(--ast-global-color-4)","background-image":"","background-repeat":"repeat","background-position":"center center","background-size":"auto","background-attachment":"scroll","background-type":"","background-media":"","overlay-type":"","overlay-color":"","overlay-opacity":"","overlay-gradient":""},"tablet":{"background-color":"","background-image":"","background-repeat":"repeat","background-position":"center center","background-size":"auto","background-attachment":"scroll","background-type":"","background-media":"","overlay-type":"","overlay-color":"","overlay-opacity":"","overlay-gradient":""},"mobile":{"background-color":"","background-image":"","background-repeat":"repeat","background-position":"center center","background-size":"auto","background-attachment":"scroll","background-type":"","background-media":"","overlay-type":"","overlay-color":"","overlay-opacity":"","overlay-gradient":""}},"ast-content-background-meta":{"desktop":{"background-color":"var(--ast-global-color-5)","background-image":"","background-repeat":"repeat","background-position":"center center","background-size":"auto","background-attachment":"scroll","background-type":"","background-media":"","overlay-type":"","overlay-color":"","overlay-opacity":"","overlay-gradient":""},"tablet":{"background-color":"var(--ast-global-color-5)","background-image":"","background-repeat":"repeat","background-position":"center center","background-size":"auto","background-attachment":"scroll","background-type":"","background-media":"","overlay-type":"","overlay-color":"","overlay-opacity":"","overlay-gradient":""},"mobile":{"background-color":"var(--ast-global-color-5)","background-image":"","background-repeat":"repeat","background-position":"center center","background-size":"auto","background-attachment":"scroll","background-type":"","background-media":"","overlay-type":"","overlay-color":"","overlay-opacity":"","overlay-gradient":""}}},"product_brand":[],"product_cat":[30],"product_tag":[],"class_list":{"0":"post-3802","1":"product","2":"type-product","3":"status-publish","4":"has-post-thumbnail","6":"product_cat-fireplace","7":"desktop-align-center","8":"tablet-align-left","9":"mobile-align-left","11":"first","12":"instock","13":"shipping-taxable","14":"product-type-simple"},"_links":{"self":[{"href":"https:\/\/jblcorten.com\/fr\/wp-json\/wp\/v2\/product\/3802","targetHints":{"allow":["GET"]}}],"collection":[{"href":"https:\/\/jblcorten.com\/fr\/wp-json\/wp\/v2\/product"}],"about":[{"href":"https:\/\/jblcorten.com\/fr\/wp-json\/wp\/v2\/types\/product"}],"wp:featuredmedia":[{"embeddable":true,"href":"https:\/\/jblcorten.com\/fr\/wp-json\/wp\/v2\/media\/3803"}],"wp:attachment":[{"href":"https:\/\/jblcorten.com\/fr\/wp-json\/wp\/v2\/media?parent=3802"}],"wp:term":[{"taxonomy":"product_brand","embeddable":true,"href":"https:\/\/jblcorten.com\/fr\/wp-json\/wp\/v2\/product_brand?post=3802"},{"taxonomy":"product_cat","embeddable":true,"href":"https:\/\/jblcorten.com\/fr\/wp-json\/wp\/v2\/product_cat?post=3802"},{"taxonomy":"product_tag","embeddable":true,"href":"https:\/\/jblcorten.com\/fr\/wp-json\/wp\/v2\/product_tag?post=3802"}],"curies":[{"name":"wp","href":"https:\/\/api.w.org\/{rel}","templated":true}]}}