{"id":3785,"date":"2025-07-21T14:54:43","date_gmt":"2025-07-21T06:54:43","guid":{"rendered":"https:\/\/jblcorten.com\/?post_type=product&#038;p=3785"},"modified":"2025-07-21T14:54:43","modified_gmt":"2025-07-21T06:54:43","slug":"foyer-sans-fumee","status":"publish","type":"product","link":"https:\/\/jblcorten.com\/fr\/smokeless-fire-pit\/","title":{"rendered":"Foyer sans fum\u00e9e"},"content":{"rendered":"<h2 style=\"text-align: center;\"><span style=\"font-size: 14pt;\">Foyer sans fum\u00e9e<\/span><\/h2>\n<p>Ce foyer sans fum\u00e9e est fabriqu\u00e9 en acier corten de haute qualit\u00e9. Avec le temps, une couche protectrice stable contre la rouille se forme naturellement \u00e0 la surface du mat\u00e9riau. Il n'est pas seulement anticorrosif et antirouille, mais il pr\u00e9sente \u00e9galement un style industriel unique. La partie sup\u00e9rieure est \u00e9quip\u00e9e d'un br\u00fbleur rectangulaire en acier inoxydable 304, qui a \u00e9t\u00e9 trait\u00e9 avec pr\u00e9cision et peut \u00eatre utilis\u00e9 avec des pierres volcaniques. La flamme est uniform\u00e9ment r\u00e9partie, le feu est stable et il est tr\u00e8s d\u00e9coratif.<\/p>\n<p>Des d\u00e9flecteurs en verre tremp\u00e9 transparent sont disponibles en option autour de la zone du br\u00fbleur pour emp\u00eacher efficacement le vent, tout en am\u00e9liorant l'agencement visuel global et en rendant la flamme plus atmosph\u00e9rique dans la nuit. La structure interne du foyer est intelligemment con\u00e7ue, avec un large espace r\u00e9serv\u00e9 en dessous pour le stockage pratique des r\u00e9servoirs de gaz propane, et le design cach\u00e9 rend l'apparence g\u00e9n\u00e9rale plus concise et plus lisse.<\/p>\n<p><img fetchpriority=\"high\" decoding=\"async\" class=\"alignnone size-full wp-image-2574\" src=\"https:\/\/jblcorten.com\/wp-content\/uploads\/2025\/03\/rectangular-propane-fire-pit-with-tank-inside.jpg\" alt=\"\" width=\"750\" height=\"499\" title=\"\" srcset=\"https:\/\/jblcorten.com\/wp-content\/uploads\/2025\/03\/rectangular-propane-fire-pit-with-tank-inside.jpg 750w, https:\/\/jblcorten.com\/wp-content\/uploads\/2025\/03\/rectangular-propane-fire-pit-with-tank-inside-600x399.jpg 600w, https:\/\/jblcorten.com\/wp-content\/uploads\/2025\/03\/rectangular-propane-fire-pit-with-tank-inside-300x200.jpg 300w, https:\/\/jblcorten.com\/wp-content\/uploads\/2025\/03\/rectangular-propane-fire-pit-with-tank-inside-18x12.jpg 18w\" sizes=\"(max-width: 750px) 100vw, 750px\" \/><\/p>\n<p>Gr\u00e2ce au syst\u00e8me d'allumage \u00e0 bouton int\u00e9gr\u00e9, les utilisateurs peuvent d\u00e9marrer en appuyant sur un seul bouton et r\u00e9gler facilement la taille de la flamme. L'ensemble du syst\u00e8me fonctionne silencieusement, efficacement et sans fum\u00e9e, et l'exp\u00e9rience de l'utilisateur d\u00e9passe de loin celle des foyers traditionnels au bois. Il n'est pas n\u00e9cessaire de nettoyer les cendres ou de s'inqui\u00e9ter des interf\u00e9rences de la fum\u00e9e.<\/p>\n<p><strong><span style=\"font-size: 14pt;\">Sp\u00e9cification du produit :<\/span><\/strong><\/p>\n<table style=\"border-collapse: collapse; width: 100%;\">\n<tbody>\n<tr>\n<td style=\"width: 25.9162%; background-color: #f5f5f5;\">Type de produit<\/td>\n<td style=\"width: 74.0838%; background-color: #f5f5f5;\">Foyer \u00e0 gaz<\/td>\n<\/tr>\n<tr>\n<td style=\"width: 25.9162%;\">Mat\u00e9riau<\/td>\n<td style=\"width: 74.0838%;\">Acier Corten, Acier inoxydable<\/td>\n<\/tr>\n<tr>\n<td style=\"width: 25.9162%; background-color: #f5f5f5;\">Carburant<\/td>\n<td style=\"width: 74.0838%; background-color: #f5f5f5;\">Propane, Gaz naturel<\/td>\n<\/tr>\n<tr>\n<td style=\"width: 25.9162%;\">Taille<\/td>\n<td style=\"width: 74.0838%;\">L 1200 mm \u00d7 L 500 mm \u00d7 H 600 mm<\/td>\n<\/tr>\n<tr>\n<td style=\"width: 25.9162%; background-color: #f5f5f5;\">Forme<\/td>\n<td style=\"width: 74.0838%; background-color: #f5f5f5;\">Rectangulaire<\/td>\n<\/tr>\n<\/tbody>\n<\/table>\n<p><strong><span style=\"font-size: 14pt;\">Caract\u00e9ristiques du produit :<\/span><\/strong><\/p>\n<p><span style=\"color: #ff9900;\"><strong>1. conception sans fum\u00e9e :<\/strong> <\/span>Utilisez une \u00e9nergie propre (propane\/gaz naturel) pour dire adieu aux probl\u00e8mes li\u00e9s \u00e0 la fum\u00e9e de bois.<\/p>\n<p><span style=\"color: #ff9900;\"><strong>2. Structure en acier r\u00e9sistant aux intemp\u00e9ries :<\/strong><\/span> Solide et durable, il convient \u00e0 divers environnements int\u00e9rieurs ou ext\u00e9rieurs et pr\u00e9sente une couleur rouille naturelle au fil du temps.<\/p>\n<p><span style=\"color: #ff9900;\"><strong>3. br\u00fbleur en acier inoxydable :<\/strong> <\/span>R\u00e9sistant \u00e0 la chaleur et \u00e0 la corrosion, stable et efficace<\/p>\n<p><span style=\"color: #ff9900;\"><strong>4. facile \u00e0 entretenir :<\/strong><\/span> Pas besoin de nettoyer les cendres de bois, elles br\u00fblent proprement sans r\u00e9sidus.<\/p>\n<p><span style=\"color: #ff9900;\"><strong>5.Conception du stockage de gaz cach\u00e9 :<\/strong> <\/span>Il y a de l'espace \u00e0 l'int\u00e9rieur, et la bouteille de propane peut \u00eatre rang\u00e9e en dessous pour conserver une apparence soign\u00e9e.<\/p>\n<p><span style=\"color: #ff9900;\"><strong>6. le d\u00e9coratif et le pratique coexistent :<\/strong><\/span> les d\u00e9flecteurs en pierre volcanique et en verre peuvent am\u00e9liorer l'exp\u00e9rience visuelle et fonctionnelle<\/p>\n<p><strong><span style=\"font-size: 14pt;\">D\u00e9tails du produit :<\/span><\/strong><\/p>\n<p>Ce foyer sans fum\u00e9e fonctionne principalement au gaz ou au propane, laissant un espace pour le r\u00e9servoir de carburant, r\u00e9alisant ainsi un v\u00e9ritable design cach\u00e9.<\/p>\n<p><img decoding=\"async\" class=\"alignnone size-full wp-image-3788\" src=\"https:\/\/jblcorten.com\/wp-content\/uploads\/2025\/07\/smokeless-fire-pit.jpg\" alt=\"foyer sans fum\u00e9e\" width=\"750\" height=\"469\" title=\"\" srcset=\"https:\/\/jblcorten.com\/wp-content\/uploads\/2025\/07\/smokeless-fire-pit.jpg 750w, https:\/\/jblcorten.com\/wp-content\/uploads\/2025\/07\/smokeless-fire-pit-300x188.jpg 300w, https:\/\/jblcorten.com\/wp-content\/uploads\/2025\/07\/smokeless-fire-pit-18x12.jpg 18w, https:\/\/jblcorten.com\/wp-content\/uploads\/2025\/07\/smokeless-fire-pit-600x375.jpg 600w\" sizes=\"(max-width: 750px) 100vw, 750px\" \/><\/p>\n<p>Roche de lave : peut \u00eatre plac\u00e9e sur le br\u00fbleur pour la d\u00e9coration.<\/p>\n<p><img decoding=\"async\" class=\"alignnone size-full wp-image-3790\" src=\"https:\/\/jblcorten.com\/wp-content\/uploads\/2025\/07\/gas-fire-pit-lava-rock.png\" alt=\"foyer \u00e0 gaz pierre de lave\" width=\"750\" height=\"750\" title=\"\" srcset=\"https:\/\/jblcorten.com\/wp-content\/uploads\/2025\/07\/gas-fire-pit-lava-rock.png 750w, https:\/\/jblcorten.com\/wp-content\/uploads\/2025\/07\/gas-fire-pit-lava-rock-300x300.png 300w, https:\/\/jblcorten.com\/wp-content\/uploads\/2025\/07\/gas-fire-pit-lava-rock-150x150.png 150w, https:\/\/jblcorten.com\/wp-content\/uploads\/2025\/07\/gas-fire-pit-lava-rock-12x12.png 12w, https:\/\/jblcorten.com\/wp-content\/uploads\/2025\/07\/gas-fire-pit-lava-rock-600x600.png 600w, https:\/\/jblcorten.com\/wp-content\/uploads\/2025\/07\/gas-fire-pit-lava-rock-100x100.png 100w\" sizes=\"(max-width: 750px) 100vw, 750px\" \/><\/p>\n<p><strong><span style=\"font-size: 14pt;\">Emballage du produit :<\/span><\/strong><\/p>\n<p>Nos foyers \u00e0 gaz sont emball\u00e9s dans un double emballage : carton + caisse en bois. En outre, le foyer et les accessoires sont emball\u00e9s s\u00e9par\u00e9ment.<\/p>\n<p><img loading=\"lazy\" decoding=\"async\" class=\"alignnone size-full wp-image-3791\" src=\"https:\/\/jblcorten.com\/wp-content\/uploads\/2025\/07\/gas-fire-pit-for-sale.jpg\" alt=\"Foyer \u00e0 gaz \u00e0 vendre\" width=\"750\" height=\"400\" title=\"\" srcset=\"https:\/\/jblcorten.com\/wp-content\/uploads\/2025\/07\/gas-fire-pit-for-sale.jpg 750w, https:\/\/jblcorten.com\/wp-content\/uploads\/2025\/07\/gas-fire-pit-for-sale-300x160.jpg 300w, https:\/\/jblcorten.com\/wp-content\/uploads\/2025\/07\/gas-fire-pit-for-sale-18x10.jpg 18w, https:\/\/jblcorten.com\/wp-content\/uploads\/2025\/07\/gas-fire-pit-for-sale-600x320.jpg 600w\" sizes=\"(max-width: 750px) 100vw, 750px\" \/><\/p>\n<p><span style=\"font-size: 14pt;\"><strong>FAQ :<\/strong><\/span><\/p>\n<p>Q1 : Le gaz naturel peut-il \u00eatre utilis\u00e9 ?<br \/>\nR1 : Oui, nous proposons des versions au propane et au gaz naturel. Veuillez confirmer vos besoins avant de passer commande.<\/p>\n<p>Q2 : Le br\u00fbleur est-il durable ?<br \/>\nA2 : Fabriqu\u00e9 en acier inoxydable 304, il r\u00e9siste aux temp\u00e9ratures \u00e9lev\u00e9es et \u00e0 la corrosion, et convient \u00e0 une utilisation \u00e0 long terme \u00e0 l'int\u00e9rieur ou \u00e0 l'ext\u00e9rieur.<\/p>\n<p>Q3 : La pierre volcanique peut-elle \u00eatre remplac\u00e9e ?<br \/>\nA4 : Oui, vous pouvez choisir de la remplacer par de la pierre de verre, de la pierre d\u00e9corative en c\u00e9ramique, etc. selon vos pr\u00e9f\u00e9rences personnelles.<\/p>","protected":false},"excerpt":{"rendered":"<p>D'aspect simple et dot\u00e9 de belles flammes, ce foyer sans fum\u00e9e est dot\u00e9 d'un syst\u00e8me de stockage cach\u00e9 du propane, associe un mat\u00e9riau en acier r\u00e9sistant aux intemp\u00e9ries et une d\u00e9coration en pierre volcanique, ajoutant une exp\u00e9rience de chauffage s\u00fbre et sans fum\u00e9e \u00e0 l'int\u00e9rieur et \u00e0 l'ext\u00e9rieur.<\/p>","protected":false},"featured_media":3786,"template":"","meta":{"site-sidebar-layout":"default","site-content-layout":"","ast-site-content-layout":"default","site-content-style":"default","site-sidebar-style":"default","ast-global-header-display":"","ast-banner-title-visibility":"","ast-main-header-display":"","ast-hfb-above-header-display":"","ast-hfb-below-header-display":"","ast-hfb-mobile-header-display":"","site-post-title":"","ast-breadcrumbs-content":"","ast-featured-img":"","footer-sml-layout":"","ast-disable-related-posts":"","theme-transparent-header-meta":"default","adv-header-id-meta":"","stick-header-meta":"","header-above-stick-meta":"","header-main-stick-meta":"","header-below-stick-meta":"","astra-migrate-meta-layouts":"set","ast-page-background-enabled":"default","ast-page-background-meta":{"desktop":{"background-color":"var(--ast-global-color-4)","background-image":"","background-repeat":"repeat","background-position":"center center","background-size":"auto","background-attachment":"scroll","background-type":"","background-media":"","overlay-type":"","overlay-color":"","overlay-opacity":"","overlay-gradient":""},"tablet":{"background-color":"","background-image":"","background-repeat":"repeat","background-position":"center center","background-size":"auto","background-attachment":"scroll","background-type":"","background-media":"","overlay-type":"","overlay-color":"","overlay-opacity":"","overlay-gradient":""},"mobile":{"background-color":"","background-image":"","background-repeat":"repeat","background-position":"center center","background-size":"auto","background-attachment":"scroll","background-type":"","background-media":"","overlay-type":"","overlay-color":"","overlay-opacity":"","overlay-gradient":""}},"ast-content-background-meta":{"desktop":{"background-color":"var(--ast-global-color-5)","background-image":"","background-repeat":"repeat","background-position":"center center","background-size":"auto","background-attachment":"scroll","background-type":"","background-media":"","overlay-type":"","overlay-color":"","overlay-opacity":"","overlay-gradient":""},"tablet":{"background-color":"var(--ast-global-color-5)","background-image":"","background-repeat":"repeat","background-position":"center center","background-size":"auto","background-attachment":"scroll","background-type":"","background-media":"","overlay-type":"","overlay-color":"","overlay-opacity":"","overlay-gradient":""},"mobile":{"background-color":"var(--ast-global-color-5)","background-image":"","background-repeat":"repeat","background-position":"center center","background-size":"auto","background-attachment":"scroll","background-type":"","background-media":"","overlay-type":"","overlay-color":"","overlay-opacity":"","overlay-gradient":""}}},"product_brand":[],"product_cat":[29,47],"product_tag":[],"class_list":{"0":"post-3785","1":"product","2":"type-product","3":"status-publish","4":"has-post-thumbnail","6":"product_cat-fire-pit","7":"product_cat-gas-fire-pit","8":"desktop-align-center","9":"tablet-align-left","10":"mobile-align-left","12":"first","13":"instock","14":"shipping-taxable","15":"product-type-simple"},"_links":{"self":[{"href":"https:\/\/jblcorten.com\/fr\/wp-json\/wp\/v2\/product\/3785","targetHints":{"allow":["GET"]}}],"collection":[{"href":"https:\/\/jblcorten.com\/fr\/wp-json\/wp\/v2\/product"}],"about":[{"href":"https:\/\/jblcorten.com\/fr\/wp-json\/wp\/v2\/types\/product"}],"wp:featuredmedia":[{"embeddable":true,"href":"https:\/\/jblcorten.com\/fr\/wp-json\/wp\/v2\/media\/3786"}],"wp:attachment":[{"href":"https:\/\/jblcorten.com\/fr\/wp-json\/wp\/v2\/media?parent=3785"}],"wp:term":[{"taxonomy":"product_brand","embeddable":true,"href":"https:\/\/jblcorten.com\/fr\/wp-json\/wp\/v2\/product_brand?post=3785"},{"taxonomy":"product_cat","embeddable":true,"href":"https:\/\/jblcorten.com\/fr\/wp-json\/wp\/v2\/product_cat?post=3785"},{"taxonomy":"product_tag","embeddable":true,"href":"https:\/\/jblcorten.com\/fr\/wp-json\/wp\/v2\/product_tag?post=3785"}],"curies":[{"name":"wp","href":"https:\/\/api.w.org\/{rel}","templated":true}]}}