{"id":3745,"date":"2025-07-17T16:51:49","date_gmt":"2025-07-17T08:51:49","guid":{"rendered":"https:\/\/jblcorten.com\/?post_type=product&#038;p=3745"},"modified":"2025-07-17T16:51:49","modified_gmt":"2025-07-17T08:51:49","slug":"bruleur-a-buches-suspendu","status":"publish","type":"product","link":"https:\/\/jblcorten.com\/fr\/hanging-log-burner\/","title":{"rendered":"Br\u00fbleur de b\u00fbches suspendu"},"content":{"rendered":"<h2 style=\"text-align: center;\"><span style=\"font-size: 14pt;\">Br\u00fbleur de b\u00fbches suspendu<\/span><\/h2>\n<p>Le br\u00fbleur de b\u00fbches suspendu adopte une structure suspendue. Par rapport au po\u00eale \u00e0 bois traditionnel au sol, il a plus d'impact visuel et de stratification spatiale, ce qui donne l'impression que la flamme est suspendue dans l'air, cr\u00e9ant ainsi une atmosph\u00e8re romantique et chaleureuse.<\/p>\n<p>Ce br\u00fbleur de b\u00fbches suspendu n'est pas seulement un appareil de chauffage ext\u00e9rieur efficace, mais aussi une d\u00e9coration d'int\u00e9rieur \u00e0 la fois artistique et pratique. Il est fabriqu\u00e9 \u00e0 partir de mat\u00e9riaux m\u00e9talliques de haute qualit\u00e9 et pr\u00e9sente une excellente r\u00e9sistance aux temp\u00e9ratures \u00e9lev\u00e9es et \u00e0 la corrosion. La forme du corps du po\u00eale a \u00e9t\u00e9 soigneusement con\u00e7ue, simple et atmosph\u00e9rique, ce qui permet non seulement de respecter l'esth\u00e9tique de l'architecture moderne, mais aussi de retrouver la chaleur et la texture du bois de chauffage d'origine.<\/p>\n<p><img fetchpriority=\"high\" decoding=\"async\" class=\"alignnone size-full wp-image-3749\" src=\"https:\/\/jblcorten.com\/wp-content\/uploads\/2025\/07\/hanging-log-burner.jpg\" alt=\"br\u00fbleur \u00e0 b\u00fbches suspendu\" width=\"750\" height=\"582\" title=\"\" srcset=\"https:\/\/jblcorten.com\/wp-content\/uploads\/2025\/07\/hanging-log-burner.jpg 750w, https:\/\/jblcorten.com\/wp-content\/uploads\/2025\/07\/hanging-log-burner-300x233.jpg 300w, https:\/\/jblcorten.com\/wp-content\/uploads\/2025\/07\/hanging-log-burner-15x12.jpg 15w, https:\/\/jblcorten.com\/wp-content\/uploads\/2025\/07\/hanging-log-burner-600x466.jpg 600w\" sizes=\"(max-width: 750px) 100vw, 750px\" \/><\/p>\n<table style=\"border-collapse: collapse; width: 100%;\">\n<tbody>\n<tr>\n<td style=\"width: 36.4622%; background-color: #f5f5f5;\">Type de produit<\/td>\n<td style=\"width: 63.5378%; background-color: #f5f5f5;\">Chemin\u00e9e suspendue<\/td>\n<\/tr>\n<tr>\n<td style=\"width: 36.4622%;\">Mat\u00e9riau<\/td>\n<td style=\"width: 63.5378%;\">Acier au carbone<\/td>\n<\/tr>\n<tr>\n<td style=\"width: 36.4622%; background-color: #f5f5f5;\">Couleur<\/td>\n<td style=\"width: 63.5378%; background-color: #f5f5f5;\">Noir<\/td>\n<\/tr>\n<tr>\n<td style=\"width: 36.4622%;\">Taille<\/td>\n<td style=\"width: 63.5378%;\">Sur mesure<\/td>\n<\/tr>\n<tr>\n<td style=\"width: 36.4622%; background-color: #f5f5f5;\">Carburant<\/td>\n<td style=\"width: 63.5378%; background-color: #f5f5f5;\">Bois<\/td>\n<\/tr>\n<\/tbody>\n<\/table>\n<p><strong><span style=\"font-size: 14pt;\">Avantages du produit :<\/span><\/strong><\/p>\n<ol>\n<li><strong>Gagner de l'espace :<\/strong> L'installation suspendue permet d'\u00e9conomiser de l'espace au sol et est facile \u00e0 nettoyer.<\/li>\n<li><strong>Beaut\u00e9 visuelle :<\/strong> Le design flottant est tr\u00e8s artistique et cr\u00e9e une atmosph\u00e8re de paysage haut de gamme.<\/li>\n<li><strong>Chauffage efficace :<\/strong> Le bois de chauffage br\u00fble efficacement et offre une longue dur\u00e9e de chauffage continu.<\/li>\n<li><strong>Rev\u00eatement r\u00e9sistant aux hautes temp\u00e9ratures :<\/strong> Il ne se d\u00e9colore pas \u00e0 haute temp\u00e9rature et est tr\u00e8s s\u00fbr.<\/li>\n<li><strong>Facile \u00e0 entretenir :<\/strong> Le corps du four a une structure simple et est facile \u00e0 nettoyer et \u00e0 entretenir.<\/li>\n<li><strong>Chauffage respectueux de l'environnement :<\/strong> Utiliser du bois de chauffage naturel pour r\u00e9duire la consommation d'\u00e9lectricit\u00e9 ou de gaz naturel.<\/li>\n<li><strong>Taille et couleur personnalisables :<\/strong> Permet la personnalisation en fonction des besoins du client.<\/li>\n<\/ol>\n<p><strong><span style=\"font-size: 14pt;\">D\u00e9tails du produit :<\/span><\/strong><\/p>\n<p><img decoding=\"async\" class=\"alignnone size-full wp-image-3750\" src=\"https:\/\/jblcorten.com\/wp-content\/uploads\/2025\/07\/ceiling-hung-log-burner.jpg\" alt=\"po\u00eale \u00e0 bois suspendu au plafond\" width=\"750\" height=\"600\" title=\"\" srcset=\"https:\/\/jblcorten.com\/wp-content\/uploads\/2025\/07\/ceiling-hung-log-burner.jpg 750w, https:\/\/jblcorten.com\/wp-content\/uploads\/2025\/07\/ceiling-hung-log-burner-300x240.jpg 300w, https:\/\/jblcorten.com\/wp-content\/uploads\/2025\/07\/ceiling-hung-log-burner-15x12.jpg 15w, https:\/\/jblcorten.com\/wp-content\/uploads\/2025\/07\/ceiling-hung-log-burner-600x480.jpg 600w\" sizes=\"(max-width: 750px) 100vw, 750px\" \/><\/p>\n<p><strong><span style=\"font-size: 14pt;\">Emballage du produit :<\/span><\/strong><\/p>\n<p>Nous utilisons un emballage d'exportation standard pour garantir la s\u00e9curit\u00e9 du transport. En outre, afin d'\u00e9viter l'usure de la chemin\u00e9e suspendue, nous utilisons d'abord un emballage en mousse \u00e9paisse, chaque pi\u00e8ce est emball\u00e9e individuellement, puis la couche ext\u00e9rieure est emball\u00e9e dans des bo\u00eetes en bois.<\/p>\n<p><img decoding=\"async\" class=\"alignnone size-full wp-image-2865\" src=\"https:\/\/jblcorten.com\/wp-content\/uploads\/2025\/04\/Suspended-Fireplace.jpg\" alt=\"chemin\u00e9e suspendue\" width=\"750\" height=\"750\" title=\"\" srcset=\"https:\/\/jblcorten.com\/wp-content\/uploads\/2025\/04\/Suspended-Fireplace.jpg 750w, https:\/\/jblcorten.com\/wp-content\/uploads\/2025\/04\/Suspended-Fireplace-600x600.jpg 600w, https:\/\/jblcorten.com\/wp-content\/uploads\/2025\/04\/Suspended-Fireplace-100x100.jpg 100w, https:\/\/jblcorten.com\/wp-content\/uploads\/2025\/04\/Suspended-Fireplace-300x300.jpg 300w, https:\/\/jblcorten.com\/wp-content\/uploads\/2025\/04\/Suspended-Fireplace-150x150.jpg 150w, https:\/\/jblcorten.com\/wp-content\/uploads\/2025\/04\/Suspended-Fireplace-12x12.jpg 12w\" sizes=\"(max-width: 750px) 100vw, 750px\" \/><\/p>\n<p><img loading=\"lazy\" decoding=\"async\" class=\"alignnone size-full wp-image-3535\" src=\"https:\/\/jblcorten.com\/wp-content\/uploads\/2025\/06\/hanging-fireplace-for-sale.jpg\" alt=\"Chemin\u00e9e suspendue \u00e0 vendre\" width=\"750\" height=\"562\" title=\"\" srcset=\"https:\/\/jblcorten.com\/wp-content\/uploads\/2025\/06\/hanging-fireplace-for-sale.jpg 750w, https:\/\/jblcorten.com\/wp-content\/uploads\/2025\/06\/hanging-fireplace-for-sale-300x225.jpg 300w, https:\/\/jblcorten.com\/wp-content\/uploads\/2025\/06\/hanging-fireplace-for-sale-16x12.jpg 16w, https:\/\/jblcorten.com\/wp-content\/uploads\/2025\/06\/hanging-fireplace-for-sale-600x450.jpg 600w\" sizes=\"(max-width: 750px) 100vw, 750px\" \/><\/p>\n<p><img loading=\"lazy\" decoding=\"async\" class=\"alignnone size-full wp-image-3536\" src=\"https:\/\/jblcorten.com\/wp-content\/uploads\/2025\/06\/Hanging-Fireplace.jpg\" alt=\"Chemin\u00e9e suspendue\" width=\"750\" height=\"562\" title=\"\" srcset=\"https:\/\/jblcorten.com\/wp-content\/uploads\/2025\/06\/Hanging-Fireplace.jpg 750w, https:\/\/jblcorten.com\/wp-content\/uploads\/2025\/06\/Hanging-Fireplace-300x225.jpg 300w, https:\/\/jblcorten.com\/wp-content\/uploads\/2025\/06\/Hanging-Fireplace-16x12.jpg 16w, https:\/\/jblcorten.com\/wp-content\/uploads\/2025\/06\/Hanging-Fireplace-600x450.jpg 600w\" sizes=\"(max-width: 750px) 100vw, 750px\" \/><\/p>\n<p><strong><span style=\"font-size: 14pt;\">FAQ :<\/span><\/strong><\/p>\n<p><strong>Q1 : Peut-on utiliser du gaz naturel ou du propane ?<\/strong><br \/>\nR : Ce produit est un po\u00eale \u00e0 bois qui utilise du bois de chauffage ou des blocs de bois comme combustible. Si vous avez besoin d'une version au gaz, vous pouvez contacter le service client\u00e8le pour une personnalisation.<\/p>\n<p><strong>Q2 : L'utilisation de l'appareil produira-t-elle beaucoup de fum\u00e9e ?<\/strong><br \/>\nR : L'utilisation raisonnable de bois de chauffage sec permet de r\u00e9duire efficacement la fum\u00e9e. Il est recommand\u00e9 d'\u00e9viter d'utiliser du bois \u00e0 forte teneur en eau, comme du bois humide ou des feuilles.<\/p>\n<p><strong>Q3 : Combien de temps faut-il pour le nettoyer apr\u00e8s utilisation ?<\/strong><br \/>\nR : En fonction de la fr\u00e9quence d'utilisation, nettoyez les cendres toutes les 1 \u00e0 2 semaines. Le four lui-m\u00eame est r\u00e9sistant \u00e0 la corrosion et facile \u00e0 entretenir.<\/p>","protected":false},"excerpt":{"rendered":"<p>Ce br\u00fbleur de b\u00fbches suspendu est fabriqu\u00e9 en acier de haute qualit\u00e9 r\u00e9sistant aux temp\u00e9ratures \u00e9lev\u00e9es. La conception unique de la chambre de combustion circulaire garantit que les b\u00fbches sont enti\u00e8rement br\u00fbl\u00e9es, et la rotation \u00e0 360 degr\u00e9s permet de r\u00e9partir uniform\u00e9ment la chaleur. La surface du produit a \u00e9t\u00e9 sp\u00e9cialement trait\u00e9e contre la rouille, ce qui lui permet de rester en bon \u00e9tat m\u00eame s'il br\u00fble longtemps.<\/p>","protected":false},"featured_media":2857,"template":"","meta":{"site-sidebar-layout":"default","site-content-layout":"","ast-site-content-layout":"default","site-content-style":"default","site-sidebar-style":"default","ast-global-header-display":"","ast-banner-title-visibility":"","ast-main-header-display":"","ast-hfb-above-header-display":"","ast-hfb-below-header-display":"","ast-hfb-mobile-header-display":"","site-post-title":"","ast-breadcrumbs-content":"","ast-featured-img":"","footer-sml-layout":"","ast-disable-related-posts":"","theme-transparent-header-meta":"default","adv-header-id-meta":"","stick-header-meta":"","header-above-stick-meta":"","header-main-stick-meta":"","header-below-stick-meta":"","astra-migrate-meta-layouts":"set","ast-page-background-enabled":"default","ast-page-background-meta":{"desktop":{"background-color":"var(--ast-global-color-4)","background-image":"","background-repeat":"repeat","background-position":"center center","background-size":"auto","background-attachment":"scroll","background-type":"","background-media":"","overlay-type":"","overlay-color":"","overlay-opacity":"","overlay-gradient":""},"tablet":{"background-color":"","background-image":"","background-repeat":"repeat","background-position":"center center","background-size":"auto","background-attachment":"scroll","background-type":"","background-media":"","overlay-type":"","overlay-color":"","overlay-opacity":"","overlay-gradient":""},"mobile":{"background-color":"","background-image":"","background-repeat":"repeat","background-position":"center center","background-size":"auto","background-attachment":"scroll","background-type":"","background-media":"","overlay-type":"","overlay-color":"","overlay-opacity":"","overlay-gradient":""}},"ast-content-background-meta":{"desktop":{"background-color":"var(--ast-global-color-5)","background-image":"","background-repeat":"repeat","background-position":"center center","background-size":"auto","background-attachment":"scroll","background-type":"","background-media":"","overlay-type":"","overlay-color":"","overlay-opacity":"","overlay-gradient":""},"tablet":{"background-color":"var(--ast-global-color-5)","background-image":"","background-repeat":"repeat","background-position":"center center","background-size":"auto","background-attachment":"scroll","background-type":"","background-media":"","overlay-type":"","overlay-color":"","overlay-opacity":"","overlay-gradient":""},"mobile":{"background-color":"var(--ast-global-color-5)","background-image":"","background-repeat":"repeat","background-position":"center center","background-size":"auto","background-attachment":"scroll","background-type":"","background-media":"","overlay-type":"","overlay-color":"","overlay-opacity":"","overlay-gradient":""}}},"product_brand":[],"product_cat":[30],"product_tag":[],"class_list":{"0":"post-3745","1":"product","2":"type-product","3":"status-publish","4":"has-post-thumbnail","6":"product_cat-fireplace","7":"desktop-align-center","8":"tablet-align-left","9":"mobile-align-left","11":"first","12":"instock","13":"shipping-taxable","14":"product-type-simple"},"_links":{"self":[{"href":"https:\/\/jblcorten.com\/fr\/wp-json\/wp\/v2\/product\/3745","targetHints":{"allow":["GET"]}}],"collection":[{"href":"https:\/\/jblcorten.com\/fr\/wp-json\/wp\/v2\/product"}],"about":[{"href":"https:\/\/jblcorten.com\/fr\/wp-json\/wp\/v2\/types\/product"}],"wp:featuredmedia":[{"embeddable":true,"href":"https:\/\/jblcorten.com\/fr\/wp-json\/wp\/v2\/media\/2857"}],"wp:attachment":[{"href":"https:\/\/jblcorten.com\/fr\/wp-json\/wp\/v2\/media?parent=3745"}],"wp:term":[{"taxonomy":"product_brand","embeddable":true,"href":"https:\/\/jblcorten.com\/fr\/wp-json\/wp\/v2\/product_brand?post=3745"},{"taxonomy":"product_cat","embeddable":true,"href":"https:\/\/jblcorten.com\/fr\/wp-json\/wp\/v2\/product_cat?post=3745"},{"taxonomy":"product_tag","embeddable":true,"href":"https:\/\/jblcorten.com\/fr\/wp-json\/wp\/v2\/product_tag?post=3745"}],"curies":[{"name":"wp","href":"https:\/\/api.w.org\/{rel}","templated":true}]}}