{"id":3720,"date":"2025-07-16T15:34:36","date_gmt":"2025-07-16T07:34:36","guid":{"rendered":"https:\/\/jblcorten.com\/?post_type=product&#038;p=3720"},"modified":"2025-07-16T15:34:36","modified_gmt":"2025-07-16T07:34:36","slug":"foyer-a-trepied","status":"publish","type":"product","link":"https:\/\/jblcorten.com\/fr\/tripod-fire-pit\/","title":{"rendered":"Foyer \u00e0 tr\u00e9pied"},"content":{"rendered":"<h2 style=\"text-align: center;\"><span style=\"font-size: 14pt;\">Foyer \u00e0 tr\u00e9pied<\/span><\/h2>\n<p>Le corps principal du foyer tripode est fait d'acier \u00e0 haute r\u00e9sistance et est trait\u00e9 par pulv\u00e9risation noire r\u00e9sistante aux hautes temp\u00e9ratures. Il peut non seulement r\u00e9sister \u00e0 la combustion continue de flammes nues \u00e0 haute temp\u00e9rature, mais il poss\u00e8de \u00e9galement de bonnes capacit\u00e9s antirouille et anticorrosion. Le brasero est suspendu au milieu du tr\u00e9pied par une cha\u00eene. La longueur de la cha\u00eene peut \u00eatre ajust\u00e9e en fonction des besoins. L'utilisateur peut facilement contr\u00f4ler la hauteur du brasero afin de l'utiliser \u00e0 diff\u00e9rentes fins : le lever pour chauffer et l'abaisser pour cuisiner.<\/p>\n<p>La structure du tr\u00e9pied adopte une conception m\u00e9canique d'ing\u00e9nierie qui lui permet de rester stable sur les sols ext\u00e9rieurs irr\u00e9guliers tels que les plages, la boue et l'herbe, garantissant ainsi une utilisation en toute s\u00e9curit\u00e9. Sa structure enfichable permet de d\u00e9monter et d'installer rapidement l'ensemble du syst\u00e8me de brasero sans aucun outil, ce qui facilite le transport, le stockage et l'utilisation sur le terrain.<\/p>\n<p><img fetchpriority=\"high\" decoding=\"async\" class=\"alignnone size-full wp-image-3721\" src=\"https:\/\/jblcorten.com\/wp-content\/uploads\/2025\/07\/tripod-fire-pit.jpg\" alt=\"foyer \u00e0 tr\u00e9pied\" width=\"750\" height=\"400\" title=\"\" srcset=\"https:\/\/jblcorten.com\/wp-content\/uploads\/2025\/07\/tripod-fire-pit.jpg 750w, https:\/\/jblcorten.com\/wp-content\/uploads\/2025\/07\/tripod-fire-pit-300x160.jpg 300w, https:\/\/jblcorten.com\/wp-content\/uploads\/2025\/07\/tripod-fire-pit-18x10.jpg 18w, https:\/\/jblcorten.com\/wp-content\/uploads\/2025\/07\/tripod-fire-pit-600x320.jpg 600w\" sizes=\"(max-width: 750px) 100vw, 750px\" \/><\/p>\n<p><strong><span style=\"font-size: 14pt;\">Sp\u00e9cification du produit :<\/span><\/strong><\/p>\n<table style=\"border-collapse: collapse; width: 100%;\">\n<tbody>\n<tr>\n<td style=\"width: 30.2543%; background-color: #f5f5f5;\">Nom du produit<\/td>\n<td style=\"width: 69.7457%; background-color: #f5f5f5;\">Foyer \u00e0 tr\u00e9pied<\/td>\n<\/tr>\n<tr>\n<td style=\"width: 30.2543%;\">Mat\u00e9riau<\/td>\n<td style=\"width: 69.7457%;\">M\u00e9tal, acier<\/td>\n<\/tr>\n<tr>\n<td style=\"width: 30.2543%; background-color: #f5f5f5;\">Couleur<\/td>\n<td style=\"width: 69.7457%; background-color: #f5f5f5;\">Noir<\/td>\n<\/tr>\n<tr>\n<td style=\"width: 30.2543%;\">Diam\u00e8tre<\/td>\n<td style=\"width: 69.7457%;\">800 mm<\/td>\n<\/tr>\n<tr>\n<td style=\"width: 30.2543%; background-color: #f5f5f5;\">\u00c9paisseur<\/td>\n<td style=\"width: 69.7457%; background-color: #f5f5f5;\">4 mm \/8 gauge<\/td>\n<\/tr>\n<\/tbody>\n<\/table>\n<p><strong><span style=\"font-size: 14pt;\">Avantages du produit :<\/span><\/strong><\/p>\n<ul>\n<li><span style=\"color: #ff9900;\"><strong>Structure r\u00e9sistante aux temp\u00e9ratures \u00e9lev\u00e9es et aux intemp\u00e9ries :<\/strong><\/span> L'acier \u00e9pais s\u00e9lectionn\u00e9, dont la surface est recouverte d'un rev\u00eatement de qualit\u00e9 professionnelle r\u00e9sistant aux hautes temp\u00e9ratures, peut r\u00e9sister \u00e0 une combustion continue \u00e0 la flamme nue et reste solide et durable m\u00eame dans des environnements difficiles tels que le vent, le sable et l'humidit\u00e9.<\/li>\n<li><strong><span style=\"color: #ff9900;\">Conception triangulaire stable :<\/span> <\/strong>La structure du tr\u00e9pied, con\u00e7ue avec une structure d'ing\u00e9nierie, a une force uniforme et convient aux terrains irr\u00e9guliers tels que l'herbe, la boue et les plages. Il ne se renverse pas facilement et garantit une utilisation s\u00fbre.<\/li>\n<li><strong><span style=\"color: #ff9900;\">Syst\u00e8me flexible de r\u00e9glage de la cha\u00eene :<\/span><\/strong> Le pot \u00e0 feu est suspendu au tr\u00e9pied par une cha\u00eene m\u00e9tallique robuste, et la longueur de la cha\u00eene peut \u00eatre librement ajust\u00e9e pour r\u00e9pondre aux diff\u00e9rents besoins de cuisson ou distances de chauffage.<\/li>\n<li><strong><span style=\"color: #ff9900;\">Structure amovible et portable :<\/span> <\/strong>Chaque composant peut \u00eatre facilement d\u00e9mont\u00e9 et stock\u00e9, avec un poids mod\u00e9r\u00e9 et facile \u00e0 transporter, ce qui constitue un choix id\u00e9al pour les professionnels du camping et les particuliers.<\/li>\n<li><strong><span style=\"color: #ff9900;\">Applicable \u00e0 de multiples sc\u00e9narios :<\/span><\/strong> Qu'il s'agisse d'un barbecue dans l'arri\u00e8re-cour, d'un camping en plein air, d'une r\u00e9union de famille ou d'une d\u00e9coration paysag\u00e8re, il peut apporter le double plaisir de la chaleur et de la vision.<\/li>\n<\/ul>\n<p><strong><span style=\"font-size: 14pt;\">D\u00e9tails du produit :<\/span><\/strong><\/p>\n<p>\u221a Ce foyer sur tr\u00e9pied est personnalisable, avec des tailles g\u00e9n\u00e9rales de 800 mm, 900 mm et 1000 mm.<\/p>\n<p><img decoding=\"async\" class=\"alignnone size-full wp-image-3727\" src=\"https:\/\/jblcorten.com\/wp-content\/uploads\/2025\/07\/tripod-bbq-fire-pit.jpg\" alt=\"\" width=\"750\" height=\"750\" title=\"\" srcset=\"https:\/\/jblcorten.com\/wp-content\/uploads\/2025\/07\/tripod-bbq-fire-pit.jpg 750w, https:\/\/jblcorten.com\/wp-content\/uploads\/2025\/07\/tripod-bbq-fire-pit-300x300.jpg 300w, https:\/\/jblcorten.com\/wp-content\/uploads\/2025\/07\/tripod-bbq-fire-pit-150x150.jpg 150w, https:\/\/jblcorten.com\/wp-content\/uploads\/2025\/07\/tripod-bbq-fire-pit-12x12.jpg 12w, https:\/\/jblcorten.com\/wp-content\/uploads\/2025\/07\/tripod-bbq-fire-pit-600x600.jpg 600w, https:\/\/jblcorten.com\/wp-content\/uploads\/2025\/07\/tripod-bbq-fire-pit-100x100.jpg 100w\" sizes=\"(max-width: 750px) 100vw, 750px\" \/><\/p>\n<p>\u221a Les accessoires de ce foyer comprennent un bol \u00e0 feu, une grille, un support, une cha\u00eene, etc.<\/p>\n<p><img decoding=\"async\" class=\"alignnone size-full wp-image-3726\" src=\"https:\/\/jblcorten.com\/wp-content\/uploads\/2025\/07\/hanging-fire-pit.jpg\" alt=\"\" width=\"750\" height=\"500\" title=\"\" srcset=\"https:\/\/jblcorten.com\/wp-content\/uploads\/2025\/07\/hanging-fire-pit.jpg 750w, https:\/\/jblcorten.com\/wp-content\/uploads\/2025\/07\/hanging-fire-pit-300x200.jpg 300w, https:\/\/jblcorten.com\/wp-content\/uploads\/2025\/07\/hanging-fire-pit-18x12.jpg 18w, https:\/\/jblcorten.com\/wp-content\/uploads\/2025\/07\/hanging-fire-pit-600x400.jpg 600w\" sizes=\"(max-width: 750px) 100vw, 750px\" \/><\/p>\n<p><strong><span style=\"font-size: 14pt;\">Images du produit :<\/span><\/strong><\/p>\n<p><img loading=\"lazy\" decoding=\"async\" class=\"alignnone size-full wp-image-3728\" src=\"https:\/\/jblcorten.com\/wp-content\/uploads\/2025\/07\/fire-pit-cooking-tripod.jpg\" alt=\"tr\u00e9pied pour la cuisson au feu\" width=\"750\" height=\"422\" title=\"\" srcset=\"https:\/\/jblcorten.com\/wp-content\/uploads\/2025\/07\/fire-pit-cooking-tripod.jpg 750w, https:\/\/jblcorten.com\/wp-content\/uploads\/2025\/07\/fire-pit-cooking-tripod-300x169.jpg 300w, https:\/\/jblcorten.com\/wp-content\/uploads\/2025\/07\/fire-pit-cooking-tripod-18x10.jpg 18w, https:\/\/jblcorten.com\/wp-content\/uploads\/2025\/07\/fire-pit-cooking-tripod-600x338.jpg 600w\" sizes=\"(max-width: 750px) 100vw, 750px\" \/><\/p>\n<p><img loading=\"lazy\" decoding=\"async\" class=\"alignnone size-full wp-image-3729\" src=\"https:\/\/jblcorten.com\/wp-content\/uploads\/2025\/07\/tripod-bbq-and-fire-pit.jpg\" alt=\"tripod bbq and fire pit\" width=\"750\" height=\"562\" title=\"\"><\/p>","protected":false},"excerpt":{"rendered":"<p>Ce foyer sur tr\u00e9pied est fabriqu\u00e9 en acier rev\u00eatu \u00e0 haute temp\u00e9rature et convient \u00e0 de nombreux sc\u00e9narios, tels que les feux de joie sur la plage, les f\u00eates dans l'arri\u00e8re-cour, la cuisine en camping, etc. La cha\u00eene r\u00e9glable permet de contr\u00f4ler la hauteur, qui peut \u00eatre utilis\u00e9e \u00e0 la fois pour chauffer et pour cuisiner \u00e0 flamme nue. La structure est stable et facile \u00e0 transporter, ce qui en fait un choix id\u00e9al pour la vie en plein air.<\/p>","protected":false},"featured_media":3722,"template":"","meta":{"site-sidebar-layout":"default","site-content-layout":"","ast-site-content-layout":"default","site-content-style":"default","site-sidebar-style":"default","ast-global-header-display":"","ast-banner-title-visibility":"","ast-main-header-display":"","ast-hfb-above-header-display":"","ast-hfb-below-header-display":"","ast-hfb-mobile-header-display":"","site-post-title":"","ast-breadcrumbs-content":"","ast-featured-img":"","footer-sml-layout":"","ast-disable-related-posts":"","theme-transparent-header-meta":"default","adv-header-id-meta":"","stick-header-meta":"","header-above-stick-meta":"","header-main-stick-meta":"","header-below-stick-meta":"","astra-migrate-meta-layouts":"set","ast-page-background-enabled":"default","ast-page-background-meta":{"desktop":{"background-color":"var(--ast-global-color-4)","background-image":"","background-repeat":"repeat","background-position":"center center","background-size":"auto","background-attachment":"scroll","background-type":"","background-media":"","overlay-type":"","overlay-color":"","overlay-opacity":"","overlay-gradient":""},"tablet":{"background-color":"","background-image":"","background-repeat":"repeat","background-position":"center center","background-size":"auto","background-attachment":"scroll","background-type":"","background-media":"","overlay-type":"","overlay-color":"","overlay-opacity":"","overlay-gradient":""},"mobile":{"background-color":"","background-image":"","background-repeat":"repeat","background-position":"center center","background-size":"auto","background-attachment":"scroll","background-type":"","background-media":"","overlay-type":"","overlay-color":"","overlay-opacity":"","overlay-gradient":""}},"ast-content-background-meta":{"desktop":{"background-color":"var(--ast-global-color-5)","background-image":"","background-repeat":"repeat","background-position":"center center","background-size":"auto","background-attachment":"scroll","background-type":"","background-media":"","overlay-type":"","overlay-color":"","overlay-opacity":"","overlay-gradient":""},"tablet":{"background-color":"var(--ast-global-color-5)","background-image":"","background-repeat":"repeat","background-position":"center center","background-size":"auto","background-attachment":"scroll","background-type":"","background-media":"","overlay-type":"","overlay-color":"","overlay-opacity":"","overlay-gradient":""},"mobile":{"background-color":"var(--ast-global-color-5)","background-image":"","background-repeat":"repeat","background-position":"center center","background-size":"auto","background-attachment":"scroll","background-type":"","background-media":"","overlay-type":"","overlay-color":"","overlay-opacity":"","overlay-gradient":""}}},"product_brand":[],"product_cat":[29,45],"product_tag":[],"class_list":{"0":"post-3720","1":"product","2":"type-product","3":"status-publish","4":"has-post-thumbnail","6":"product_cat-fire-pit","7":"product_cat-wood-burning-fire-pit","8":"desktop-align-center","9":"tablet-align-left","10":"mobile-align-left","12":"first","13":"instock","14":"shipping-taxable","15":"product-type-simple"},"_links":{"self":[{"href":"https:\/\/jblcorten.com\/fr\/wp-json\/wp\/v2\/product\/3720","targetHints":{"allow":["GET"]}}],"collection":[{"href":"https:\/\/jblcorten.com\/fr\/wp-json\/wp\/v2\/product"}],"about":[{"href":"https:\/\/jblcorten.com\/fr\/wp-json\/wp\/v2\/types\/product"}],"wp:featuredmedia":[{"embeddable":true,"href":"https:\/\/jblcorten.com\/fr\/wp-json\/wp\/v2\/media\/3722"}],"wp:attachment":[{"href":"https:\/\/jblcorten.com\/fr\/wp-json\/wp\/v2\/media?parent=3720"}],"wp:term":[{"taxonomy":"product_brand","embeddable":true,"href":"https:\/\/jblcorten.com\/fr\/wp-json\/wp\/v2\/product_brand?post=3720"},{"taxonomy":"product_cat","embeddable":true,"href":"https:\/\/jblcorten.com\/fr\/wp-json\/wp\/v2\/product_cat?post=3720"},{"taxonomy":"product_tag","embeddable":true,"href":"https:\/\/jblcorten.com\/fr\/wp-json\/wp\/v2\/product_tag?post=3720"}],"curies":[{"name":"wp","href":"https:\/\/api.w.org\/{rel}","templated":true}]}}