{"id":3689,"date":"2025-07-14T15:47:50","date_gmt":"2025-07-14T07:47:50","guid":{"rendered":"https:\/\/jblcorten.com\/?post_type=product&#038;p=3689"},"modified":"2025-07-14T15:47:50","modified_gmt":"2025-07-14T07:47:50","slug":"table-deau-en-acier-corten","status":"publish","type":"product","link":"https:\/\/jblcorten.com\/fr\/corten-steel-water-table\/","title":{"rendered":"Table d'eau en acier Corten"},"content":{"rendered":"<h2 style=\"text-align: center;\"><span style=\"font-size: 14pt;\">Table d'eau en acier Corten<\/span><\/h2>\n<p>Cette table d'eau en acier corten est fabriqu\u00e9e en acier corten de haute qualit\u00e9, avec un aspect rouge rouille unique qui s'int\u00e8gre parfaitement \u00e0 l'environnement naturel. Le design rectangulaire simple est moderne et \u00e9l\u00e9gant, et convient \u00e0 une vari\u00e9t\u00e9 de styles de cour et d'am\u00e9nagement paysager.<\/p>\n<p>La table d'eau en acier corten est dot\u00e9e d'un syst\u00e8me de circulation d'eau soigneusement con\u00e7u \u00e0 l'int\u00e9rieur, et l'eau s'\u00e9coule lentement \u00e0 partir du centre pour former un jeu d'eau paisible. Elle ajoute non seulement un \u00e9l\u00e9ment dynamique \u00e0 l'espace, mais cr\u00e9e \u00e9galement un environnement apaisant.<\/p>\n<p>Le mat\u00e9riau en acier corten a \u00e9t\u00e9 sp\u00e9cialement trait\u00e9 pour r\u00e9sister \u00e0 diverses conditions m\u00e9t\u00e9orologiques difficiles et peut rester en bon \u00e9tat pendant de nombreuses ann\u00e9es sans entretien suppl\u00e9mentaire. Il s'agit d'un choix id\u00e9al pour la d\u00e9coration d'une cour int\u00e9rieure haut de gamme.<\/p>\n<p><img fetchpriority=\"high\" decoding=\"async\" class=\"alignnone size-full wp-image-3690\" src=\"https:\/\/jblcorten.com\/wp-content\/uploads\/2025\/07\/Corten-Steel-Water-Table.jpg\" alt=\"Table d&#039;eau en acier Corten\" width=\"750\" height=\"503\" title=\"\" srcset=\"https:\/\/jblcorten.com\/wp-content\/uploads\/2025\/07\/Corten-Steel-Water-Table.jpg 750w, https:\/\/jblcorten.com\/wp-content\/uploads\/2025\/07\/Corten-Steel-Water-Table-300x201.jpg 300w, https:\/\/jblcorten.com\/wp-content\/uploads\/2025\/07\/Corten-Steel-Water-Table-18x12.jpg 18w, https:\/\/jblcorten.com\/wp-content\/uploads\/2025\/07\/Corten-Steel-Water-Table-600x402.jpg 600w\" sizes=\"(max-width: 750px) 100vw, 750px\" \/><\/p>\n<p><span style=\"font-size: 14pt;\"><strong>Caract\u00e9ristiques principales :<\/strong><\/span><\/p>\n<ul>\n<li><span style=\"color: #db6d1f;\"><strong>Mat\u00e9riau de haute qualit\u00e9 :<\/strong> <\/span>Fabriqu\u00e9 en acier r\u00e9sistant aux intemp\u00e9ries de haute qualit\u00e9, il pr\u00e9sente une excellente r\u00e9sistance \u00e0 la corrosion et aux intemp\u00e9ries, et sa dur\u00e9e de vie peut s'\u00e9tendre sur plusieurs d\u00e9cennies.<\/li>\n<li><strong><span style=\"color: #db6d1f;\">Design moderne :<\/span><\/strong> Design rectangulaire simple avec des lignes douces, parfaitement adapt\u00e9 au style architectural moderne, am\u00e9liorant la qualit\u00e9 de l'espace.<\/li>\n<li><span style=\"color: #db6d1f;\"><strong>Effet de paysage aquatique :<\/strong><\/span> Syst\u00e8me de circulation d'eau int\u00e9gr\u00e9, l'eau s'\u00e9coule naturellement, cr\u00e9ant un environnement calme et apaisant.<\/li>\n<li><span style=\"color: #db6d1f;\"><strong>Facile \u00e0 entretenir :<\/strong><\/span> Le mat\u00e9riau en acier r\u00e9sistant aux intemp\u00e9ries ne n\u00e9cessite pas d'entretien r\u00e9gulier, ce qui permet de r\u00e9duire les co\u00fbts d'entretien \u00e0 long terme.<\/li>\n<\/ul>\n<p><strong><span style=\"font-size: 14pt;\">Sp\u00e9cification du produit :<\/span><\/strong><\/p>\n<table style=\"border-collapse: collapse; width: 100%; height: 265px;\">\n<tbody>\n<tr style=\"height: 53px;\">\n<td style=\"width: 30.0299%; height: 53px; background-color: #f5f5f5;\">Nom du produit<\/td>\n<td style=\"width: 69.9701%; height: 53px; background-color: #f5f5f5;\">Table d'eau en acier Corten<\/td>\n<\/tr>\n<tr style=\"height: 53px;\">\n<td style=\"width: 30.0299%; height: 53px;\">Forme<\/td>\n<td style=\"width: 69.9701%; height: 53px;\">Rectangulaire \/carr\u00e9\/rond\/personnalis\u00e9<\/td>\n<\/tr>\n<tr style=\"height: 53px;\">\n<td style=\"width: 30.0299%; height: 53px; background-color: #f5f5f5;\">Mat\u00e9riau<\/td>\n<td style=\"width: 69.9701%; height: 53px; background-color: #f5f5f5;\">Acier Corten<\/td>\n<\/tr>\n<tr style=\"height: 53px;\">\n<td style=\"width: 30.0299%; height: 53px;\">Taille<\/td>\n<td style=\"width: 69.9701%; height: 53px;\">L 1000 \u00d7 L 2500 \u00d7 H400 mm<\/td>\n<\/tr>\n<tr style=\"height: 53px;\">\n<td style=\"width: 30.0299%; height: 53px; background-color: #f5f5f5;\">Paquet<\/td>\n<td style=\"width: 69.9701%; height: 53px; background-color: #f5f5f5;\"><span class=\"magic-8\" data-spm-anchor-id=\"a2700.details-description.0.i1.764b1REx1RExij\">Int\u00e9rieur : Papier mousse anti-usure,\u00a0<\/span><span class=\"magic-8\">Ext\u00e9rieur : Bo\u00eete en carton<\/span><\/td>\n<\/tr>\n<\/tbody>\n<\/table>\n<p><strong><span style=\"font-size: 14pt;\">S\u00e9lection personnalis\u00e9e :<\/span><\/strong><\/p>\n<p>Notre table d'eau en acier corten peut \u00eatre configur\u00e9e avec 3 ou 4 buses, qui peuvent \u00eatre librement s\u00e9lectionn\u00e9es en fonction de la taille du site, de l'effet de l'\u00e9coulement de l'eau ou de l'esth\u00e9tique du client afin d'obtenir une conception plus flexible du paysage aquatique.<\/p>\n<p><img decoding=\"async\" class=\"alignnone size-full wp-image-3691\" src=\"https:\/\/jblcorten.com\/wp-content\/uploads\/2025\/07\/water-table-water-feature.jpg\" alt=\"nappe phr\u00e9atique dispositif d&#039;eau\" width=\"750\" height=\"213\" title=\"\" srcset=\"https:\/\/jblcorten.com\/wp-content\/uploads\/2025\/07\/water-table-water-feature.jpg 750w, https:\/\/jblcorten.com\/wp-content\/uploads\/2025\/07\/water-table-water-feature-300x85.jpg 300w, https:\/\/jblcorten.com\/wp-content\/uploads\/2025\/07\/water-table-water-feature-18x5.jpg 18w, https:\/\/jblcorten.com\/wp-content\/uploads\/2025\/07\/water-table-water-feature-600x170.jpg 600w\" sizes=\"(max-width: 750px) 100vw, 750px\" \/><\/p>\n<p><strong><span style=\"font-size: 14pt;\">Emballage du produit :<\/span><\/strong><\/p>\n<p>Afin de prot\u00e9ger le jeu d'eau en corten de l'usure, nous essaierons d'abord d'envelopper le jeu d'eau avec de la mousse, puis d'utiliser des bo\u00eetes en bois pour l'emballage ext\u00e9rieur.<\/p>\n<p><img decoding=\"async\" class=\"alignnone size-full wp-image-3695\" src=\"https:\/\/jblcorten.com\/wp-content\/uploads\/2025\/07\/corten-steel-water-tables.jpg\" alt=\"\" width=\"750\" height=\"421\" title=\"\" srcset=\"https:\/\/jblcorten.com\/wp-content\/uploads\/2025\/07\/corten-steel-water-tables.jpg 750w, https:\/\/jblcorten.com\/wp-content\/uploads\/2025\/07\/corten-steel-water-tables-300x168.jpg 300w, https:\/\/jblcorten.com\/wp-content\/uploads\/2025\/07\/corten-steel-water-tables-18x10.jpg 18w, https:\/\/jblcorten.com\/wp-content\/uploads\/2025\/07\/corten-steel-water-tables-600x337.jpg 600w\" sizes=\"(max-width: 750px) 100vw, 750px\" \/><\/p>\n<p><img loading=\"lazy\" decoding=\"async\" class=\"alignnone size-full wp-image-3696\" src=\"https:\/\/jblcorten.com\/wp-content\/uploads\/2025\/07\/Rectangular-Corten-steel-Water-Table.jpg\" alt=\"Table d&#039;eau rectangulaire en acier Corten\" width=\"750\" height=\"421\" title=\"\" srcset=\"https:\/\/jblcorten.com\/wp-content\/uploads\/2025\/07\/Rectangular-Corten-steel-Water-Table.jpg 750w, https:\/\/jblcorten.com\/wp-content\/uploads\/2025\/07\/Rectangular-Corten-steel-Water-Table-300x168.jpg 300w, https:\/\/jblcorten.com\/wp-content\/uploads\/2025\/07\/Rectangular-Corten-steel-Water-Table-18x10.jpg 18w, https:\/\/jblcorten.com\/wp-content\/uploads\/2025\/07\/Rectangular-Corten-steel-Water-Table-600x337.jpg 600w\" sizes=\"(max-width: 750px) 100vw, 750px\" \/><\/p>\n<p><strong><span style=\"font-size: 14pt;\">FAQ :<\/span><\/strong><\/p>\n<p><span style=\"color: #db6d1f;\">Q1 : L'acier corten rouille-t-il vraiment ? Est-il s\u00fbr ?<\/span><br \/>\nR : L'acier rouille, mais il s'agit d'une couche d'oxyde naturelle contr\u00f4l\u00e9e qui prot\u00e8ge l'acier contre la corrosion. Il s'agit d'un mat\u00e9riau haut de gamme couramment utilis\u00e9 dans l'architecture ext\u00e9rieure et les sculptures.<\/p>\n<p><span style=\"color: #db6d1f;\">Q2 : La plate-forme waterscape doit-elle \u00eatre raccord\u00e9e \u00e0 une source d'eau ?<\/span><br \/>\nR : Non, le produit est dot\u00e9 d'un r\u00e9servoir d'eau et d'une pompe de circulation int\u00e9gr\u00e9s, qui constituent un syst\u00e8me d'auto-circulation. Il suffit d'ajouter de l'eau r\u00e9guli\u00e8rement.<\/p>\n<p><span style=\"color: #db6d1f;\">Q3 : Les lumi\u00e8res LED peuvent-elles \u00eatre configur\u00e9es ?<\/span><br \/>\nR : Oui, nous proposons des bandes lumineuses ou des projecteurs LED \u00e9tanches \u00e0 l'int\u00e9rieur ou sur le bord de la plate-forme aquatique afin d'am\u00e9liorer les effets visuels nocturnes.<\/p>","protected":false},"excerpt":{"rendered":"<p>La table d'eau en acier corten est fabriqu\u00e9e en acier corten de haute qualit\u00e9 et pr\u00e9sente un \u00e9l\u00e9gant design rectangulaire. La surface de la table d'eau est une plate-forme plate int\u00e9gr\u00e9e, qui peut pr\u00e9senter un effet de \u201csurface d'eau miroir\u201d.<\/p>\n<p>Un syst\u00e8me de pompe de circulation d'eau \u00e0 basse pression, facile \u00e0 entretenir et silencieux, est install\u00e9 \u00e0 l'int\u00e9rieur du plan d'eau.<\/p>\n<p>L'acier Corten s'oxyde naturellement au fil du temps pour former une couche de rouille protectrice, qui est non seulement solide et durable, mais qui poss\u00e8de \u00e9galement un charme esth\u00e9tique unique.<\/p>","protected":false},"featured_media":3693,"template":"","meta":{"site-sidebar-layout":"default","site-content-layout":"","ast-site-content-layout":"default","site-content-style":"default","site-sidebar-style":"default","ast-global-header-display":"","ast-banner-title-visibility":"","ast-main-header-display":"","ast-hfb-above-header-display":"","ast-hfb-below-header-display":"","ast-hfb-mobile-header-display":"","site-post-title":"","ast-breadcrumbs-content":"","ast-featured-img":"","footer-sml-layout":"","ast-disable-related-posts":"","theme-transparent-header-meta":"default","adv-header-id-meta":"","stick-header-meta":"","header-above-stick-meta":"","header-main-stick-meta":"","header-below-stick-meta":"","astra-migrate-meta-layouts":"set","ast-page-background-enabled":"default","ast-page-background-meta":{"desktop":{"background-color":"var(--ast-global-color-4)","background-image":"","background-repeat":"repeat","background-position":"center center","background-size":"auto","background-attachment":"scroll","background-type":"","background-media":"","overlay-type":"","overlay-color":"","overlay-opacity":"","overlay-gradient":""},"tablet":{"background-color":"","background-image":"","background-repeat":"repeat","background-position":"center center","background-size":"auto","background-attachment":"scroll","background-type":"","background-media":"","overlay-type":"","overlay-color":"","overlay-opacity":"","overlay-gradient":""},"mobile":{"background-color":"","background-image":"","background-repeat":"repeat","background-position":"center center","background-size":"auto","background-attachment":"scroll","background-type":"","background-media":"","overlay-type":"","overlay-color":"","overlay-opacity":"","overlay-gradient":""}},"ast-content-background-meta":{"desktop":{"background-color":"var(--ast-global-color-5)","background-image":"","background-repeat":"repeat","background-position":"center center","background-size":"auto","background-attachment":"scroll","background-type":"","background-media":"","overlay-type":"","overlay-color":"","overlay-opacity":"","overlay-gradient":""},"tablet":{"background-color":"var(--ast-global-color-5)","background-image":"","background-repeat":"repeat","background-position":"center center","background-size":"auto","background-attachment":"scroll","background-type":"","background-media":"","overlay-type":"","overlay-color":"","overlay-opacity":"","overlay-gradient":""},"mobile":{"background-color":"var(--ast-global-color-5)","background-image":"","background-repeat":"repeat","background-position":"center center","background-size":"auto","background-attachment":"scroll","background-type":"","background-media":"","overlay-type":"","overlay-color":"","overlay-opacity":"","overlay-gradient":""}}},"product_brand":[],"product_cat":[40],"product_tag":[],"class_list":{"0":"post-3689","1":"product","2":"type-product","3":"status-publish","4":"has-post-thumbnail","6":"product_cat-water-feature","7":"desktop-align-center","8":"tablet-align-left","9":"mobile-align-left","11":"first","12":"instock","13":"shipping-taxable","14":"product-type-simple"},"_links":{"self":[{"href":"https:\/\/jblcorten.com\/fr\/wp-json\/wp\/v2\/product\/3689","targetHints":{"allow":["GET"]}}],"collection":[{"href":"https:\/\/jblcorten.com\/fr\/wp-json\/wp\/v2\/product"}],"about":[{"href":"https:\/\/jblcorten.com\/fr\/wp-json\/wp\/v2\/types\/product"}],"wp:featuredmedia":[{"embeddable":true,"href":"https:\/\/jblcorten.com\/fr\/wp-json\/wp\/v2\/media\/3693"}],"wp:attachment":[{"href":"https:\/\/jblcorten.com\/fr\/wp-json\/wp\/v2\/media?parent=3689"}],"wp:term":[{"taxonomy":"product_brand","embeddable":true,"href":"https:\/\/jblcorten.com\/fr\/wp-json\/wp\/v2\/product_brand?post=3689"},{"taxonomy":"product_cat","embeddable":true,"href":"https:\/\/jblcorten.com\/fr\/wp-json\/wp\/v2\/product_cat?post=3689"},{"taxonomy":"product_tag","embeddable":true,"href":"https:\/\/jblcorten.com\/fr\/wp-json\/wp\/v2\/product_tag?post=3689"}],"curies":[{"name":"wp","href":"https:\/\/api.w.org\/{rel}","templated":true}]}}