{"id":3649,"date":"2025-07-09T17:14:00","date_gmt":"2025-07-09T09:14:00","guid":{"rendered":"https:\/\/jblcorten.com\/?post_type=product&#038;p=3649"},"modified":"2025-07-09T17:14:00","modified_gmt":"2025-07-09T09:14:00","slug":"mur-deau-en-acier-corten","status":"publish","type":"product","link":"https:\/\/jblcorten.com\/fr\/corten-steel-water-wall\/","title":{"rendered":"Mur d'eau en acier Corten"},"content":{"rendered":"<h2 style=\"text-align: center;\"><span style=\"font-size: 14pt;\">Mur d'eau en acier Corten<\/span><\/h2>\n<p>Le mur d'eau en acier Corten est une pi\u00e8ce d'eau verticale autoportante. Fabriqu\u00e9e en acier de haute qualit\u00e9, la structure est con\u00e7ue pour d\u00e9velopper naturellement une rouille riche qui m\u00fbrit avec le temps - rendant chaque unit\u00e9 d'une beaut\u00e9 unique, sans traitement de surface ni peinture.<\/p>\n<p>L'eau s'\u00e9coule continuellement et doucement depuis le bord sup\u00e9rieur du mur, glissant uniform\u00e9ment le long de la surface en acier rouill\u00e9 pour finalement converger vers le bas. Un bassin rectangulaire est dessin\u00e9 au fond, et une pompe \u00e0 eau cach\u00e9e assure la circulation de l'eau. Aucune plomberie n'est n\u00e9cessaire, seul un branchement \u00e9lectrique est requis, ce qui en fait un jeu d'eau pratique pour les espaces de vie ext\u00e9rieurs modernes.<\/p>\n<p><img fetchpriority=\"high\" decoding=\"async\" class=\"alignnone size-full wp-image-3654\" src=\"https:\/\/jblcorten.com\/wp-content\/uploads\/2025\/07\/Corten-Steel-Water-Wall-1.jpg\" alt=\"Mur d&#039;eau en acier Corten\" width=\"750\" height=\"350\" title=\"\" srcset=\"https:\/\/jblcorten.com\/wp-content\/uploads\/2025\/07\/Corten-Steel-Water-Wall-1.jpg 750w, https:\/\/jblcorten.com\/wp-content\/uploads\/2025\/07\/Corten-Steel-Water-Wall-1-300x140.jpg 300w, https:\/\/jblcorten.com\/wp-content\/uploads\/2025\/07\/Corten-Steel-Water-Wall-1-18x8.jpg 18w, https:\/\/jblcorten.com\/wp-content\/uploads\/2025\/07\/Corten-Steel-Water-Wall-1-600x280.jpg 600w\" sizes=\"(max-width: 750px) 100vw, 750px\" \/><\/p>\n<table style=\"border-collapse: collapse; width: 100%;\">\n<tbody>\n<tr>\n<td style=\"width: 34.742%; background-color: #f5f5f5;\">Type de produit<\/td>\n<td style=\"width: 65.258%; background-color: #f5f5f5;\">Mur d'eau vertical en acier Corten<\/td>\n<\/tr>\n<tr>\n<td style=\"width: 34.742%;\">Mat\u00e9riau<\/td>\n<td style=\"width: 65.258%;\">Acier Corten<\/td>\n<\/tr>\n<tr>\n<td style=\"width: 34.742%; background-color: #f5f5f5;\">Taille<\/td>\n<td style=\"width: 65.258%; background-color: #f5f5f5;\">\u00a0L 1200 \u00d7 P 400 \u00d7 H 1750 mm<\/td>\n<\/tr>\n<tr>\n<td style=\"width: 34.742%;\">Poids<\/td>\n<td style=\"width: 65.258%;\">52kg<\/td>\n<\/tr>\n<tr>\n<td style=\"width: 34.742%; background-color: #f5f5f5;\">Application<\/td>\n<td style=\"width: 65.258%; background-color: #f5f5f5;\">Int\u00e9rieur ou ext\u00e9rieur<\/td>\n<\/tr>\n<\/tbody>\n<\/table>\n<p><strong><span style=\"font-size: 14pt;\">Qu'est-ce que l'acier Corten ?<\/span><\/strong><\/p>\n<p>L'acier Corten, \u00e9galement connu sous le nom d'acier r\u00e9sistant aux intemp\u00e9ries, est un acier faiblement alli\u00e9 qui pr\u00e9sente une excellente r\u00e9sistance aux intemp\u00e9ries. Lorsque l'acier Corten est expos\u00e9 \u00e0 l'environnement naturel, une couche de rouille oxyd\u00e9e se forme \u00e0 la surface. Elle est rouge-orange au d\u00e9but et devient rouge-brun puis brun fonc\u00e9 avec le temps. Cette couche d'oxyde est diff\u00e9rente de la rouille flottante de l'acier ordinaire. Elle peut emp\u00eacher l'humidit\u00e9 et l'oxyg\u00e8ne de continuer \u00e0 p\u00e9n\u00e9trer dans l'acier, ce qui a pour effet de \"pr\u00e9venir la rouille\".<\/p>\n<p><img decoding=\"async\" class=\"alignnone wp-image-2518\" src=\"https:\/\/jblcorten.com\/wp-content\/uploads\/2025\/03\/Corten-Steel-vs.-Regular-Steel.jpg\" alt=\"Acier Corten vs. acier ordinaire\" width=\"750\" height=\"413\" title=\"\" srcset=\"https:\/\/jblcorten.com\/wp-content\/uploads\/2025\/03\/Corten-Steel-vs.-Regular-Steel.jpg 699w, https:\/\/jblcorten.com\/wp-content\/uploads\/2025\/03\/Corten-Steel-vs.-Regular-Steel-600x330.jpg 600w, https:\/\/jblcorten.com\/wp-content\/uploads\/2025\/03\/Corten-Steel-vs.-Regular-Steel-300x165.jpg 300w, https:\/\/jblcorten.com\/wp-content\/uploads\/2025\/03\/Corten-Steel-vs.-Regular-Steel-18x10.jpg 18w\" sizes=\"(max-width: 750px) 100vw, 750px\" \/> <img decoding=\"async\" class=\"alignnone wp-image-2519 size-full\" src=\"https:\/\/jblcorten.com\/wp-content\/uploads\/2025\/03\/corten-steel-material.jpg\" alt=\"\" width=\"750\" height=\"321\" title=\"\" srcset=\"https:\/\/jblcorten.com\/wp-content\/uploads\/2025\/03\/corten-steel-material.jpg 750w, https:\/\/jblcorten.com\/wp-content\/uploads\/2025\/03\/corten-steel-material-600x257.jpg 600w, https:\/\/jblcorten.com\/wp-content\/uploads\/2025\/03\/corten-steel-material-300x128.jpg 300w, https:\/\/jblcorten.com\/wp-content\/uploads\/2025\/03\/corten-steel-material-18x8.jpg 18w\" sizes=\"(max-width: 750px) 100vw, 750px\" \/><\/p>\n<p><strong><span style=\"font-size: 14pt;\">Images du produit :<\/span><\/strong><\/p>\n<p><img loading=\"lazy\" decoding=\"async\" class=\"alignnone size-full wp-image-3655\" src=\"https:\/\/jblcorten.com\/wp-content\/uploads\/2025\/07\/corten-steel-waterfall.jpg\" alt=\"cascade en acier corten\" width=\"750\" height=\"562\" title=\"\" srcset=\"https:\/\/jblcorten.com\/wp-content\/uploads\/2025\/07\/corten-steel-waterfall.jpg 750w, https:\/\/jblcorten.com\/wp-content\/uploads\/2025\/07\/corten-steel-waterfall-300x225.jpg 300w, https:\/\/jblcorten.com\/wp-content\/uploads\/2025\/07\/corten-steel-waterfall-16x12.jpg 16w, https:\/\/jblcorten.com\/wp-content\/uploads\/2025\/07\/corten-steel-waterfall-600x450.jpg 600w\" sizes=\"(max-width: 750px) 100vw, 750px\" \/><\/p>\n<p><img loading=\"lazy\" decoding=\"async\" class=\"alignnone size-full wp-image-3656\" src=\"https:\/\/jblcorten.com\/wp-content\/uploads\/2025\/07\/water-wall-in-corten.jpg\" alt=\"mur d&#039;eau en corten\" width=\"750\" height=\"562\" title=\"\" srcset=\"https:\/\/jblcorten.com\/wp-content\/uploads\/2025\/07\/water-wall-in-corten.jpg 750w, https:\/\/jblcorten.com\/wp-content\/uploads\/2025\/07\/water-wall-in-corten-300x225.jpg 300w, https:\/\/jblcorten.com\/wp-content\/uploads\/2025\/07\/water-wall-in-corten-16x12.jpg 16w, https:\/\/jblcorten.com\/wp-content\/uploads\/2025\/07\/water-wall-in-corten-600x450.jpg 600w\" sizes=\"(max-width: 750px) 100vw, 750px\" \/><\/p>\n<p><strong><span style=\"font-size: 14pt;\">FAQ :<\/span><\/strong><\/p>\n<p><span style=\"color: #e3792d;\">Q1 : Ce mur d'eau risque-t-il de rouiller excessivement ou d'endommager les surfaces environnantes ?<\/span><br \/>\nA1 : L'acier soumis aux intemp\u00e9ries forme une couche de rouille stable qui prot\u00e8ge la surface. Il est donc pr\u00e9f\u00e9rable de le placer sur du gravier ou de la pierre pendant les premi\u00e8res semaines.<\/p>\n<p><span style=\"color: #e3792d;\">Q2 : A-t-il besoin d'un approvisionnement constant en eau ?<\/span><br \/>\nIl s'agit d'un syst\u00e8me de circulation en boucle ferm\u00e9e. Il suffit de remplir la piscine d'eau, de la brancher et le tour est jou\u00e9.<\/p>\n<p><span style=\"color: #e3792d;\">Q3 : Peut-il \u00eatre \u00e9quip\u00e9 de lumi\u00e8res ?<\/span><br \/>\nA3 : Bien s\u00fbr.<\/p>","protected":false},"excerpt":{"rendered":"<p>Ce mur d'eau en acier corten est con\u00e7u pour \u00eatre vertical, l'eau s'\u00e9coulant uniform\u00e9ment par le haut, formant un rideau d'eau continu qui circule. La surface est naturellement rouill\u00e9e et prend une couleur brun-rouge, ce qui lui conf\u00e8re une beaut\u00e9 industrielle et une texture naturelle. Elle convient aux espaces ext\u00e9rieurs tels que les jardins, les cours et les places commerciales, et est \u00e0 la fois d\u00e9corative et fonctionnelle.<\/p>\n<p>Mat\u00e9riau : Acier Corten<br \/>\nCouleur : rouille<br \/>\nTaille : L 1200 \u00d7 P 400 \u00d7 H 1750 mm<br \/>\nPoids : 52 kg<\/p>","protected":false},"featured_media":3652,"template":"","meta":{"site-sidebar-layout":"default","site-content-layout":"","ast-site-content-layout":"default","site-content-style":"default","site-sidebar-style":"default","ast-global-header-display":"","ast-banner-title-visibility":"","ast-main-header-display":"","ast-hfb-above-header-display":"","ast-hfb-below-header-display":"","ast-hfb-mobile-header-display":"","site-post-title":"","ast-breadcrumbs-content":"","ast-featured-img":"","footer-sml-layout":"","ast-disable-related-posts":"","theme-transparent-header-meta":"default","adv-header-id-meta":"","stick-header-meta":"","header-above-stick-meta":"","header-main-stick-meta":"","header-below-stick-meta":"","astra-migrate-meta-layouts":"set","ast-page-background-enabled":"default","ast-page-background-meta":{"desktop":{"background-color":"var(--ast-global-color-4)","background-image":"","background-repeat":"repeat","background-position":"center center","background-size":"auto","background-attachment":"scroll","background-type":"","background-media":"","overlay-type":"","overlay-color":"","overlay-opacity":"","overlay-gradient":""},"tablet":{"background-color":"","background-image":"","background-repeat":"repeat","background-position":"center center","background-size":"auto","background-attachment":"scroll","background-type":"","background-media":"","overlay-type":"","overlay-color":"","overlay-opacity":"","overlay-gradient":""},"mobile":{"background-color":"","background-image":"","background-repeat":"repeat","background-position":"center center","background-size":"auto","background-attachment":"scroll","background-type":"","background-media":"","overlay-type":"","overlay-color":"","overlay-opacity":"","overlay-gradient":""}},"ast-content-background-meta":{"desktop":{"background-color":"var(--ast-global-color-5)","background-image":"","background-repeat":"repeat","background-position":"center center","background-size":"auto","background-attachment":"scroll","background-type":"","background-media":"","overlay-type":"","overlay-color":"","overlay-opacity":"","overlay-gradient":""},"tablet":{"background-color":"var(--ast-global-color-5)","background-image":"","background-repeat":"repeat","background-position":"center center","background-size":"auto","background-attachment":"scroll","background-type":"","background-media":"","overlay-type":"","overlay-color":"","overlay-opacity":"","overlay-gradient":""},"mobile":{"background-color":"var(--ast-global-color-5)","background-image":"","background-repeat":"repeat","background-position":"center center","background-size":"auto","background-attachment":"scroll","background-type":"","background-media":"","overlay-type":"","overlay-color":"","overlay-opacity":"","overlay-gradient":""}}},"product_brand":[],"product_cat":[40],"product_tag":[],"class_list":{"0":"post-3649","1":"product","2":"type-product","3":"status-publish","4":"has-post-thumbnail","6":"product_cat-water-feature","7":"desktop-align-center","8":"tablet-align-left","9":"mobile-align-left","11":"first","12":"instock","13":"shipping-taxable","14":"product-type-simple"},"_links":{"self":[{"href":"https:\/\/jblcorten.com\/fr\/wp-json\/wp\/v2\/product\/3649","targetHints":{"allow":["GET"]}}],"collection":[{"href":"https:\/\/jblcorten.com\/fr\/wp-json\/wp\/v2\/product"}],"about":[{"href":"https:\/\/jblcorten.com\/fr\/wp-json\/wp\/v2\/types\/product"}],"wp:featuredmedia":[{"embeddable":true,"href":"https:\/\/jblcorten.com\/fr\/wp-json\/wp\/v2\/media\/3652"}],"wp:attachment":[{"href":"https:\/\/jblcorten.com\/fr\/wp-json\/wp\/v2\/media?parent=3649"}],"wp:term":[{"taxonomy":"product_brand","embeddable":true,"href":"https:\/\/jblcorten.com\/fr\/wp-json\/wp\/v2\/product_brand?post=3649"},{"taxonomy":"product_cat","embeddable":true,"href":"https:\/\/jblcorten.com\/fr\/wp-json\/wp\/v2\/product_cat?post=3649"},{"taxonomy":"product_tag","embeddable":true,"href":"https:\/\/jblcorten.com\/fr\/wp-json\/wp\/v2\/product_tag?post=3649"}],"curies":[{"name":"wp","href":"https:\/\/api.w.org\/{rel}","templated":true}]}}