{"id":3644,"date":"2025-07-09T15:31:27","date_gmt":"2025-07-09T07:31:27","guid":{"rendered":"https:\/\/jblcorten.com\/?post_type=product&#038;p=3644"},"modified":"2025-07-09T15:31:28","modified_gmt":"2025-07-09T07:31:28","slug":"bassin-deau-en-corten","status":"publish","type":"product","link":"https:\/\/jblcorten.com\/fr\/corten-bowl-water-feature\/","title":{"rendered":"Cuvette d'eau en corten"},"content":{"rendered":"<h2 style=\"text-align: center;\"><span style=\"font-size: 14pt;\">Cuvette d'eau en corten<\/span><\/h2>\n<p>Cette pi\u00e8ce d'eau en corten est une installation paysag\u00e8re tr\u00e8s moderne. Fabriqu\u00e9e en acier r\u00e9sistant aux intemp\u00e9ries, la texture rouille rouge-brun naturellement form\u00e9e sur la surface lui conf\u00e8re non seulement une esth\u00e9tique r\u00e9tro unique, mais renforce \u00e9galement sa r\u00e9sistance \u00e0 la corrosion en ext\u00e9rieur, ce qui la rend tr\u00e8s adapt\u00e9e \u00e0 une utilisation \u00e0 long terme dans des espaces ouverts tels que les jardins, les cours et les terrasses.<\/p>\n<p>La structure de conception de cette pi\u00e8ce d'eau en corten est divis\u00e9e en deux parties : la partie inf\u00e9rieure est un r\u00e9servoir d'eau, qui peut \u00eatre cach\u00e9 (enterr\u00e9, seul le corps du paysage aquatique est expos\u00e9) ou expos\u00e9 (la piscine est directement expos\u00e9e sur le sol, ce qui renforce le sens de la hi\u00e9rarchie et de la pr\u00e9sence) en fonction des exigences de l'installation. La partie sup\u00e9rieure est une structure sur\u00e9lev\u00e9e parabolique en forme d'arc, semblable \u00e0 une sculpture d'art moderne, qui non seulement renforce l'impression g\u00e9n\u00e9rale de tridimensionnalit\u00e9, mais guide \u00e9galement l'eau pour qu'elle s'\u00e9coule naturellement par le haut et glisse lentement vers le bas, formant un paysage de rideau d'eau doux et continu.<\/p>\n<p><img fetchpriority=\"high\" decoding=\"async\" class=\"alignnone size-full wp-image-3645\" src=\"https:\/\/jblcorten.com\/wp-content\/uploads\/2025\/07\/corten-bowl-water-feature.jpg\" alt=\"bassin d&#039;eau en corten\" width=\"750\" height=\"469\" title=\"\" srcset=\"https:\/\/jblcorten.com\/wp-content\/uploads\/2025\/07\/corten-bowl-water-feature.jpg 750w, https:\/\/jblcorten.com\/wp-content\/uploads\/2025\/07\/corten-bowl-water-feature-300x188.jpg 300w, https:\/\/jblcorten.com\/wp-content\/uploads\/2025\/07\/corten-bowl-water-feature-18x12.jpg 18w, https:\/\/jblcorten.com\/wp-content\/uploads\/2025\/07\/corten-bowl-water-feature-600x375.jpg 600w\" sizes=\"(max-width: 750px) 100vw, 750px\" \/><\/p>\n<p>Le syst\u00e8me de pompe \u00e0 eau int\u00e9gr\u00e9 assure un flux d'eau continu, sans n\u00e9cessiter d'alimentation en eau externe, ce qui permet d'\u00e9conomiser de l'\u00e9nergie, de prot\u00e9ger l'environnement et de faciliter l'entretien. Le flux d'eau circule en permanence entre la sculpture et la piscine, ce qui permet non seulement d'obtenir un bruit d'eau agr\u00e9able, mais aussi d'am\u00e9liorer l'humidit\u00e9 et la vitalit\u00e9 de l'environnement.<\/p>\n<p><strong><span style=\"font-size: 14pt;\">Sp\u00e9cification du produit :<\/span><\/strong><\/p>\n<table style=\"border-collapse: collapse; width: 100%;\">\n<tbody>\n<tr>\n<td style=\"width: 26.2902%; background-color: #f5f5f5;\">Nom du produit<\/td>\n<td style=\"width: 73.7098%; background-color: #f5f5f5;\">Cuvette d'eau en corten<\/td>\n<\/tr>\n<tr>\n<td style=\"width: 26.2902%;\">Mat\u00e9riau<\/td>\n<td style=\"width: 73.7098%;\">Acier Corten<\/td>\n<\/tr>\n<tr>\n<td style=\"width: 26.2902%; background-color: #f5f5f5;\">Taille<\/td>\n<td style=\"width: 73.7098%; background-color: #f5f5f5;\">1000 mm ou sur mesure<\/td>\n<\/tr>\n<tr>\n<td style=\"width: 26.2902%;\">Technologie<\/td>\n<td style=\"width: 73.7098%;\">D\u00e9coupe laser CNC &gt;Pliage du m\u00e9tal &gt;Soudage et polissage &gt;Traitement de surface &gt; Composants assembl\u00e9s et emballage<\/td>\n<\/tr>\n<\/tbody>\n<\/table>\n<p><strong><span style=\"font-size: 14pt;\">Caract\u00e9ristiques du produit :<\/span><\/strong><\/p>\n<ul>\n<li><span style=\"color: #ff9900;\">Mat\u00e9riau :<\/span> Acier Corten de haute qualit\u00e9<\/li>\n<li><span style=\"color: #ff9900;\">Conception :<\/span> Bec arqu\u00e9 avec fond de bassin rond pour une esth\u00e9tique moderne<\/li>\n<li><span style=\"color: #ff9900;\">Traitement de surface :<\/span> Patine naturelle de rouille, sans entretien<\/li>\n<li><span style=\"color: #ff9900;\">D\u00e9bit d'eau :<\/span> Effet de cascade doux, son d'eau apaisant<\/li>\n<li><span style=\"color: #ff9900;\">Installation :<\/span> Enterr\u00e9 ou hors-sol<\/li>\n<li><span style=\"color: #ff9900;\">Syst\u00e8me de circulation :<\/span> Pompe \u00e0 eau int\u00e9gr\u00e9e (plug and play)<\/li>\n<li><span style=\"color: #ff9900;\">R\u00e9sistance aux intemp\u00e9ries :<\/span> Convient \u00e0 une utilisation en ext\u00e9rieur tout au long de l'ann\u00e9e<\/li>\n<li><span style=\"color: #ff9900;\">Durabilit\u00e9 :<\/span> Syst\u00e8me de circulation, pas de gaspillage d'eau<\/li>\n<\/ul>\n<p><strong><span style=\"font-size: 14pt;\">A propos de nous :<\/span><\/strong><\/p>\n<p><img decoding=\"async\" class=\"alignnone wp-image-1464\" src=\"https:\/\/jblcorten.com\/wp-content\/uploads\/2024\/10\/HNJBL.jpg\" alt=\"HNJBL\" width=\"750\" height=\"422\" title=\"\" srcset=\"https:\/\/jblcorten.com\/wp-content\/uploads\/2024\/10\/HNJBL.jpg 800w, https:\/\/jblcorten.com\/wp-content\/uploads\/2024\/10\/HNJBL-600x338.jpg 600w, https:\/\/jblcorten.com\/wp-content\/uploads\/2024\/10\/HNJBL-300x169.jpg 300w, https:\/\/jblcorten.com\/wp-content\/uploads\/2024\/10\/HNJBL-768x432.jpg 768w\" sizes=\"(max-width: 750px) 100vw, 750px\" \/><\/p>\n<p>La soci\u00e9t\u00e9 Henan Jinbailai Industrial Co. a \u00e9t\u00e9 cr\u00e9\u00e9e en 2008 et est situ\u00e9e \u00e0 Anyang, l'une des huit anciennes capitales de la Chine. L'entreprise est sp\u00e9cialis\u00e9e dans le traitement et la production d'acier r\u00e9sistant aux intemp\u00e9ries. Avec plus de dix ans d'exp\u00e9rience dans l'industrie, nous disposons non seulement d'\u00e9quipements de production avanc\u00e9s, mais aussi d'une \u00e9quipe technique exp\u00e9riment\u00e9e qui se consacre \u00e0 fournir aux clients des produits en acier r\u00e9sistant aux intemp\u00e9ries de haute qualit\u00e9.<\/p>\n<p>Nos produits comprennent des foyers, des grilles de barbecue, des chemin\u00e9es, des \u00e9crans d\u00e9coratifs, des pots de fleurs en m\u00e9tal, des jeux d'eau en m\u00e9tal, des d\u00e9corations de jardin en acier corten, etc.<\/p>\n<p><img decoding=\"async\" class=\"alignnone size-full wp-image-3648\" src=\"https:\/\/jblcorten.com\/wp-content\/uploads\/2025\/07\/certification.jpg\" alt=\"\" width=\"750\" height=\"695\" title=\"\" srcset=\"https:\/\/jblcorten.com\/wp-content\/uploads\/2025\/07\/certification.jpg 750w, https:\/\/jblcorten.com\/wp-content\/uploads\/2025\/07\/certification-300x278.jpg 300w, https:\/\/jblcorten.com\/wp-content\/uploads\/2025\/07\/certification-13x12.jpg 13w, https:\/\/jblcorten.com\/wp-content\/uploads\/2025\/07\/certification-600x556.jpg 600w\" sizes=\"(max-width: 750px) 100vw, 750px\" \/><\/p>\n<p><img loading=\"lazy\" decoding=\"async\" class=\"alignnone size-full wp-image-3646\" src=\"https:\/\/jblcorten.com\/wp-content\/uploads\/2025\/07\/customer-visit.jpg\" alt=\"\" width=\"750\" height=\"440\" title=\"\" srcset=\"https:\/\/jblcorten.com\/wp-content\/uploads\/2025\/07\/customer-visit.jpg 750w, https:\/\/jblcorten.com\/wp-content\/uploads\/2025\/07\/customer-visit-300x176.jpg 300w, https:\/\/jblcorten.com\/wp-content\/uploads\/2025\/07\/customer-visit-18x12.jpg 18w, https:\/\/jblcorten.com\/wp-content\/uploads\/2025\/07\/customer-visit-600x352.jpg 600w\" sizes=\"(max-width: 750px) 100vw, 750px\" \/> <img loading=\"lazy\" decoding=\"async\" class=\"alignnone size-full wp-image-3647\" src=\"https:\/\/jblcorten.com\/wp-content\/uploads\/2025\/07\/HNJBL-exhibition.jpg\" alt=\"\" width=\"750\" height=\"540\" title=\"\" srcset=\"https:\/\/jblcorten.com\/wp-content\/uploads\/2025\/07\/HNJBL-exhibition.jpg 750w, https:\/\/jblcorten.com\/wp-content\/uploads\/2025\/07\/HNJBL-exhibition-300x216.jpg 300w, https:\/\/jblcorten.com\/wp-content\/uploads\/2025\/07\/HNJBL-exhibition-18x12.jpg 18w, https:\/\/jblcorten.com\/wp-content\/uploads\/2025\/07\/HNJBL-exhibition-600x432.jpg 600w\" sizes=\"(max-width: 750px) 100vw, 750px\" \/><\/p>","protected":false},"excerpt":{"rendered":"<p>Cette pi\u00e8ce d'eau moderne en corten est dot\u00e9e d'un \u00e9l\u00e9gant bec courb\u00e9 et d'une base ronde. La cascade cr\u00e9e une atmosph\u00e8re paisible dans votre jardin, votre patio ou votre espace ext\u00e9rieur. Fabriqu\u00e9 en acier r\u00e9sistant aux intemp\u00e9ries, il d\u00e9veloppera naturellement une belle patine de rouille au fil du temps.<\/p>","protected":false},"featured_media":3643,"template":"","meta":{"site-sidebar-layout":"default","site-content-layout":"","ast-site-content-layout":"default","site-content-style":"default","site-sidebar-style":"default","ast-global-header-display":"","ast-banner-title-visibility":"","ast-main-header-display":"","ast-hfb-above-header-display":"","ast-hfb-below-header-display":"","ast-hfb-mobile-header-display":"","site-post-title":"","ast-breadcrumbs-content":"","ast-featured-img":"","footer-sml-layout":"","ast-disable-related-posts":"","theme-transparent-header-meta":"default","adv-header-id-meta":"","stick-header-meta":"","header-above-stick-meta":"","header-main-stick-meta":"","header-below-stick-meta":"","astra-migrate-meta-layouts":"set","ast-page-background-enabled":"default","ast-page-background-meta":{"desktop":{"background-color":"var(--ast-global-color-4)","background-image":"","background-repeat":"repeat","background-position":"center center","background-size":"auto","background-attachment":"scroll","background-type":"","background-media":"","overlay-type":"","overlay-color":"","overlay-opacity":"","overlay-gradient":""},"tablet":{"background-color":"","background-image":"","background-repeat":"repeat","background-position":"center center","background-size":"auto","background-attachment":"scroll","background-type":"","background-media":"","overlay-type":"","overlay-color":"","overlay-opacity":"","overlay-gradient":""},"mobile":{"background-color":"","background-image":"","background-repeat":"repeat","background-position":"center center","background-size":"auto","background-attachment":"scroll","background-type":"","background-media":"","overlay-type":"","overlay-color":"","overlay-opacity":"","overlay-gradient":""}},"ast-content-background-meta":{"desktop":{"background-color":"var(--ast-global-color-5)","background-image":"","background-repeat":"repeat","background-position":"center center","background-size":"auto","background-attachment":"scroll","background-type":"","background-media":"","overlay-type":"","overlay-color":"","overlay-opacity":"","overlay-gradient":""},"tablet":{"background-color":"var(--ast-global-color-5)","background-image":"","background-repeat":"repeat","background-position":"center center","background-size":"auto","background-attachment":"scroll","background-type":"","background-media":"","overlay-type":"","overlay-color":"","overlay-opacity":"","overlay-gradient":""},"mobile":{"background-color":"var(--ast-global-color-5)","background-image":"","background-repeat":"repeat","background-position":"center center","background-size":"auto","background-attachment":"scroll","background-type":"","background-media":"","overlay-type":"","overlay-color":"","overlay-opacity":"","overlay-gradient":""}}},"product_brand":[],"product_cat":[40],"product_tag":[80],"class_list":{"0":"post-3644","1":"product","2":"type-product","3":"status-publish","4":"has-post-thumbnail","6":"product_cat-water-feature","7":"product_tag-corten-water-feature","8":"desktop-align-center","9":"tablet-align-left","10":"mobile-align-left","12":"first","13":"instock","14":"shipping-taxable","15":"product-type-simple"},"_links":{"self":[{"href":"https:\/\/jblcorten.com\/fr\/wp-json\/wp\/v2\/product\/3644","targetHints":{"allow":["GET"]}}],"collection":[{"href":"https:\/\/jblcorten.com\/fr\/wp-json\/wp\/v2\/product"}],"about":[{"href":"https:\/\/jblcorten.com\/fr\/wp-json\/wp\/v2\/types\/product"}],"wp:featuredmedia":[{"embeddable":true,"href":"https:\/\/jblcorten.com\/fr\/wp-json\/wp\/v2\/media\/3643"}],"wp:attachment":[{"href":"https:\/\/jblcorten.com\/fr\/wp-json\/wp\/v2\/media?parent=3644"}],"wp:term":[{"taxonomy":"product_brand","embeddable":true,"href":"https:\/\/jblcorten.com\/fr\/wp-json\/wp\/v2\/product_brand?post=3644"},{"taxonomy":"product_cat","embeddable":true,"href":"https:\/\/jblcorten.com\/fr\/wp-json\/wp\/v2\/product_cat?post=3644"},{"taxonomy":"product_tag","embeddable":true,"href":"https:\/\/jblcorten.com\/fr\/wp-json\/wp\/v2\/product_tag?post=3644"}],"curies":[{"name":"wp","href":"https:\/\/api.w.org\/{rel}","templated":true}]}}