{"id":3639,"date":"2025-07-14T10:59:19","date_gmt":"2025-07-14T02:59:19","guid":{"rendered":"https:\/\/jblcorten.com\/?post_type=product&#038;p=3639"},"modified":"2025-07-14T11:02:32","modified_gmt":"2025-07-14T03:02:32","slug":"corten-water-feature","status":"publish","type":"product","link":"https:\/\/jblcorten.com\/fr\/corten-water-feature\/","title":{"rendered":"Corten Water Feature"},"content":{"rendered":"<h2 style=\"text-align: center;\"><span style=\"font-size: 14pt;\">Corten Water Feature<\/span><\/h2>\n<p>Cette fontaine en acier Corten est une \u0153uvre d'art d\u00e9corative d'ext\u00e9rieur qui allie nature et style moderne. Fabriqu\u00e9e en acier patinable de haute qualit\u00e9 (acier Corten), elle pr\u00e9sente un design carr\u00e9 simple avec une d\u00e9licate petite colonne d'eau au centre, qui jaillit lentement vers le haut, ajoutant un paysage aquatique dynamique et une atmosph\u00e8re tranquille \u00e0 l'espace. Au fil du temps, une couche protectrice rouge rouille se forme naturellement \u00e0 la surface, ce qui est non seulement esth\u00e9tique, mais permet \u00e9galement de r\u00e9sister \u00e0 l'\u00e9rosion caus\u00e9e par le vent et la pluie \u00e0 l'ext\u00e9rieur, cr\u00e9ant ainsi un point focal unique dans le paysage ext\u00e9rieur.<\/p>\n<p>La colonne d'eau est situ\u00e9e au centre et la pompe \u00e0 eau int\u00e9gr\u00e9e assure la circulation et le reflux, de sorte que la surface de l'eau continue de couler, cr\u00e9ant un agr\u00e9able bruit d'eau. L'ensemble du syst\u00e8me est de conception int\u00e9gr\u00e9e, facile \u00e0 installer, peu co\u00fbteux \u00e0 entretenir et s'adapte \u00e0 la taille et \u00e0 la hauteur de fontaine souhait\u00e9es par le client.<\/p>\n<p><img fetchpriority=\"high\" decoding=\"async\" class=\"alignnone size-full wp-image-3687\" src=\"https:\/\/jblcorten.com\/wp-content\/uploads\/2025\/07\/corten-water-feature-4.jpg\" alt=\"corten water feature\" width=\"750\" height=\"283\" title=\"\" srcset=\"https:\/\/jblcorten.com\/wp-content\/uploads\/2025\/07\/corten-water-feature-4.jpg 750w, https:\/\/jblcorten.com\/wp-content\/uploads\/2025\/07\/corten-water-feature-4-300x113.jpg 300w, https:\/\/jblcorten.com\/wp-content\/uploads\/2025\/07\/corten-water-feature-4-18x7.jpg 18w, https:\/\/jblcorten.com\/wp-content\/uploads\/2025\/07\/corten-water-feature-4-600x226.jpg 600w\" sizes=\"(max-width: 750px) 100vw, 750px\" \/><\/p>\n<p><strong><span style=\"font-size: 14pt;\">Sp\u00e9cification du produit :<\/span><\/strong><\/p>\n<table style=\"border-collapse: collapse; width: 100%;\">\n<tbody>\n<tr>\n<td style=\"width: 27.4121%; background-color: #f5f5f5;\">Nom du produit<\/td>\n<td style=\"width: 72.5879%; background-color: #f5f5f5;\">Corten Water Feature<\/td>\n<\/tr>\n<tr>\n<td style=\"width: 27.4121%;\">Mat\u00e9riau<\/td>\n<td style=\"width: 72.5879%;\">Acier Corten\/ acier r\u00e9sistant aux intemp\u00e9ries<\/td>\n<\/tr>\n<tr>\n<td style=\"width: 27.4121%; background-color: #f5f5f5;\">Couleur<\/td>\n<td style=\"width: 72.5879%; background-color: #f5f5f5;\">Rouill\u00e9 ou noir<\/td>\n<\/tr>\n<tr>\n<td style=\"width: 27.4121%;\">Taille<\/td>\n<td style=\"width: 72.5879%;\">L 800 \u00d7  l 800 \u00d7 H 400 mm<\/td>\n<\/tr>\n<tr>\n<td style=\"width: 27.4121%; background-color: #f5f5f5;\">Technologie<\/td>\n<td style=\"width: 72.5879%; background-color: #f5f5f5;\">\n<div class=\"text\">D\u00e9coupe au laser, pliage, poin\u00e7onnage, soudage<\/div>\n<\/td>\n<\/tr>\n<\/tbody>\n<\/table>\n<p><strong><span style=\"font-size: 14pt;\">Caract\u00e9ristiques du produit :<\/span><\/strong><\/p>\n<ul>\n<li><strong><span style=\"color: #e09119;\">Design carr\u00e9 \u00e9l\u00e9gant :<\/span><\/strong> forme minimaliste, polyvalente dans tous les styles d'am\u00e9nagement paysager<\/li>\n<li><span style=\"color: #e09119;\"><strong>D\u00e9bit d'eau central dynamique :<\/strong> <\/span>effet de fontaine douce, augmentant la sensation d'espace<\/li>\n<li><span style=\"color: #e09119;\"><strong>Esth\u00e9tique naturelle de la rouille :<\/strong> <\/span>texture oxyd\u00e9e unique, plus charmante au fil du temps<\/li>\n<li><span style=\"color: #e09119;\"><strong>Haute r\u00e9sistance aux intemp\u00e9ries :<\/strong> <\/span>r\u00e9sistant au vent et \u00e0 la pluie, r\u00e9sistant \u00e0 la corrosion, ne n\u00e9cessite pas de peinture<\/li>\n<li><span style=\"color: #e09119;\"><strong>Syst\u00e8me \u00e0 circulation autonome :<\/strong> <\/span>pompe \u00e0 eau int\u00e9gr\u00e9e, circulation d'eau<\/li>\n<li><span style=\"color: #e09119;\"><strong>Diff\u00e9rentes tailles disponibles :<\/strong> <\/span>r\u00e9pondre aux besoins de diff\u00e9rents lieux et projets<\/li>\n<\/ul>\n<p><strong><span style=\"font-size: 14pt;\">Service personnalis\u00e9 :<\/span><\/strong><\/p>\n<p>Nos fontaines en acier corten peuvent \u00eatre personnalis\u00e9es, notamment en termes de taille, de couleur, etc. De plus, nous proposons \u00e9galement un large choix de styles de fontaines en acier corten.<\/p>\n<p><img decoding=\"async\" class=\"alignnone size-full wp-image-3688\" src=\"https:\/\/jblcorten.com\/wp-content\/uploads\/2025\/07\/modern-square-water-feature.jpg\" alt=\"fontaine carr\u00e9e moderne\" width=\"750\" height=\"350\" title=\"\" srcset=\"https:\/\/jblcorten.com\/wp-content\/uploads\/2025\/07\/modern-square-water-feature.jpg 750w, https:\/\/jblcorten.com\/wp-content\/uploads\/2025\/07\/modern-square-water-feature-300x140.jpg 300w, https:\/\/jblcorten.com\/wp-content\/uploads\/2025\/07\/modern-square-water-feature-18x8.jpg 18w, https:\/\/jblcorten.com\/wp-content\/uploads\/2025\/07\/modern-square-water-feature-600x280.jpg 600w\" sizes=\"(max-width: 750px) 100vw, 750px\" \/><\/p>\n<p><img decoding=\"async\" class=\"alignnone size-full wp-image-3619\" src=\"https:\/\/jblcorten.com\/wp-content\/uploads\/2025\/07\/rusted-metal-water-features.jpg\" alt=\"les jeux d&#039;eau en m\u00e9tal rouill\u00e9\" width=\"750\" height=\"760\" title=\"\" srcset=\"https:\/\/jblcorten.com\/wp-content\/uploads\/2025\/07\/rusted-metal-water-features.jpg 750w, https:\/\/jblcorten.com\/wp-content\/uploads\/2025\/07\/rusted-metal-water-features-296x300.jpg 296w, https:\/\/jblcorten.com\/wp-content\/uploads\/2025\/07\/rusted-metal-water-features-12x12.jpg 12w, https:\/\/jblcorten.com\/wp-content\/uploads\/2025\/07\/rusted-metal-water-features-600x608.jpg 600w, https:\/\/jblcorten.com\/wp-content\/uploads\/2025\/07\/rusted-metal-water-features-100x100.jpg 100w\" sizes=\"(max-width: 750px) 100vw, 750px\" \/><\/p>\n<p><strong><span style=\"font-size: 14pt;\">FAQ :<\/span><\/strong><\/p>\n<p><strong><span style=\"color: #e09119;\">Q1 : L'acier Corten rouille-t-il ? Pourrit-il ?<\/span><\/strong><br \/>\nR : La rouille de l'acier Corten est une couche d'oxyde protectrice qui emp\u00eache toute corrosion suppl\u00e9mentaire. Sa couleur rouille fait partie int\u00e9grante du design et n'affecte en rien la r\u00e9sistance structurelle.<\/p>\n<p><span style=\"color: #e09119;\"><strong>Q2 : Comment installer cette fontaine ? Est-ce compliqu\u00e9 ?<\/strong><\/span><br \/>\nR : L'installation est tr\u00e8s simple. Il suffit de le placer au bon endroit, de le remplir d'eau et de le brancher pour le mettre en marche. Nous fournissons \u00e9galement des guides d'installation d\u00e9taill\u00e9s et une assistance vid\u00e9o.<\/p>\n<p><span style=\"color: #e09119;\"><strong>Q3 : Faut-il ajouter de l'eau pendant l'utilisation ?<\/strong><\/span><br \/>\nR : Oui, en fonction du climat et de l'\u00e9vaporation, vous devez ajouter de l'eau de temps en temps pour garantir le bon fonctionnement du syst\u00e8me de circulation.<\/p>","protected":false},"excerpt":{"rendered":"<p>D\u00e9couvrez cette fontaine en acier Corten : de forme carr\u00e9e, elle est dot\u00e9e d'une petite colonne d'eau jaillissant en son centre. Elle convient parfaitement aux cours modernes et aux am\u00e9nagements ext\u00e9rieurs commerciaux. Fabriqu\u00e9e en acier Corten, elle est durable, personnalisable, facile \u00e0 installer et \u00e0 entretenir.<\/p>\n<p>Forme du produit : carr\u00e9e<br \/>\nMat\u00e9riau : Acier Corten<br \/>\nDimensions : L 800 \u00d7  l 800 \u00d7 H 400 mm<br \/>\nCouleur : Rouille ou Noir<\/p>","protected":false},"featured_media":3686,"template":"","meta":{"site-sidebar-layout":"default","site-content-layout":"","ast-site-content-layout":"default","site-content-style":"default","site-sidebar-style":"default","ast-global-header-display":"","ast-banner-title-visibility":"","ast-main-header-display":"","ast-hfb-above-header-display":"","ast-hfb-below-header-display":"","ast-hfb-mobile-header-display":"","site-post-title":"","ast-breadcrumbs-content":"","ast-featured-img":"","footer-sml-layout":"","ast-disable-related-posts":"","theme-transparent-header-meta":"default","adv-header-id-meta":"","stick-header-meta":"","header-above-stick-meta":"","header-main-stick-meta":"","header-below-stick-meta":"","astra-migrate-meta-layouts":"set","ast-page-background-enabled":"default","ast-page-background-meta":{"desktop":{"background-color":"var(--ast-global-color-4)","background-image":"","background-repeat":"repeat","background-position":"center center","background-size":"auto","background-attachment":"scroll","background-type":"","background-media":"","overlay-type":"","overlay-color":"","overlay-opacity":"","overlay-gradient":""},"tablet":{"background-color":"","background-image":"","background-repeat":"repeat","background-position":"center center","background-size":"auto","background-attachment":"scroll","background-type":"","background-media":"","overlay-type":"","overlay-color":"","overlay-opacity":"","overlay-gradient":""},"mobile":{"background-color":"","background-image":"","background-repeat":"repeat","background-position":"center center","background-size":"auto","background-attachment":"scroll","background-type":"","background-media":"","overlay-type":"","overlay-color":"","overlay-opacity":"","overlay-gradient":""}},"ast-content-background-meta":{"desktop":{"background-color":"var(--ast-global-color-5)","background-image":"","background-repeat":"repeat","background-position":"center center","background-size":"auto","background-attachment":"scroll","background-type":"","background-media":"","overlay-type":"","overlay-color":"","overlay-opacity":"","overlay-gradient":""},"tablet":{"background-color":"var(--ast-global-color-5)","background-image":"","background-repeat":"repeat","background-position":"center center","background-size":"auto","background-attachment":"scroll","background-type":"","background-media":"","overlay-type":"","overlay-color":"","overlay-opacity":"","overlay-gradient":""},"mobile":{"background-color":"var(--ast-global-color-5)","background-image":"","background-repeat":"repeat","background-position":"center center","background-size":"auto","background-attachment":"scroll","background-type":"","background-media":"","overlay-type":"","overlay-color":"","overlay-opacity":"","overlay-gradient":""}}},"product_brand":[],"product_cat":[40],"product_tag":[],"class_list":{"0":"post-3639","1":"product","2":"type-product","3":"status-publish","4":"has-post-thumbnail","6":"product_cat-water-feature","7":"desktop-align-center","8":"tablet-align-left","9":"mobile-align-left","11":"first","12":"instock","13":"shipping-taxable","14":"product-type-simple"},"_links":{"self":[{"href":"https:\/\/jblcorten.com\/fr\/wp-json\/wp\/v2\/product\/3639","targetHints":{"allow":["GET"]}}],"collection":[{"href":"https:\/\/jblcorten.com\/fr\/wp-json\/wp\/v2\/product"}],"about":[{"href":"https:\/\/jblcorten.com\/fr\/wp-json\/wp\/v2\/types\/product"}],"wp:featuredmedia":[{"embeddable":true,"href":"https:\/\/jblcorten.com\/fr\/wp-json\/wp\/v2\/media\/3686"}],"wp:attachment":[{"href":"https:\/\/jblcorten.com\/fr\/wp-json\/wp\/v2\/media?parent=3639"}],"wp:term":[{"taxonomy":"product_brand","embeddable":true,"href":"https:\/\/jblcorten.com\/fr\/wp-json\/wp\/v2\/product_brand?post=3639"},{"taxonomy":"product_cat","embeddable":true,"href":"https:\/\/jblcorten.com\/fr\/wp-json\/wp\/v2\/product_cat?post=3639"},{"taxonomy":"product_tag","embeddable":true,"href":"https:\/\/jblcorten.com\/fr\/wp-json\/wp\/v2\/product_tag?post=3639"}],"curies":[{"name":"wp","href":"https:\/\/api.w.org\/{rel}","templated":true}]}}