{"id":3613,"date":"2025-07-08T10:26:43","date_gmt":"2025-07-08T02:26:43","guid":{"rendered":"https:\/\/jblcorten.com\/?post_type=product&#038;p=3613"},"modified":"2025-07-08T10:26:43","modified_gmt":"2025-07-08T02:26:43","slug":"rideau-de-pluie-dispositif-deau","status":"publish","type":"product","link":"https:\/\/jblcorten.com\/fr\/rain-curtain-water-feature\/","title":{"rendered":"Rideau de pluie Dispositif d'eau"},"content":{"rendered":"<h2 style=\"text-align: center;\"><span style=\"font-size: 14pt;\">Rideau de pluie Dispositif d'eau<\/span><\/h2>\n<p>La structure g\u00e9n\u00e9rale de ce rideau de pluie pr\u00e9sente une \u00e9l\u00e9gante forme incurv\u00e9e en L, avec des lignes douces et dynamiques, refl\u00e9tant l'essence du design industriel contemporain. Le haut de l'appareil est \u00e9quip\u00e9 d'un large syst\u00e8me de rideau d'eau, qui utilise une technologie pr\u00e9cise de distribution du flux d'eau pour s'assurer que le flux d'eau est uniform\u00e9ment r\u00e9parti depuis le haut, formant un effet de rideau d'eau soyeux et continu.<\/p>\n<p>L'eau s'\u00e9coule lentement d'un endroit \u00e9lev\u00e9, formant un rideau d'eau vertical parfait sous l'action de la gravit\u00e9. Le fond de l'appareil est con\u00e7u avec un r\u00e9servoir d'eau cach\u00e9 et \u00e9quip\u00e9 d'un syst\u00e8me avanc\u00e9 de pompe \u00e0 eau circulante pour assurer un recyclage efficace des ressources en eau et un fonctionnement continu 24 heures sur 24.<\/p>\n<p><strong><span style=\"font-size: 14pt;\">Sp\u00e9cification du produit :<\/span><\/strong><\/p>\n<table style=\"border-collapse: collapse; width: 100%;\">\n<tbody>\n<tr>\n<td style=\"width: 32.5729%; background-color: #f5f5f5;\">Nom du produit<\/td>\n<td style=\"width: 67.4271%; background-color: #f5f5f5;\">Rideau de pluie Dispositif d'eau<\/td>\n<\/tr>\n<tr>\n<td style=\"width: 32.5729%;\">Mat\u00e9riau<\/td>\n<td style=\"width: 67.4271%;\">Acier ou m\u00e9tal corten<\/td>\n<\/tr>\n<tr>\n<td style=\"width: 32.5729%; background-color: #f5f5f5;\">Taille<\/td>\n<td style=\"width: 67.4271%; background-color: #f5f5f5;\">Sur mesure<\/td>\n<\/tr>\n<tr>\n<td style=\"width: 32.5729%;\">Couleur<\/td>\n<td style=\"width: 67.4271%;\">Rouge rouille<\/td>\n<\/tr>\n<\/tbody>\n<\/table>\n<p><strong><span style=\"font-size: 14pt;\">Notre service :<\/span><\/strong><\/p>\n<p>Nous utilisons une technologie de soudage compl\u00e8te pour traiter les joints des jeux d'eau. De cette mani\u00e8re, la pi\u00e8ce d'eau ne rouille pas facilement et elle est plus solide. (La plupart des autres entreprises utilisent le soudage par points). Les jeux d'eau fabriqu\u00e9s par HNJBL r\u00e9sistent \u00e0 l'\u00e9preuve, m\u00eame dans les d\u00e9tails.<\/p>\n<p><img fetchpriority=\"high\" decoding=\"async\" class=\"alignnone size-full wp-image-3614\" src=\"https:\/\/jblcorten.com\/wp-content\/uploads\/2025\/07\/HNJBL.jpg\" alt=\"HNJBL Fabricant \" width=\"750\" height=\"335\" title=\"\" srcset=\"https:\/\/jblcorten.com\/wp-content\/uploads\/2025\/07\/HNJBL.jpg 750w, https:\/\/jblcorten.com\/wp-content\/uploads\/2025\/07\/HNJBL-300x134.jpg 300w, https:\/\/jblcorten.com\/wp-content\/uploads\/2025\/07\/HNJBL-18x8.jpg 18w, https:\/\/jblcorten.com\/wp-content\/uploads\/2025\/07\/HNJBL-600x268.jpg 600w\" sizes=\"(max-width: 750px) 100vw, 750px\" \/><\/p>\n<p><strong><span style=\"font-size: 14pt;\">Pourquoi avons-nous besoin d'un traitement de pr\u00e9-rouille ? (Processus de traitement de l'acier Corten) ?<\/span><\/strong><\/p>\n<p>Il faut g\u00e9n\u00e9ralement beaucoup de temps pour que l'acier r\u00e9sistant aux intemp\u00e9ries forme naturellement une couche de rouille stable. Cela affecte grandement l'utilisation de l'acier r\u00e9sistant aux intemp\u00e9ries, en particulier lors de sa premi\u00e8re utilisation, l'\u00e9coulement de la rouille liquide et la formation de rouille. Le traitement antirouille peut aider l'acier \u00e0 compl\u00e9ter le traitement contre les intemp\u00e9ries en peu de temps, et la couleur peut \u00e9galement \u00eatre contr\u00f4l\u00e9e.<\/p>\n<p><img decoding=\"async\" class=\"alignnone size-full wp-image-2519\" src=\"https:\/\/jblcorten.com\/wp-content\/uploads\/2025\/03\/corten-steel-material.jpg\" alt=\"\" width=\"750\" height=\"321\" title=\"\" srcset=\"https:\/\/jblcorten.com\/wp-content\/uploads\/2025\/03\/corten-steel-material.jpg 750w, https:\/\/jblcorten.com\/wp-content\/uploads\/2025\/03\/corten-steel-material-600x257.jpg 600w, https:\/\/jblcorten.com\/wp-content\/uploads\/2025\/03\/corten-steel-material-300x128.jpg 300w, https:\/\/jblcorten.com\/wp-content\/uploads\/2025\/03\/corten-steel-material-18x8.jpg 18w\" sizes=\"(max-width: 750px) 100vw, 750px\" \/><\/p>\n<p><strong><span style=\"font-size: 14pt;\">Plus de styles :<\/span><\/strong><\/p>\n<p>Nous sommes un fabricant et fournisseur d'acier corten, nos produits peuvent \u00eatre personnalis\u00e9s.<\/p>\n<p><img decoding=\"async\" class=\"alignnone size-full wp-image-3619\" src=\"https:\/\/jblcorten.com\/wp-content\/uploads\/2025\/07\/rusted-metal-water-features.jpg\" alt=\"\" width=\"750\" height=\"760\" title=\"\" srcset=\"https:\/\/jblcorten.com\/wp-content\/uploads\/2025\/07\/rusted-metal-water-features.jpg 750w, https:\/\/jblcorten.com\/wp-content\/uploads\/2025\/07\/rusted-metal-water-features-296x300.jpg 296w, https:\/\/jblcorten.com\/wp-content\/uploads\/2025\/07\/rusted-metal-water-features-12x12.jpg 12w, https:\/\/jblcorten.com\/wp-content\/uploads\/2025\/07\/rusted-metal-water-features-600x608.jpg 600w, https:\/\/jblcorten.com\/wp-content\/uploads\/2025\/07\/rusted-metal-water-features-100x100.jpg 100w\" sizes=\"(max-width: 750px) 100vw, 750px\" \/><\/p>","protected":false},"excerpt":{"rendered":"<p>Le rideau d'eau de pluie pr\u00e9sente un concept de design unique avec sa forme en L, son \u00e9clairage LED nocturne et son effet de rideau d'eau, ainsi que les caract\u00e9ristiques du mat\u00e9riau acier corten. Si vous \u00eates int\u00e9ress\u00e9 par ce rideau d'eau en acier corten, n'h\u00e9sitez pas \u00e0 nous contacter.<\/p>\n<p>Mat\u00e9riau : Acier Corten ou mat\u00e9riaux m\u00e9talliques personnalis\u00e9s<br \/>\nTaille : Sur mesure<br \/>\nEmballage : Caisse en bois solide<br \/>\nService : Conception, cr\u00e9ation et livraison \u00e0 domicile gratuites<\/p>","protected":false},"featured_media":3615,"template":"","meta":{"site-sidebar-layout":"default","site-content-layout":"","ast-site-content-layout":"default","site-content-style":"default","site-sidebar-style":"default","ast-global-header-display":"","ast-banner-title-visibility":"","ast-main-header-display":"","ast-hfb-above-header-display":"","ast-hfb-below-header-display":"","ast-hfb-mobile-header-display":"","site-post-title":"","ast-breadcrumbs-content":"","ast-featured-img":"","footer-sml-layout":"","ast-disable-related-posts":"","theme-transparent-header-meta":"default","adv-header-id-meta":"","stick-header-meta":"","header-above-stick-meta":"","header-main-stick-meta":"","header-below-stick-meta":"","astra-migrate-meta-layouts":"set","ast-page-background-enabled":"default","ast-page-background-meta":{"desktop":{"background-color":"var(--ast-global-color-4)","background-image":"","background-repeat":"repeat","background-position":"center center","background-size":"auto","background-attachment":"scroll","background-type":"","background-media":"","overlay-type":"","overlay-color":"","overlay-opacity":"","overlay-gradient":""},"tablet":{"background-color":"","background-image":"","background-repeat":"repeat","background-position":"center center","background-size":"auto","background-attachment":"scroll","background-type":"","background-media":"","overlay-type":"","overlay-color":"","overlay-opacity":"","overlay-gradient":""},"mobile":{"background-color":"","background-image":"","background-repeat":"repeat","background-position":"center center","background-size":"auto","background-attachment":"scroll","background-type":"","background-media":"","overlay-type":"","overlay-color":"","overlay-opacity":"","overlay-gradient":""}},"ast-content-background-meta":{"desktop":{"background-color":"var(--ast-global-color-5)","background-image":"","background-repeat":"repeat","background-position":"center center","background-size":"auto","background-attachment":"scroll","background-type":"","background-media":"","overlay-type":"","overlay-color":"","overlay-opacity":"","overlay-gradient":""},"tablet":{"background-color":"var(--ast-global-color-5)","background-image":"","background-repeat":"repeat","background-position":"center center","background-size":"auto","background-attachment":"scroll","background-type":"","background-media":"","overlay-type":"","overlay-color":"","overlay-opacity":"","overlay-gradient":""},"mobile":{"background-color":"var(--ast-global-color-5)","background-image":"","background-repeat":"repeat","background-position":"center center","background-size":"auto","background-attachment":"scroll","background-type":"","background-media":"","overlay-type":"","overlay-color":"","overlay-opacity":"","overlay-gradient":""}}},"product_brand":[],"product_cat":[40],"product_tag":[],"class_list":{"0":"post-3613","1":"product","2":"type-product","3":"status-publish","4":"has-post-thumbnail","6":"product_cat-water-feature","7":"desktop-align-center","8":"tablet-align-left","9":"mobile-align-left","11":"first","12":"instock","13":"shipping-taxable","14":"product-type-simple"},"_links":{"self":[{"href":"https:\/\/jblcorten.com\/fr\/wp-json\/wp\/v2\/product\/3613","targetHints":{"allow":["GET"]}}],"collection":[{"href":"https:\/\/jblcorten.com\/fr\/wp-json\/wp\/v2\/product"}],"about":[{"href":"https:\/\/jblcorten.com\/fr\/wp-json\/wp\/v2\/types\/product"}],"wp:featuredmedia":[{"embeddable":true,"href":"https:\/\/jblcorten.com\/fr\/wp-json\/wp\/v2\/media\/3615"}],"wp:attachment":[{"href":"https:\/\/jblcorten.com\/fr\/wp-json\/wp\/v2\/media?parent=3613"}],"wp:term":[{"taxonomy":"product_brand","embeddable":true,"href":"https:\/\/jblcorten.com\/fr\/wp-json\/wp\/v2\/product_brand?post=3613"},{"taxonomy":"product_cat","embeddable":true,"href":"https:\/\/jblcorten.com\/fr\/wp-json\/wp\/v2\/product_cat?post=3613"},{"taxonomy":"product_tag","embeddable":true,"href":"https:\/\/jblcorten.com\/fr\/wp-json\/wp\/v2\/product_tag?post=3613"}],"curies":[{"name":"wp","href":"https:\/\/api.w.org\/{rel}","templated":true}]}}