{"id":3605,"date":"2025-07-07T16:22:25","date_gmt":"2025-07-07T08:22:25","guid":{"rendered":"https:\/\/jblcorten.com\/?post_type=product&#038;p=3605"},"modified":"2025-07-07T16:22:25","modified_gmt":"2025-07-07T08:22:25","slug":"fontaine-a-eau-en-acier-corten","status":"publish","type":"product","link":"https:\/\/jblcorten.com\/fr\/corten-steel-water-fountain\/","title":{"rendered":"Fontaine \u00e0 eau en acier Corten"},"content":{"rendered":"<h2 style=\"text-align: center;\"><span style=\"font-size: 14pt;\">Fontaine \u00e0 eau en acier Corten<\/span><\/h2>\n<p>Le concept de cette fontaine d'eau en acier corten est bas\u00e9 sur la forme d'un escargot. Le fond est \u00e9quip\u00e9 d'un syst\u00e8me sp\u00e9cial de pompe \u00e0 circulation d'eau, qui peut transporter l'eau de la structure de stockage de l'eau (telle qu'une piscine, un r\u00e9servoir d'eau ou une autre structure de stockage de l'eau) jusqu'au sommet de la sculpture par le biais d'un tuyau. L'eau s'\u00e9coule lentement par l'ouverture sup\u00e9rieure, formant un effet de cascade.<\/p>\n<p>L'ensemble du syst\u00e8me fonctionne en continu gr\u00e2ce \u00e0 une m\u00e9thode de circulation. Il s'agit visuellement d'une sculpture d\u00e9corative qui apporte un son d'eau naturel doux et apaisant \u00e0 l'ou\u00efe, cr\u00e9ant ainsi une atmosph\u00e8re relaxante, calme et paisible.<\/p>\n<p><img fetchpriority=\"high\" decoding=\"async\" class=\"alignnone size-full wp-image-3610\" src=\"https:\/\/jblcorten.com\/wp-content\/uploads\/2025\/07\/corten-fountain.jpg\" alt=\"fontaine de corten\" width=\"750\" height=\"500\" title=\"\" srcset=\"https:\/\/jblcorten.com\/wp-content\/uploads\/2025\/07\/corten-fountain.jpg 750w, https:\/\/jblcorten.com\/wp-content\/uploads\/2025\/07\/corten-fountain-300x200.jpg 300w, https:\/\/jblcorten.com\/wp-content\/uploads\/2025\/07\/corten-fountain-18x12.jpg 18w, https:\/\/jblcorten.com\/wp-content\/uploads\/2025\/07\/corten-fountain-600x400.jpg 600w\" sizes=\"(max-width: 750px) 100vw, 750px\" \/><\/p>\n<p><strong><span style=\"font-size: 14pt;\">Sp\u00e9cification du produit :<\/span><\/strong><\/p>\n<table style=\"border-collapse: collapse; width: 100%;\">\n<tbody>\n<tr>\n<td style=\"width: 30.9274%; background-color: #f5f5f5;\">Nom du produit<\/td>\n<td style=\"width: 69.0726%; background-color: #f5f5f5;\">Fontaine \u00e0 eau en acier Corten<\/td>\n<\/tr>\n<tr>\n<td style=\"width: 30.9274%;\">Mat\u00e9riau<\/td>\n<td style=\"width: 69.0726%;\">Acier Corten ou acier inoxydable<\/td>\n<\/tr>\n<tr>\n<td style=\"width: 30.9274%; background-color: #f5f5f5;\">Taille<\/td>\n<td style=\"width: 69.0726%; background-color: #f5f5f5;\">H600 \u00d7 L400 \u00d7 P300mm<\/td>\n<\/tr>\n<tr>\n<td style=\"width: 30.9274%;\">\u00c9paisseur<\/td>\n<td style=\"width: 69.0726%;\">2mm<\/td>\n<\/tr>\n<tr>\n<td style=\"width: 30.9274%; background-color: #f5f5f5;\">Accessoires<\/td>\n<td style=\"width: 69.0726%; background-color: #f5f5f5;\">Colonne d'eau, tuyau d'eau, pompe \u00e0 eau<\/td>\n<\/tr>\n<\/tbody>\n<\/table>\n<p><span style=\"font-size: 14pt;\"><strong>Sc\u00e9narios d'application : <\/strong><\/span><\/p>\n<p>Cette pi\u00e8ce d'eau convient \u00e0 une grande vari\u00e9t\u00e9 d'endroits tels que les cours int\u00e9rieures, les parcs, les bords de piscine, les balcons r\u00e9sidentiels, les halls d'entr\u00e9e des commerces ou devant les murs d'enceinte. Il peut \u00eatre utilis\u00e9 comme sculpture paysag\u00e8re seul ou en combinaison avec d'autres syst\u00e8mes de paysage aquatique.<\/p>\n<p><img decoding=\"async\" class=\"alignnone size-full wp-image-3611\" src=\"https:\/\/jblcorten.com\/wp-content\/uploads\/2025\/07\/rust-water-feature.jpg\" alt=\"eau de rouille\" width=\"750\" height=\"300\" title=\"\" srcset=\"https:\/\/jblcorten.com\/wp-content\/uploads\/2025\/07\/rust-water-feature.jpg 750w, https:\/\/jblcorten.com\/wp-content\/uploads\/2025\/07\/rust-water-feature-300x120.jpg 300w, https:\/\/jblcorten.com\/wp-content\/uploads\/2025\/07\/rust-water-feature-18x7.jpg 18w, https:\/\/jblcorten.com\/wp-content\/uploads\/2025\/07\/rust-water-feature-600x240.jpg 600w\" sizes=\"(max-width: 750px) 100vw, 750px\" \/><\/p>\n<p><strong><span style=\"font-size: 14pt;\">Service personnalis\u00e9 :<\/span><\/strong><\/p>\n<p>Nos jeux d'eau en m\u00e9tal peuvent \u00eatre personnalis\u00e9s, notamment en ce qui concerne le mat\u00e9riau, la taille, la couleur, etc. et peuvent \u00eatre fabriqu\u00e9s selon les exigences du client.<\/p>\n<p><img decoding=\"async\" class=\"alignnone size-full wp-image-3612\" src=\"https:\/\/jblcorten.com\/wp-content\/uploads\/2025\/07\/corten-steel-garden-water-features.jpg\" alt=\"jeux d&#039;eau de jardin en acier corten\" width=\"750\" height=\"421\" title=\"\" srcset=\"https:\/\/jblcorten.com\/wp-content\/uploads\/2025\/07\/corten-steel-garden-water-features.jpg 750w, https:\/\/jblcorten.com\/wp-content\/uploads\/2025\/07\/corten-steel-garden-water-features-300x168.jpg 300w, https:\/\/jblcorten.com\/wp-content\/uploads\/2025\/07\/corten-steel-garden-water-features-18x10.jpg 18w, https:\/\/jblcorten.com\/wp-content\/uploads\/2025\/07\/corten-steel-garden-water-features-600x337.jpg 600w\" sizes=\"(max-width: 750px) 100vw, 750px\" \/><\/p>\n<p><strong><span style=\"font-size: 14pt;\">FAQ :<\/span><\/strong><\/p>\n<p>Q1 : Ce jeu d'eau en corten peut-il \u00eatre utilis\u00e9 \u00e0 l'ext\u00e9rieur toute l'ann\u00e9e ?<br \/>\nR1 : Oui. L'acier de vieillissement est extr\u00eamement r\u00e9sistant aux intemp\u00e9ries et convient pour une exposition \u00e0 long terme \u00e0 des environnements ext\u00e9rieurs, et n'est pas affect\u00e9 par le vent et le soleil.<\/p>\n<p>Q2 : La pompe \u00e0 eau est-elle incluse dans le produit ?<br \/>\nR2 : Oui, le produit est \u00e9quip\u00e9 d'une pompe \u00e0 eau, qui est install\u00e9e en bas lorsqu'il est utilis\u00e9. Il suffit de la raccorder \u00e0 la source d'eau et \u00e0 l'alimentation \u00e9lectrique.<\/p>\n<p>Q4 : Cette pi\u00e8ce d'eau en corten peut-elle rouiller ?<br \/>\nA4 : La couche ext\u00e9rieure de rouille est une couche d'oxyde protectrice propre \u00e0 l'acier r\u00e9sistant aux intemp\u00e9ries, qui a un effet anticorrosion et pr\u00e9sente une couleur rouille naturelle sans affecter la structure elle-m\u00eame.<\/p>","protected":false},"excerpt":{"rendered":"<p>Cette fontaine d'eau en acier corten a la forme d'un escargot ou la forme abstraite du chiffre \u201c6\u201d. Fabriqu\u00e9e en acier corten de haute qualit\u00e9, elle n'est pas seulement une source d'eau fonctionnelle, mais aussi une sculpture artistique qui peut ajouter un charme unique \u00e0 n'importe quel espace int\u00e9rieur ou ext\u00e9rieur.<\/p>","protected":false},"featured_media":3607,"template":"","meta":{"site-sidebar-layout":"default","site-content-layout":"","ast-site-content-layout":"default","site-content-style":"default","site-sidebar-style":"default","ast-global-header-display":"","ast-banner-title-visibility":"","ast-main-header-display":"","ast-hfb-above-header-display":"","ast-hfb-below-header-display":"","ast-hfb-mobile-header-display":"","site-post-title":"","ast-breadcrumbs-content":"","ast-featured-img":"","footer-sml-layout":"","ast-disable-related-posts":"","theme-transparent-header-meta":"default","adv-header-id-meta":"","stick-header-meta":"","header-above-stick-meta":"","header-main-stick-meta":"","header-below-stick-meta":"","astra-migrate-meta-layouts":"set","ast-page-background-enabled":"default","ast-page-background-meta":{"desktop":{"background-color":"var(--ast-global-color-4)","background-image":"","background-repeat":"repeat","background-position":"center center","background-size":"auto","background-attachment":"scroll","background-type":"","background-media":"","overlay-type":"","overlay-color":"","overlay-opacity":"","overlay-gradient":""},"tablet":{"background-color":"","background-image":"","background-repeat":"repeat","background-position":"center center","background-size":"auto","background-attachment":"scroll","background-type":"","background-media":"","overlay-type":"","overlay-color":"","overlay-opacity":"","overlay-gradient":""},"mobile":{"background-color":"","background-image":"","background-repeat":"repeat","background-position":"center center","background-size":"auto","background-attachment":"scroll","background-type":"","background-media":"","overlay-type":"","overlay-color":"","overlay-opacity":"","overlay-gradient":""}},"ast-content-background-meta":{"desktop":{"background-color":"var(--ast-global-color-5)","background-image":"","background-repeat":"repeat","background-position":"center center","background-size":"auto","background-attachment":"scroll","background-type":"","background-media":"","overlay-type":"","overlay-color":"","overlay-opacity":"","overlay-gradient":""},"tablet":{"background-color":"var(--ast-global-color-5)","background-image":"","background-repeat":"repeat","background-position":"center center","background-size":"auto","background-attachment":"scroll","background-type":"","background-media":"","overlay-type":"","overlay-color":"","overlay-opacity":"","overlay-gradient":""},"mobile":{"background-color":"var(--ast-global-color-5)","background-image":"","background-repeat":"repeat","background-position":"center center","background-size":"auto","background-attachment":"scroll","background-type":"","background-media":"","overlay-type":"","overlay-color":"","overlay-opacity":"","overlay-gradient":""}}},"product_brand":[],"product_cat":[40],"product_tag":[],"class_list":{"0":"post-3605","1":"product","2":"type-product","3":"status-publish","4":"has-post-thumbnail","6":"product_cat-water-feature","7":"desktop-align-center","8":"tablet-align-left","9":"mobile-align-left","11":"first","12":"instock","13":"shipping-taxable","14":"product-type-simple"},"_links":{"self":[{"href":"https:\/\/jblcorten.com\/fr\/wp-json\/wp\/v2\/product\/3605","targetHints":{"allow":["GET"]}}],"collection":[{"href":"https:\/\/jblcorten.com\/fr\/wp-json\/wp\/v2\/product"}],"about":[{"href":"https:\/\/jblcorten.com\/fr\/wp-json\/wp\/v2\/types\/product"}],"wp:featuredmedia":[{"embeddable":true,"href":"https:\/\/jblcorten.com\/fr\/wp-json\/wp\/v2\/media\/3607"}],"wp:attachment":[{"href":"https:\/\/jblcorten.com\/fr\/wp-json\/wp\/v2\/media?parent=3605"}],"wp:term":[{"taxonomy":"product_brand","embeddable":true,"href":"https:\/\/jblcorten.com\/fr\/wp-json\/wp\/v2\/product_brand?post=3605"},{"taxonomy":"product_cat","embeddable":true,"href":"https:\/\/jblcorten.com\/fr\/wp-json\/wp\/v2\/product_cat?post=3605"},{"taxonomy":"product_tag","embeddable":true,"href":"https:\/\/jblcorten.com\/fr\/wp-json\/wp\/v2\/product_tag?post=3605"}],"curies":[{"name":"wp","href":"https:\/\/api.w.org\/{rel}","templated":true}]}}