{"id":3558,"date":"2025-07-02T16:16:05","date_gmt":"2025-07-02T08:16:05","guid":{"rendered":"https:\/\/jblcorten.com\/?post_type=product&#038;p=3558"},"modified":"2025-07-02T16:16:05","modified_gmt":"2025-07-02T08:16:05","slug":"pot-de-fleurs-hexagonal","status":"publish","type":"product","link":"https:\/\/jblcorten.com\/fr\/hexagonal-flower-pot\/","title":{"rendered":"Pot de fleurs hexagonal"},"content":{"rendered":"<h2 style=\"text-align: center;\"><span style=\"font-size: 14pt;\">Pot de fleurs hexagonal<\/span><\/h2>\n<p>Ce pot de fleurs hexagonal en acier Corten est fabriqu\u00e9 \u00e0 partir d'une plaque d'acier Corten de haute qualit\u00e9 d'une \u00e9paisseur de 3 mm. Gr\u00e2ce \u00e0 la technologie de d\u00e9coupe laser CNC et de soudage, une structure g\u00e9om\u00e9trique poly\u00e9drique unique est cr\u00e9\u00e9e. Le volume interne du pot de fleurs atteint 85 \u00e0 180 litres (selon la taille), et des trous de drainage sont pr\u00e9vus au fond pour assurer la bonne croissance des racines des plantes.<\/p>\n<p>Le poids du pot de fleurs varie entre 12 et 35 kg. La conception stable du fond garantit une installation s\u00fbre. Il convient \u00e0 la plantation de plantes succulentes, de petits arbustes, de plantes \u00e0 feuillage et d'autres plantes vertes. Il s'agit non seulement d'un pot de jardinage pratique, mais \u00e9galement d'une belle d\u00e9coration.<\/p>\n<p><strong><span style=\"font-size: 14pt;\">Sp\u00e9cification du produit :<\/span><\/strong><\/p>\n<table style=\"border-collapse: collapse; width: 100%;\">\n<tbody>\n<tr>\n<td style=\"width: 40.0699%; background-color: #f5f5f5;\">Nom du produit<\/td>\n<td style=\"width: 59.9301%; background-color: #f5f5f5;\">Pot de fleurs hexagonal<\/td>\n<\/tr>\n<tr>\n<td style=\"width: 40.0699%;\">Mat\u00e9riau<\/td>\n<td style=\"width: 59.9301%;\">Acier Corten\/Acier r\u00e9sistant aux intemp\u00e9ries<\/td>\n<\/tr>\n<tr>\n<td style=\"width: 40.0699%; background-color: #f5f5f5;\">Couleur<\/td>\n<td style=\"width: 59.9301%; background-color: #f5f5f5;\">Rusty<\/td>\n<\/tr>\n<tr>\n<td style=\"width: 40.0699%;\">Taille<\/td>\n<td style=\"width: 59.9301%;\">H 100 cm \u00d7 L 54 cm<\/td>\n<\/tr>\n<tr>\n<td style=\"width: 40.0699%; background-color: #f5f5f5;\">Pens\u00e9e<\/td>\n<td style=\"width: 59.9301%; background-color: #f5f5f5;\">3 cm<\/td>\n<\/tr>\n<\/tbody>\n<\/table>\n<p><strong><span style=\"font-size: 14pt;\">D\u00e9tails du produit :<\/span><\/strong><\/p>\n<p>Le pot de fleurs en acier Corten pr\u00e9sente initialement une texture m\u00e9tallique gris fonc\u00e9. Apr\u00e8s 2 \u00e0 6 mois d'oxydation dans un environnement naturel, une couche protectrice stable de couleur orange rouille se forme progressivement \u00e0 la surface. Ce film d'oxyde dense conf\u00e8re non seulement un charme esth\u00e9tique industriel unique, mais emp\u00eache \u00e9galement efficacement l'acier interne de continuer \u00e0 se corroder, et la dur\u00e9e de vie peut atteindre plus de 30 ans. Voici une comparaison de ce pot de fleurs avant et apr\u00e8s la rouille.<\/p>\n<p><img fetchpriority=\"high\" decoding=\"async\" class=\"alignnone size-full wp-image-3565\" src=\"https:\/\/jblcorten.com\/wp-content\/uploads\/2025\/07\/hexagonal-plant-pots-outdoor.jpg\" alt=\"pots de fleurs hexagonaux d&#039;ext\u00e9rieur\" width=\"1000\" height=\"354\" title=\"\" srcset=\"https:\/\/jblcorten.com\/wp-content\/uploads\/2025\/07\/hexagonal-plant-pots-outdoor.jpg 1000w, https:\/\/jblcorten.com\/wp-content\/uploads\/2025\/07\/hexagonal-plant-pots-outdoor-300x106.jpg 300w, https:\/\/jblcorten.com\/wp-content\/uploads\/2025\/07\/hexagonal-plant-pots-outdoor-768x272.jpg 768w, https:\/\/jblcorten.com\/wp-content\/uploads\/2025\/07\/hexagonal-plant-pots-outdoor-18x6.jpg 18w, https:\/\/jblcorten.com\/wp-content\/uploads\/2025\/07\/hexagonal-plant-pots-outdoor-600x212.jpg 600w\" sizes=\"(max-width: 1000px) 100vw, 1000px\" \/><\/p>\n<p><strong><span style=\"font-size: 14pt;\">Notre service :<\/span><\/strong><\/p>\n<p><span style=\"color: #e8951a;\"><strong>Personnalisation de la taille :<\/strong> <\/span>Offrir une vari\u00e9t\u00e9 de personnalisations de taille en fonction des exigences d'espace du client.<br \/>\n<span style=\"color: #e8951a;\"><strong>Personnalisation du style :<\/strong><\/span> Ajustez l'angle de la section en fonction de la g\u00e9om\u00e9trie existante pour cr\u00e9er une forme unique.<br \/>\n<span style=\"color: #e8951a;\"><strong>Traitement de surface :<\/strong> <\/span>Vous pouvez choisir entre une oxydation naturelle ou un traitement artificiel acc\u00e9l\u00e9r\u00e9.<br \/>\n<span style=\"color: #e8951a;\"><strong>Optimisation du syst\u00e8me de drainage :<\/strong> <\/span>Ajustez le nombre et la position des trous de drainage en fonction des besoins de plantation.<\/p>\n<p><img decoding=\"async\" class=\"alignnone size-full wp-image-3566\" src=\"https:\/\/jblcorten.com\/wp-content\/uploads\/2025\/07\/large-hexagon-plant-pot.jpg\" alt=\"grand pot de fleurs hexagonal\" width=\"1000\" height=\"400\" title=\"\" srcset=\"https:\/\/jblcorten.com\/wp-content\/uploads\/2025\/07\/large-hexagon-plant-pot.jpg 1000w, https:\/\/jblcorten.com\/wp-content\/uploads\/2025\/07\/large-hexagon-plant-pot-300x120.jpg 300w, https:\/\/jblcorten.com\/wp-content\/uploads\/2025\/07\/large-hexagon-plant-pot-768x307.jpg 768w, https:\/\/jblcorten.com\/wp-content\/uploads\/2025\/07\/large-hexagon-plant-pot-18x7.jpg 18w, https:\/\/jblcorten.com\/wp-content\/uploads\/2025\/07\/large-hexagon-plant-pot-600x240.jpg 600w\" sizes=\"(max-width: 1000px) 100vw, 1000px\" \/><\/p>","protected":false},"excerpt":{"rendered":"<p>Le design poly\u00e9drique du pot de fleurs hexagonal s'inspire de l'esth\u00e9tique g\u00e9om\u00e9trique de l'architecture moderne. Chaque face pr\u00e9sente un angle soigneusement calcul\u00e9 afin de cr\u00e9er un effet visuel tridimensionnel de superposition.<\/p>\n<p>Cette forme g\u00e9om\u00e9trique irr\u00e9guli\u00e8re brise les contraintes des formes rondes ou carr\u00e9es des pots de fleurs traditionnels, cr\u00e9ant ainsi une \u0153uvre d'art spatiale pleine de tension.<\/p>","protected":false},"featured_media":3562,"template":"","meta":{"site-sidebar-layout":"default","site-content-layout":"","ast-site-content-layout":"default","site-content-style":"default","site-sidebar-style":"default","ast-global-header-display":"","ast-banner-title-visibility":"","ast-main-header-display":"","ast-hfb-above-header-display":"","ast-hfb-below-header-display":"","ast-hfb-mobile-header-display":"","site-post-title":"","ast-breadcrumbs-content":"","ast-featured-img":"","footer-sml-layout":"","ast-disable-related-posts":"","theme-transparent-header-meta":"default","adv-header-id-meta":"","stick-header-meta":"","header-above-stick-meta":"","header-main-stick-meta":"","header-below-stick-meta":"","astra-migrate-meta-layouts":"set","ast-page-background-enabled":"default","ast-page-background-meta":{"desktop":{"background-color":"var(--ast-global-color-4)","background-image":"","background-repeat":"repeat","background-position":"center center","background-size":"auto","background-attachment":"scroll","background-type":"","background-media":"","overlay-type":"","overlay-color":"","overlay-opacity":"","overlay-gradient":""},"tablet":{"background-color":"","background-image":"","background-repeat":"repeat","background-position":"center center","background-size":"auto","background-attachment":"scroll","background-type":"","background-media":"","overlay-type":"","overlay-color":"","overlay-opacity":"","overlay-gradient":""},"mobile":{"background-color":"","background-image":"","background-repeat":"repeat","background-position":"center center","background-size":"auto","background-attachment":"scroll","background-type":"","background-media":"","overlay-type":"","overlay-color":"","overlay-opacity":"","overlay-gradient":""}},"ast-content-background-meta":{"desktop":{"background-color":"var(--ast-global-color-5)","background-image":"","background-repeat":"repeat","background-position":"center center","background-size":"auto","background-attachment":"scroll","background-type":"","background-media":"","overlay-type":"","overlay-color":"","overlay-opacity":"","overlay-gradient":""},"tablet":{"background-color":"var(--ast-global-color-5)","background-image":"","background-repeat":"repeat","background-position":"center center","background-size":"auto","background-attachment":"scroll","background-type":"","background-media":"","overlay-type":"","overlay-color":"","overlay-opacity":"","overlay-gradient":""},"mobile":{"background-color":"var(--ast-global-color-5)","background-image":"","background-repeat":"repeat","background-position":"center center","background-size":"auto","background-attachment":"scroll","background-type":"","background-media":"","overlay-type":"","overlay-color":"","overlay-opacity":"","overlay-gradient":""}}},"product_brand":[],"product_cat":[34],"product_tag":[],"class_list":{"0":"post-3558","1":"product","2":"type-product","3":"status-publish","4":"has-post-thumbnail","6":"product_cat-planter-pots","7":"desktop-align-center","8":"tablet-align-left","9":"mobile-align-left","11":"first","12":"instock","13":"shipping-taxable","14":"product-type-simple"},"_links":{"self":[{"href":"https:\/\/jblcorten.com\/fr\/wp-json\/wp\/v2\/product\/3558","targetHints":{"allow":["GET"]}}],"collection":[{"href":"https:\/\/jblcorten.com\/fr\/wp-json\/wp\/v2\/product"}],"about":[{"href":"https:\/\/jblcorten.com\/fr\/wp-json\/wp\/v2\/types\/product"}],"wp:featuredmedia":[{"embeddable":true,"href":"https:\/\/jblcorten.com\/fr\/wp-json\/wp\/v2\/media\/3562"}],"wp:attachment":[{"href":"https:\/\/jblcorten.com\/fr\/wp-json\/wp\/v2\/media?parent=3558"}],"wp:term":[{"taxonomy":"product_brand","embeddable":true,"href":"https:\/\/jblcorten.com\/fr\/wp-json\/wp\/v2\/product_brand?post=3558"},{"taxonomy":"product_cat","embeddable":true,"href":"https:\/\/jblcorten.com\/fr\/wp-json\/wp\/v2\/product_cat?post=3558"},{"taxonomy":"product_tag","embeddable":true,"href":"https:\/\/jblcorten.com\/fr\/wp-json\/wp\/v2\/product_tag?post=3558"}],"curies":[{"name":"wp","href":"https:\/\/api.w.org\/{rel}","templated":true}]}}