{"id":3526,"date":"2025-06-30T17:42:50","date_gmt":"2025-06-30T09:42:50","guid":{"rendered":"https:\/\/jblcorten.com\/?post_type=product&#038;p=3526"},"modified":"2025-06-30T17:42:51","modified_gmt":"2025-06-30T09:42:51","slug":"cheminee-a-bois-suspendue-2","status":"publish","type":"product","link":"https:\/\/jblcorten.com\/fr\/hanging-wood-burning-fireplace\/","title":{"rendered":"Chemin\u00e9e suspendue \u00e0 bois"},"content":{"rendered":"<h2 style=\"text-align: center;\"><span style=\"font-size: 14pt;\">Chemin\u00e9e suspendue \u00e0 bois<\/span><\/h2>\n<p>Cette chemin\u00e9e \u00e0 bois suspendue au plafond et compl\u00e8tement lib\u00e9r\u00e9e des contraintes du sol, lib\u00e8re chaque centim\u00e8tre de surface pr\u00e9cieuse pour votre espace de vie, rendant l'am\u00e9nagement int\u00e9rieur plus flexible et plus libre, particuli\u00e8rement adapt\u00e9 aux besoins de chauffage des r\u00e9sidences urbaines modernes et des espaces de petite taille.<\/p>\n<p>Le corps de la chemin\u00e9e est fabriqu\u00e9 en acier au carbone de haute qualit\u00e9 et a \u00e9t\u00e9 soumis \u00e0 des tests de r\u00e9sistance rigoureux et \u00e0 une v\u00e9rification de la r\u00e9sistance aux temp\u00e9ratures \u00e9lev\u00e9es afin de garantir des performances structurelles stables dans le cadre d'une utilisation \u00e0 long terme. La surface a \u00e9t\u00e9 trait\u00e9e professionnellement avec du noir mat, qui a non seulement d'excellentes propri\u00e9t\u00e9s anti-oxydation et anti-corrosion, mais pr\u00e9sente \u00e9galement un style esth\u00e9tique industriel calme et atmosph\u00e9rique, qui se marie parfaitement avec diff\u00e9rents styles de d\u00e9coration modernes.<\/p>\n<p><img fetchpriority=\"high\" decoding=\"async\" class=\"alignnone size-full wp-image-3531\" src=\"https:\/\/jblcorten.com\/wp-content\/uploads\/2025\/06\/fireplace-hanging-from-ceiling.jpg\" alt=\"chemin\u00e9e suspendue au plafond\" width=\"750\" height=\"391\" title=\"\" srcset=\"https:\/\/jblcorten.com\/wp-content\/uploads\/2025\/06\/fireplace-hanging-from-ceiling.jpg 750w, https:\/\/jblcorten.com\/wp-content\/uploads\/2025\/06\/fireplace-hanging-from-ceiling-300x156.jpg 300w, https:\/\/jblcorten.com\/wp-content\/uploads\/2025\/06\/fireplace-hanging-from-ceiling-18x9.jpg 18w, https:\/\/jblcorten.com\/wp-content\/uploads\/2025\/06\/fireplace-hanging-from-ceiling-600x313.jpg 600w\" sizes=\"(max-width: 750px) 100vw, 750px\" \/><\/p>\n<p>Le point fort de la chemin\u00e9e est la fonction unique de rotation \u00e0 360 degr\u00e9s de la t\u00eate du po\u00eale. Les utilisateurs peuvent r\u00e9gler la direction de la bouche du po\u00eale \u00e0 volont\u00e9 en fonction de l'agencement int\u00e9rieur et des besoins de chauffage pour obtenir un chauffage directionnel pr\u00e9cis. O\u00f9 que vous soyez dans la pi\u00e8ce, vous pouvez diriger avec pr\u00e9cision le flux de chaleur vers la zone souhait\u00e9e gr\u00e2ce \u00e0 une simple rotation, ce qui am\u00e9liore consid\u00e9rablement la flexibilit\u00e9 et le confort du chauffage.<\/p>\n<p>La porte de la chemin\u00e9e est fabriqu\u00e9e en verre transparent ignifug\u00e9 de haute qualit\u00e9, ce qui permet d'observer clairement les flammes du bois qui br\u00fble, cr\u00e9ant ainsi une atmosph\u00e8re chaleureuse et romantique, tout en isolant efficacement la source du feu pour garantir une utilisation en toute s\u00e9curit\u00e9. La porte en verre est \u00e9quip\u00e9e d'une poign\u00e9e anti-br\u00fblure con\u00e7ue par des professionnels et fabriqu\u00e9e \u00e0 partir de mat\u00e9riaux thermo-isolants. Elle peut \u00eatre ouverte et ferm\u00e9e en toute s\u00e9curit\u00e9, m\u00eame lorsque le corps du po\u00eale fonctionne \u00e0 haute temp\u00e9rature, ce qui facilite l'ajout quotidien de combustible, le nettoyage et l'entretien.<\/p>\n<p><strong><span style=\"font-size: 14pt;\">Sp\u00e9cification du produit :<\/span><\/strong><\/p>\n<table style=\"border-collapse: collapse; width: 100%;\">\n<tbody>\n<tr>\n<td style=\"width: 25.6171%; background-color: #f5f5f5;\">Mat\u00e9riau<\/td>\n<td style=\"width: 74.3829%; background-color: #f5f5f5;\">Acier au carbone de haute qualit\u00e9<\/td>\n<\/tr>\n<tr>\n<td style=\"width: 25.6171%;\">Carburant<\/td>\n<td style=\"width: 74.3829%;\">Bois<\/td>\n<\/tr>\n<tr>\n<td style=\"width: 25.6171%; background-color: #f5f5f5;\">M\u00e9thode d'installation<\/td>\n<td style=\"width: 74.3829%; background-color: #f5f5f5;\">Suspension au plafond<\/td>\n<\/tr>\n<tr>\n<td style=\"width: 25.6171%;\">Diam\u00e8tre<\/td>\n<td style=\"width: 74.3829%;\">700mm\/800mm\/900mm\/1000mm\/1200 ou sur mesure<\/td>\n<\/tr>\n<tr>\n<td style=\"width: 25.6171%; background-color: #f5f5f5;\">Chemin\u00e9e<\/td>\n<td style=\"width: 74.3829%; background-color: #f5f5f5;\">Dia 219mm, standard Hauteur 2000-2200 mm<\/td>\n<\/tr>\n<tr>\n<td style=\"width: 25.6171%;\">Traitement de surface<\/td>\n<td style=\"width: 74.3829%;\">Noir anti-haute temp\u00e9rature ou personnalis\u00e9<\/td>\n<\/tr>\n<\/tbody>\n<\/table>\n<p><strong><span style=\"font-size: 14pt;\">Plus de choix :<\/span><\/strong><\/p>\n<p>Nous proposons de nombreux types de chemin\u00e9es suspendues, notamment des chemin\u00e9es suspendues \u00e0 bois, des chemin\u00e9es suspendues au bio\u00e9thanol, des chemin\u00e9es suspendues \u00e9lectriques, etc. <span style=\"color: #ff0000;\"><a style=\"color: #ff0000;\" href=\"\/fr\/nous-contacter\/\">Contactez-nous pour plus de d\u00e9tails.<\/a><\/span><\/p>\n<p><img decoding=\"async\" class=\"alignnone size-full wp-image-3533\" style=\"font-style: inherit; font-weight: inherit;\" src=\"https:\/\/jblcorten.com\/wp-content\/uploads\/2025\/06\/suspended-stoves.jpg\" alt=\"po\u00eales suspendus\" width=\"750\" height=\"505\" title=\"\" srcset=\"https:\/\/jblcorten.com\/wp-content\/uploads\/2025\/06\/suspended-stoves.jpg 750w, https:\/\/jblcorten.com\/wp-content\/uploads\/2025\/06\/suspended-stoves-300x202.jpg 300w, https:\/\/jblcorten.com\/wp-content\/uploads\/2025\/06\/suspended-stoves-18x12.jpg 18w, https:\/\/jblcorten.com\/wp-content\/uploads\/2025\/06\/suspended-stoves-600x404.jpg 600w\" sizes=\"(max-width: 750px) 100vw, 750px\" \/><\/p>\n<p><strong><span style=\"font-size: 14pt;\">Emballage du produit :<\/span><\/strong><\/p>\n<p>Nos chemin\u00e9es suspendues sont emball\u00e9es s\u00e9par\u00e9ment (corps du four + tube du four + pi\u00e8ces d'installation) ; en outre, la m\u00e9thode d'emballage utilis\u00e9e pour nos produits est la suivante : la partie ext\u00e9rieure est une bo\u00eete en bois, et la partie int\u00e9rieure est entour\u00e9e de mousse. Comme le montre la figure ci-dessous :<\/p>\n<p><img decoding=\"async\" class=\"alignnone size-full wp-image-3534\" src=\"https:\/\/jblcorten.com\/wp-content\/uploads\/2025\/06\/hanging-fireplace-buy-online.jpg\" alt=\"Chemin\u00e9e suspendue acheter en ligne\" width=\"750\" height=\"562\" title=\"\" srcset=\"https:\/\/jblcorten.com\/wp-content\/uploads\/2025\/06\/hanging-fireplace-buy-online.jpg 750w, https:\/\/jblcorten.com\/wp-content\/uploads\/2025\/06\/hanging-fireplace-buy-online-300x225.jpg 300w, https:\/\/jblcorten.com\/wp-content\/uploads\/2025\/06\/hanging-fireplace-buy-online-16x12.jpg 16w, https:\/\/jblcorten.com\/wp-content\/uploads\/2025\/06\/hanging-fireplace-buy-online-600x450.jpg 600w\" sizes=\"(max-width: 750px) 100vw, 750px\" \/><\/p>\n<p><img loading=\"lazy\" decoding=\"async\" class=\"alignnone size-full wp-image-3535\" src=\"https:\/\/jblcorten.com\/wp-content\/uploads\/2025\/06\/hanging-fireplace-for-sale.jpg\" alt=\"Chemin\u00e9e suspendue \u00e0 vendre\" width=\"750\" height=\"562\" title=\"\" srcset=\"https:\/\/jblcorten.com\/wp-content\/uploads\/2025\/06\/hanging-fireplace-for-sale.jpg 750w, https:\/\/jblcorten.com\/wp-content\/uploads\/2025\/06\/hanging-fireplace-for-sale-300x225.jpg 300w, https:\/\/jblcorten.com\/wp-content\/uploads\/2025\/06\/hanging-fireplace-for-sale-16x12.jpg 16w, https:\/\/jblcorten.com\/wp-content\/uploads\/2025\/06\/hanging-fireplace-for-sale-600x450.jpg 600w\" sizes=\"(max-width: 750px) 100vw, 750px\" \/><\/p>\n<p><img loading=\"lazy\" decoding=\"async\" class=\"alignnone size-full wp-image-3536\" src=\"https:\/\/jblcorten.com\/wp-content\/uploads\/2025\/06\/Hanging-Fireplace.jpg\" alt=\"Chemin\u00e9e suspendue\" width=\"750\" height=\"562\" title=\"\" srcset=\"https:\/\/jblcorten.com\/wp-content\/uploads\/2025\/06\/Hanging-Fireplace.jpg 750w, https:\/\/jblcorten.com\/wp-content\/uploads\/2025\/06\/Hanging-Fireplace-300x225.jpg 300w, https:\/\/jblcorten.com\/wp-content\/uploads\/2025\/06\/Hanging-Fireplace-16x12.jpg 16w, https:\/\/jblcorten.com\/wp-content\/uploads\/2025\/06\/Hanging-Fireplace-600x450.jpg 600w\" sizes=\"(max-width: 750px) 100vw, 750px\" \/><\/p>\n<p><strong><span style=\"font-size: 14pt;\">FAQ :<\/span><\/strong><\/p>\n<p>Q1 : Avez-vous besoin de professionnels pour l'installation ?<br \/>\nR : Il est recommand\u00e9 de faire appel \u00e0 des installateurs professionnels pour effectuer le levage et la fixation afin de garantir la s\u00e9curit\u00e9.<\/p>\n<p>Q2 : La taille et la couleur peuvent-elles \u00eatre personnalis\u00e9es ?<br \/>\nR : La personnalisation est possible, y compris la couleur du corps du four, la taille, la longueur du tube du four, etc.<\/p>\n<p>Q3 : Est-il facile \u00e0 nettoyer et \u00e0 entretenir ?<br \/>\nR : La surface peut \u00eatre essuy\u00e9e et les cendres \u00e0 l'int\u00e9rieur de la cavit\u00e9 du four peuvent \u00eatre enlev\u00e9es r\u00e9guli\u00e8rement.<\/p>","protected":false},"excerpt":{"rendered":"<p>La chemin\u00e9e \u00e0 bois suspendue a un design sans empreinte qui lib\u00e8re de l'espace \u00e0 l'int\u00e9rieur. Le mat\u00e9riau en acier au carbone et la finition noire sont robustes et esth\u00e9tiques. La rotation manuelle \u00e0 360 degr\u00e9s de la t\u00eate du br\u00fbleur permet un chauffage directionnel pr\u00e9cis. La porte en verre transparent est \u00e9quip\u00e9e d'une poign\u00e9e anti-br\u00fblure qui permet de voir le feu en toute s\u00e9curit\u00e9.<\/p>","protected":false},"featured_media":3529,"template":"","meta":{"site-sidebar-layout":"default","site-content-layout":"","ast-site-content-layout":"default","site-content-style":"default","site-sidebar-style":"default","ast-global-header-display":"","ast-banner-title-visibility":"","ast-main-header-display":"","ast-hfb-above-header-display":"","ast-hfb-below-header-display":"","ast-hfb-mobile-header-display":"","site-post-title":"","ast-breadcrumbs-content":"","ast-featured-img":"","footer-sml-layout":"","ast-disable-related-posts":"","theme-transparent-header-meta":"default","adv-header-id-meta":"","stick-header-meta":"","header-above-stick-meta":"","header-main-stick-meta":"","header-below-stick-meta":"","astra-migrate-meta-layouts":"set","ast-page-background-enabled":"default","ast-page-background-meta":{"desktop":{"background-color":"var(--ast-global-color-4)","background-image":"","background-repeat":"repeat","background-position":"center center","background-size":"auto","background-attachment":"scroll","background-type":"","background-media":"","overlay-type":"","overlay-color":"","overlay-opacity":"","overlay-gradient":""},"tablet":{"background-color":"","background-image":"","background-repeat":"repeat","background-position":"center center","background-size":"auto","background-attachment":"scroll","background-type":"","background-media":"","overlay-type":"","overlay-color":"","overlay-opacity":"","overlay-gradient":""},"mobile":{"background-color":"","background-image":"","background-repeat":"repeat","background-position":"center center","background-size":"auto","background-attachment":"scroll","background-type":"","background-media":"","overlay-type":"","overlay-color":"","overlay-opacity":"","overlay-gradient":""}},"ast-content-background-meta":{"desktop":{"background-color":"var(--ast-global-color-5)","background-image":"","background-repeat":"repeat","background-position":"center center","background-size":"auto","background-attachment":"scroll","background-type":"","background-media":"","overlay-type":"","overlay-color":"","overlay-opacity":"","overlay-gradient":""},"tablet":{"background-color":"var(--ast-global-color-5)","background-image":"","background-repeat":"repeat","background-position":"center center","background-size":"auto","background-attachment":"scroll","background-type":"","background-media":"","overlay-type":"","overlay-color":"","overlay-opacity":"","overlay-gradient":""},"mobile":{"background-color":"var(--ast-global-color-5)","background-image":"","background-repeat":"repeat","background-position":"center center","background-size":"auto","background-attachment":"scroll","background-type":"","background-media":"","overlay-type":"","overlay-color":"","overlay-opacity":"","overlay-gradient":""}}},"product_brand":[],"product_cat":[30],"product_tag":[],"class_list":{"0":"post-3526","1":"product","2":"type-product","3":"status-publish","4":"has-post-thumbnail","6":"product_cat-fireplace","7":"desktop-align-center","8":"tablet-align-left","9":"mobile-align-left","11":"first","12":"instock","13":"shipping-taxable","14":"product-type-simple"},"_links":{"self":[{"href":"https:\/\/jblcorten.com\/fr\/wp-json\/wp\/v2\/product\/3526","targetHints":{"allow":["GET"]}}],"collection":[{"href":"https:\/\/jblcorten.com\/fr\/wp-json\/wp\/v2\/product"}],"about":[{"href":"https:\/\/jblcorten.com\/fr\/wp-json\/wp\/v2\/types\/product"}],"wp:featuredmedia":[{"embeddable":true,"href":"https:\/\/jblcorten.com\/fr\/wp-json\/wp\/v2\/media\/3529"}],"wp:attachment":[{"href":"https:\/\/jblcorten.com\/fr\/wp-json\/wp\/v2\/media?parent=3526"}],"wp:term":[{"taxonomy":"product_brand","embeddable":true,"href":"https:\/\/jblcorten.com\/fr\/wp-json\/wp\/v2\/product_brand?post=3526"},{"taxonomy":"product_cat","embeddable":true,"href":"https:\/\/jblcorten.com\/fr\/wp-json\/wp\/v2\/product_cat?post=3526"},{"taxonomy":"product_tag","embeddable":true,"href":"https:\/\/jblcorten.com\/fr\/wp-json\/wp\/v2\/product_tag?post=3526"}],"curies":[{"name":"wp","href":"https:\/\/api.w.org\/{rel}","templated":true}]}}