{"id":3518,"date":"2025-06-30T15:24:40","date_gmt":"2025-06-30T07:24:40","guid":{"rendered":"https:\/\/jblcorten.com\/?post_type=product&#038;p=3518"},"modified":"2025-06-30T15:24:41","modified_gmt":"2025-06-30T07:24:41","slug":"plancha-barbecue-grill","status":"publish","type":"product","link":"https:\/\/jblcorten.com\/fr\/plancha-barbecue-grill\/","title":{"rendered":"Plancha Barbecue Grill"},"content":{"rendered":"<h2 style=\"text-align: center;\"><span style=\"font-size: 14pt;\">Plancha Barbecue Grill<\/span><\/h2>\n<p>Le barbecue Plancha est un appareil de cuisson en plein air. La double plate-forme de cuisson sup\u00e9rieure est \u00e9quip\u00e9e d'un gril de haute pr\u00e9cision et d'un gril multifonctionnel, qui peuvent r\u00e9pondre simultan\u00e9ment aux diff\u00e9rents besoins de friture fine et de grillade traditionnelle. L'espace de stockage du bois astucieusement con\u00e7u au niveau inf\u00e9rieur permet non seulement de stocker suffisamment de combustible, mais aussi de s'assurer que le bois reste sec, fournissant ainsi une source de chaleur stable pour votre cuisine \u00e0 tout moment.<\/p>\n<p>Les images pr\u00e9sent\u00e9es ci-dessous sont le r\u00e9sultat de l'utilisation de ce produit par nos clients suisses. Ce produit a montr\u00e9 d'excellentes performances en utilisation r\u00e9elle. Nos clients suisses ont imm\u00e9diatement effectu\u00e9 des tests sur le terrain apr\u00e8s avoir re\u00e7u le produit et ont envoy\u00e9 des photos pour montrer leur satisfaction \u00e0 l'\u00e9gard de nos produits.<\/p>\n<p><img fetchpriority=\"high\" decoding=\"async\" class=\"alignnone size-full wp-image-3522\" src=\"https:\/\/jblcorten.com\/wp-content\/uploads\/2025\/06\/Plancha-Barbecue-Grill.jpg\" alt=\"Plancha Barbecue Grill\" width=\"1000\" height=\"400\" title=\"\" srcset=\"https:\/\/jblcorten.com\/wp-content\/uploads\/2025\/06\/Plancha-Barbecue-Grill.jpg 1000w, https:\/\/jblcorten.com\/wp-content\/uploads\/2025\/06\/Plancha-Barbecue-Grill-300x120.jpg 300w, https:\/\/jblcorten.com\/wp-content\/uploads\/2025\/06\/Plancha-Barbecue-Grill-768x307.jpg 768w, https:\/\/jblcorten.com\/wp-content\/uploads\/2025\/06\/Plancha-Barbecue-Grill-18x7.jpg 18w, https:\/\/jblcorten.com\/wp-content\/uploads\/2025\/06\/Plancha-Barbecue-Grill-600x240.jpg 600w\" sizes=\"(max-width: 1000px) 100vw, 1000px\" \/><\/p>\n<p><strong><span style=\"font-size: 14pt;\">Caract\u00e9ristiques du produit :<\/span><\/strong><\/p>\n<p><span style=\"color: #e38c12;\">Excellente durabilit\u00e9 :<\/span> Le mat\u00e9riau en acier r\u00e9sistant aux intemp\u00e9ries a \u00e9t\u00e9 sp\u00e9cialement trait\u00e9 pour former une couche protectrice stable contre l'oxydation, qui r\u00e9siste efficacement \u00e0 l'\u00e9rosion naturelle telle que la pluie, la neige, le gel et les rayons ultraviolets. La dur\u00e9e de vie peut atteindre des dizaines d'ann\u00e9es, soit 3 \u00e0 5 fois celle des \u00e9quipements de barbecue ordinaires.<\/p>\n<p><span style=\"color: #e38c12;\">Exp\u00e9rience professionnelle en cuisine :<\/span> Les deux m\u00e9thodes de cuisson r\u00e9pondent \u00e0 des besoins diff\u00e9rents, qu'il s'agisse d'un teppanyaki raffin\u00e9 ou d'un barbecue traditionnel au charbon de bois, l'appareil peut facilement y r\u00e9pondre. Le go\u00fbt fum\u00e9 naturel produit par la combustion du bois rend les aliments plus parfum\u00e9s et d\u00e9licieux.<\/p>\n<p><span style=\"color: #e38c12;\">Conception pratique :<\/span> Hauteur raisonnable, ergonomie, confort d'utilisation et absence de fatigue. La conception de l'espace inf\u00e9rieur de stockage du bois est r\u00e9fl\u00e9chie et pratique, permettant de garder le bois sec et pr\u00eat \u00e0 l'emploi \u00e0 tout moment. La structure g\u00e9n\u00e9rale est stable et facile \u00e0 d\u00e9placer.<\/p>\n<p><span style=\"color: #e38c12;\">Respectueux de l'environnement :<\/span> En utilisant du bois naturel comme combustible, en \u00e9vitant les substances nocives des combustibles chimiques, le processus de cuisson est plus sain et plus respectueux de l'environnement. Le mat\u00e9riau en acier r\u00e9sistant aux intemp\u00e9ries est recyclable et conforme au concept de d\u00e9veloppement durable.<\/p>\n<p><span style=\"color: #e38c12;\">Belle et g\u00e9n\u00e9reuse :<\/span> Le design esth\u00e9tique industriel unique, la texture couleur rouille s'int\u00e8grent parfaitement \u00e0 l'environnement moderne des cours et des jardins. Il ne s'agit pas seulement d'un outil de cuisine, mais aussi d'un \u00e9l\u00e9ment d\u00e9coratif de l'espace ext\u00e9rieur.<\/p>\n<p><strong><span style=\"font-size: 14pt;\">Sp\u00e9cification du produit :<\/span><\/strong><\/p>\n<table style=\"border-collapse: collapse; width: 100%;\">\n<tbody>\n<tr>\n<td style=\"width: 24.9439%; background-color: #f5f5f5;\">Taille du produit<\/td>\n<td style=\"width: 75.0561%; background-color: #f5f5f5;\">100D*100H cm<\/td>\n<\/tr>\n<tr>\n<td style=\"width: 24.9439%;\">Zone de cuisson<\/td>\n<td style=\"width: 75.0561%;\">100D *30 H cm<\/td>\n<\/tr>\n<tr>\n<td style=\"width: 24.9439%; background-color: #f5f5f5;\">Mat\u00e9riau<\/td>\n<td style=\"width: 75.0561%; background-color: #f5f5f5;\">Acier Corten<\/td>\n<\/tr>\n<tr>\n<td style=\"width: 24.9439%;\">Carburant<\/td>\n<td style=\"width: 75.0561%;\">Bois, charbon de bois<\/td>\n<\/tr>\n<tr>\n<td style=\"width: 24.9439%; background-color: #f5f5f5;\">Traitement de surface<\/td>\n<td style=\"width: 75.0561%; background-color: #f5f5f5;\">Traitement par oxydation naturelle<\/td>\n<\/tr>\n<\/tbody>\n<\/table>\n<p><span style=\"font-size: 14pt;\"><strong>Y compris les accessoires n\u00e9cessaires :<\/strong><\/span><\/p>\n<p>Ce gril bbq comprend certains outils n\u00e9cessaires : po\u00eale \u00e0 griller, grille centrale, poign\u00e9es, etc., tous amovibles.<\/p>\n<p><img decoding=\"async\" class=\"alignnone size-full wp-image-3520\" src=\"https:\/\/jblcorten.com\/wp-content\/uploads\/2025\/06\/bbq-grill-accessories.jpg\" alt=\"accessoires pour grillades\" width=\"1000\" height=\"266\" title=\"\" srcset=\"https:\/\/jblcorten.com\/wp-content\/uploads\/2025\/06\/bbq-grill-accessories.jpg 1000w, https:\/\/jblcorten.com\/wp-content\/uploads\/2025\/06\/bbq-grill-accessories-300x80.jpg 300w, https:\/\/jblcorten.com\/wp-content\/uploads\/2025\/06\/bbq-grill-accessories-768x204.jpg 768w, https:\/\/jblcorten.com\/wp-content\/uploads\/2025\/06\/bbq-grill-accessories-18x5.jpg 18w, https:\/\/jblcorten.com\/wp-content\/uploads\/2025\/06\/bbq-grill-accessories-600x160.jpg 600w\" sizes=\"(max-width: 1000px) 100vw, 1000px\" \/><\/p>\n<p><strong><span style=\"font-size: 14pt;\">M\u00e9thodes d'emballage :<\/span><\/strong><\/p>\n<p><img decoding=\"async\" class=\"alignnone size-full wp-image-3521\" src=\"https:\/\/jblcorten.com\/wp-content\/uploads\/2025\/06\/bbq-grill-packing.jpg\" alt=\"emballage pour gril bbq\" width=\"1000\" height=\"381\" title=\"\" srcset=\"https:\/\/jblcorten.com\/wp-content\/uploads\/2025\/06\/bbq-grill-packing.jpg 1000w, https:\/\/jblcorten.com\/wp-content\/uploads\/2025\/06\/bbq-grill-packing-300x114.jpg 300w, https:\/\/jblcorten.com\/wp-content\/uploads\/2025\/06\/bbq-grill-packing-768x293.jpg 768w, https:\/\/jblcorten.com\/wp-content\/uploads\/2025\/06\/bbq-grill-packing-18x7.jpg 18w, https:\/\/jblcorten.com\/wp-content\/uploads\/2025\/06\/bbq-grill-packing-600x229.jpg 600w\" sizes=\"(max-width: 1000px) 100vw, 1000px\" \/><\/p>","protected":false},"excerpt":{"rendered":"<p>Le barbecue Plancha est un \u00e9quipement professionnel de barbecue en plein air, fabriqu\u00e9 en acier de haute qualit\u00e9 r\u00e9sistant aux intemp\u00e9ries. La couche sup\u00e9rieure est \u00e9quip\u00e9e d'un gril et d'une grille de haute performance, et la couche inf\u00e9rieure est \u00e9quip\u00e9e d'un espace de stockage du bois d\u00e9di\u00e9, vous permettant de profiter du plaisir de la cuisine en plein air.<\/p>\n<p>Mat\u00e9riau : Corten<br \/>\nTaille : 100D*100H cm<br \/>\n\u00c9paisseur : 3mm<br \/>\nFinition : Finition rouill\u00e9e<br \/>\nEmballage : Bo\u00eete en bois<\/p>","protected":false},"featured_media":3525,"template":"","meta":{"site-sidebar-layout":"default","site-content-layout":"","ast-site-content-layout":"default","site-content-style":"default","site-sidebar-style":"default","ast-global-header-display":"","ast-banner-title-visibility":"","ast-main-header-display":"","ast-hfb-above-header-display":"","ast-hfb-below-header-display":"","ast-hfb-mobile-header-display":"","site-post-title":"","ast-breadcrumbs-content":"","ast-featured-img":"","footer-sml-layout":"","ast-disable-related-posts":"","theme-transparent-header-meta":"default","adv-header-id-meta":"","stick-header-meta":"","header-above-stick-meta":"","header-main-stick-meta":"","header-below-stick-meta":"","astra-migrate-meta-layouts":"set","ast-page-background-enabled":"default","ast-page-background-meta":{"desktop":{"background-color":"var(--ast-global-color-4)","background-image":"","background-repeat":"repeat","background-position":"center center","background-size":"auto","background-attachment":"scroll","background-type":"","background-media":"","overlay-type":"","overlay-color":"","overlay-opacity":"","overlay-gradient":""},"tablet":{"background-color":"","background-image":"","background-repeat":"repeat","background-position":"center center","background-size":"auto","background-attachment":"scroll","background-type":"","background-media":"","overlay-type":"","overlay-color":"","overlay-opacity":"","overlay-gradient":""},"mobile":{"background-color":"","background-image":"","background-repeat":"repeat","background-position":"center center","background-size":"auto","background-attachment":"scroll","background-type":"","background-media":"","overlay-type":"","overlay-color":"","overlay-opacity":"","overlay-gradient":""}},"ast-content-background-meta":{"desktop":{"background-color":"var(--ast-global-color-5)","background-image":"","background-repeat":"repeat","background-position":"center center","background-size":"auto","background-attachment":"scroll","background-type":"","background-media":"","overlay-type":"","overlay-color":"","overlay-opacity":"","overlay-gradient":""},"tablet":{"background-color":"var(--ast-global-color-5)","background-image":"","background-repeat":"repeat","background-position":"center center","background-size":"auto","background-attachment":"scroll","background-type":"","background-media":"","overlay-type":"","overlay-color":"","overlay-opacity":"","overlay-gradient":""},"mobile":{"background-color":"var(--ast-global-color-5)","background-image":"","background-repeat":"repeat","background-position":"center center","background-size":"auto","background-attachment":"scroll","background-type":"","background-media":"","overlay-type":"","overlay-color":"","overlay-opacity":"","overlay-gradient":""}}},"product_brand":[],"product_cat":[25],"product_tag":[27,70],"class_list":{"0":"post-3518","1":"product","2":"type-product","3":"status-publish","4":"has-post-thumbnail","6":"product_cat-bbq-grill","7":"product_tag-bbq-grill","8":"product_tag-corten-steel-bbq-grill","9":"desktop-align-center","10":"tablet-align-left","11":"mobile-align-left","13":"first","14":"instock","15":"shipping-taxable","16":"product-type-simple"},"_links":{"self":[{"href":"https:\/\/jblcorten.com\/fr\/wp-json\/wp\/v2\/product\/3518","targetHints":{"allow":["GET"]}}],"collection":[{"href":"https:\/\/jblcorten.com\/fr\/wp-json\/wp\/v2\/product"}],"about":[{"href":"https:\/\/jblcorten.com\/fr\/wp-json\/wp\/v2\/types\/product"}],"wp:featuredmedia":[{"embeddable":true,"href":"https:\/\/jblcorten.com\/fr\/wp-json\/wp\/v2\/media\/3525"}],"wp:attachment":[{"href":"https:\/\/jblcorten.com\/fr\/wp-json\/wp\/v2\/media?parent=3518"}],"wp:term":[{"taxonomy":"product_brand","embeddable":true,"href":"https:\/\/jblcorten.com\/fr\/wp-json\/wp\/v2\/product_brand?post=3518"},{"taxonomy":"product_cat","embeddable":true,"href":"https:\/\/jblcorten.com\/fr\/wp-json\/wp\/v2\/product_cat?post=3518"},{"taxonomy":"product_tag","embeddable":true,"href":"https:\/\/jblcorten.com\/fr\/wp-json\/wp\/v2\/product_tag?post=3518"}],"curies":[{"name":"wp","href":"https:\/\/api.w.org\/{rel}","templated":true}]}}