{"id":3483,"date":"2025-06-26T17:20:04","date_gmt":"2025-06-26T09:20:04","guid":{"rendered":"https:\/\/jblcorten.com\/?post_type=product&#038;p=3483"},"modified":"2025-06-26T17:20:04","modified_gmt":"2025-06-26T09:20:04","slug":"foyer-a-reservoir-de-propane-cache","status":"publish","type":"product","link":"https:\/\/jblcorten.com\/fr\/hidden-propane-tank-fire-pit\/","title":{"rendered":"Foyer \u00e0 cuve de propane cach\u00e9e"},"content":{"rendered":"<h2 style=\"text-align: center;\"><span style=\"font-size: 14pt;\">Foyer \u00e0 cuve de propane cach\u00e9e<\/span><\/h2>\n<p>Ce foyer \u00e0 r\u00e9servoir de propane cach\u00e9 est fabriqu\u00e9 en acier corten (acier r\u00e9sistant aux intemp\u00e9ries) et prendra naturellement un aspect rouill\u00e9 avec le temps, ce qui le rend inoxydable et lui conf\u00e8re une grande valeur d\u00e9corative. L'int\u00e9rieur du foyer est constitu\u00e9 d'un br\u00fbleur en acier inoxydable, d\u00e9cor\u00e9 de pierres volcaniques, qui produit une flamme stable et magnifique. Il est entour\u00e9 d'un pare-vent en verre tremp\u00e9 pour une s\u00e9curit\u00e9 et une visibilit\u00e9 accrues.<\/p>\n<p>Le foyer est \u00e9quip\u00e9 de tuyaux de gaz et de r\u00e9servoirs de propane cach\u00e9s \u00e0 l'int\u00e9rieur, d'un bouton d'interrupteur et d'un dispositif de r\u00e9glage de la flamme, ce qui est facile \u00e0 utiliser. Il convient aux cours priv\u00e9es et est \u00e9galement largement utilis\u00e9 dans les h\u00f4tels haut de gamme, sur les toits-terrasses, etc.<\/p>\n<p><img fetchpriority=\"high\" decoding=\"async\" class=\"alignnone wp-image-3484\" src=\"https:\/\/jblcorten.com\/wp-content\/uploads\/2025\/06\/hidden-propane-tank-fire-pit.jpg\" alt=\"foyer \u00e0 r\u00e9servoir de propane cach\u00e9\" width=\"750\" height=\"470\" title=\"\" srcset=\"https:\/\/jblcorten.com\/wp-content\/uploads\/2025\/06\/hidden-propane-tank-fire-pit.jpg 1000w, https:\/\/jblcorten.com\/wp-content\/uploads\/2025\/06\/hidden-propane-tank-fire-pit-300x188.jpg 300w, https:\/\/jblcorten.com\/wp-content\/uploads\/2025\/06\/hidden-propane-tank-fire-pit-768x481.jpg 768w, https:\/\/jblcorten.com\/wp-content\/uploads\/2025\/06\/hidden-propane-tank-fire-pit-18x12.jpg 18w, https:\/\/jblcorten.com\/wp-content\/uploads\/2025\/06\/hidden-propane-tank-fire-pit-600x376.jpg 600w\" sizes=\"(max-width: 750px) 100vw, 750px\" \/><\/p>\n<p><strong><span style=\"font-size: 14pt;\">Sp\u00e9cification du produit :<\/span><\/strong><\/p>\n<table style=\"border-collapse: collapse; width: 100%;\">\n<tbody>\n<tr>\n<td style=\"width: 29.2072%; background-color: #f5f5f5;\">Type de produit<\/td>\n<td style=\"width: 70.7928%; background-color: #f5f5f5;\">Foyer \u00e0 gaz<\/td>\n<\/tr>\n<tr>\n<td style=\"width: 29.2072%;\">Mat\u00e9riau<\/td>\n<td style=\"width: 70.7928%;\">Acier Corten, Acier inoxydable<\/td>\n<\/tr>\n<tr>\n<td style=\"width: 29.2072%; background-color: #f5f5f5;\">Taille<\/td>\n<td style=\"width: 70.7928%; background-color: #f5f5f5;\">1200mm \u00d7500mm \u00d7600mm ou sur mesure<\/td>\n<\/tr>\n<tr>\n<td style=\"width: 29.2072%;\">Carburant<\/td>\n<td style=\"width: 70.7928%;\">Propane<\/td>\n<\/tr>\n<tr>\n<td style=\"width: 29.2072%; background-color: #f5f5f5;\">Allumage<\/td>\n<td style=\"width: 70.7928%; background-color: #f5f5f5;\">Allumage par bouton-poussoir<\/td>\n<\/tr>\n<\/tbody>\n<\/table>\n<p><strong><span style=\"font-size: 14pt;\">Accessoires :<\/span><\/strong><\/p>\n<ul>\n<li>Br\u00fbleur : Fabriqu\u00e9 en acier inoxydable, durable<\/li>\n<li>Pare-vent en verre : Am\u00e9liore la stabilit\u00e9 des flammes et la visibilit\u00e9 du foyer<\/li>\n<li>Roches de lave : Permet de r\u00e9partir uniform\u00e9ment les flammes et d'am\u00e9liorer les effets visuels.<\/li>\n<li>Tuyau de gaz avec connecteur : Permet de raccorder le foyer \u00e0 la bouteille de propane<\/li>\n<\/ul>\n<p><img decoding=\"async\" class=\"alignnone size-full wp-image-3487\" src=\"https:\/\/jblcorten.com\/wp-content\/uploads\/2025\/06\/fire-pit-with-propane-tank-inside.jpg\" alt=\"foyer avec r\u00e9servoir de propane \u00e0 l&#039;int\u00e9rieur\" width=\"1000\" height=\"400\" title=\"\" srcset=\"https:\/\/jblcorten.com\/wp-content\/uploads\/2025\/06\/fire-pit-with-propane-tank-inside.jpg 1000w, https:\/\/jblcorten.com\/wp-content\/uploads\/2025\/06\/fire-pit-with-propane-tank-inside-300x120.jpg 300w, https:\/\/jblcorten.com\/wp-content\/uploads\/2025\/06\/fire-pit-with-propane-tank-inside-768x307.jpg 768w, https:\/\/jblcorten.com\/wp-content\/uploads\/2025\/06\/fire-pit-with-propane-tank-inside-18x7.jpg 18w, https:\/\/jblcorten.com\/wp-content\/uploads\/2025\/06\/fire-pit-with-propane-tank-inside-600x240.jpg 600w\" sizes=\"(max-width: 1000px) 100vw, 1000px\" \/><\/p>\n<p><strong><span style=\"font-size: 14pt;\">FAQ :<\/span><\/strong><\/p>\n<p>1.Q : L'appareil fume-t-il lorsqu'il est utilis\u00e9 ?<br \/>\nR : Non, le foyer utilise du gaz, qui br\u00fble proprement, sans fum\u00e9e ni cendres.<\/p>\n<p>2.Q : Faut-il l'assembler ?<br \/>\nR : En principe, aucun assemblage n'est n\u00e9cessaire, il suffit de connecter l'interface de gaz et vous pouvez l'utiliser.<\/p>\n<p>3.Q : L'acier r\u00e9sistant aux intemp\u00e9ries rouille-t-il toujours ?<br \/>\nR : La \u201crouille\u201d est une couche protectrice stable qui ne se d\u00e9tache pas apr\u00e8s sa formation et qui n'affecte pas l'utilisation.<\/p>\n<p>4.Q : Peut-on le placer sur un sol en bois ?<br \/>\nR : Oui, mais il est recommand\u00e9 de placer un tapis r\u00e9sistant \u00e0 la chaleur ou une brique ignifuge au fond du foyer pour plus de s\u00e9curit\u00e9.<\/p>\n<p>5.Q : La taille et la couleur peuvent-elles \u00eatre personnalis\u00e9es ?<br \/>\nR : Les tailles personnalis\u00e9es et les accessoires assortis sont possibles. Veuillez laisser un message dans le formulaire ci-dessous pour plus d'informations.<\/p>","protected":false},"excerpt":{"rendered":"<p>Ce foyer \u00e0 r\u00e9servoir de propane cach\u00e9 est fabriqu\u00e9 en acier corten de haute qualit\u00e9, et la surface est sp\u00e9cialement trait\u00e9e avec un antirouille pour former une couche protectrice naturelle de couleur rouille. \u00c9quip\u00e9 d'une enceinte en verre tremp\u00e9 \u00e0 haute temp\u00e9rature, il bloque efficacement le vent et offre une protection en mati\u00e8re de s\u00e9curit\u00e9.<\/p>\n<ul>\n<li>Mat\u00e9riau en acier de haute qualit\u00e9 r\u00e9sistant aux intemp\u00e9ries, durable ;<\/li>\n<li>Couvercle en verre transparent r\u00e9sistant aux hautes temp\u00e9ratures ;<\/li>\n<li>Syst\u00e8me d'allumage \u00e9lectronique, facile \u00e0 utiliser ;<\/li>\n<li>R\u00e9glage du feu \u00e0 plusieurs niveaux ;<\/li>\n<li>R\u00e9servoir de propane cach\u00e9.<\/li>\n<\/ul>","protected":false},"featured_media":2569,"template":"","meta":{"site-sidebar-layout":"default","site-content-layout":"","ast-site-content-layout":"default","site-content-style":"default","site-sidebar-style":"default","ast-global-header-display":"","ast-banner-title-visibility":"","ast-main-header-display":"","ast-hfb-above-header-display":"","ast-hfb-below-header-display":"","ast-hfb-mobile-header-display":"","site-post-title":"","ast-breadcrumbs-content":"","ast-featured-img":"","footer-sml-layout":"","ast-disable-related-posts":"","theme-transparent-header-meta":"default","adv-header-id-meta":"","stick-header-meta":"","header-above-stick-meta":"","header-main-stick-meta":"","header-below-stick-meta":"","astra-migrate-meta-layouts":"set","ast-page-background-enabled":"default","ast-page-background-meta":{"desktop":{"background-color":"var(--ast-global-color-4)","background-image":"","background-repeat":"repeat","background-position":"center center","background-size":"auto","background-attachment":"scroll","background-type":"","background-media":"","overlay-type":"","overlay-color":"","overlay-opacity":"","overlay-gradient":""},"tablet":{"background-color":"","background-image":"","background-repeat":"repeat","background-position":"center center","background-size":"auto","background-attachment":"scroll","background-type":"","background-media":"","overlay-type":"","overlay-color":"","overlay-opacity":"","overlay-gradient":""},"mobile":{"background-color":"","background-image":"","background-repeat":"repeat","background-position":"center center","background-size":"auto","background-attachment":"scroll","background-type":"","background-media":"","overlay-type":"","overlay-color":"","overlay-opacity":"","overlay-gradient":""}},"ast-content-background-meta":{"desktop":{"background-color":"var(--ast-global-color-5)","background-image":"","background-repeat":"repeat","background-position":"center center","background-size":"auto","background-attachment":"scroll","background-type":"","background-media":"","overlay-type":"","overlay-color":"","overlay-opacity":"","overlay-gradient":""},"tablet":{"background-color":"var(--ast-global-color-5)","background-image":"","background-repeat":"repeat","background-position":"center center","background-size":"auto","background-attachment":"scroll","background-type":"","background-media":"","overlay-type":"","overlay-color":"","overlay-opacity":"","overlay-gradient":""},"mobile":{"background-color":"var(--ast-global-color-5)","background-image":"","background-repeat":"repeat","background-position":"center center","background-size":"auto","background-attachment":"scroll","background-type":"","background-media":"","overlay-type":"","overlay-color":"","overlay-opacity":"","overlay-gradient":""}}},"product_brand":[],"product_cat":[29,47],"product_tag":[78,79],"class_list":{"0":"post-3483","1":"product","2":"type-product","3":"status-publish","4":"has-post-thumbnail","6":"product_cat-fire-pit","7":"product_cat-gas-fire-pit","8":"product_tag-gas-fire-pit","9":"product_tag-smokeless-fire-pit","10":"desktop-align-center","11":"tablet-align-left","12":"mobile-align-left","14":"first","15":"instock","16":"shipping-taxable","17":"product-type-simple"},"_links":{"self":[{"href":"https:\/\/jblcorten.com\/fr\/wp-json\/wp\/v2\/product\/3483","targetHints":{"allow":["GET"]}}],"collection":[{"href":"https:\/\/jblcorten.com\/fr\/wp-json\/wp\/v2\/product"}],"about":[{"href":"https:\/\/jblcorten.com\/fr\/wp-json\/wp\/v2\/types\/product"}],"wp:featuredmedia":[{"embeddable":true,"href":"https:\/\/jblcorten.com\/fr\/wp-json\/wp\/v2\/media\/2569"}],"wp:attachment":[{"href":"https:\/\/jblcorten.com\/fr\/wp-json\/wp\/v2\/media?parent=3483"}],"wp:term":[{"taxonomy":"product_brand","embeddable":true,"href":"https:\/\/jblcorten.com\/fr\/wp-json\/wp\/v2\/product_brand?post=3483"},{"taxonomy":"product_cat","embeddable":true,"href":"https:\/\/jblcorten.com\/fr\/wp-json\/wp\/v2\/product_cat?post=3483"},{"taxonomy":"product_tag","embeddable":true,"href":"https:\/\/jblcorten.com\/fr\/wp-json\/wp\/v2\/product_tag?post=3483"}],"curies":[{"name":"wp","href":"https:\/\/api.w.org\/{rel}","templated":true}]}}