{"id":3468,"date":"2025-06-26T11:48:08","date_gmt":"2025-06-26T03:48:08","guid":{"rendered":"https:\/\/jblcorten.com\/?post_type=product&#038;p=3468"},"modified":"2025-06-26T17:16:40","modified_gmt":"2025-06-26T09:16:40","slug":"foyer-a-gaz-portable","status":"publish","type":"product","link":"https:\/\/jblcorten.com\/fr\/portable-gas-fire-pit\/","title":{"rendered":"Foyer \u00e0 gaz portable"},"content":{"rendered":"<h2 style=\"text-align: center;\"><span style=\"font-size: 14pt;\">Foyer \u00e0 gaz portable<\/span><\/h2>\n<p>Ce foyer \u00e0 gaz portable de haute qualit\u00e9 est le compagnon id\u00e9al pour la vie en plein air. Il est fabriqu\u00e9 en acier au carbone et sa surface est peinte, ce qui le rend \u00e0 la fois beau et durable. La conception unique du br\u00fbleur circulaire \u00e0 360 degr\u00e9s, associ\u00e9e \u00e0 la technologie de combustion import\u00e9e d'Allemagne, garantit une distribution uniforme et stable de la flamme, ainsi qu'une efficacit\u00e9 de combustion de 95%.<\/p>\n<p>La puissance calorifique de 52 000 BTU peut \u00eatre allum\u00e9e en 3 secondes, et la puissance du feu peut \u00eatre r\u00e9gl\u00e9e \u00e0 l'aide d'un seul bouton pour r\u00e9pondre aux besoins de diff\u00e9rentes sc\u00e8nes. Gr\u00e2ce \u00e0 la conception du couvercle coupe-vent, la flamme peut rester allum\u00e9e de mani\u00e8re stable m\u00eame en cas de vent.<\/p>\n<p>Le design portable ne prend que 20,5*20,5*12,8 cm d'espace une fois rang\u00e9, ne p\u00e8se que 32 livres et est livr\u00e9 avec un sac de rangement sp\u00e9cial, ce qui vous permet de le transporter facilement partout o\u00f9 vous le souhaitez. Dites adieu \u00e0 la fum\u00e9e et au feu des feux de camp traditionnels et profitez de l'exp\u00e9rience d'un feu moderne, propre et sans fum\u00e9e.<\/p>\n<p><img fetchpriority=\"high\" decoding=\"async\" class=\"alignnone wp-image-3475 size-full\" title=\"foyer \u00e0 gaz portable\" src=\"https:\/\/jblcorten.com\/wp-content\/uploads\/2025\/06\/portable-gas-fire-pit-for-sale.jpg\" alt=\"\" width=\"1000\" height=\"588\" srcset=\"https:\/\/jblcorten.com\/wp-content\/uploads\/2025\/06\/portable-gas-fire-pit-for-sale.jpg 1000w, https:\/\/jblcorten.com\/wp-content\/uploads\/2025\/06\/portable-gas-fire-pit-for-sale-300x176.jpg 300w, https:\/\/jblcorten.com\/wp-content\/uploads\/2025\/06\/portable-gas-fire-pit-for-sale-768x452.jpg 768w, https:\/\/jblcorten.com\/wp-content\/uploads\/2025\/06\/portable-gas-fire-pit-for-sale-18x12.jpg 18w, https:\/\/jblcorten.com\/wp-content\/uploads\/2025\/06\/portable-gas-fire-pit-for-sale-600x353.jpg 600w\" sizes=\"(max-width: 1000px) 100vw, 1000px\" \/><\/p>\n<table style=\"border-collapse: collapse; width: 100%;\">\n<tbody>\n<tr>\n<td style=\"width: 38.9305%; background-color: #f5f5f5;\">Nom du produit<\/td>\n<td style=\"width: 61.0695%; background-color: #f5f5f5;\">Foyer \u00e0 gaz portable<\/td>\n<\/tr>\n<tr>\n<td style=\"width: 38.9305%;\">Mat\u00e9riau<\/td>\n<td style=\"width: 61.0695%;\">Acier au carbone, acier inoxydable<\/td>\n<\/tr>\n<tr>\n<td style=\"width: 38.9305%; background-color: #f5f5f5;\">Couleur<\/td>\n<td style=\"width: 61.0695%; background-color: #f5f5f5;\">Noir<\/td>\n<\/tr>\n<tr>\n<td style=\"width: 38.9305%;\">Taille<\/td>\n<td style=\"width: 61.0695%;\">20.5*20.5*12.8cm<\/td>\n<\/tr>\n<tr>\n<td style=\"width: 38.9305%; background-color: #f5f5f5;\">Carburant<\/td>\n<td style=\"width: 61.0695%; background-color: #f5f5f5;\">Propane<\/td>\n<\/tr>\n<\/tbody>\n<\/table>\n<p style=\"text-align: center;\"><span style=\"font-size: 14pt; color: #37ab1a;\"><strong>Pourquoi choisir une chemin\u00e9e \u00e0 gaz ?<\/strong><\/span><\/p>\n<p><strong>Pas de fum\u00e9e ni de cendre :<\/strong> Ce foyer \u00e0 gaz offre un feu de camp propre, sans fum\u00e9e et r\u00e9aliste. Vous n'avez plus besoin de pr\u00e9parer et de transporter du bois de chauffage co\u00fbteux, ni de faire un feu. Profitez simplement de la vie en plein air.<\/p>\n<p><strong>PORTABLE ET FACILE \u00c0 TRANSPORTER :<\/strong> Ce foyer portable est de taille compacte, l\u00e9ger et peu encombrant. Vous pouvez le mettre dans le coffre de votre voiture et l'emmener partout o\u00f9 vous voulez aller. Taille : 20.5*20.5*12.8cm.<\/p>\n<p><strong>CENTRE DE TABLE PARFAIT POUR L'EXT\u00c9RIEUR :<\/strong> Le foyer \u00e0 gaz portable avec br\u00fbleur noir mat classique avec une puissance de 52 000 Btu, fournit de la chaleur et cr\u00e9e une atmosph\u00e8re pour les discussions dans l'arri\u00e8re-cour, le chauffage de camping, les voyages en camping-car, les f\u00eates sur la plage et le patio. Partagez les bons moments avec votre famille et vos amis dans le confort et le style, partout \u00e0 l'ext\u00e9rieur.<\/p>\n<p><img decoding=\"async\" class=\"alignnone size-full wp-image-3485\" src=\"https:\/\/jblcorten.com\/wp-content\/uploads\/2025\/06\/outdoor-propane-fire-pit-1.jpg\" alt=\"foyer ext\u00e9rieur au propane\" width=\"1000\" height=\"400\" title=\"\" srcset=\"https:\/\/jblcorten.com\/wp-content\/uploads\/2025\/06\/outdoor-propane-fire-pit-1.jpg 1000w, https:\/\/jblcorten.com\/wp-content\/uploads\/2025\/06\/outdoor-propane-fire-pit-1-300x120.jpg 300w, https:\/\/jblcorten.com\/wp-content\/uploads\/2025\/06\/outdoor-propane-fire-pit-1-768x307.jpg 768w, https:\/\/jblcorten.com\/wp-content\/uploads\/2025\/06\/outdoor-propane-fire-pit-1-18x7.jpg 18w, https:\/\/jblcorten.com\/wp-content\/uploads\/2025\/06\/outdoor-propane-fire-pit-1-600x240.jpg 600w\" sizes=\"(max-width: 1000px) 100vw, 1000px\" \/><\/p>","protected":false},"excerpt":{"rendered":"<p>Ce foyer \u00e0 gaz portable a une forte puissance calorifique de 52 000 BTU, peut \u00eatre allum\u00e9 en 3 secondes et la puissance du feu peut \u00eatre r\u00e9gl\u00e9e \u00e0 l'aide d'un seul bouton pour r\u00e9pondre aux besoins de diff\u00e9rentes sc\u00e8nes. Gr\u00e2ce \u00e0 la conception du couvercle coupe-vent, la flamme peut rester allum\u00e9e de mani\u00e8re stable m\u00eame en cas de vent.<\/p>\n<p>&nbsp;<\/p>","protected":false},"featured_media":3473,"template":"","meta":{"site-sidebar-layout":"default","site-content-layout":"","ast-site-content-layout":"default","site-content-style":"default","site-sidebar-style":"default","ast-global-header-display":"","ast-banner-title-visibility":"","ast-main-header-display":"","ast-hfb-above-header-display":"","ast-hfb-below-header-display":"","ast-hfb-mobile-header-display":"","site-post-title":"","ast-breadcrumbs-content":"","ast-featured-img":"","footer-sml-layout":"","ast-disable-related-posts":"","theme-transparent-header-meta":"default","adv-header-id-meta":"","stick-header-meta":"","header-above-stick-meta":"","header-main-stick-meta":"","header-below-stick-meta":"","astra-migrate-meta-layouts":"set","ast-page-background-enabled":"default","ast-page-background-meta":{"desktop":{"background-color":"var(--ast-global-color-4)","background-image":"","background-repeat":"repeat","background-position":"center center","background-size":"auto","background-attachment":"scroll","background-type":"","background-media":"","overlay-type":"","overlay-color":"","overlay-opacity":"","overlay-gradient":""},"tablet":{"background-color":"","background-image":"","background-repeat":"repeat","background-position":"center center","background-size":"auto","background-attachment":"scroll","background-type":"","background-media":"","overlay-type":"","overlay-color":"","overlay-opacity":"","overlay-gradient":""},"mobile":{"background-color":"","background-image":"","background-repeat":"repeat","background-position":"center center","background-size":"auto","background-attachment":"scroll","background-type":"","background-media":"","overlay-type":"","overlay-color":"","overlay-opacity":"","overlay-gradient":""}},"ast-content-background-meta":{"desktop":{"background-color":"var(--ast-global-color-5)","background-image":"","background-repeat":"repeat","background-position":"center center","background-size":"auto","background-attachment":"scroll","background-type":"","background-media":"","overlay-type":"","overlay-color":"","overlay-opacity":"","overlay-gradient":""},"tablet":{"background-color":"var(--ast-global-color-5)","background-image":"","background-repeat":"repeat","background-position":"center center","background-size":"auto","background-attachment":"scroll","background-type":"","background-media":"","overlay-type":"","overlay-color":"","overlay-opacity":"","overlay-gradient":""},"mobile":{"background-color":"var(--ast-global-color-5)","background-image":"","background-repeat":"repeat","background-position":"center center","background-size":"auto","background-attachment":"scroll","background-type":"","background-media":"","overlay-type":"","overlay-color":"","overlay-opacity":"","overlay-gradient":""}}},"product_brand":[],"product_cat":[29,47],"product_tag":[],"class_list":{"0":"post-3468","1":"product","2":"type-product","3":"status-publish","4":"has-post-thumbnail","6":"product_cat-fire-pit","7":"product_cat-gas-fire-pit","8":"desktop-align-center","9":"tablet-align-left","10":"mobile-align-left","12":"first","13":"instock","14":"shipping-taxable","15":"product-type-simple"},"_links":{"self":[{"href":"https:\/\/jblcorten.com\/fr\/wp-json\/wp\/v2\/product\/3468","targetHints":{"allow":["GET"]}}],"collection":[{"href":"https:\/\/jblcorten.com\/fr\/wp-json\/wp\/v2\/product"}],"about":[{"href":"https:\/\/jblcorten.com\/fr\/wp-json\/wp\/v2\/types\/product"}],"wp:featuredmedia":[{"embeddable":true,"href":"https:\/\/jblcorten.com\/fr\/wp-json\/wp\/v2\/media\/3473"}],"wp:attachment":[{"href":"https:\/\/jblcorten.com\/fr\/wp-json\/wp\/v2\/media?parent=3468"}],"wp:term":[{"taxonomy":"product_brand","embeddable":true,"href":"https:\/\/jblcorten.com\/fr\/wp-json\/wp\/v2\/product_brand?post=3468"},{"taxonomy":"product_cat","embeddable":true,"href":"https:\/\/jblcorten.com\/fr\/wp-json\/wp\/v2\/product_cat?post=3468"},{"taxonomy":"product_tag","embeddable":true,"href":"https:\/\/jblcorten.com\/fr\/wp-json\/wp\/v2\/product_tag?post=3468"}],"curies":[{"name":"wp","href":"https:\/\/api.w.org\/{rel}","templated":true}]}}