{"id":3440,"date":"2025-06-23T15:50:55","date_gmt":"2025-06-23T07:50:55","guid":{"rendered":"https:\/\/jblcorten.com\/?post_type=product&#038;p=3440"},"modified":"2025-06-24T11:44:05","modified_gmt":"2025-06-24T03:44:05","slug":"foyers-a-bois","status":"publish","type":"product","link":"https:\/\/jblcorten.com\/fr\/wood-burning-fire-pits\/","title":{"rendered":"Foyers \u00e0 bois"},"content":{"rendered":"<h2 style=\"text-align: center;\"><span style=\"font-size: 14pt;\">Foyers \u00e0 bois<\/span><\/h2>\n<p>Le grand diam\u00e8tre de 120 cm offre un espace de combustion suffisant et peut accueillir une grande quantit\u00e9 de bois pour garantir une combustion stable \u00e0 long terme. La structure du bassin peu profond am\u00e9liore la circulation de l'oxyg\u00e8ne, ce qui rend la combustion plus compl\u00e8te et la flamme plus vigoureuse.<\/p>\n<p>La plaque d'acier de haute qualit\u00e9 de 3 mm d'\u00e9paisseur garantit la durabilit\u00e9 du produit, tandis que la conception structurelle scientifique assure une utilisation s\u00fbre. La conception du plafond inf\u00e9rieur prot\u00e8ge efficacement le sol et pr\u00e9vient les dommages caus\u00e9s par les temp\u00e9ratures \u00e9lev\u00e9es. Chaque d\u00e9tail a \u00e9t\u00e9 soigneusement \u00e9tudi\u00e9 pour offrir aux utilisateurs l'exp\u00e9rience la plus rassurante qui soit.<\/p>\n<p>En outre, le mat\u00e9riau des foyers \u00e0 bois est l'acier corten, qui poss\u00e8de des propri\u00e9t\u00e9s d'autoprotection uniques et forme une couche protectrice d'oxyde dense dans l'environnement naturel. Cette \u201ccouleur rouille\u201d est en fait le rev\u00eatement anticorrosion le plus naturel. Aucun entretien r\u00e9gulier n'est n\u00e9cessaire. Avec le temps, la texture de la surface deviendra de plus en plus riche, montrant des traces uniques du temps. La dur\u00e9e de vie normale peut atteindre 20 \u00e0 30 ans, soit plusieurs fois celle des produits en acier traditionnels.<\/p>\n<p><strong><span style=\"font-size: 14pt;\">Sp\u00e9cification du produit :<\/span><\/strong><\/p>\n<table style=\"border-collapse: collapse; width: 100%; height: 265px;\">\n<tbody>\n<tr style=\"height: 53px;\">\n<td style=\"width: 26.2902%; height: 53px; background-color: #f5f5f5;\">Nom du produit<\/td>\n<td style=\"width: 73.7098%; height: 53px; background-color: #f5f5f5;\">Foyers \u00e0 bois<\/td>\n<\/tr>\n<tr style=\"height: 53px;\">\n<td style=\"width: 26.2902%; height: 53px;\">Mat\u00e9riau<\/td>\n<td style=\"width: 73.7098%; height: 53px;\">Acier Corten<\/td>\n<\/tr>\n<tr style=\"height: 53px;\">\n<td style=\"width: 26.2902%; height: 53px; background-color: #f5f5f5;\">Diam\u00e8tre<\/td>\n<td style=\"width: 73.7098%; height: 53px; background-color: #f5f5f5;\">120cm ou sur mesure<\/td>\n<\/tr>\n<tr style=\"height: 53px;\">\n<td style=\"width: 26.2902%; height: 53px;\">\u00c9paisseur<\/td>\n<td style=\"width: 73.7098%; height: 53px;\">2-3mm<\/td>\n<\/tr>\n<tr style=\"height: 53px;\">\n<td style=\"width: 26.2902%; height: 53px; background-color: #f5f5f5;\">Finition<\/td>\n<td style=\"width: 73.7098%; height: 53px; background-color: #f5f5f5;\">Rouille naturelle<\/td>\n<\/tr>\n<\/tbody>\n<\/table>\n<p><strong><span style=\"font-size: 14pt;\">Les avantages de l'acier Corten :<\/span><\/strong><\/p>\n<ul>\n<li><strong>Anti-corrosion naturelle : <\/strong>L'acier Corten forme un film d'oxyde dense dans l'environnement naturel. Cette couche de \u201crouille\u201d est en fait la meilleure couche de protection.<\/li>\n<li><strong>Sans entretien :<\/strong> Il n'est pas n\u00e9cessaire de peindre ou d'appliquer un traitement antirouille r\u00e9guli\u00e8rement, le processus de vieillissement naturel est le meilleur entretien.<\/li>\n<li><strong>Respectueux de l'environnement :<\/strong> 100% mat\u00e9riaux recyclables, conformes aux concepts modernes de protection de l'environnement<\/li>\n<li><strong>Forte durabilit\u00e9 :<\/strong> L'utilisation normale peut atteindre 20 \u00e0 30 ans, soit 3 \u00e0 5 fois la dur\u00e9e de vie de l'acier ordinaire.<\/li>\n<\/ul>\n<p><strong><span style=\"font-size: 14pt;\">Sc\u00e9narios d'application :<\/span><\/strong><\/p>\n<ul style=\"list-style-type: circle;\">\n<li><strong>Chauffage<\/strong><br \/>\n\u00c0 la tomb\u00e9e de la nuit, on allume le bois sec, les flammes sautent et dansent, \u00e9mettant une lumi\u00e8re et une chaleur chaleureuses. La famille et les amis s'assoient autour et profitent de la chaleur apport\u00e9e par le feu.<\/li>\n<li><strong>Barbecue<\/strong><br \/>\nInstallez une grille de barbecue sp\u00e9ciale au-dessus du pot \u00e0 feu, et celui-ci se transformera instantan\u00e9ment en un \u00e9quipement professionnel de barbecue en plein air. Le charbon de bois ou le bois br\u00fblant r\u00e9guli\u00e8rement en dessous fournit une source de chaleur continue et uniforme, et le gril situ\u00e9 au-dessus permet de pr\u00e9parer une vari\u00e9t\u00e9 de mets d\u00e9licats.<\/li>\n<li><strong>Paysage aquatique<\/strong><br \/>\nRemplissez le bassin d'eau propre pour cr\u00e9er instantan\u00e9ment un paysage aquatique moderne et simple. Vous pouvez placer quelques fleurs de lotus ou des lentilles d'eau dans l'eau pour ajouter un charme naturel et \u00e9l\u00e9gant.<\/li>\n<\/ul>\n<p><img fetchpriority=\"high\" decoding=\"async\" class=\"alignnone size-full wp-image-3446\" src=\"https:\/\/jblcorten.com\/wp-content\/uploads\/2025\/06\/wood-burning-fire-pit.jpg\" alt=\"foyer \u00e0 bois\" width=\"750\" height=\"250\" title=\"\" srcset=\"https:\/\/jblcorten.com\/wp-content\/uploads\/2025\/06\/wood-burning-fire-pit.jpg 750w, https:\/\/jblcorten.com\/wp-content\/uploads\/2025\/06\/wood-burning-fire-pit-300x100.jpg 300w, https:\/\/jblcorten.com\/wp-content\/uploads\/2025\/06\/wood-burning-fire-pit-18x6.jpg 18w, https:\/\/jblcorten.com\/wp-content\/uploads\/2025\/06\/wood-burning-fire-pit-600x200.jpg 600w\" sizes=\"(max-width: 750px) 100vw, 750px\" \/><\/p>\n<p><strong><span style=\"font-size: 14pt;\">Emballage du produit :<\/span><\/strong><\/p>\n<p>Nos m\u00e9thodes d'emballage comprennent le cadre en bois, la bo\u00eete en bois et les pastilles de fer, etc.<\/p>\n<p><img decoding=\"async\" class=\"alignnone wp-image-2452\" src=\"https:\/\/jblcorten.com\/wp-content\/uploads\/2024\/08\/metal-fire-pit.jpg\" alt=\"\" width=\"750\" height=\"473\" title=\"\" srcset=\"https:\/\/jblcorten.com\/wp-content\/uploads\/2024\/08\/metal-fire-pit.jpg 711w, https:\/\/jblcorten.com\/wp-content\/uploads\/2024\/08\/metal-fire-pit-600x378.jpg 600w, https:\/\/jblcorten.com\/wp-content\/uploads\/2024\/08\/metal-fire-pit-300x189.jpg 300w, https:\/\/jblcorten.com\/wp-content\/uploads\/2024\/08\/metal-fire-pit-18x12.jpg 18w\" sizes=\"(max-width: 750px) 100vw, 750px\" \/><\/p>","protected":false},"excerpt":{"rendered":"<p>Le grand espace de combustion peut accueillir une grande quantit\u00e9 de bois et la dur\u00e9e de combustion est plus longue. En outre, ce foyer \u00e0 bois est multifonctionnel et peut \u00eatre utilis\u00e9 comme foyer, gril de barbecue, d\u00e9coration de jardin, etc.<\/p>","protected":false},"featured_media":3442,"template":"","meta":{"site-sidebar-layout":"default","site-content-layout":"","ast-site-content-layout":"default","site-content-style":"default","site-sidebar-style":"default","ast-global-header-display":"","ast-banner-title-visibility":"","ast-main-header-display":"","ast-hfb-above-header-display":"","ast-hfb-below-header-display":"","ast-hfb-mobile-header-display":"","site-post-title":"","ast-breadcrumbs-content":"","ast-featured-img":"","footer-sml-layout":"","ast-disable-related-posts":"","theme-transparent-header-meta":"default","adv-header-id-meta":"","stick-header-meta":"","header-above-stick-meta":"","header-main-stick-meta":"","header-below-stick-meta":"","astra-migrate-meta-layouts":"set","ast-page-background-enabled":"default","ast-page-background-meta":{"desktop":{"background-color":"var(--ast-global-color-4)","background-image":"","background-repeat":"repeat","background-position":"center center","background-size":"auto","background-attachment":"scroll","background-type":"","background-media":"","overlay-type":"","overlay-color":"","overlay-opacity":"","overlay-gradient":""},"tablet":{"background-color":"","background-image":"","background-repeat":"repeat","background-position":"center center","background-size":"auto","background-attachment":"scroll","background-type":"","background-media":"","overlay-type":"","overlay-color":"","overlay-opacity":"","overlay-gradient":""},"mobile":{"background-color":"","background-image":"","background-repeat":"repeat","background-position":"center center","background-size":"auto","background-attachment":"scroll","background-type":"","background-media":"","overlay-type":"","overlay-color":"","overlay-opacity":"","overlay-gradient":""}},"ast-content-background-meta":{"desktop":{"background-color":"var(--ast-global-color-5)","background-image":"","background-repeat":"repeat","background-position":"center center","background-size":"auto","background-attachment":"scroll","background-type":"","background-media":"","overlay-type":"","overlay-color":"","overlay-opacity":"","overlay-gradient":""},"tablet":{"background-color":"var(--ast-global-color-5)","background-image":"","background-repeat":"repeat","background-position":"center center","background-size":"auto","background-attachment":"scroll","background-type":"","background-media":"","overlay-type":"","overlay-color":"","overlay-opacity":"","overlay-gradient":""},"mobile":{"background-color":"var(--ast-global-color-5)","background-image":"","background-repeat":"repeat","background-position":"center center","background-size":"auto","background-attachment":"scroll","background-type":"","background-media":"","overlay-type":"","overlay-color":"","overlay-opacity":"","overlay-gradient":""}}},"product_brand":[],"product_cat":[45,29],"product_tag":[],"class_list":{"0":"post-3440","1":"product","2":"type-product","3":"status-publish","4":"has-post-thumbnail","6":"product_cat-wood-burning-fire-pit","7":"product_cat-fire-pit","8":"desktop-align-center","9":"tablet-align-left","10":"mobile-align-left","12":"first","13":"instock","14":"shipping-taxable","15":"product-type-simple"},"_links":{"self":[{"href":"https:\/\/jblcorten.com\/fr\/wp-json\/wp\/v2\/product\/3440","targetHints":{"allow":["GET"]}}],"collection":[{"href":"https:\/\/jblcorten.com\/fr\/wp-json\/wp\/v2\/product"}],"about":[{"href":"https:\/\/jblcorten.com\/fr\/wp-json\/wp\/v2\/types\/product"}],"wp:featuredmedia":[{"embeddable":true,"href":"https:\/\/jblcorten.com\/fr\/wp-json\/wp\/v2\/media\/3442"}],"wp:attachment":[{"href":"https:\/\/jblcorten.com\/fr\/wp-json\/wp\/v2\/media?parent=3440"}],"wp:term":[{"taxonomy":"product_brand","embeddable":true,"href":"https:\/\/jblcorten.com\/fr\/wp-json\/wp\/v2\/product_brand?post=3440"},{"taxonomy":"product_cat","embeddable":true,"href":"https:\/\/jblcorten.com\/fr\/wp-json\/wp\/v2\/product_cat?post=3440"},{"taxonomy":"product_tag","embeddable":true,"href":"https:\/\/jblcorten.com\/fr\/wp-json\/wp\/v2\/product_tag?post=3440"}],"curies":[{"name":"wp","href":"https:\/\/api.w.org\/{rel}","templated":true}]}}