{"id":3430,"date":"2025-06-20T16:22:59","date_gmt":"2025-06-20T08:22:59","guid":{"rendered":"https:\/\/jblcorten.com\/?post_type=product&#038;p=3430"},"modified":"2025-06-20T16:23:42","modified_gmt":"2025-06-20T08:23:42","slug":"foyer-en-acier-corten","status":"publish","type":"product","link":"https:\/\/jblcorten.com\/fr\/corten-steel-fire-pit\/","title":{"rendered":"Foyer en acier Corten"},"content":{"rendered":"<h2><span style=\"font-size: 14pt;\">Foyer en acier Corten<\/span><\/h2>\n<p>Le foyer en acier corten n'est pas seulement un foyer d'ext\u00e9rieur durable, mais aussi un barbecue portable. Il est fabriqu\u00e9 en acier de haute qualit\u00e9 r\u00e9sistant aux intemp\u00e9ries et sa surface n'a pas besoin d'\u00eatre entretenue. Plus il est utilis\u00e9, plus la surface s'oxyde naturellement pour former une couche protectrice unique de couleur rouille, qui non seulement donne au produit un aspect unique, mais am\u00e9liore aussi consid\u00e9rablement sa r\u00e9sistance \u00e0 la corrosion. M\u00eame s'il est expos\u00e9 \u00e0 l'ext\u00e9rieur toute l'ann\u00e9e, il ne n\u00e9cessite pratiquement aucun entretien.<\/p>\n<p>Le foyer est form\u00e9 par d\u00e9coupe au laser, et plusieurs modules de plaques d'acier sont assembl\u00e9s avec pr\u00e9cision. La structure est stable, rapide \u00e0 monter, facile \u00e0 d\u00e9monter, facile \u00e0 transporter et \u00e0 stocker. La partie sup\u00e9rieure est \u00e9quip\u00e9e d'une grille amovible, qui peut facilement se transformer en un barbecue enti\u00e8rement fonctionnel. Des fentes d'a\u00e9ration au fond du foyer favorisent la circulation de l'air, rendent la combustion plus compl\u00e8te et les flammes plus vigoureuses, ce qui permet d'\u00e9conomiser du combustible et d'am\u00e9liorer l'efficacit\u00e9.<\/p>\n<p><img fetchpriority=\"high\" decoding=\"async\" class=\"alignnone size-full wp-image-3435\" src=\"https:\/\/jblcorten.com\/wp-content\/uploads\/2025\/06\/fire-pit-bbq.jpg\" alt=\"fosse de feu bbq\" width=\"750\" height=\"375\" title=\"\" srcset=\"https:\/\/jblcorten.com\/wp-content\/uploads\/2025\/06\/fire-pit-bbq.jpg 750w, https:\/\/jblcorten.com\/wp-content\/uploads\/2025\/06\/fire-pit-bbq-300x150.jpg 300w, https:\/\/jblcorten.com\/wp-content\/uploads\/2025\/06\/fire-pit-bbq-18x9.jpg 18w, https:\/\/jblcorten.com\/wp-content\/uploads\/2025\/06\/fire-pit-bbq-600x300.jpg 600w\" sizes=\"(max-width: 750px) 100vw, 750px\" \/><\/p>\n<p><strong><span style=\"font-size: 14pt;\">Sp\u00e9cification du produit :<\/span><\/strong><\/p>\n<table style=\"border-collapse: collapse; width: 100%;\">\n<tbody>\n<tr>\n<td style=\"width: 18.8108%; background-color: #f5f5f5;\">Type de produit<\/td>\n<td style=\"width: 81.1892%;\">Foyer<\/td>\n<\/tr>\n<tr>\n<td style=\"width: 18.8108%; background-color: #f5f5f5;\">Mat\u00e9riau<\/td>\n<td style=\"width: 81.1892%;\">Acier Corten<\/td>\n<\/tr>\n<tr>\n<td style=\"width: 18.8108%; background-color: #f5f5f5;\">Taille<\/td>\n<td style=\"width: 81.1892%;\">90*40*40cm<\/td>\n<\/tr>\n<tr>\n<td style=\"width: 18.8108%; background-color: #f5f5f5;\">\u00c9paisseur<\/td>\n<td style=\"width: 81.1892%;\">3mm<\/td>\n<\/tr>\n<tr>\n<td style=\"width: 18.8108%; background-color: #f5f5f5;\">Traitement de surface<\/td>\n<td style=\"width: 81.1892%;\">Surface rouill\u00e9e oxyd\u00e9e d'origine, pas besoin de peinture<\/td>\n<\/tr>\n<tr>\n<td style=\"width: 18.8108%; background-color: #f5f5f5;\">Accessoires<\/td>\n<td style=\"width: 81.1892%;\">Grille amovible (acier inoxydable)<\/td>\n<\/tr>\n<\/tbody>\n<\/table>\n<p><strong><span style=\"font-size: 14pt;\">D\u00e9tails du produit :<\/span><\/strong><\/p>\n<p><img decoding=\"async\" class=\"alignnone wp-image-3438 size-full\" src=\"https:\/\/jblcorten.com\/wp-content\/uploads\/2025\/06\/Rusty-Steel-Fire-Pit.jpg\" alt=\"Foyer en acier rouill\u00e9\" width=\"750\" height=\"730\" title=\"\" srcset=\"https:\/\/jblcorten.com\/wp-content\/uploads\/2025\/06\/Rusty-Steel-Fire-Pit.jpg 750w, https:\/\/jblcorten.com\/wp-content\/uploads\/2025\/06\/Rusty-Steel-Fire-Pit-300x292.jpg 300w, https:\/\/jblcorten.com\/wp-content\/uploads\/2025\/06\/Rusty-Steel-Fire-Pit-12x12.jpg 12w, https:\/\/jblcorten.com\/wp-content\/uploads\/2025\/06\/Rusty-Steel-Fire-Pit-600x584.jpg 600w\" sizes=\"(max-width: 750px) 100vw, 750px\" \/><\/p>\n<p><img decoding=\"async\" class=\"alignnone size-full wp-image-3432\" src=\"https:\/\/jblcorten.com\/wp-content\/uploads\/2025\/06\/Corten-Steel-Outdoor-Fireplace.jpg\" alt=\"Chemin\u00e9e d&#039;ext\u00e9rieur en acier Corten\" width=\"750\" height=\"750\" title=\"\" srcset=\"https:\/\/jblcorten.com\/wp-content\/uploads\/2025\/06\/Corten-Steel-Outdoor-Fireplace.jpg 750w, https:\/\/jblcorten.com\/wp-content\/uploads\/2025\/06\/Corten-Steel-Outdoor-Fireplace-300x300.jpg 300w, https:\/\/jblcorten.com\/wp-content\/uploads\/2025\/06\/Corten-Steel-Outdoor-Fireplace-150x150.jpg 150w, https:\/\/jblcorten.com\/wp-content\/uploads\/2025\/06\/Corten-Steel-Outdoor-Fireplace-12x12.jpg 12w, https:\/\/jblcorten.com\/wp-content\/uploads\/2025\/06\/Corten-Steel-Outdoor-Fireplace-600x600.jpg 600w, https:\/\/jblcorten.com\/wp-content\/uploads\/2025\/06\/Corten-Steel-Outdoor-Fireplace-100x100.jpg 100w\" sizes=\"(max-width: 750px) 100vw, 750px\" \/><\/p>","protected":false},"excerpt":{"rendered":"<p>Le foyer en acier corten est stable dans sa structure, l\u00e9ger et portable. Il est \u00e9quip\u00e9 d'un gril et peut \u00eatre utilis\u00e9 \u00e0 la fois pour chauffer le foyer et pour faire des barbecues en plein air.<\/p>","protected":false},"featured_media":3431,"template":"","meta":{"site-sidebar-layout":"default","site-content-layout":"","ast-site-content-layout":"default","site-content-style":"default","site-sidebar-style":"default","ast-global-header-display":"","ast-banner-title-visibility":"","ast-main-header-display":"","ast-hfb-above-header-display":"","ast-hfb-below-header-display":"","ast-hfb-mobile-header-display":"","site-post-title":"","ast-breadcrumbs-content":"","ast-featured-img":"","footer-sml-layout":"","ast-disable-related-posts":"","theme-transparent-header-meta":"default","adv-header-id-meta":"","stick-header-meta":"","header-above-stick-meta":"","header-main-stick-meta":"","header-below-stick-meta":"","astra-migrate-meta-layouts":"set","ast-page-background-enabled":"default","ast-page-background-meta":{"desktop":{"background-color":"var(--ast-global-color-4)","background-image":"","background-repeat":"repeat","background-position":"center center","background-size":"auto","background-attachment":"scroll","background-type":"","background-media":"","overlay-type":"","overlay-color":"","overlay-opacity":"","overlay-gradient":""},"tablet":{"background-color":"","background-image":"","background-repeat":"repeat","background-position":"center center","background-size":"auto","background-attachment":"scroll","background-type":"","background-media":"","overlay-type":"","overlay-color":"","overlay-opacity":"","overlay-gradient":""},"mobile":{"background-color":"","background-image":"","background-repeat":"repeat","background-position":"center center","background-size":"auto","background-attachment":"scroll","background-type":"","background-media":"","overlay-type":"","overlay-color":"","overlay-opacity":"","overlay-gradient":""}},"ast-content-background-meta":{"desktop":{"background-color":"var(--ast-global-color-5)","background-image":"","background-repeat":"repeat","background-position":"center center","background-size":"auto","background-attachment":"scroll","background-type":"","background-media":"","overlay-type":"","overlay-color":"","overlay-opacity":"","overlay-gradient":""},"tablet":{"background-color":"var(--ast-global-color-5)","background-image":"","background-repeat":"repeat","background-position":"center center","background-size":"auto","background-attachment":"scroll","background-type":"","background-media":"","overlay-type":"","overlay-color":"","overlay-opacity":"","overlay-gradient":""},"mobile":{"background-color":"var(--ast-global-color-5)","background-image":"","background-repeat":"repeat","background-position":"center center","background-size":"auto","background-attachment":"scroll","background-type":"","background-media":"","overlay-type":"","overlay-color":"","overlay-opacity":"","overlay-gradient":""}}},"product_brand":[],"product_cat":[29,45],"product_tag":[77,76,75],"class_list":{"0":"post-3430","1":"product","2":"type-product","3":"status-publish","4":"has-post-thumbnail","6":"product_cat-fire-pit","7":"product_cat-wood-burning-fire-pit","8":"product_tag-bbq-fire-pit","9":"product_tag-corten-fire-pit","10":"product_tag-corten-steel-fire-pit","11":"desktop-align-center","12":"tablet-align-left","13":"mobile-align-left","15":"first","16":"instock","17":"shipping-taxable","18":"product-type-simple"},"_links":{"self":[{"href":"https:\/\/jblcorten.com\/fr\/wp-json\/wp\/v2\/product\/3430","targetHints":{"allow":["GET"]}}],"collection":[{"href":"https:\/\/jblcorten.com\/fr\/wp-json\/wp\/v2\/product"}],"about":[{"href":"https:\/\/jblcorten.com\/fr\/wp-json\/wp\/v2\/types\/product"}],"wp:featuredmedia":[{"embeddable":true,"href":"https:\/\/jblcorten.com\/fr\/wp-json\/wp\/v2\/media\/3431"}],"wp:attachment":[{"href":"https:\/\/jblcorten.com\/fr\/wp-json\/wp\/v2\/media?parent=3430"}],"wp:term":[{"taxonomy":"product_brand","embeddable":true,"href":"https:\/\/jblcorten.com\/fr\/wp-json\/wp\/v2\/product_brand?post=3430"},{"taxonomy":"product_cat","embeddable":true,"href":"https:\/\/jblcorten.com\/fr\/wp-json\/wp\/v2\/product_cat?post=3430"},{"taxonomy":"product_tag","embeddable":true,"href":"https:\/\/jblcorten.com\/fr\/wp-json\/wp\/v2\/product_tag?post=3430"}],"curies":[{"name":"wp","href":"https:\/\/api.w.org\/{rel}","templated":true}]}}