{"id":3421,"date":"2025-06-20T10:57:06","date_gmt":"2025-06-20T02:57:06","guid":{"rendered":"https:\/\/jblcorten.com\/?post_type=product&#038;p=3421"},"modified":"2025-06-20T10:58:21","modified_gmt":"2025-06-20T02:58:21","slug":"cheminee-murale-a-bois-2","status":"publish","type":"product","link":"https:\/\/jblcorten.com\/fr\/wall-mounted-wood-burning-fireplace\/","title":{"rendered":"Chemin\u00e9e murale \u00e0 bois"},"content":{"rendered":"<h2 style=\"text-align: center;\"><span style=\"font-size: 14pt;\">Chemin\u00e9e murale \u00e0 bois<\/span><\/h2>\n<p>La chemin\u00e9e \u00e0 bois murale est un appareil de chauffage au bois d'int\u00e9rieur. Elle adopte une structure circulaire tr\u00e8s \u00e9labor\u00e9e et est \u00e9quip\u00e9e d'une vitre transparente \u00e0 haute temp\u00e9rature sur le devant, de sorte que la flamme br\u00fblante \u00e0 l'int\u00e9rieur peut \u00eatre vue d'un seul coup d'\u0153il, cr\u00e9ant ainsi un impact visuel chaleureux et choquant.<\/p>\n<p>Le corps du po\u00eale est fabriqu\u00e9 en acier au carbone r\u00e9sistant aux hautes temp\u00e9ratures et a subi plusieurs processus de rev\u00eatement \u00e0 haute temp\u00e9rature, ce qui lui conf\u00e8re une excellente r\u00e9sistance \u00e0 l'oxydation et \u00e0 la corrosion. Pendant le processus de combustion, le corps du po\u00eale peut conduire l'\u00e9nergie thermique de mani\u00e8re stable et augmenter rapidement la temp\u00e9rature ambiante. En m\u00eame temps, la flamme est contr\u00f4l\u00e9e dans le four ferm\u00e9, ce qui am\u00e9liore la s\u00e9curit\u00e9 d'utilisation et l'efficacit\u00e9 \u00e9nerg\u00e9tique.<\/p>\n<p><strong><em>D\u00e9tails du produit :<\/em><\/strong><\/p>\n<ul>\n<li>Fa\u00e7ade : Porte en verre thermor\u00e9sistant haute d\u00e9finition, ouverture circulaire, l'effet de flamme est tr\u00e8s d\u00e9coratif ;<\/li>\n<li>C\u00f4t\u00e9 : Simple, sans lignes superflues, poign\u00e9es en m\u00e9tal et en bois, am\u00e9liorant la sensation d'utilisation ;<\/li>\n<li>En haut : reli\u00e9 \u00e0 la chemin\u00e9e, la fum\u00e9e est \u00e9vacu\u00e9e en douceur, ce qui am\u00e9liore la qualit\u00e9 de l'air ;<\/li>\n<li>Bas : Conception suspendue, sans contact direct avec le sol, facile \u00e0 nettoyer ;<\/li>\n<li>Autres : Un dispositif situ\u00e9 sous la porte vitr\u00e9e permet de r\u00e9gler manuellement la taille de la flamme, ce qui est facile \u00e0 utiliser.<\/li>\n<\/ul>\n<p><img fetchpriority=\"high\" decoding=\"async\" class=\"alignnone size-full wp-image-3427\" src=\"https:\/\/jblcorten.com\/wp-content\/uploads\/2025\/06\/Wall-Mounted-Wood-Burning-Fireplace-2.jpg\" alt=\"Chemin\u00e9e murale \u00e0 bois\" width=\"750\" height=\"421\" title=\"\" srcset=\"https:\/\/jblcorten.com\/wp-content\/uploads\/2025\/06\/Wall-Mounted-Wood-Burning-Fireplace-2.jpg 750w, https:\/\/jblcorten.com\/wp-content\/uploads\/2025\/06\/Wall-Mounted-Wood-Burning-Fireplace-2-300x168.jpg 300w, https:\/\/jblcorten.com\/wp-content\/uploads\/2025\/06\/Wall-Mounted-Wood-Burning-Fireplace-2-18x10.jpg 18w, https:\/\/jblcorten.com\/wp-content\/uploads\/2025\/06\/Wall-Mounted-Wood-Burning-Fireplace-2-600x337.jpg 600w\" sizes=\"(max-width: 750px) 100vw, 750px\" \/><\/p>\n<p><strong><span style=\"font-size: 14pt;\">Sp\u00e9cification du produit :<\/span><\/strong><\/p>\n<table style=\"border-collapse: collapse; width: 100%;\">\n<tbody>\n<tr>\n<td style=\"width: 29.5064%; background-color: #f5f5f5;\">Nom du produit<\/td>\n<td style=\"width: 70.4936%;\">Chemin\u00e9e murale \u00e0 bois<\/td>\n<\/tr>\n<tr>\n<td style=\"width: 29.5064%; background-color: #f5f5f5;\">Mat\u00e9riau<\/td>\n<td style=\"width: 70.4936%;\">Acier au carbone ou acier<\/td>\n<\/tr>\n<tr>\n<td style=\"width: 29.5064%; background-color: #f5f5f5;\">Carburant<\/td>\n<td style=\"width: 70.4936%;\">Bois<\/td>\n<\/tr>\n<tr>\n<td style=\"width: 29.5064%; background-color: #f5f5f5;\">Taille<\/td>\n<td style=\"width: 70.4936%;\">850*620*480mm<\/td>\n<\/tr>\n<tr>\n<td style=\"width: 29.5064%; background-color: #f5f5f5;\">Traitement de surface<\/td>\n<td style=\"width: 70.4936%;\">Peinture noire en a\u00e9rosol pour hautes temp\u00e9ratures, antirouille et r\u00e9sistante aux hautes temp\u00e9ratures<\/td>\n<\/tr>\n<\/tbody>\n<\/table>\n<p><strong><span style=\"font-size: 14pt;\">M\u00e9thode d'emballage :<\/span><\/strong><\/p>\n<p>Un emballage protecteur multicouche est utilis\u00e9 : le corps du four est envelopp\u00e9 d'un coton perl\u00e9 \u00e9pais, la couche ext\u00e9rieure est recouverte d'un carton dur, et la chemin\u00e9e et les autres accessoires sont emball\u00e9s individuellement et remplis de mat\u00e9riaux de rembourrage pour \u00e9viter qu'ils ne soient heurt\u00e9s ou endommag\u00e9s pendant le transport.<\/p>\n<p><img decoding=\"async\" class=\"alignnone size-full wp-image-3429\" src=\"https:\/\/jblcorten.com\/wp-content\/uploads\/2025\/06\/wall-mounted-wood-stove-1.jpg\" alt=\"po\u00eale \u00e0 bois mural\" width=\"750\" height=\"750\" title=\"\" srcset=\"https:\/\/jblcorten.com\/wp-content\/uploads\/2025\/06\/wall-mounted-wood-stove-1.jpg 750w, https:\/\/jblcorten.com\/wp-content\/uploads\/2025\/06\/wall-mounted-wood-stove-1-300x300.jpg 300w, https:\/\/jblcorten.com\/wp-content\/uploads\/2025\/06\/wall-mounted-wood-stove-1-150x150.jpg 150w, https:\/\/jblcorten.com\/wp-content\/uploads\/2025\/06\/wall-mounted-wood-stove-1-12x12.jpg 12w, https:\/\/jblcorten.com\/wp-content\/uploads\/2025\/06\/wall-mounted-wood-stove-1-600x600.jpg 600w, https:\/\/jblcorten.com\/wp-content\/uploads\/2025\/06\/wall-mounted-wood-stove-1-100x100.jpg 100w\" sizes=\"(max-width: 750px) 100vw, 750px\" \/><\/p>\n<p><img decoding=\"async\" class=\"alignnone size-full wp-image-3428\" src=\"https:\/\/jblcorten.com\/wp-content\/uploads\/2025\/06\/wall-mounted-fireplace-heaters.jpg\" alt=\"chauffages muraux pour chemin\u00e9es\" width=\"750\" height=\"421\" title=\"\" srcset=\"https:\/\/jblcorten.com\/wp-content\/uploads\/2025\/06\/wall-mounted-fireplace-heaters.jpg 750w, https:\/\/jblcorten.com\/wp-content\/uploads\/2025\/06\/wall-mounted-fireplace-heaters-300x168.jpg 300w, https:\/\/jblcorten.com\/wp-content\/uploads\/2025\/06\/wall-mounted-fireplace-heaters-18x10.jpg 18w, https:\/\/jblcorten.com\/wp-content\/uploads\/2025\/06\/wall-mounted-fireplace-heaters-600x337.jpg 600w\" sizes=\"(max-width: 750px) 100vw, 750px\" \/><\/p>","protected":false},"excerpt":{"rendered":"<p>La chemin\u00e9e murale \u00e0 bois est de forme ronde, avec une finition noire mate. La porte ronde en verre r\u00e9sistant \u00e0 la chaleur sur le devant montre clairement la dynamique de la flamme qui br\u00fble \u00e0 l'int\u00e9rieur. Les dimensions personnalis\u00e9es sont accept\u00e9es.<\/p>","protected":false},"featured_media":3422,"template":"","meta":{"site-sidebar-layout":"default","site-content-layout":"","ast-site-content-layout":"default","site-content-style":"default","site-sidebar-style":"default","ast-global-header-display":"","ast-banner-title-visibility":"","ast-main-header-display":"","ast-hfb-above-header-display":"","ast-hfb-below-header-display":"","ast-hfb-mobile-header-display":"","site-post-title":"","ast-breadcrumbs-content":"","ast-featured-img":"","footer-sml-layout":"","ast-disable-related-posts":"","theme-transparent-header-meta":"default","adv-header-id-meta":"","stick-header-meta":"","header-above-stick-meta":"","header-main-stick-meta":"","header-below-stick-meta":"","astra-migrate-meta-layouts":"set","ast-page-background-enabled":"default","ast-page-background-meta":{"desktop":{"background-color":"var(--ast-global-color-4)","background-image":"","background-repeat":"repeat","background-position":"center center","background-size":"auto","background-attachment":"scroll","background-type":"","background-media":"","overlay-type":"","overlay-color":"","overlay-opacity":"","overlay-gradient":""},"tablet":{"background-color":"","background-image":"","background-repeat":"repeat","background-position":"center center","background-size":"auto","background-attachment":"scroll","background-type":"","background-media":"","overlay-type":"","overlay-color":"","overlay-opacity":"","overlay-gradient":""},"mobile":{"background-color":"","background-image":"","background-repeat":"repeat","background-position":"center center","background-size":"auto","background-attachment":"scroll","background-type":"","background-media":"","overlay-type":"","overlay-color":"","overlay-opacity":"","overlay-gradient":""}},"ast-content-background-meta":{"desktop":{"background-color":"var(--ast-global-color-5)","background-image":"","background-repeat":"repeat","background-position":"center center","background-size":"auto","background-attachment":"scroll","background-type":"","background-media":"","overlay-type":"","overlay-color":"","overlay-opacity":"","overlay-gradient":""},"tablet":{"background-color":"var(--ast-global-color-5)","background-image":"","background-repeat":"repeat","background-position":"center center","background-size":"auto","background-attachment":"scroll","background-type":"","background-media":"","overlay-type":"","overlay-color":"","overlay-opacity":"","overlay-gradient":""},"mobile":{"background-color":"var(--ast-global-color-5)","background-image":"","background-repeat":"repeat","background-position":"center center","background-size":"auto","background-attachment":"scroll","background-type":"","background-media":"","overlay-type":"","overlay-color":"","overlay-opacity":"","overlay-gradient":""}}},"product_brand":[],"product_cat":[30],"product_tag":[],"class_list":{"0":"post-3421","1":"product","2":"type-product","3":"status-publish","4":"has-post-thumbnail","6":"product_cat-fireplace","7":"desktop-align-center","8":"tablet-align-left","9":"mobile-align-left","11":"first","12":"instock","13":"shipping-taxable","14":"product-type-simple"},"_links":{"self":[{"href":"https:\/\/jblcorten.com\/fr\/wp-json\/wp\/v2\/product\/3421","targetHints":{"allow":["GET"]}}],"collection":[{"href":"https:\/\/jblcorten.com\/fr\/wp-json\/wp\/v2\/product"}],"about":[{"href":"https:\/\/jblcorten.com\/fr\/wp-json\/wp\/v2\/types\/product"}],"wp:featuredmedia":[{"embeddable":true,"href":"https:\/\/jblcorten.com\/fr\/wp-json\/wp\/v2\/media\/3422"}],"wp:attachment":[{"href":"https:\/\/jblcorten.com\/fr\/wp-json\/wp\/v2\/media?parent=3421"}],"wp:term":[{"taxonomy":"product_brand","embeddable":true,"href":"https:\/\/jblcorten.com\/fr\/wp-json\/wp\/v2\/product_brand?post=3421"},{"taxonomy":"product_cat","embeddable":true,"href":"https:\/\/jblcorten.com\/fr\/wp-json\/wp\/v2\/product_cat?post=3421"},{"taxonomy":"product_tag","embeddable":true,"href":"https:\/\/jblcorten.com\/fr\/wp-json\/wp\/v2\/product_tag?post=3421"}],"curies":[{"name":"wp","href":"https:\/\/api.w.org\/{rel}","templated":true}]}}