{"id":3397,"date":"2025-06-18T16:30:40","date_gmt":"2025-06-18T08:30:40","guid":{"rendered":"https:\/\/jblcorten.com\/?post_type=product&#038;p=3397"},"modified":"2025-06-18T16:43:42","modified_gmt":"2025-06-18T08:43:42","slug":"poele-a-bois-mural","status":"publish","type":"product","link":"https:\/\/jblcorten.com\/fr\/wall-mounted-wood-burning-stove\/","title":{"rendered":"Po\u00eale \u00e0 bois mural"},"content":{"rendered":"<h2 style=\"text-align: left;\"><span style=\"font-size: 14pt;\">Po\u00eale \u00e0 bois mural<\/span><\/h2>\n<p>Ce po\u00eale est une chemin\u00e9e \u00e0 bois au design moderne et aux performances pratiques, con\u00e7ue pour une installation murale int\u00e9rieure. L'ensemble du po\u00eale est fabriqu\u00e9 \u00e0 partir d'une structure m\u00e9tallique solide, avec une apparence ronde, un style simple mais beau, et peut \u00eatre facilement int\u00e9gr\u00e9 dans une vari\u00e9t\u00e9 de styles de d\u00e9coration int\u00e9rieure.<\/p>\n<p>En ce qui concerne la m\u00e9thode d'installation, le po\u00eale \u00e0 bois mural adopte un design suspendu, qui doit \u00eatre fix\u00e9 contre le mur, et il est fermement install\u00e9 sur le mur porteur avec de solides clous en fer, ce qui permet non seulement d'\u00e9conomiser de l'espace au sol, mais aussi d'avoir un aspect plus \u00e0 la mode et plus l\u00e9ger. L'avant du po\u00eale est \u00e9quip\u00e9 d'une porte ronde en verre transparent, qui permet d'observer clairement l'\u00e9tat de la combustion dans le four, de faire du saut de la flamme une image vivante dans la pi\u00e8ce, et d'emp\u00eacher efficacement les \u00e9tincelles de voler, am\u00e9liorant ainsi la s\u00e9curit\u00e9 d'utilisation.<\/p>\n<p><img fetchpriority=\"high\" decoding=\"async\" class=\"alignnone wp-image-1404\" src=\"https:\/\/jblcorten.com\/wp-content\/uploads\/2024\/11\/wall-mounted-wood-burning-stove.jpg\" alt=\"\" width=\"750\" height=\"513\" title=\"\" srcset=\"https:\/\/jblcorten.com\/wp-content\/uploads\/2024\/11\/wall-mounted-wood-burning-stove.jpg 1124w, https:\/\/jblcorten.com\/wp-content\/uploads\/2024\/11\/wall-mounted-wood-burning-stove-600x410.jpg 600w, https:\/\/jblcorten.com\/wp-content\/uploads\/2024\/11\/wall-mounted-wood-burning-stove-300x205.jpg 300w, https:\/\/jblcorten.com\/wp-content\/uploads\/2024\/11\/wall-mounted-wood-burning-stove-1024x701.jpg 1024w, https:\/\/jblcorten.com\/wp-content\/uploads\/2024\/11\/wall-mounted-wood-burning-stove-768x525.jpg 768w\" sizes=\"(max-width: 750px) 100vw, 750px\" \/><\/p>\n<p>En termes de combustible, ce po\u00eale \u00e0 bois mural br\u00fble principalement du bois, utilisant du bois naturel pour br\u00fbler, fournissant une source de chaleur chaude et confortable, et apportant l'atmosph\u00e8re chaleureuse de la combustion traditionnelle du bois de chauffage. Le po\u00eale \u00e0 bois est \u00e9quip\u00e9 d'un dispositif de r\u00e9glage de la taille de la flamme, et les utilisateurs peuvent librement contr\u00f4ler la puissance du feu en fonction des besoins r\u00e9els de chauffage, ce qui est pratique \u00e0 utiliser et am\u00e9liore l'efficacit\u00e9 de l'utilisation.<\/p>\n<p>En outre, le po\u00eale \u00e0 bois mural est \u00e9quip\u00e9 d'une plate-forme en fer qui peut \u00eatre utilis\u00e9e pour chauffer une bouilloire ou de petits ustensiles de cuisine, et peut remplir les fonctions de chauffage de l'eau chaude ou d'isolation tout en chauffant, am\u00e9liorant ainsi la polyvalence de la chemin\u00e9e. Sa chemin\u00e9e int\u00e9gr\u00e9e \u00e9vacue efficacement la fum\u00e9e, garantit un air int\u00e9rieur frais et am\u00e9liore l'exp\u00e9rience globale de l'utilisateur.<\/p>\n<p><span style=\"color: #2bb332;\"><strong><span style=\"font-size: 14pt;\">Sp\u00e9cification du produit :<\/span><\/strong><\/span><\/p>\n<table style=\"border-collapse: collapse; width: 100%;\">\n<tbody>\n<tr>\n<td style=\"width: 15.2767%; background-color: #f5f5f5;\">Nom du produit<\/td>\n<td style=\"width: 84.7233%;\" colspan=\"3\">Po\u00eale \u00e0 bois mural<\/td>\n<\/tr>\n<tr>\n<td style=\"width: 15.2767%; background-color: #f5f5f5;\">\u00c9paisseur de l'acier<\/td>\n<td style=\"width: 28.3658%;\">6 mm, selon les besoins<\/td>\n<td style=\"width: 21.6343%; background-color: #f5f5f5;\">Couleur<\/td>\n<td style=\"width: 34.7232%;\">Noir ou personnalis\u00e9<\/td>\n<\/tr>\n<tr>\n<td style=\"width: 15.2767%; background-color: #f5f5f5;\">Carburant<\/td>\n<td style=\"width: 28.3658%;\">Bois<\/td>\n<td style=\"width: 21.6343%; background-color: #f5f5f5;\">Mat\u00e9riau<\/td>\n<td style=\"width: 34.7232%;\">Acier au carbone\/acier inoxydable, etc.<\/td>\n<\/tr>\n<tr>\n<td style=\"width: 15.2767%; background-color: #f5f5f5;\">Avantage<\/td>\n<td style=\"width: 28.3658%;\">Respectueux de l'environnement, installation facile<\/td>\n<td style=\"width: 21.6343%; background-color: #f5f5f5;\">Modes d'emballage<\/td>\n<td style=\"width: 34.7232%;\">Palette\/caisse en bois, etc.<\/td>\n<\/tr>\n<tr>\n<td style=\"width: 15.2767%; background-color: #f5f5f5;\">Taille<\/td>\n<td style=\"width: 28.3658%;\">Rond 80cm\/ 100cm\/ etc<\/td>\n<td style=\"width: 21.6343%; background-color: #f5f5f5;\">Style<\/td>\n<td style=\"width: 34.7232%;\">Chemin\u00e9e d'int\u00e9rieur moderne<\/td>\n<\/tr>\n<\/tbody>\n<\/table>\n<p><span style=\"font-size: 14pt; color: #2bb332;\"><strong>Conseils pour l'utilisation du po\u00eale \u00e0 bois mural :<\/strong><\/span><\/p>\n<ul>\n<li><strong>Choisissez la bonne taille et la bonne capacit\u00e9 :<\/strong> Les po\u00eales \u00e0 bois muraux existent en diff\u00e9rentes tailles et capacit\u00e9s de production, il est donc important d'en choisir un qui corresponde \u00e0 la taille et \u00e0 l'agencement de votre maison. Un po\u00eale plus grand produira plus de chaleur, mais consommera \u00e9galement plus de bois et n\u00e9cessitera une plus grande ventilation.<\/li>\n<li><strong>Gardez votre chemin\u00e9e propre :<\/strong> Il est essentiel de maintenir votre chemin\u00e9e ou votre conduit de fum\u00e9e propre et exempt de d\u00e9bris afin d'\u00e9viter tout reflux de fum\u00e9e ou de monoxyde de carbone.<\/li>\n<li><strong>Utilisez du bois sec et sec :<\/strong> Le bois humide ou non s\u00e9ch\u00e9 produit moins de chaleur et plus de fum\u00e9e et de cr\u00e9osote, ce qui peut obstruer votre chemin\u00e9e et cr\u00e9er un risque d'incendie. Utilisez des bois durs secs et secs, comme le ch\u00eane, l'\u00e9rable ou le fr\u00eane, qui ont un rendement thermique plus \u00e9lev\u00e9 et br\u00fblent plus proprement.<\/li>\n<li><strong>Contr\u00f4ler la temp\u00e9rature :<\/strong> V\u00e9rifiez toujours la temp\u00e9rature de la pi\u00e8ce et fermez ou ouvrez les bouches d'a\u00e9ration en cons\u00e9quence. Laisser les bouches d'a\u00e9ration ouvertes augmente le rendement thermique, tandis que les fermer diminue le rendement thermique mais augmente l'efficacit\u00e9 \u00e9nerg\u00e9tique.<\/li>\n<\/ul>\n<p><img decoding=\"async\" class=\"alignnone size-full wp-image-3405\" src=\"https:\/\/jblcorten.com\/wp-content\/uploads\/2025\/06\/wood-stove-wall-mount.jpg\" alt=\"support mural pour po\u00eale \u00e0 bois\" width=\"750\" height=\"250\" title=\"\" srcset=\"https:\/\/jblcorten.com\/wp-content\/uploads\/2025\/06\/wood-stove-wall-mount.jpg 750w, https:\/\/jblcorten.com\/wp-content\/uploads\/2025\/06\/wood-stove-wall-mount-300x100.jpg 300w, https:\/\/jblcorten.com\/wp-content\/uploads\/2025\/06\/wood-stove-wall-mount-18x6.jpg 18w, https:\/\/jblcorten.com\/wp-content\/uploads\/2025\/06\/wood-stove-wall-mount-600x200.jpg 600w\" sizes=\"(max-width: 750px) 100vw, 750px\" \/><\/p>\n<p><span style=\"color: #2bb332;\"><strong><span style=\"font-size: 14pt;\">M\u00e9thode d'installation :<\/span><\/strong><\/span><\/p>\n<p><img decoding=\"async\" class=\"alignnone size-full wp-image-3406\" src=\"https:\/\/jblcorten.com\/wp-content\/uploads\/2025\/06\/Installation-Diagram.jpg\" alt=\"Sch\u00e9ma d&#039;installation\" width=\"750\" height=\"874\" title=\"\" srcset=\"https:\/\/jblcorten.com\/wp-content\/uploads\/2025\/06\/Installation-Diagram.jpg 750w, https:\/\/jblcorten.com\/wp-content\/uploads\/2025\/06\/Installation-Diagram-257x300.jpg 257w, https:\/\/jblcorten.com\/wp-content\/uploads\/2025\/06\/Installation-Diagram-10x12.jpg 10w, https:\/\/jblcorten.com\/wp-content\/uploads\/2025\/06\/Installation-Diagram-600x699.jpg 600w\" sizes=\"(max-width: 750px) 100vw, 750px\" \/><\/p>\n<p><span style=\"color: #2bb332;\"><strong><span style=\"font-size: 14pt;\">D\u00e9tails du produit :<\/span><\/strong><\/span><\/p>\n<p><img loading=\"lazy\" decoding=\"async\" class=\"alignnone size-full wp-image-1457\" src=\"https:\/\/jblcorten.com\/wp-content\/uploads\/2024\/10\/wall-mounted-wood-burning-stove.jpg\" alt=\"po\u00eale \u00e0 bois mural\" width=\"750\" height=\"750\" title=\"\" srcset=\"https:\/\/jblcorten.com\/wp-content\/uploads\/2024\/10\/wall-mounted-wood-burning-stove.jpg 750w, https:\/\/jblcorten.com\/wp-content\/uploads\/2024\/10\/wall-mounted-wood-burning-stove-600x600.jpg 600w, https:\/\/jblcorten.com\/wp-content\/uploads\/2024\/10\/wall-mounted-wood-burning-stove-100x100.jpg 100w, https:\/\/jblcorten.com\/wp-content\/uploads\/2024\/10\/wall-mounted-wood-burning-stove-300x300.jpg 300w, https:\/\/jblcorten.com\/wp-content\/uploads\/2024\/10\/wall-mounted-wood-burning-stove-150x150.jpg 150w\" sizes=\"(max-width: 750px) 100vw, 750px\" \/><\/p>\n<p><img loading=\"lazy\" decoding=\"async\" class=\"alignnone size-full wp-image-3400\" src=\"https:\/\/jblcorten.com\/wp-content\/uploads\/2025\/06\/wall-hung-wood-burning-stove.jpg\" alt=\"po\u00eale \u00e0 bois mural\" width=\"750\" height=\"750\" title=\"\" srcset=\"https:\/\/jblcorten.com\/wp-content\/uploads\/2025\/06\/wall-hung-wood-burning-stove.jpg 750w, https:\/\/jblcorten.com\/wp-content\/uploads\/2025\/06\/wall-hung-wood-burning-stove-300x300.jpg 300w, https:\/\/jblcorten.com\/wp-content\/uploads\/2025\/06\/wall-hung-wood-burning-stove-150x150.jpg 150w, https:\/\/jblcorten.com\/wp-content\/uploads\/2025\/06\/wall-hung-wood-burning-stove-12x12.jpg 12w, https:\/\/jblcorten.com\/wp-content\/uploads\/2025\/06\/wall-hung-wood-burning-stove-600x600.jpg 600w, https:\/\/jblcorten.com\/wp-content\/uploads\/2025\/06\/wall-hung-wood-burning-stove-100x100.jpg 100w\" sizes=\"(max-width: 750px) 100vw, 750px\" \/><\/p>\n<p><img loading=\"lazy\" decoding=\"async\" class=\"alignnone size-full wp-image-3402\" src=\"https:\/\/jblcorten.com\/wp-content\/uploads\/2025\/06\/wall-mounted-wood-burning-fireplace.jpg\" alt=\"chemin\u00e9e murale \u00e0 bois\" width=\"750\" height=\"750\" title=\"\" srcset=\"https:\/\/jblcorten.com\/wp-content\/uploads\/2025\/06\/wall-mounted-wood-burning-fireplace.jpg 750w, https:\/\/jblcorten.com\/wp-content\/uploads\/2025\/06\/wall-mounted-wood-burning-fireplace-300x300.jpg 300w, https:\/\/jblcorten.com\/wp-content\/uploads\/2025\/06\/wall-mounted-wood-burning-fireplace-150x150.jpg 150w, https:\/\/jblcorten.com\/wp-content\/uploads\/2025\/06\/wall-mounted-wood-burning-fireplace-12x12.jpg 12w, https:\/\/jblcorten.com\/wp-content\/uploads\/2025\/06\/wall-mounted-wood-burning-fireplace-600x600.jpg 600w, https:\/\/jblcorten.com\/wp-content\/uploads\/2025\/06\/wall-mounted-wood-burning-fireplace-100x100.jpg 100w\" sizes=\"(max-width: 750px) 100vw, 750px\" \/><\/p>","protected":false},"excerpt":{"rendered":"<p>Le po\u00eale \u00e0 bois mural a une apparence ronde et est fabriqu\u00e9 en acier de haute qualit\u00e9. Il est fix\u00e9 directement au mur \u00e0 l'aide de solides boulons en fer pour garantir sa stabilit\u00e9 et sa s\u00e9curit\u00e9. Sa conception suspendue permet non seulement d'\u00e9conomiser de l'espace au sol, mais aussi de rehausser le style de la d\u00e9coration int\u00e9rieure.<\/p>","protected":false},"featured_media":3401,"template":"","meta":{"site-sidebar-layout":"default","site-content-layout":"","ast-site-content-layout":"default","site-content-style":"default","site-sidebar-style":"default","ast-global-header-display":"","ast-banner-title-visibility":"","ast-main-header-display":"","ast-hfb-above-header-display":"","ast-hfb-below-header-display":"","ast-hfb-mobile-header-display":"","site-post-title":"","ast-breadcrumbs-content":"","ast-featured-img":"","footer-sml-layout":"","ast-disable-related-posts":"","theme-transparent-header-meta":"default","adv-header-id-meta":"","stick-header-meta":"","header-above-stick-meta":"","header-main-stick-meta":"","header-below-stick-meta":"","astra-migrate-meta-layouts":"set","ast-page-background-enabled":"default","ast-page-background-meta":{"desktop":{"background-color":"var(--ast-global-color-4)","background-image":"","background-repeat":"repeat","background-position":"center center","background-size":"auto","background-attachment":"scroll","background-type":"","background-media":"","overlay-type":"","overlay-color":"","overlay-opacity":"","overlay-gradient":""},"tablet":{"background-color":"","background-image":"","background-repeat":"repeat","background-position":"center center","background-size":"auto","background-attachment":"scroll","background-type":"","background-media":"","overlay-type":"","overlay-color":"","overlay-opacity":"","overlay-gradient":""},"mobile":{"background-color":"","background-image":"","background-repeat":"repeat","background-position":"center center","background-size":"auto","background-attachment":"scroll","background-type":"","background-media":"","overlay-type":"","overlay-color":"","overlay-opacity":"","overlay-gradient":""}},"ast-content-background-meta":{"desktop":{"background-color":"var(--ast-global-color-5)","background-image":"","background-repeat":"repeat","background-position":"center center","background-size":"auto","background-attachment":"scroll","background-type":"","background-media":"","overlay-type":"","overlay-color":"","overlay-opacity":"","overlay-gradient":""},"tablet":{"background-color":"var(--ast-global-color-5)","background-image":"","background-repeat":"repeat","background-position":"center center","background-size":"auto","background-attachment":"scroll","background-type":"","background-media":"","overlay-type":"","overlay-color":"","overlay-opacity":"","overlay-gradient":""},"mobile":{"background-color":"var(--ast-global-color-5)","background-image":"","background-repeat":"repeat","background-position":"center center","background-size":"auto","background-attachment":"scroll","background-type":"","background-media":"","overlay-type":"","overlay-color":"","overlay-opacity":"","overlay-gradient":""}}},"product_brand":[],"product_cat":[30],"product_tag":[72,73],"class_list":{"0":"post-3397","1":"product","2":"type-product","3":"status-publish","4":"has-post-thumbnail","6":"product_cat-fireplace","7":"product_tag-wall-mounted-wood-burning-stove","8":"product_tag-wood-burning-stove","9":"desktop-align-center","10":"tablet-align-left","11":"mobile-align-left","13":"first","14":"instock","15":"shipping-taxable","16":"product-type-simple"},"_links":{"self":[{"href":"https:\/\/jblcorten.com\/fr\/wp-json\/wp\/v2\/product\/3397","targetHints":{"allow":["GET"]}}],"collection":[{"href":"https:\/\/jblcorten.com\/fr\/wp-json\/wp\/v2\/product"}],"about":[{"href":"https:\/\/jblcorten.com\/fr\/wp-json\/wp\/v2\/types\/product"}],"wp:featuredmedia":[{"embeddable":true,"href":"https:\/\/jblcorten.com\/fr\/wp-json\/wp\/v2\/media\/3401"}],"wp:attachment":[{"href":"https:\/\/jblcorten.com\/fr\/wp-json\/wp\/v2\/media?parent=3397"}],"wp:term":[{"taxonomy":"product_brand","embeddable":true,"href":"https:\/\/jblcorten.com\/fr\/wp-json\/wp\/v2\/product_brand?post=3397"},{"taxonomy":"product_cat","embeddable":true,"href":"https:\/\/jblcorten.com\/fr\/wp-json\/wp\/v2\/product_cat?post=3397"},{"taxonomy":"product_tag","embeddable":true,"href":"https:\/\/jblcorten.com\/fr\/wp-json\/wp\/v2\/product_tag?post=3397"}],"curies":[{"name":"wp","href":"https:\/\/api.w.org\/{rel}","templated":true}]}}