{"id":3380,"date":"2025-06-17T16:01:49","date_gmt":"2025-06-17T08:01:49","guid":{"rendered":"https:\/\/jblcorten.com\/?post_type=product&#038;p=3380"},"modified":"2025-06-17T16:04:07","modified_gmt":"2025-06-17T08:04:07","slug":"gril-bbq-rotatif-automatique","status":"publish","type":"product","link":"https:\/\/jblcorten.com\/fr\/automatic-rotating-bbq-grill\/","title":{"rendered":"Barbecue rotatif automatique"},"content":{"rendered":"<h2 style=\"text-align: center;\"><span style=\"font-size: 14pt;\">Barbecue rotatif automatique<\/span><\/h2>\n<p>Le gril bbq rotatif automatique est fabriqu\u00e9 en acier de haute qualit\u00e9 r\u00e9sistant aux intemp\u00e9ries et pr\u00e9sente un design industriel \u00e0 la fois pratique et esth\u00e9tique. La structure g\u00e9n\u00e9rale est stable, avec un corps de four en forme de c\u00f4ne invers\u00e9 dans la partie inf\u00e9rieure. Cette forme est non seulement unique, mais elle favorise \u00e9galement la circulation de l'air et l'efficacit\u00e9 de la combustion. Il offre \u00e9galement de bonnes performances en mati\u00e8re de stockage de la chaleur, garantissant que le bois est enti\u00e8rement br\u00fbl\u00e9 et qu'il d\u00e9gage en permanence une chaleur stable.<\/p>\n<p>En ce qui concerne la fonction de grillade, ce barbecue est \u00e9quip\u00e9 d'une plaque de cuisson ronde en acier au carbone, qui conduit la chaleur rapidement et uniform\u00e9ment et permet de griller directement toutes sortes d'ingr\u00e9dients, tels que la viande, les fruits de mer, les l\u00e9gumes, etc. Il est \u00e9galement \u00e9quip\u00e9 d'un gril rotatif enti\u00e8rement automatique sur le dessus, qui convient aux gros morceaux d'ingr\u00e9dients tels que le poulet r\u00f4ti, le canard r\u00f4ti et les gigots d'agneau r\u00f4tis. La fonction de rotation automatique permet de chauffer les aliments de mani\u00e8re homog\u00e8ne et il n'est pas n\u00e9cessaire de les retourner fr\u00e9quemment pendant le processus de grillade, ce qui am\u00e9liore consid\u00e9rablement l'efficacit\u00e9 et la commodit\u00e9 des grillades.<\/p>\n<p>Le gril est \u00e9quip\u00e9 d'une base stable \u00e0 la base pour am\u00e9liorer le soutien et la s\u00e9curit\u00e9 de la structure globale, et il peut rester stable m\u00eame lorsqu'il est utilis\u00e9 \u00e0 haute temp\u00e9rature pendant une longue p\u00e9riode.<\/p>\n<p><strong><span style=\"font-size: 14pt;\">Sp\u00e9cification du produit :<\/span><\/strong><\/p>\n<table style=\"border-collapse: collapse; width: 100%;\">\n<tbody>\n<tr>\n<td style=\"width: 24.1959%; background-color: #f5f5f5;\">Nom du produit<\/td>\n<td style=\"width: 75.8041%;\">Barbecue rotatif automatique<\/td>\n<\/tr>\n<tr>\n<td style=\"width: 24.1959%; background-color: #f5f5f5;\">Mat\u00e9riau<\/td>\n<td style=\"width: 75.8041%;\">Acier Corten<\/td>\n<\/tr>\n<tr>\n<td style=\"width: 24.1959%; background-color: #f5f5f5;\">Fonctionnalit\u00e9<\/td>\n<td style=\"width: 75.8041%;\">Multifonctionnel, Automatique<\/td>\n<\/tr>\n<tr>\n<td style=\"width: 24.1959%; background-color: #f5f5f5;\">Taille<\/td>\n<td style=\"width: 75.8041%;\">Sur mesure<\/td>\n<\/tr>\n<tr>\n<td style=\"width: 24.1959%; background-color: #f5f5f5;\">Application<\/td>\n<td style=\"width: 75.8041%;\">Barbecue ext\u00e9rieur<\/td>\n<\/tr>\n<\/tbody>\n<\/table>\n<p><strong><span style=\"font-size: 14pt;\">Comment utiliser le barbecue ?<\/span><\/strong><\/p>\n<ul>\n<li>Nettoyer la poussi\u00e8re sur la plaque de cuisson.<\/li>\n<li>Ajoutez du bois \u00e0 l'int\u00e9rieur du four, allumez et commencez \u00e0 chauffer.<\/li>\n<li>Lorsque la temp\u00e9rature monte, vous pouvez griller sur la plaque de cuisson en acier au carbone.<\/li>\n<li>Si vous utilisez un gril enti\u00e8rement automatique, ins\u00e9rez un poulet entier ou d'autres gros morceaux d'aliments, d\u00e9marrez le dispositif de rotation automatique et attendez que la cuisson soit homog\u00e8ne.<\/li>\n<li>Vous pouvez vous asseoir et profiter du processus de barbecue, manger tout en grillant, ce qui convient \u00e0 plusieurs personnes.<\/li>\n<\/ul>\n<p><strong><span style=\"font-size: 14pt;\">Maintenance et entretien :<\/span><\/strong><\/p>\n<ul>\n<li>Apr\u00e8s utilisation, attendez qu'il refroidisse et essuyez la plaque de cuisson et la surface ext\u00e9rieure avec un chiffon humide.<\/li>\n<li>Nettoyez r\u00e9guli\u00e8rement les cendres et les r\u00e9sidus \u00e0 l'int\u00e9rieur du four pour garantir l'efficacit\u00e9 de la combustion.<\/li>\n<li>Apr\u00e8s avoir utilis\u00e9 la plaque de cuisson, appliquez une fine couche d'huile de cuisson pour \u00e9viter la rouille et prolonger sa dur\u00e9e de vie.<\/li>\n<li>La surface de l'acier patinable ne n\u00e9cessite pas de traitement particulier et la couleur rouille se forme naturellement et r\u00e9guli\u00e8rement au fil du temps.<\/li>\n<\/ul>\n<p><img fetchpriority=\"high\" decoding=\"async\" class=\"alignnone size-full wp-image-3386\" src=\"https:\/\/jblcorten.com\/wp-content\/uploads\/2025\/06\/corten-automatic-rotating-bbq-grill.jpg\" alt=\"gril bbq rotatif automatique en corten\" width=\"750\" height=\"562\" title=\"\" srcset=\"https:\/\/jblcorten.com\/wp-content\/uploads\/2025\/06\/corten-automatic-rotating-bbq-grill.jpg 750w, https:\/\/jblcorten.com\/wp-content\/uploads\/2025\/06\/corten-automatic-rotating-bbq-grill-600x450.jpg 600w, https:\/\/jblcorten.com\/wp-content\/uploads\/2025\/06\/corten-automatic-rotating-bbq-grill-300x225.jpg 300w, https:\/\/jblcorten.com\/wp-content\/uploads\/2025\/06\/corten-automatic-rotating-bbq-grill-16x12.jpg 16w\" sizes=\"(max-width: 750px) 100vw, 750px\" \/><\/p>\n<p><img decoding=\"async\" class=\"alignnone size-full wp-image-3383\" src=\"https:\/\/jblcorten.com\/wp-content\/uploads\/2025\/06\/automatic-rotating-grill.jpg\" alt=\"gril rotatif automatique\" width=\"750\" height=\"562\" title=\"\" srcset=\"https:\/\/jblcorten.com\/wp-content\/uploads\/2025\/06\/automatic-rotating-grill.jpg 750w, https:\/\/jblcorten.com\/wp-content\/uploads\/2025\/06\/automatic-rotating-grill-600x450.jpg 600w, https:\/\/jblcorten.com\/wp-content\/uploads\/2025\/06\/automatic-rotating-grill-300x225.jpg 300w, https:\/\/jblcorten.com\/wp-content\/uploads\/2025\/06\/automatic-rotating-grill-16x12.jpg 16w\" sizes=\"(max-width: 750px) 100vw, 750px\" \/><\/p>\n<p><img decoding=\"async\" class=\"alignnone size-full wp-image-3382\" src=\"https:\/\/jblcorten.com\/wp-content\/uploads\/2025\/06\/automatic-rotating-bbq-grill.jpg\" alt=\"gril bbq rotatif automatique\" width=\"750\" height=\"562\" title=\"\" srcset=\"https:\/\/jblcorten.com\/wp-content\/uploads\/2025\/06\/automatic-rotating-bbq-grill.jpg 750w, https:\/\/jblcorten.com\/wp-content\/uploads\/2025\/06\/automatic-rotating-bbq-grill-600x450.jpg 600w, https:\/\/jblcorten.com\/wp-content\/uploads\/2025\/06\/automatic-rotating-bbq-grill-300x225.jpg 300w, https:\/\/jblcorten.com\/wp-content\/uploads\/2025\/06\/automatic-rotating-bbq-grill-16x12.jpg 16w\" sizes=\"(max-width: 750px) 100vw, 750px\" \/><\/p>","protected":false},"excerpt":{"rendered":"<p>Le gril bbq rotatif automatique n'est pas seulement enti\u00e8rement fonctionnel et adapt\u00e9 \u00e0 une vari\u00e9t\u00e9 de m\u00e9thodes de grillades, mais il tient \u00e9galement compte de la durabilit\u00e9 et de la beaut\u00e9 artistique. L'ext\u00e9rieur en acier naturellement rouill\u00e9 devient de plus en plus attrayant avec le temps et constitue un excellent \u00e9l\u00e9ment d\u00e9coratif pour l'ext\u00e9rieur.<\/p>","protected":false},"featured_media":3384,"template":"","meta":{"site-sidebar-layout":"default","site-content-layout":"","ast-site-content-layout":"default","site-content-style":"default","site-sidebar-style":"default","ast-global-header-display":"","ast-banner-title-visibility":"","ast-main-header-display":"","ast-hfb-above-header-display":"","ast-hfb-below-header-display":"","ast-hfb-mobile-header-display":"","site-post-title":"","ast-breadcrumbs-content":"","ast-featured-img":"","footer-sml-layout":"","ast-disable-related-posts":"","theme-transparent-header-meta":"default","adv-header-id-meta":"","stick-header-meta":"","header-above-stick-meta":"","header-main-stick-meta":"","header-below-stick-meta":"","astra-migrate-meta-layouts":"set","ast-page-background-enabled":"default","ast-page-background-meta":{"desktop":{"background-color":"var(--ast-global-color-4)","background-image":"","background-repeat":"repeat","background-position":"center center","background-size":"auto","background-attachment":"scroll","background-type":"","background-media":"","overlay-type":"","overlay-color":"","overlay-opacity":"","overlay-gradient":""},"tablet":{"background-color":"","background-image":"","background-repeat":"repeat","background-position":"center center","background-size":"auto","background-attachment":"scroll","background-type":"","background-media":"","overlay-type":"","overlay-color":"","overlay-opacity":"","overlay-gradient":""},"mobile":{"background-color":"","background-image":"","background-repeat":"repeat","background-position":"center center","background-size":"auto","background-attachment":"scroll","background-type":"","background-media":"","overlay-type":"","overlay-color":"","overlay-opacity":"","overlay-gradient":""}},"ast-content-background-meta":{"desktop":{"background-color":"var(--ast-global-color-5)","background-image":"","background-repeat":"repeat","background-position":"center center","background-size":"auto","background-attachment":"scroll","background-type":"","background-media":"","overlay-type":"","overlay-color":"","overlay-opacity":"","overlay-gradient":""},"tablet":{"background-color":"var(--ast-global-color-5)","background-image":"","background-repeat":"repeat","background-position":"center center","background-size":"auto","background-attachment":"scroll","background-type":"","background-media":"","overlay-type":"","overlay-color":"","overlay-opacity":"","overlay-gradient":""},"mobile":{"background-color":"var(--ast-global-color-5)","background-image":"","background-repeat":"repeat","background-position":"center center","background-size":"auto","background-attachment":"scroll","background-type":"","background-media":"","overlay-type":"","overlay-color":"","overlay-opacity":"","overlay-gradient":""}}},"product_brand":[],"product_cat":[25],"product_tag":[],"class_list":{"0":"post-3380","1":"product","2":"type-product","3":"status-publish","4":"has-post-thumbnail","6":"product_cat-bbq-grill","7":"desktop-align-center","8":"tablet-align-left","9":"mobile-align-left","11":"first","12":"instock","13":"shipping-taxable","14":"product-type-simple"},"_links":{"self":[{"href":"https:\/\/jblcorten.com\/fr\/wp-json\/wp\/v2\/product\/3380","targetHints":{"allow":["GET"]}}],"collection":[{"href":"https:\/\/jblcorten.com\/fr\/wp-json\/wp\/v2\/product"}],"about":[{"href":"https:\/\/jblcorten.com\/fr\/wp-json\/wp\/v2\/types\/product"}],"wp:featuredmedia":[{"embeddable":true,"href":"https:\/\/jblcorten.com\/fr\/wp-json\/wp\/v2\/media\/3384"}],"wp:attachment":[{"href":"https:\/\/jblcorten.com\/fr\/wp-json\/wp\/v2\/media?parent=3380"}],"wp:term":[{"taxonomy":"product_brand","embeddable":true,"href":"https:\/\/jblcorten.com\/fr\/wp-json\/wp\/v2\/product_brand?post=3380"},{"taxonomy":"product_cat","embeddable":true,"href":"https:\/\/jblcorten.com\/fr\/wp-json\/wp\/v2\/product_cat?post=3380"},{"taxonomy":"product_tag","embeddable":true,"href":"https:\/\/jblcorten.com\/fr\/wp-json\/wp\/v2\/product_tag?post=3380"}],"curies":[{"name":"wp","href":"https:\/\/api.w.org\/{rel}","templated":true}]}}