{"id":3379,"date":"2025-06-18T11:49:10","date_gmt":"2025-06-18T03:49:10","guid":{"rendered":"https:\/\/jblcorten.com\/?post_type=product&#038;p=3379"},"modified":"2025-06-18T11:49:10","modified_gmt":"2025-06-18T03:49:10","slug":"gril-en-acier-corten","status":"publish","type":"product","link":"https:\/\/jblcorten.com\/fr\/corten-steel-grill\/","title":{"rendered":"Grille en acier Corten"},"content":{"rendered":"<h2 style=\"text-align: center;\"><span style=\"font-size: 14pt;\">Grille en acier Corten<\/span><\/h2>\n<p>La grille en acier corten est fabriqu\u00e9e en acier de haute qualit\u00e9 r\u00e9sistant aux intemp\u00e9ries. Il a un design h\u00e9misph\u00e9rique, une forme unique, une structure solide, et est \u00e0 la fois artistique et pratique. C'est un choix id\u00e9al pour les sc\u00e8nes de vie en plein air.<\/p>\n<p>Ce gril en acier corten utilise le bois comme combustible principal, avec un effet de combustion naturel et pur et une forte puissance de feu, ce qui peut apporter une exp\u00e9rience de cuisson authentique. La partie grill est en acier au carbone, qui conduit la chaleur rapidement et chauffe uniform\u00e9ment. Elle convient pour griller toutes sortes de viandes, de l\u00e9gumes, de fruits de mer et d'autres ingr\u00e9dients, afin de r\u00e9pondre aux besoins vari\u00e9s de barbecue des d\u00eeners familiaux ou des r\u00e9unions d'amis. La surface du gril en acier au carbone est lisse et facile \u00e0 nettoyer. Il est durable et fiable apr\u00e8s une utilisation \u00e0 long terme.<\/p>\n<p>En outre, ce barbecue est un mod\u00e8le personnalis\u00e9 qui permet l'installation d'une structure de gril relevable. Les utilisateurs peuvent r\u00e9gler la hauteur du gril en fonction des besoins r\u00e9els de cuisson, de mani\u00e8re \u00e0 contr\u00f4ler avec pr\u00e9cision la distance entre les ingr\u00e9dients et la flamme afin d'\u00e9viter que les ingr\u00e9dients ne br\u00fblent ou ne soient chauff\u00e9s de mani\u00e8re in\u00e9gale. Cette conception am\u00e9liore consid\u00e9rablement la commodit\u00e9 et le professionnalisme du barbecue.<\/p>\n<p><img fetchpriority=\"high\" decoding=\"async\" class=\"alignnone wp-image-3390\" src=\"https:\/\/jblcorten.com\/wp-content\/uploads\/2025\/06\/best-wood-burning-bbq-grill.jpg\" alt=\"meilleur gril bbq \u00e0 bois\" width=\"375\" height=\"375\" title=\"\" srcset=\"https:\/\/jblcorten.com\/wp-content\/uploads\/2025\/06\/best-wood-burning-bbq-grill.jpg 750w, https:\/\/jblcorten.com\/wp-content\/uploads\/2025\/06\/best-wood-burning-bbq-grill-300x300.jpg 300w, https:\/\/jblcorten.com\/wp-content\/uploads\/2025\/06\/best-wood-burning-bbq-grill-150x150.jpg 150w, https:\/\/jblcorten.com\/wp-content\/uploads\/2025\/06\/best-wood-burning-bbq-grill-12x12.jpg 12w, https:\/\/jblcorten.com\/wp-content\/uploads\/2025\/06\/best-wood-burning-bbq-grill-600x600.jpg 600w, https:\/\/jblcorten.com\/wp-content\/uploads\/2025\/06\/best-wood-burning-bbq-grill-100x100.jpg 100w\" sizes=\"(max-width: 375px) 100vw, 375px\" \/> <img decoding=\"async\" class=\"alignnone wp-image-3392\" src=\"https:\/\/jblcorten.com\/wp-content\/uploads\/2025\/06\/round-bbq-grill.jpg\" alt=\"gril bbq rond\" width=\"375\" height=\"375\" title=\"\" srcset=\"https:\/\/jblcorten.com\/wp-content\/uploads\/2025\/06\/round-bbq-grill.jpg 750w, https:\/\/jblcorten.com\/wp-content\/uploads\/2025\/06\/round-bbq-grill-300x300.jpg 300w, https:\/\/jblcorten.com\/wp-content\/uploads\/2025\/06\/round-bbq-grill-150x150.jpg 150w, https:\/\/jblcorten.com\/wp-content\/uploads\/2025\/06\/round-bbq-grill-12x12.jpg 12w, https:\/\/jblcorten.com\/wp-content\/uploads\/2025\/06\/round-bbq-grill-600x600.jpg 600w, https:\/\/jblcorten.com\/wp-content\/uploads\/2025\/06\/round-bbq-grill-100x100.jpg 100w\" sizes=\"(max-width: 375px) 100vw, 375px\" \/><\/p>\n<p><strong><span style=\"font-size: 14pt;\">Sp\u00e9cification du produit :<\/span><\/strong><\/p>\n<table style=\"border-collapse: collapse; width: 100%; height: 265px;\">\n<tbody>\n<tr style=\"height: 53px;\">\n<td style=\"width: 21.9522%; height: 53px; background-color: #f5f5f5;\">Forme du produit<\/td>\n<td style=\"width: 78.0478%; height: 53px;\">H\u00e9misph\u00e9rique<\/td>\n<\/tr>\n<tr style=\"height: 53px;\">\n<td style=\"width: 21.9522%; height: 53px; background-color: #f5f5f5;\">Mat\u00e9riau<\/td>\n<td style=\"width: 78.0478%; height: 53px;\">Acier Corten, Acier au carbone<\/td>\n<\/tr>\n<tr style=\"height: 53px;\">\n<td style=\"width: 21.9522%; height: 53px; background-color: #f5f5f5;\">Fonctionnalit\u00e9<\/td>\n<td style=\"width: 78.0478%; height: 53px;\">Multifonctionnel<\/td>\n<\/tr>\n<tr style=\"height: 53px;\">\n<td style=\"width: 21.9522%; height: 53px; background-color: #f5f5f5;\">Diam\u00e8tre<\/td>\n<td style=\"width: 78.0478%; height: 53px;\">\u00d8 800mm \/ \u00d8 1000mm \/ \u00d8 1200mm ou sur mesure<\/td>\n<\/tr>\n<tr>\n<td style=\"width: 21.9522%; background-color: #f5f5f5;\">Support de gril relevable<\/td>\n<td style=\"width: 78.0478%;\">R\u00e9glage manuel de la hauteur<\/td>\n<\/tr>\n<tr>\n<td style=\"width: 21.9522%; background-color: #f5f5f5;\">Installation<\/td>\n<td style=\"width: 78.0478%;\">Installation libre, conception de moulage en une seule pi\u00e8ce<\/td>\n<\/tr>\n<tr style=\"height: 53px;\">\n<td style=\"width: 21.9522%; height: 53px; background-color: #f5f5f5;\">Application<\/td>\n<td style=\"width: 78.0478%; height: 53px;\">Barbecue ext\u00e9rieur<\/td>\n<\/tr>\n<\/tbody>\n<\/table>\n<p><strong><span style=\"font-size: 14pt;\">Pourquoi choisir le gril en acier Corten ?<\/span><\/strong><\/p>\n<p>\u2705 <strong>Mat\u00e9riau en acier r\u00e9sistant aux intemp\u00e9ries :<\/strong><br \/>\nL'ensemble du corps du four est fabriqu\u00e9 en acier de haute qualit\u00e9 r\u00e9sistant aux intemp\u00e9ries, et la surface forme une couche d'oxyde antirouille unique au fil du temps, sans qu'il soit n\u00e9cessaire d'appliquer une peinture suppl\u00e9mentaire.<\/p>\n<p>\u2705 <strong>Plaque de cuisson en acier au carbone, chauffage uniforme :<\/strong><br \/>\nLa plaque de cuisson circulaire est en acier au carbone, ce qui permet un transfert uniforme de la chaleur et convient \u00e0 la cuisson directe de diverses viandes, l\u00e9gumes et fruits de mer, apportant une saveur pure de charbon de bois.<\/p>\n<p>\u2705 <strong>Grille relevable, r\u00e9glage flexible :<\/strong><br \/>\nLe gril circulaire suppl\u00e9mentaire relevable r\u00e9pond aux besoins de cuisson de diff\u00e9rentes temp\u00e9ratures et dur\u00e9es, rendant les op\u00e9rations de cuisson plus libres.<\/p>\n<p>\u2705 <strong>Espace de travail circulaire de 360\u00b0 :<\/strong><br \/>\nSans restriction de direction, il convient \u00e0 plusieurs personnes de faire des grillades interactives autour de la cuisini\u00e8re, de manger tout en faisant des grillades et de s'amuser en soci\u00e9t\u00e9.<\/p>\n<p>\u2705 <strong>Design personnalisable :<\/strong><br \/>\nPermet de personnaliser la taille et la gravure du logo pour r\u00e9pondre aux besoins du client.<\/p>\n<p><img decoding=\"async\" class=\"alignnone size-full wp-image-3391\" src=\"https:\/\/jblcorten.com\/wp-content\/uploads\/2025\/06\/corten-steel-grill-1.jpg\" alt=\"gril en acier corten\" width=\"750\" height=\"520\" title=\"\" srcset=\"https:\/\/jblcorten.com\/wp-content\/uploads\/2025\/06\/corten-steel-grill-1.jpg 750w, https:\/\/jblcorten.com\/wp-content\/uploads\/2025\/06\/corten-steel-grill-1-300x208.jpg 300w, https:\/\/jblcorten.com\/wp-content\/uploads\/2025\/06\/corten-steel-grill-1-18x12.jpg 18w, https:\/\/jblcorten.com\/wp-content\/uploads\/2025\/06\/corten-steel-grill-1-600x416.jpg 600w\" sizes=\"(max-width: 750px) 100vw, 750px\" \/><\/p>\n<p><img loading=\"lazy\" decoding=\"async\" class=\"alignnone size-full wp-image-3396\" src=\"https:\/\/jblcorten.com\/wp-content\/uploads\/2025\/06\/adjustable-charcoal-grill.jpg\" alt=\"gril \u00e0 charbon r\u00e9glable\" width=\"750\" height=\"562\" title=\"\" srcset=\"https:\/\/jblcorten.com\/wp-content\/uploads\/2025\/06\/adjustable-charcoal-grill.jpg 750w, https:\/\/jblcorten.com\/wp-content\/uploads\/2025\/06\/adjustable-charcoal-grill-300x225.jpg 300w, https:\/\/jblcorten.com\/wp-content\/uploads\/2025\/06\/adjustable-charcoal-grill-16x12.jpg 16w, https:\/\/jblcorten.com\/wp-content\/uploads\/2025\/06\/adjustable-charcoal-grill-600x450.jpg 600w\" sizes=\"(max-width: 750px) 100vw, 750px\" \/><\/p>","protected":false},"excerpt":{"rendered":"<p>La plaque du gril est en acier au carbone, qui conduit rapidement la chaleur et convient \u00e0 la cuisson d'une grande vari\u00e9t\u00e9 d'ingr\u00e9dients. Le foyer central utilise des b\u00fbches comme combustible, et la flamme est naturellement brillante, ajoutant une saveur originale au barbecue.<\/p>\n<p>La partie sup\u00e9rieure du gril en acier corten est \u00e9quip\u00e9e d'une grille ronde relevable, qui permet de r\u00e9gler facilement la hauteur pour r\u00e9aliser des grillades par zones et am\u00e9liorer le plaisir de cuisiner en plein air.<\/p>","protected":false},"featured_media":3392,"template":"","meta":{"site-sidebar-layout":"default","site-content-layout":"","ast-site-content-layout":"default","site-content-style":"default","site-sidebar-style":"default","ast-global-header-display":"","ast-banner-title-visibility":"","ast-main-header-display":"","ast-hfb-above-header-display":"","ast-hfb-below-header-display":"","ast-hfb-mobile-header-display":"","site-post-title":"","ast-breadcrumbs-content":"","ast-featured-img":"","footer-sml-layout":"","ast-disable-related-posts":"","theme-transparent-header-meta":"default","adv-header-id-meta":"","stick-header-meta":"","header-above-stick-meta":"","header-main-stick-meta":"","header-below-stick-meta":"","astra-migrate-meta-layouts":"set","ast-page-background-enabled":"default","ast-page-background-meta":{"desktop":{"background-color":"var(--ast-global-color-4)","background-image":"","background-repeat":"repeat","background-position":"center center","background-size":"auto","background-attachment":"scroll","background-type":"","background-media":"","overlay-type":"","overlay-color":"","overlay-opacity":"","overlay-gradient":""},"tablet":{"background-color":"","background-image":"","background-repeat":"repeat","background-position":"center center","background-size":"auto","background-attachment":"scroll","background-type":"","background-media":"","overlay-type":"","overlay-color":"","overlay-opacity":"","overlay-gradient":""},"mobile":{"background-color":"","background-image":"","background-repeat":"repeat","background-position":"center center","background-size":"auto","background-attachment":"scroll","background-type":"","background-media":"","overlay-type":"","overlay-color":"","overlay-opacity":"","overlay-gradient":""}},"ast-content-background-meta":{"desktop":{"background-color":"var(--ast-global-color-5)","background-image":"","background-repeat":"repeat","background-position":"center center","background-size":"auto","background-attachment":"scroll","background-type":"","background-media":"","overlay-type":"","overlay-color":"","overlay-opacity":"","overlay-gradient":""},"tablet":{"background-color":"var(--ast-global-color-5)","background-image":"","background-repeat":"repeat","background-position":"center center","background-size":"auto","background-attachment":"scroll","background-type":"","background-media":"","overlay-type":"","overlay-color":"","overlay-opacity":"","overlay-gradient":""},"mobile":{"background-color":"var(--ast-global-color-5)","background-image":"","background-repeat":"repeat","background-position":"center center","background-size":"auto","background-attachment":"scroll","background-type":"","background-media":"","overlay-type":"","overlay-color":"","overlay-opacity":"","overlay-gradient":""}}},"product_brand":[],"product_cat":[25],"product_tag":[],"class_list":{"0":"post-3379","1":"product","2":"type-product","3":"status-publish","4":"has-post-thumbnail","6":"product_cat-bbq-grill","7":"desktop-align-center","8":"tablet-align-left","9":"mobile-align-left","11":"first","12":"instock","13":"shipping-taxable","14":"product-type-simple"},"_links":{"self":[{"href":"https:\/\/jblcorten.com\/fr\/wp-json\/wp\/v2\/product\/3379","targetHints":{"allow":["GET"]}}],"collection":[{"href":"https:\/\/jblcorten.com\/fr\/wp-json\/wp\/v2\/product"}],"about":[{"href":"https:\/\/jblcorten.com\/fr\/wp-json\/wp\/v2\/types\/product"}],"wp:featuredmedia":[{"embeddable":true,"href":"https:\/\/jblcorten.com\/fr\/wp-json\/wp\/v2\/media\/3392"}],"wp:attachment":[{"href":"https:\/\/jblcorten.com\/fr\/wp-json\/wp\/v2\/media?parent=3379"}],"wp:term":[{"taxonomy":"product_brand","embeddable":true,"href":"https:\/\/jblcorten.com\/fr\/wp-json\/wp\/v2\/product_brand?post=3379"},{"taxonomy":"product_cat","embeddable":true,"href":"https:\/\/jblcorten.com\/fr\/wp-json\/wp\/v2\/product_cat?post=3379"},{"taxonomy":"product_tag","embeddable":true,"href":"https:\/\/jblcorten.com\/fr\/wp-json\/wp\/v2\/product_tag?post=3379"}],"curies":[{"name":"wp","href":"https:\/\/api.w.org\/{rel}","templated":true}]}}