{"id":3350,"date":"2025-06-13T16:32:07","date_gmt":"2025-06-13T08:32:07","guid":{"rendered":"https:\/\/jblcorten.com\/?post_type=product&#038;p=3350"},"modified":"2025-06-13T16:32:44","modified_gmt":"2025-06-13T08:32:44","slug":"gril-bbq-en-acier-corten-en-forme-de-z","status":"publish","type":"product","link":"https:\/\/jblcorten.com\/fr\/corten-steel-z%e2%80%91shaped-bbq-grill\/","title":{"rendered":"Grille de barbecue en forme de Z en acier Corten"},"content":{"rendered":"<h2 style=\"text-align: center;\"><span style=\"font-size: 14pt;\">Grille de barbecue en forme de Z en acier Corten<\/span><\/h2>\n<p>Ce gril bbq en acier corten en forme de Z adopte une conception de structure en forme de Z. Le corps principal est fabriqu\u00e9 en acier r\u00e9sistant aux intemp\u00e9ries, qui pr\u00e9sente une excellente r\u00e9sistance \u00e0 la corrosion et une grande solidit\u00e9 structurelle. Apr\u00e8s avoir \u00e9t\u00e9 rouill\u00e9 par le vent et la pluie, une couche orange unique de protection contre la rouille se forme naturellement sur la surface. Non seulement elle ne n\u00e9cessite pas d'entretien, mais elle pr\u00e9sente \u00e9galement une texture naturelle et rugueuse.<\/p>\n<p>Le dessus est \u00e9quip\u00e9 d'une \u00e9paisse plaque \u00e0 griller carr\u00e9e (Plancha), fabriqu\u00e9e en acier au carbone, qui assure une conduction rapide de la chaleur et une r\u00e9sistance \u00e9lev\u00e9e \u00e0 la temp\u00e9rature. Elle convient \u00e0 diverses m\u00e9thodes de cuisson, telles que la friture de steaks, le saut\u00e9 de l\u00e9gumes et la grillade de fruits de mer. La partie centrale est con\u00e7ue avec une ouverture pour le feu direct, et du bois ou du charbon de bois peuvent \u00eatre utilis\u00e9s comme combustible, ce qui vous permet de ressentir la temp\u00e9rature et l'atmosph\u00e8re des vraies flammes lorsque vous faites des grillades.<\/p>\n<p>Le c\u00f4t\u00e9 est con\u00e7u avec des plates-formes \u00e0 deux niveaux, qui peuvent \u00eatre utilis\u00e9es pour placer les assaisonnements et les ustensiles, et qui peuvent \u00e9galement \u00eatre utilis\u00e9es comme zone de pr\u00e9paration des aliments pour augmenter la praticit\u00e9. La structure globale adopte une conception modulaire, ce qui facilite le transport et l'assemblage. En outre, la zone centrale peut \u00eatre utilis\u00e9e pour stocker du bois.<img fetchpriority=\"high\" decoding=\"async\" class=\"alignnone size-full wp-image-3356\" src=\"https:\/\/jblcorten.com\/wp-content\/uploads\/2025\/06\/Corten-Steel-Z\u2011Shaped-BBQ-Grill.jpg\" alt=\"Grille de barbecue en forme de Z en acier Corten\" width=\"750\" height=\"500\" title=\"\" srcset=\"https:\/\/jblcorten.com\/wp-content\/uploads\/2025\/06\/Corten-Steel-Z\u2011Shaped-BBQ-Grill.jpg 750w, https:\/\/jblcorten.com\/wp-content\/uploads\/2025\/06\/Corten-Steel-Z\u2011Shaped-BBQ-Grill-600x400.jpg 600w, https:\/\/jblcorten.com\/wp-content\/uploads\/2025\/06\/Corten-Steel-Z\u2011Shaped-BBQ-Grill-300x200.jpg 300w, https:\/\/jblcorten.com\/wp-content\/uploads\/2025\/06\/Corten-Steel-Z\u2011Shaped-BBQ-Grill-18x12.jpg 18w\" sizes=\"(max-width: 750px) 100vw, 750px\" \/><\/p>\n<p><strong><span style=\"font-size: 14pt;\">Sp\u00e9cification du produit :<\/span><\/strong><\/p>\n<table style=\"border-collapse: collapse; width: 100%; height: 265px;\">\n<tbody>\n<tr style=\"height: 53px;\">\n<td style=\"width: 23.7472%; height: 53px; background-color: #f5f5f5;\">Nom du produit<\/td>\n<td style=\"width: 76.2528%; height: 53px;\">Grille de barbecue en forme de Z en acier Corten<\/td>\n<\/tr>\n<tr style=\"height: 53px;\">\n<td style=\"width: 23.7472%; height: 53px; background-color: #f5f5f5;\">Mat\u00e9riau<\/td>\n<td style=\"width: 76.2528%; height: 53px;\">Acier Corten<\/td>\n<\/tr>\n<tr style=\"height: 53px;\">\n<td style=\"width: 23.7472%; height: 53px; background-color: #f5f5f5;\">Taille<\/td>\n<td style=\"width: 76.2528%; height: 53px;\">L 90 cm \u00d7 L 170 cm \u00d7 H 98 cm<\/td>\n<\/tr>\n<tr>\n<td style=\"width: 23.7472%; background-color: #f5f5f5;\">\u00c9paisseur de la plaque<\/td>\n<td style=\"width: 76.2528%;\">10 mm<\/td>\n<\/tr>\n<tr style=\"height: 53px;\">\n<td style=\"width: 23.7472%; height: 53px; background-color: #f5f5f5;\">Couleur<\/td>\n<td style=\"width: 76.2528%; height: 53px;\">Rusty<\/td>\n<\/tr>\n<tr style=\"height: 53px;\">\n<td style=\"width: 23.7472%; height: 53px; background-color: #f5f5f5;\">Carburant<\/td>\n<td style=\"width: 76.2528%; height: 53px;\">Bois<\/td>\n<\/tr>\n<\/tbody>\n<\/table>\n<p><strong><span style=\"font-size: 14pt;\">Pourquoi choisir le barbecue en acier Corten ?<\/span><\/strong><\/p>\n<ul>\n<li><span style=\"color: #26ab33;\">Sens aigu de la conception :<\/span> La structure en Z est diff\u00e9rente des structures rondes courantes sur le march\u00e9 et est unique.<\/li>\n<li><span style=\"color: #26ab33;\">Structure stable :<\/span> Le ch\u00e2ssis est \u00e9largi et la plate-forme est con\u00e7ue de mani\u00e8re sym\u00e9trique, ce qui permet de supporter efficacement la charge sans basculer.<\/li>\n<li><span style=\"color: #26ab33;\">Mat\u00e9riau durable :<\/span> Le corps du four est en acier r\u00e9sistant aux intemp\u00e9ries et \u00e0 la corrosion.<\/li>\n<li><span style=\"color: #26ab33;\">Cuisson multifonctionnelle :<\/span> Convient pour frire les \u0153ufs, griller et autres plats<\/li>\n<li><span style=\"color: #26ab33;\">Service :<\/span> Notre gril est personnalisable<\/li>\n<\/ul>\n<p><img decoding=\"async\" class=\"alignnone size-full wp-image-3355\" src=\"https:\/\/jblcorten.com\/wp-content\/uploads\/2025\/06\/corten-steel-z-shaped-bbq-grill-for-sale.jpg\" alt=\"gril bbq en acier corten en forme de z \" width=\"750\" height=\"562\" title=\"\" srcset=\"https:\/\/jblcorten.com\/wp-content\/uploads\/2025\/06\/corten-steel-z-shaped-bbq-grill-for-sale.jpg 750w, https:\/\/jblcorten.com\/wp-content\/uploads\/2025\/06\/corten-steel-z-shaped-bbq-grill-for-sale-600x450.jpg 600w, https:\/\/jblcorten.com\/wp-content\/uploads\/2025\/06\/corten-steel-z-shaped-bbq-grill-for-sale-300x225.jpg 300w, https:\/\/jblcorten.com\/wp-content\/uploads\/2025\/06\/corten-steel-z-shaped-bbq-grill-for-sale-16x12.jpg 16w\" sizes=\"(max-width: 750px) 100vw, 750px\" \/><\/p>\n<p><strong><span style=\"font-size: 14pt;\">Emballage du produit :<\/span><\/strong><\/p>\n<p>Nos m\u00e9thodes d'emballage comprennent les cartons, les caisses en bois, les palettes, etc.<\/p>\n<p><img decoding=\"async\" class=\"alignnone size-full wp-image-3357\" src=\"https:\/\/jblcorten.com\/wp-content\/uploads\/2025\/06\/outdoor-bbq-grill-supplier.jpg\" alt=\"fournisseur de grilles de barbecue pour l&#039;ext\u00e9rieur\" width=\"750\" height=\"525\" title=\"\" srcset=\"https:\/\/jblcorten.com\/wp-content\/uploads\/2025\/06\/outdoor-bbq-grill-supplier.jpg 750w, https:\/\/jblcorten.com\/wp-content\/uploads\/2025\/06\/outdoor-bbq-grill-supplier-600x420.jpg 600w, https:\/\/jblcorten.com\/wp-content\/uploads\/2025\/06\/outdoor-bbq-grill-supplier-300x210.jpg 300w, https:\/\/jblcorten.com\/wp-content\/uploads\/2025\/06\/outdoor-bbq-grill-supplier-18x12.jpg 18w\" sizes=\"(max-width: 750px) 100vw, 750px\" \/><\/p>\n<p>&nbsp;<\/p>","protected":false},"excerpt":{"rendered":"<p>Le dessus de ce gril bbq en acier corten en forme de Z est une surface de grillade carr\u00e9e, \u00e9paisse et plate en acier au carbone (Plancha), avec une ouverture au milieu pour un chauffage direct, adapt\u00e9 \u00e0 la combustion de bois de chauffage ou de charbon de bois. La plate-forme \u00e0 double couche sur le c\u00f4t\u00e9 peut \u00eatre utilis\u00e9e comme table de pr\u00e9paration des aliments, avec une structure stable et une forte capacit\u00e9 de charge.<\/p>","protected":false},"featured_media":3354,"template":"","meta":{"site-sidebar-layout":"default","site-content-layout":"","ast-site-content-layout":"default","site-content-style":"default","site-sidebar-style":"default","ast-global-header-display":"","ast-banner-title-visibility":"","ast-main-header-display":"","ast-hfb-above-header-display":"","ast-hfb-below-header-display":"","ast-hfb-mobile-header-display":"","site-post-title":"","ast-breadcrumbs-content":"","ast-featured-img":"","footer-sml-layout":"","ast-disable-related-posts":"","theme-transparent-header-meta":"default","adv-header-id-meta":"","stick-header-meta":"","header-above-stick-meta":"","header-main-stick-meta":"","header-below-stick-meta":"","astra-migrate-meta-layouts":"set","ast-page-background-enabled":"default","ast-page-background-meta":{"desktop":{"background-color":"var(--ast-global-color-4)","background-image":"","background-repeat":"repeat","background-position":"center center","background-size":"auto","background-attachment":"scroll","background-type":"","background-media":"","overlay-type":"","overlay-color":"","overlay-opacity":"","overlay-gradient":""},"tablet":{"background-color":"","background-image":"","background-repeat":"repeat","background-position":"center center","background-size":"auto","background-attachment":"scroll","background-type":"","background-media":"","overlay-type":"","overlay-color":"","overlay-opacity":"","overlay-gradient":""},"mobile":{"background-color":"","background-image":"","background-repeat":"repeat","background-position":"center center","background-size":"auto","background-attachment":"scroll","background-type":"","background-media":"","overlay-type":"","overlay-color":"","overlay-opacity":"","overlay-gradient":""}},"ast-content-background-meta":{"desktop":{"background-color":"var(--ast-global-color-5)","background-image":"","background-repeat":"repeat","background-position":"center center","background-size":"auto","background-attachment":"scroll","background-type":"","background-media":"","overlay-type":"","overlay-color":"","overlay-opacity":"","overlay-gradient":""},"tablet":{"background-color":"var(--ast-global-color-5)","background-image":"","background-repeat":"repeat","background-position":"center center","background-size":"auto","background-attachment":"scroll","background-type":"","background-media":"","overlay-type":"","overlay-color":"","overlay-opacity":"","overlay-gradient":""},"mobile":{"background-color":"var(--ast-global-color-5)","background-image":"","background-repeat":"repeat","background-position":"center center","background-size":"auto","background-attachment":"scroll","background-type":"","background-media":"","overlay-type":"","overlay-color":"","overlay-opacity":"","overlay-gradient":""}}},"product_brand":[],"product_cat":[25],"product_tag":[27,70],"class_list":{"0":"post-3350","1":"product","2":"type-product","3":"status-publish","4":"has-post-thumbnail","6":"product_cat-bbq-grill","7":"product_tag-bbq-grill","8":"product_tag-corten-steel-bbq-grill","9":"desktop-align-center","10":"tablet-align-left","11":"mobile-align-left","13":"first","14":"instock","15":"shipping-taxable","16":"product-type-simple"},"_links":{"self":[{"href":"https:\/\/jblcorten.com\/fr\/wp-json\/wp\/v2\/product\/3350","targetHints":{"allow":["GET"]}}],"collection":[{"href":"https:\/\/jblcorten.com\/fr\/wp-json\/wp\/v2\/product"}],"about":[{"href":"https:\/\/jblcorten.com\/fr\/wp-json\/wp\/v2\/types\/product"}],"wp:featuredmedia":[{"embeddable":true,"href":"https:\/\/jblcorten.com\/fr\/wp-json\/wp\/v2\/media\/3354"}],"wp:attachment":[{"href":"https:\/\/jblcorten.com\/fr\/wp-json\/wp\/v2\/media?parent=3350"}],"wp:term":[{"taxonomy":"product_brand","embeddable":true,"href":"https:\/\/jblcorten.com\/fr\/wp-json\/wp\/v2\/product_brand?post=3350"},{"taxonomy":"product_cat","embeddable":true,"href":"https:\/\/jblcorten.com\/fr\/wp-json\/wp\/v2\/product_cat?post=3350"},{"taxonomy":"product_tag","embeddable":true,"href":"https:\/\/jblcorten.com\/fr\/wp-json\/wp\/v2\/product_tag?post=3350"}],"curies":[{"name":"wp","href":"https:\/\/api.w.org\/{rel}","templated":true}]}}