{"id":3341,"date":"2025-06-13T11:16:03","date_gmt":"2025-06-13T03:16:03","guid":{"rendered":"https:\/\/jblcorten.com\/?post_type=product&#038;p=3341"},"modified":"2025-06-13T11:16:03","modified_gmt":"2025-06-13T03:16:03","slug":"grille-de-barbecue-en-corten","status":"publish","type":"product","link":"https:\/\/jblcorten.com\/fr\/corten-barbecue-grill\/","title":{"rendered":"Gril barbecue en corten"},"content":{"rendered":"<h2 style=\"text-align: center;\"><span style=\"font-size: 14pt;\">Gril barbecue en corten<\/span><\/h2>\n<p>Ce barbecue en corten est con\u00e7u avec une base en acier \u00e0 haute r\u00e9sistance aux intemp\u00e9ries et une surface de cuisson \u00e9paisse en acier au carbone, int\u00e9grant la cuisson au gril, la friture et la cuisson \u00e0 l'\u00e9touff\u00e9e. Le corps du four a une forme conique, stable et esth\u00e9tique, et la surface est recouverte d'une couche de protection contre l'oxydation naturelle, sans qu'il soit n\u00e9cessaire de la recouvrir d'un rev\u00eatement suppl\u00e9mentaire. \u00c9quip\u00e9 d'un syst\u00e8me de crochets, vous pouvez suspendre des outils tels que des fourchettes \u00e0 griller, des spatules, des brosses et des gobelets d'assaisonnement, ce qui est pratique. Convient aux activit\u00e9s de plein air telles que les r\u00e9unions familiales, le camping et les pique-niques.<\/p>\n<p>La conception de l'anneau \u00e0 360\u00b0 am\u00e9liore non seulement l'efficacit\u00e9 de la cuisson, mais permet \u00e9galement aux parents et aux amis de s'asseoir autour de la cuisini\u00e8re, de discuter tout en grillant et de profiter du temps chaud dans la fum\u00e9e.<\/p>\n<p><strong><span style=\"font-size: 14pt;\">Sp\u00e9cification du produit :<\/span><\/strong><\/p>\n<table style=\"border-collapse: collapse; width: 100%;\">\n<tbody>\n<tr>\n<td style=\"width: 21.279%; background-color: #f5f5f5;\">Type de produit<\/td>\n<td style=\"width: 78.721%;\">Grille de barbecue en acier Corten<\/td>\n<\/tr>\n<tr>\n<td style=\"width: 21.279%; background-color: #f5f5f5;\">Mat\u00e9riau<\/td>\n<td style=\"width: 78.721%;\">Acier Corten, Acier au carbone<\/td>\n<\/tr>\n<tr>\n<td style=\"width: 21.279%; background-color: #f5f5f5;\">Taille<\/td>\n<td style=\"width: 78.721%;\">\u00a0D 100 cm \u00d7 H 90 cm ou sur mesure<\/td>\n<\/tr>\n<tr>\n<td style=\"width: 21.279%; background-color: #f5f5f5;\">\u00c9paisseur<\/td>\n<td style=\"width: 78.721%;\">3-20mm<\/td>\n<\/tr>\n<tr>\n<td style=\"width: 21.279%; background-color: #f5f5f5;\">Poids<\/td>\n<td style=\"width: 78.721%;\">115 kg<\/td>\n<\/tr>\n<tr>\n<td style=\"width: 21.279%; background-color: #f5f5f5;\">Carburant<\/td>\n<td style=\"width: 78.721%;\">Bois ou charbon de bois<\/td>\n<\/tr>\n<\/tbody>\n<\/table>\n<p><strong><span style=\"font-size: 14pt;\">Caract\u00e9ristiques du produit :<\/span><\/strong><\/p>\n<ul style=\"list-style-type: disc;\">\n<li><strong>Conception de cuisson multifonctionnelle :<\/strong> Le four du milieu est utilis\u00e9 pour les grillades directes au charbon de bois, et la plaque chauffante circulaire ext\u00e9rieure convient pour les fritures et les grillades. Un four \u00e9quivaut \u00e0 plusieurs.<\/li>\n<li><strong>Mat\u00e9riau en acier r\u00e9sistant aux intemp\u00e9ries :<\/strong> La rouille naturelle forme une couche protectrice qui r\u00e9siste \u00e0 la corrosion, aux temp\u00e9ratures \u00e9lev\u00e9es, \u00e0 la solidit\u00e9 et \u00e0 la durabilit\u00e9.<\/li>\n<li><strong>Conception circulaire \u00e0 360\u00b0 :<\/strong> La conception circulaire permet \u00e0 plusieurs personnes de l'utiliser en m\u00eame temps, ce qui am\u00e9liore l'interactivit\u00e9 et l'exp\u00e9rience en plein air.<\/li>\n<li><strong>Structure amovible :<\/strong> La partie sup\u00e9rieure est amovible pour faciliter le nettoyage, la manipulation et le remplacement des pi\u00e8ces.<\/li>\n<li><strong>Syst\u00e8me de crochet pratique :<\/strong> Acc\u00e8s pratique aux outils de barbecue, fonctionnement efficace, propre et ordonn\u00e9.<\/li>\n<\/ul>\n<p><img fetchpriority=\"high\" decoding=\"async\" class=\"alignnone wp-image-3347 size-full\" src=\"https:\/\/jblcorten.com\/wp-content\/uploads\/2025\/06\/corten-barbecue-grill.jpg\" alt=\"grille de barbecue en corten\" width=\"750\" height=\"513\" title=\"\" srcset=\"https:\/\/jblcorten.com\/wp-content\/uploads\/2025\/06\/corten-barbecue-grill.jpg 750w, https:\/\/jblcorten.com\/wp-content\/uploads\/2025\/06\/corten-barbecue-grill-600x410.jpg 600w, https:\/\/jblcorten.com\/wp-content\/uploads\/2025\/06\/corten-barbecue-grill-300x205.jpg 300w, https:\/\/jblcorten.com\/wp-content\/uploads\/2025\/06\/corten-barbecue-grill-18x12.jpg 18w\" sizes=\"(max-width: 750px) 100vw, 750px\" \/><\/p>\n<p><strong><span style=\"font-size: 14pt;\">A propos de nous :<\/span><\/strong><\/p>\n<p>Nous sommes un fabricant professionnel de produits en acier corten situ\u00e9 \u00e0 Anyang, en Chine. Depuis sa cr\u00e9ation en 2008, nous nous concentrons sur la conception et la production de grilles de barbecue en acier corten, de po\u00eales d'ext\u00e9rieur et de d\u00e9corations de jardin en m\u00e9tal. Nous disposons de notre propre usine et d'une \u00e9quipe technique de R&amp;D. Nos produits sont export\u00e9s vers de nombreux pays et r\u00e9gions tels que l'Europe, l'Am\u00e9rique, l'Australie et le Moyen-Orient.<\/p>\n<p><img decoding=\"async\" class=\"alignnone size-full wp-image-3349\" src=\"https:\/\/jblcorten.com\/wp-content\/uploads\/2025\/06\/corten-steel-bbq-grill-manufacturer.jpg\" alt=\"Fabricant de grilles de barbecue en acier corten\" width=\"750\" height=\"375\" title=\"\" srcset=\"https:\/\/jblcorten.com\/wp-content\/uploads\/2025\/06\/corten-steel-bbq-grill-manufacturer.jpg 750w, https:\/\/jblcorten.com\/wp-content\/uploads\/2025\/06\/corten-steel-bbq-grill-manufacturer-600x300.jpg 600w, https:\/\/jblcorten.com\/wp-content\/uploads\/2025\/06\/corten-steel-bbq-grill-manufacturer-300x150.jpg 300w, https:\/\/jblcorten.com\/wp-content\/uploads\/2025\/06\/corten-steel-bbq-grill-manufacturer-18x9.jpg 18w\" sizes=\"(max-width: 750px) 100vw, 750px\" \/><\/p>\n<p><img decoding=\"async\" class=\"alignnone size-full wp-image-3348\" src=\"https:\/\/jblcorten.com\/wp-content\/uploads\/2025\/06\/bbq-grill-in-corten.jpg\" alt=\"gril bbq \u00e0 corten\" width=\"750\" height=\"500\" title=\"\" srcset=\"https:\/\/jblcorten.com\/wp-content\/uploads\/2025\/06\/bbq-grill-in-corten.jpg 750w, https:\/\/jblcorten.com\/wp-content\/uploads\/2025\/06\/bbq-grill-in-corten-600x400.jpg 600w, https:\/\/jblcorten.com\/wp-content\/uploads\/2025\/06\/bbq-grill-in-corten-300x200.jpg 300w, https:\/\/jblcorten.com\/wp-content\/uploads\/2025\/06\/bbq-grill-in-corten-18x12.jpg 18w\" sizes=\"(max-width: 750px) 100vw, 750px\" \/><\/p>\n<p><strong><span style=\"font-size: 14pt;\">FAQ :<\/span><\/strong><\/p>\n<p>Q1 : Ce barbecue peut-il br\u00fbler du bois ?<br \/>\nR1 : Oui, vous pouvez utiliser du bois de chauffage, du charbon de bois, du bois fruitier, etc. comme combustible. Il est recommand\u00e9 d'utiliser du bois sec pour obtenir les meilleurs r\u00e9sultats.<\/p>\n<p>Q2 : La surface de cuisson rouille-t-elle facilement ?<br \/>\nA2 : Le panneau de cuisson est en acier au carbone. Apr\u00e8s une utilisation normale, un film d'huile se forme pour \u00e9viter la rouille. Si vous avez besoin d'une plus grande r\u00e9sistance \u00e0 la rouille, vous pouvez choisir des panneaux en acier inoxydable 304 ou 316.<\/p>\n<p>Q3 : La taille et le logo peuvent-ils \u00eatre personnalis\u00e9s ?<br \/>\nA3 : Absolument. Nous proposons des services de personnalisation pour les entreprises, y compris pour les logos de marque, les tailles, les accessoires et l'emballage.<\/p>\n<p>Q4 : Pouvez-vous fournir des \u00e9chantillons ?<br \/>\nA4 : Des \u00e9chantillons peuvent \u00eatre fournis. Veuillez contacter notre conseiller de vente pour plus de d\u00e9tails.<\/p>\n<p>&nbsp;<\/p>","protected":false},"excerpt":{"rendered":"<p>Cette grille de barbecue en corten utilise de l'acier \u00e0 haute r\u00e9sistance aux intemp\u00e9ries pour cr\u00e9er la structure de base, et la surface est naturellement oxyd\u00e9e pour pr\u00e9senter un aspect chaleureux de rouille rouge. La plate-forme de cuisson sup\u00e9rieure utilise un plan de chauffe en acier au carbone de 10 mm d'\u00e9paisseur, qui chauffe rapidement et conserve la chaleur pendant longtemps. Le gril central \u00e0 feu direct permet de r\u00e9aliser une grande vari\u00e9t\u00e9 de m\u00e9thodes de cuisson.<\/p>","protected":false},"featured_media":3342,"template":"","meta":{"site-sidebar-layout":"default","site-content-layout":"","ast-site-content-layout":"default","site-content-style":"default","site-sidebar-style":"default","ast-global-header-display":"","ast-banner-title-visibility":"","ast-main-header-display":"","ast-hfb-above-header-display":"","ast-hfb-below-header-display":"","ast-hfb-mobile-header-display":"","site-post-title":"","ast-breadcrumbs-content":"","ast-featured-img":"","footer-sml-layout":"","ast-disable-related-posts":"","theme-transparent-header-meta":"default","adv-header-id-meta":"","stick-header-meta":"","header-above-stick-meta":"","header-main-stick-meta":"","header-below-stick-meta":"","astra-migrate-meta-layouts":"set","ast-page-background-enabled":"default","ast-page-background-meta":{"desktop":{"background-color":"var(--ast-global-color-4)","background-image":"","background-repeat":"repeat","background-position":"center center","background-size":"auto","background-attachment":"scroll","background-type":"","background-media":"","overlay-type":"","overlay-color":"","overlay-opacity":"","overlay-gradient":""},"tablet":{"background-color":"","background-image":"","background-repeat":"repeat","background-position":"center center","background-size":"auto","background-attachment":"scroll","background-type":"","background-media":"","overlay-type":"","overlay-color":"","overlay-opacity":"","overlay-gradient":""},"mobile":{"background-color":"","background-image":"","background-repeat":"repeat","background-position":"center center","background-size":"auto","background-attachment":"scroll","background-type":"","background-media":"","overlay-type":"","overlay-color":"","overlay-opacity":"","overlay-gradient":""}},"ast-content-background-meta":{"desktop":{"background-color":"var(--ast-global-color-5)","background-image":"","background-repeat":"repeat","background-position":"center center","background-size":"auto","background-attachment":"scroll","background-type":"","background-media":"","overlay-type":"","overlay-color":"","overlay-opacity":"","overlay-gradient":""},"tablet":{"background-color":"var(--ast-global-color-5)","background-image":"","background-repeat":"repeat","background-position":"center center","background-size":"auto","background-attachment":"scroll","background-type":"","background-media":"","overlay-type":"","overlay-color":"","overlay-opacity":"","overlay-gradient":""},"mobile":{"background-color":"var(--ast-global-color-5)","background-image":"","background-repeat":"repeat","background-position":"center center","background-size":"auto","background-attachment":"scroll","background-type":"","background-media":"","overlay-type":"","overlay-color":"","overlay-opacity":"","overlay-gradient":""}}},"product_brand":[],"product_cat":[25],"product_tag":[],"class_list":{"0":"post-3341","1":"product","2":"type-product","3":"status-publish","4":"has-post-thumbnail","6":"product_cat-bbq-grill","7":"desktop-align-center","8":"tablet-align-left","9":"mobile-align-left","11":"first","12":"instock","13":"shipping-taxable","14":"product-type-simple"},"_links":{"self":[{"href":"https:\/\/jblcorten.com\/fr\/wp-json\/wp\/v2\/product\/3341","targetHints":{"allow":["GET"]}}],"collection":[{"href":"https:\/\/jblcorten.com\/fr\/wp-json\/wp\/v2\/product"}],"about":[{"href":"https:\/\/jblcorten.com\/fr\/wp-json\/wp\/v2\/types\/product"}],"wp:featuredmedia":[{"embeddable":true,"href":"https:\/\/jblcorten.com\/fr\/wp-json\/wp\/v2\/media\/3342"}],"wp:attachment":[{"href":"https:\/\/jblcorten.com\/fr\/wp-json\/wp\/v2\/media?parent=3341"}],"wp:term":[{"taxonomy":"product_brand","embeddable":true,"href":"https:\/\/jblcorten.com\/fr\/wp-json\/wp\/v2\/product_brand?post=3341"},{"taxonomy":"product_cat","embeddable":true,"href":"https:\/\/jblcorten.com\/fr\/wp-json\/wp\/v2\/product_cat?post=3341"},{"taxonomy":"product_tag","embeddable":true,"href":"https:\/\/jblcorten.com\/fr\/wp-json\/wp\/v2\/product_tag?post=3341"}],"curies":[{"name":"wp","href":"https:\/\/api.w.org\/{rel}","templated":true}]}}