{"id":3301,"date":"2025-06-11T14:13:57","date_gmt":"2025-06-11T06:13:57","guid":{"rendered":"https:\/\/jblcorten.com\/?post_type=product&#038;p=3301"},"modified":"2025-06-11T14:16:06","modified_gmt":"2025-06-11T06:16:06","slug":"gril-bbq-corten","status":"publish","type":"product","link":"https:\/\/jblcorten.com\/fr\/corten-bbq-grill\/","title":{"rendered":"Gril barbecue en corten"},"content":{"rendered":"<h2 style=\"text-align: center;\"><span style=\"font-size: 14pt;\">Gril barbecue en corten<\/span><\/h2>\n<p>La partie principale de la grille de barbecue en corten est fabriqu\u00e9e en acier r\u00e9sistant aux intemp\u00e9ries. La plaque de cuisson et la grille de ce barbecue sont en acier au carbone de haute qualit\u00e9. L'acier au carbone est largement utilis\u00e9 dans la fabrication des plaques de cuisson en raison de son excellente conductivit\u00e9 thermique et de sa r\u00e9sistance aux temp\u00e9ratures \u00e9lev\u00e9es. Les plaques de cuisson en acier au carbone peuvent absorber et conduire rapidement la chaleur, ce qui permet de chauffer uniform\u00e9ment la surface de la plaque et d'\u00e9viter de br\u00fbler partiellement ou de ne pas cuire suffisamment les ingr\u00e9dients. Par ailleurs, l'acier au carbone pr\u00e9sente une grande stabilit\u00e9 structurelle et n'est pas facile \u00e0 d\u00e9former lors de la cuisson au barbecue \u00e0 haute temp\u00e9rature, ce qui permet de maintenir un chauffage uniforme des ingr\u00e9dients et un go\u00fbt stable.<\/p>\n<p>En outre, apr\u00e8s un rev\u00eatement professionnel ou un traitement de la casserole, l'anti-adh\u00e9rence de l'acier au carbone est \u00e9galement am\u00e9lior\u00e9e dans une certaine mesure. Avec des m\u00e9thodes d'utilisation et d'entretien appropri\u00e9es (telles que la cuisson et l'entretien de la casserole avant la premi\u00e8re utilisation), il peut r\u00e9duire efficacement l'adh\u00e9rence et faciliter le nettoyage.<\/p>\n<p><strong><span style=\"font-size: 14pt;\">Sp\u00e9cification du produit :<\/span><\/strong><\/p>\n<table style=\"border-collapse: collapse; width: 100%;\">\n<tbody>\n<tr>\n<td style=\"width: 25.3179%;\">Nom du produit<\/td>\n<td style=\"width: 74.6821%;\">Gril barbecue en corten<\/td>\n<\/tr>\n<tr>\n<td style=\"width: 25.3179%;\">Mat\u00e9riau<\/td>\n<td style=\"width: 74.6821%;\">Acier Corten, Acier au carbone<\/td>\n<\/tr>\n<tr>\n<td style=\"width: 25.3179%;\">Taille (cm)<\/td>\n<td style=\"width: 74.6821%;\">100 (D) *70 (H)<\/td>\n<\/tr>\n<tr>\n<td style=\"width: 25.3179%;\">Plaque de cuisson<\/td>\n<td style=\"width: 74.6821%;\">10 mm<\/td>\n<\/tr>\n<\/tbody>\n<\/table>\n<p><strong><span style=\"font-size: 14pt;\">Caract\u00e9ristiques du produit :<\/span><\/strong><\/p>\n<p><span style=\"color: #32cd00;\">\u00a0 <strong>\u221a Robuste et durable :<\/strong> <\/span>Le corps du four est fabriqu\u00e9 en acier \u00e0 haute r\u00e9sistance aux intemp\u00e9ries, qui r\u00e9siste \u00e0 la corrosion et aux temp\u00e9ratures \u00e9lev\u00e9es, et qui est adapt\u00e9 \u00e0 divers environnements ext\u00e9rieurs.<\/p>\n<p><strong><span style=\"color: #32cd00;\">\u00a0 \u221a Cuisson efficace :<\/span> <\/strong>\u00c9quip\u00e9 de plaques de cuisson et de grilles en acier au carbone, il conduit la chaleur rapidement et uniform\u00e9ment et permet de cuire facilement de d\u00e9licieux plats.<\/p>\n<p><strong><span style=\"color: #32cd00;\">\u00a0 \u221a M\u00e9thode de combustion :<\/span> <\/strong>En utilisant du bois de chauffage ou du charbon de bois comme combustible, il apporte l'ar\u00f4me original des feux d'artifice et offre une authentique saveur de barbecue.<\/p>\n<p><strong><span style=\"color: #32cd00;\">\u00a0 \u221a Assemblage pratique :<\/span><\/strong> Structure modulaire, d\u00e9montage et assemblage rapides, facile \u00e0 transporter et \u00e0 nettoyer.<\/p>\n<p><img fetchpriority=\"high\" decoding=\"async\" class=\"alignnone size-full wp-image-3307\" src=\"https:\/\/jblcorten.com\/wp-content\/uploads\/2025\/06\/corten-bbq-grill-1.jpg\" alt=\"gril bbq corten\" width=\"750\" height=\"500\" title=\"\" srcset=\"https:\/\/jblcorten.com\/wp-content\/uploads\/2025\/06\/corten-bbq-grill-1.jpg 750w, https:\/\/jblcorten.com\/wp-content\/uploads\/2025\/06\/corten-bbq-grill-1-600x400.jpg 600w, https:\/\/jblcorten.com\/wp-content\/uploads\/2025\/06\/corten-bbq-grill-1-300x200.jpg 300w, https:\/\/jblcorten.com\/wp-content\/uploads\/2025\/06\/corten-bbq-grill-1-18x12.jpg 18w\" sizes=\"(max-width: 750px) 100vw, 750px\" \/><\/p>\n<p><strong><span style=\"font-size: 14pt;\">Pourquoi choisir l'acier Corten ?<\/span><\/strong><\/p>\n<p>L'acier r\u00e9sistant aux intemp\u00e9ries, \u00e9galement connu sous le nom d'acier r\u00e9sistant \u00e0 la corrosion atmosph\u00e9rique, poss\u00e8de une excellente r\u00e9sistance \u00e0 l'oxydation et \u00e0 la corrosion. Par rapport \u00e0 l'acier au carbone traditionnel ou \u00e0 l'acier inoxydable ordinaire, l'acier r\u00e9sistant aux intemp\u00e9ries peut \u00eatre utilis\u00e9 pendant longtemps dans des environnements ext\u00e9rieurs sans rev\u00eatement antirouille suppl\u00e9mentaire, et il n'est pas facile \u00e0 rouiller ou \u00e0 d\u00e9former sous l'effet de la pluie, de l'humidit\u00e9 de l'air ou des diff\u00e9rences de temp\u00e9rature.<\/p>\n<p><img decoding=\"async\" class=\"alignnone wp-image-2518\" src=\"https:\/\/jblcorten.com\/wp-content\/uploads\/2025\/03\/Corten-Steel-vs.-Regular-Steel.jpg\" alt=\"Acier Corten vs. acier ordinaire\" width=\"750\" height=\"413\" title=\"\" srcset=\"https:\/\/jblcorten.com\/wp-content\/uploads\/2025\/03\/Corten-Steel-vs.-Regular-Steel.jpg 699w, https:\/\/jblcorten.com\/wp-content\/uploads\/2025\/03\/Corten-Steel-vs.-Regular-Steel-600x330.jpg 600w, https:\/\/jblcorten.com\/wp-content\/uploads\/2025\/03\/Corten-Steel-vs.-Regular-Steel-300x165.jpg 300w, https:\/\/jblcorten.com\/wp-content\/uploads\/2025\/03\/Corten-Steel-vs.-Regular-Steel-18x10.jpg 18w\" sizes=\"(max-width: 750px) 100vw, 750px\" \/><\/p>\n<p>En outre, avec le temps, une couche de protection stable contre l'oxydation, appel\u00e9e \"couche de protection rouge-rouille\", se forme progressivement \u00e0 la surface de l'acier soumis aux intemp\u00e9ries. Cette couche de protection naturelle am\u00e9liore non seulement la r\u00e9sistance \u00e0 la corrosion du mat\u00e9riau, mais conf\u00e8re \u00e9galement \u00e0 la grille de barbecue une esth\u00e9tique industrielle r\u00e9tro unique.<\/p>\n<p><img decoding=\"async\" class=\"alignnone wp-image-2519 size-full\" src=\"https:\/\/jblcorten.com\/wp-content\/uploads\/2025\/03\/corten-steel-material.jpg\" alt=\"\" width=\"750\" height=\"321\" title=\"\" srcset=\"https:\/\/jblcorten.com\/wp-content\/uploads\/2025\/03\/corten-steel-material.jpg 750w, https:\/\/jblcorten.com\/wp-content\/uploads\/2025\/03\/corten-steel-material-600x257.jpg 600w, https:\/\/jblcorten.com\/wp-content\/uploads\/2025\/03\/corten-steel-material-300x128.jpg 300w, https:\/\/jblcorten.com\/wp-content\/uploads\/2025\/03\/corten-steel-material-18x8.jpg 18w\" sizes=\"(max-width: 750px) 100vw, 750px\" \/><\/p>\n<p><strong><span style=\"font-size: 14pt;\">D\u00e9tails du produit :<\/span><\/strong><\/p>\n<p><img loading=\"lazy\" decoding=\"async\" class=\"alignnone size-full wp-image-3308\" src=\"https:\/\/jblcorten.com\/wp-content\/uploads\/2025\/06\/barbeque-corten.jpg\" alt=\"barbecue corten\" width=\"750\" height=\"750\" title=\"\" srcset=\"https:\/\/jblcorten.com\/wp-content\/uploads\/2025\/06\/barbeque-corten.jpg 750w, https:\/\/jblcorten.com\/wp-content\/uploads\/2025\/06\/barbeque-corten-600x600.jpg 600w, https:\/\/jblcorten.com\/wp-content\/uploads\/2025\/06\/barbeque-corten-100x100.jpg 100w, https:\/\/jblcorten.com\/wp-content\/uploads\/2025\/06\/barbeque-corten-300x300.jpg 300w, https:\/\/jblcorten.com\/wp-content\/uploads\/2025\/06\/barbeque-corten-150x150.jpg 150w, https:\/\/jblcorten.com\/wp-content\/uploads\/2025\/06\/barbeque-corten-12x12.jpg 12w\" sizes=\"(max-width: 750px) 100vw, 750px\" \/><\/p>\n<p><img loading=\"lazy\" decoding=\"async\" class=\"alignnone size-full wp-image-3310\" src=\"https:\/\/jblcorten.com\/wp-content\/uploads\/2025\/06\/grill-corten.jpg\" alt=\"gril corten\" width=\"750\" height=\"750\" title=\"\" srcset=\"https:\/\/jblcorten.com\/wp-content\/uploads\/2025\/06\/grill-corten.jpg 750w, https:\/\/jblcorten.com\/wp-content\/uploads\/2025\/06\/grill-corten-600x600.jpg 600w, https:\/\/jblcorten.com\/wp-content\/uploads\/2025\/06\/grill-corten-100x100.jpg 100w, https:\/\/jblcorten.com\/wp-content\/uploads\/2025\/06\/grill-corten-300x300.jpg 300w, https:\/\/jblcorten.com\/wp-content\/uploads\/2025\/06\/grill-corten-150x150.jpg 150w, https:\/\/jblcorten.com\/wp-content\/uploads\/2025\/06\/grill-corten-12x12.jpg 12w\" sizes=\"(max-width: 750px) 100vw, 750px\" \/><\/p>\n<p><img loading=\"lazy\" decoding=\"async\" class=\"alignnone size-full wp-image-3309\" src=\"https:\/\/jblcorten.com\/wp-content\/uploads\/2025\/06\/corten-bbq.jpg\" alt=\"corten bbq\" width=\"750\" height=\"750\" title=\"\" srcset=\"https:\/\/jblcorten.com\/wp-content\/uploads\/2025\/06\/corten-bbq.jpg 750w, https:\/\/jblcorten.com\/wp-content\/uploads\/2025\/06\/corten-bbq-600x600.jpg 600w, https:\/\/jblcorten.com\/wp-content\/uploads\/2025\/06\/corten-bbq-100x100.jpg 100w, https:\/\/jblcorten.com\/wp-content\/uploads\/2025\/06\/corten-bbq-300x300.jpg 300w, https:\/\/jblcorten.com\/wp-content\/uploads\/2025\/06\/corten-bbq-150x150.jpg 150w, https:\/\/jblcorten.com\/wp-content\/uploads\/2025\/06\/corten-bbq-12x12.jpg 12w\" sizes=\"(max-width: 750px) 100vw, 750px\" \/><\/p>","protected":false},"excerpt":{"rendered":"<ul>\n<li>Ce barbecue en corten est fabriqu\u00e9 en acier r\u00e9sistant aux intemp\u00e9ries. Sa structure solide et sa forte r\u00e9sistance \u00e0 la corrosion lui permettent d'\u00eatre utilis\u00e9 dans divers environnements ext\u00e9rieurs.<\/li>\n<li>La po\u00eale et le gril sont en acier au carbone \u00e0 haute conductivit\u00e9 thermique, ce qui permet de chauffer uniform\u00e9ment et d'obtenir un excellent effet de cuisson.<\/li>\n<li>Utilisez du bois ou du charbon de bois comme combustible pour obtenir une saveur de feu d'artifice pure.<\/li>\n<li>Il dispose de fonctions de montage et de d\u00e9montage rapides, ce qui est pratique pour le transport et le nettoyage.<\/li>\n<\/ul>","protected":false},"featured_media":3306,"template":"","meta":{"site-sidebar-layout":"default","site-content-layout":"","ast-site-content-layout":"default","site-content-style":"default","site-sidebar-style":"default","ast-global-header-display":"","ast-banner-title-visibility":"","ast-main-header-display":"","ast-hfb-above-header-display":"","ast-hfb-below-header-display":"","ast-hfb-mobile-header-display":"","site-post-title":"","ast-breadcrumbs-content":"","ast-featured-img":"","footer-sml-layout":"","ast-disable-related-posts":"","theme-transparent-header-meta":"default","adv-header-id-meta":"","stick-header-meta":"","header-above-stick-meta":"","header-main-stick-meta":"","header-below-stick-meta":"","astra-migrate-meta-layouts":"set","ast-page-background-enabled":"default","ast-page-background-meta":{"desktop":{"background-color":"var(--ast-global-color-4)","background-image":"","background-repeat":"repeat","background-position":"center center","background-size":"auto","background-attachment":"scroll","background-type":"","background-media":"","overlay-type":"","overlay-color":"","overlay-opacity":"","overlay-gradient":""},"tablet":{"background-color":"","background-image":"","background-repeat":"repeat","background-position":"center center","background-size":"auto","background-attachment":"scroll","background-type":"","background-media":"","overlay-type":"","overlay-color":"","overlay-opacity":"","overlay-gradient":""},"mobile":{"background-color":"","background-image":"","background-repeat":"repeat","background-position":"center center","background-size":"auto","background-attachment":"scroll","background-type":"","background-media":"","overlay-type":"","overlay-color":"","overlay-opacity":"","overlay-gradient":""}},"ast-content-background-meta":{"desktop":{"background-color":"var(--ast-global-color-5)","background-image":"","background-repeat":"repeat","background-position":"center center","background-size":"auto","background-attachment":"scroll","background-type":"","background-media":"","overlay-type":"","overlay-color":"","overlay-opacity":"","overlay-gradient":""},"tablet":{"background-color":"var(--ast-global-color-5)","background-image":"","background-repeat":"repeat","background-position":"center center","background-size":"auto","background-attachment":"scroll","background-type":"","background-media":"","overlay-type":"","overlay-color":"","overlay-opacity":"","overlay-gradient":""},"mobile":{"background-color":"var(--ast-global-color-5)","background-image":"","background-repeat":"repeat","background-position":"center center","background-size":"auto","background-attachment":"scroll","background-type":"","background-media":"","overlay-type":"","overlay-color":"","overlay-opacity":"","overlay-gradient":""}}},"product_brand":[],"product_cat":[25],"product_tag":[],"class_list":{"0":"post-3301","1":"product","2":"type-product","3":"status-publish","4":"has-post-thumbnail","6":"product_cat-bbq-grill","7":"desktop-align-center","8":"tablet-align-left","9":"mobile-align-left","11":"first","12":"instock","13":"shipping-taxable","14":"product-type-simple"},"_links":{"self":[{"href":"https:\/\/jblcorten.com\/fr\/wp-json\/wp\/v2\/product\/3301","targetHints":{"allow":["GET"]}}],"collection":[{"href":"https:\/\/jblcorten.com\/fr\/wp-json\/wp\/v2\/product"}],"about":[{"href":"https:\/\/jblcorten.com\/fr\/wp-json\/wp\/v2\/types\/product"}],"wp:featuredmedia":[{"embeddable":true,"href":"https:\/\/jblcorten.com\/fr\/wp-json\/wp\/v2\/media\/3306"}],"wp:attachment":[{"href":"https:\/\/jblcorten.com\/fr\/wp-json\/wp\/v2\/media?parent=3301"}],"wp:term":[{"taxonomy":"product_brand","embeddable":true,"href":"https:\/\/jblcorten.com\/fr\/wp-json\/wp\/v2\/product_brand?post=3301"},{"taxonomy":"product_cat","embeddable":true,"href":"https:\/\/jblcorten.com\/fr\/wp-json\/wp\/v2\/product_cat?post=3301"},{"taxonomy":"product_tag","embeddable":true,"href":"https:\/\/jblcorten.com\/fr\/wp-json\/wp\/v2\/product_tag?post=3301"}],"curies":[{"name":"wp","href":"https:\/\/api.w.org\/{rel}","templated":true}]}}