{"id":3289,"date":"2025-06-10T17:25:22","date_gmt":"2025-06-10T09:25:22","guid":{"rendered":"https:\/\/jblcorten.com\/?post_type=product&#038;p=3289"},"modified":"2025-06-10T17:25:31","modified_gmt":"2025-06-10T09:25:31","slug":"gril-bbq-en-metal","status":"publish","type":"product","link":"https:\/\/jblcorten.com\/fr\/metal-bbq-grill\/","title":{"rendered":"Grille de barbecue en m\u00e9tal"},"content":{"rendered":"<h2 style=\"text-align: center;\"><span style=\"font-size: 14pt;\">Grille de barbecue en m\u00e9tal<\/span><\/h2>\n<p>Ce gril bbq en m\u00e9tal a \u00e9t\u00e9 enti\u00e8rement am\u00e9lior\u00e9 sur la base de la conception traditionnelle, avec un nouveau plateau ignifuge montable. Le plateau s'\u00e9tend autour de la plaque du gril, ce qui augmente non seulement la surface utilisable, mais am\u00e9liore aussi consid\u00e9rablement la commodit\u00e9 d'utilisation. Les utilisateurs peuvent placer des outils tels que des bouteilles d'assaisonnement, des fourchettes \u00e0 griller, des plateaux, etc. sur le plateau pour \u00e9viter de les transporter. Le plateau peut \u00e9galement \u00eatre utilis\u00e9 comme table pour s'asseoir. Les utilisateurs peuvent s'asseoir avec leurs parents et amis pendant le barbecue, griller et manger, discuter et s'amuser, ce qui am\u00e9liore grandement l'interactivit\u00e9 et l'exp\u00e9rience sociale. Le plateau de la table est fabriqu\u00e9 \u00e0 partir de mat\u00e9riaux ignifuges et r\u00e9sistants aux hautes temp\u00e9ratures pour garantir une utilisation s\u00fbre. Il ne se d\u00e9formera pas et ne s'ab\u00eemera pas, m\u00eame si des casseroles et des plaques chauffantes sont pos\u00e9es dessus.<\/p>\n<p><strong><span style=\"font-size: 14pt;\">Sp\u00e9cification du produit :<\/span><\/strong><\/p>\n<table style=\"border-collapse: collapse; width: 100%;\">\n<tbody>\n<tr>\n<td style=\"width: 23.2984%; background-color: #f5f5f5;\">Nom du produit<\/td>\n<td style=\"width: 76.7016%;\">Grille de barbecue en m\u00e9tal<\/td>\n<\/tr>\n<tr>\n<td style=\"width: 23.2984%; background-color: #f5f5f5;\">Mat\u00e9riau<\/td>\n<td style=\"width: 76.7016%;\">Acier Corten, Acier au carbone<\/td>\n<\/tr>\n<tr>\n<td style=\"width: 23.2984%; background-color: #f5f5f5;\">Carburant<\/td>\n<td style=\"width: 76.7016%;\">Bois<\/td>\n<\/tr>\n<tr>\n<td style=\"width: 23.2984%; background-color: #f5f5f5;\">Taille<\/td>\n<td style=\"width: 76.7016%;\">800mm,1000mm,Standard ou sur mesure<\/td>\n<\/tr>\n<\/tbody>\n<\/table>\n<p><strong><span style=\"font-size: 14pt;\">D\u00e9tails du produit :<\/span><\/strong><\/p>\n<p>La po\u00eale \u00e0 griller est fabriqu\u00e9e en acier au carbone, \u00e9pais et durable, avec une excellente conductivit\u00e9 thermique, et peut conduire la chaleur de mani\u00e8re homog\u00e8ne, de sorte que les aliments sont chauff\u00e9s de mani\u00e8re homog\u00e8ne et ont meilleur go\u00fbt. La grille circulaire amovible situ\u00e9e au centre de la po\u00eale convient aux grillades \u00e0 feu ouvert. La large zone de grillade qui l'entoure peut \u00eatre utilis\u00e9e pour griller des l\u00e9gumes, des steaks, des ailes de poulet et d'autres ingr\u00e9dients, afin de r\u00e9pondre aux besoins de diff\u00e9rents styles de grillades.<\/p>\n<p><img fetchpriority=\"high\" decoding=\"async\" class=\"alignnone wp-image-3297\" src=\"https:\/\/jblcorten.com\/wp-content\/uploads\/2025\/06\/metal-bbq-grill-for-outdoor.jpg\" alt=\"gril bbq en m\u00e9tal pour l&#039;ext\u00e9rieur\" width=\"750\" height=\"375\" title=\"\" srcset=\"https:\/\/jblcorten.com\/wp-content\/uploads\/2025\/06\/metal-bbq-grill-for-outdoor.jpg 1000w, https:\/\/jblcorten.com\/wp-content\/uploads\/2025\/06\/metal-bbq-grill-for-outdoor-600x300.jpg 600w, https:\/\/jblcorten.com\/wp-content\/uploads\/2025\/06\/metal-bbq-grill-for-outdoor-300x150.jpg 300w, https:\/\/jblcorten.com\/wp-content\/uploads\/2025\/06\/metal-bbq-grill-for-outdoor-768x384.jpg 768w, https:\/\/jblcorten.com\/wp-content\/uploads\/2025\/06\/metal-bbq-grill-for-outdoor-18x9.jpg 18w\" sizes=\"(max-width: 750px) 100vw, 750px\" \/><\/p>\n<p>L'espace de rangement du bois situ\u00e9 en dessous est pratique pour ranger le bois de chauffage et les blocs de bois. Il peut \u00e9galement \u00eatre utilis\u00e9 comme espace d\u00e9coratif, ce qui donne \u00e0 l'ensemble du gril un aspect plus complet et mieux coordonn\u00e9. La zone de stockage du bois adopte un design ouvert, ce qui est pratique pour prendre et placer le bois de chauffage tout en am\u00e9liorant l'efficacit\u00e9 de la circulation de l'air, garantissant une combustion plus compl\u00e8te et une puissance de feu plus \u00e9lev\u00e9e.<\/p>\n<p><strong><span style=\"font-size: 14pt;\">Qu'est-ce que l'acier Corten ?<\/span><\/strong><\/p>\n<p>L'acier Corten (\u00e9galement connu sous le nom d'acier r\u00e9sistant aux intemp\u00e9ries) est un mat\u00e9riau m\u00e9tallique dot\u00e9 d'une excellente r\u00e9sistance \u00e0 la corrosion. Lorsqu'il est expos\u00e9 \u00e0 l'environnement naturel, il forme progressivement une couche stable de protection contre la rouille, qui peut pr\u00e9venir efficacement la corrosion et offre une reconnaissance visuelle extr\u00eamement \u00e9lev\u00e9e. Ce mat\u00e9riau est non seulement extr\u00eamement r\u00e9sistant aux temp\u00e9ratures \u00e9lev\u00e9es, au vent et au soleil, mais il ne n\u00e9cessite pas non plus de peinture de protection pour une utilisation \u00e0 long terme dans des environnements ext\u00e9rieurs. Avec le temps, la couche de rouille en surface pr\u00e9sentera un sens artistique unique.<\/p>\n<p><img decoding=\"async\" class=\"alignnone wp-image-2519 size-full\" src=\"https:\/\/jblcorten.com\/wp-content\/uploads\/2025\/03\/corten-steel-material.jpg\" alt=\"\" width=\"750\" height=\"321\" title=\"\" srcset=\"https:\/\/jblcorten.com\/wp-content\/uploads\/2025\/03\/corten-steel-material.jpg 750w, https:\/\/jblcorten.com\/wp-content\/uploads\/2025\/03\/corten-steel-material-600x257.jpg 600w, https:\/\/jblcorten.com\/wp-content\/uploads\/2025\/03\/corten-steel-material-300x128.jpg 300w, https:\/\/jblcorten.com\/wp-content\/uploads\/2025\/03\/corten-steel-material-18x8.jpg 18w\" sizes=\"(max-width: 750px) 100vw, 750px\" \/><\/p>\n<p><strong><span style=\"font-size: 14pt;\">Images du produit :<\/span><\/strong><\/p>\n<p><img decoding=\"async\" class=\"alignnone size-full wp-image-3298\" src=\"https:\/\/jblcorten.com\/wp-content\/uploads\/2025\/06\/barbecue-grill.jpg\" alt=\"gril barbecue\" width=\"750\" height=\"562\" title=\"\" srcset=\"https:\/\/jblcorten.com\/wp-content\/uploads\/2025\/06\/barbecue-grill.jpg 750w, https:\/\/jblcorten.com\/wp-content\/uploads\/2025\/06\/barbecue-grill-600x450.jpg 600w, https:\/\/jblcorten.com\/wp-content\/uploads\/2025\/06\/barbecue-grill-300x225.jpg 300w, https:\/\/jblcorten.com\/wp-content\/uploads\/2025\/06\/barbecue-grill-16x12.jpg 16w\" sizes=\"(max-width: 750px) 100vw, 750px\" \/><\/p>\n<p><img loading=\"lazy\" decoding=\"async\" class=\"alignnone size-full wp-image-3300\" src=\"https:\/\/jblcorten.com\/wp-content\/uploads\/2025\/06\/Metal-bbq-grill-with-removable-table-board.jpg\" alt=\"Grille de barbecue en m\u00e9tal avec plateau de table amovible\" width=\"750\" height=\"562\" title=\"\" srcset=\"https:\/\/jblcorten.com\/wp-content\/uploads\/2025\/06\/Metal-bbq-grill-with-removable-table-board.jpg 750w, https:\/\/jblcorten.com\/wp-content\/uploads\/2025\/06\/Metal-bbq-grill-with-removable-table-board-600x450.jpg 600w, https:\/\/jblcorten.com\/wp-content\/uploads\/2025\/06\/Metal-bbq-grill-with-removable-table-board-300x225.jpg 300w, https:\/\/jblcorten.com\/wp-content\/uploads\/2025\/06\/Metal-bbq-grill-with-removable-table-board-16x12.jpg 16w\" sizes=\"(max-width: 750px) 100vw, 750px\" \/><\/p>\n<p><img loading=\"lazy\" decoding=\"async\" class=\"alignnone size-full wp-image-3299\" src=\"https:\/\/jblcorten.com\/wp-content\/uploads\/2025\/06\/camping-bbq.jpg\" alt=\"camping bbq\" width=\"750\" height=\"421\" title=\"\" srcset=\"https:\/\/jblcorten.com\/wp-content\/uploads\/2025\/06\/camping-bbq.jpg 750w, https:\/\/jblcorten.com\/wp-content\/uploads\/2025\/06\/camping-bbq-600x337.jpg 600w, https:\/\/jblcorten.com\/wp-content\/uploads\/2025\/06\/camping-bbq-300x168.jpg 300w, https:\/\/jblcorten.com\/wp-content\/uploads\/2025\/06\/camping-bbq-18x10.jpg 18w\" sizes=\"(max-width: 750px) 100vw, 750px\" \/><\/p>\n<p><strong><span style=\"font-size: 14pt;\">FAQ :<\/span><\/strong><\/p>\n<p>1. vos grils bbq peuvent-ils \u00eatre personnalis\u00e9s ?<br \/>\nBien entendu, nous disposons de notre propre usine et pouvons personnaliser nos produits en fonction des besoins de nos clients.<\/p>\n<p>2. la table autour de ce barbecue peut-elle \u00eatre amovible ?<br \/>\nOui, il est \u00e9galement tr\u00e8s facile \u00e0 installer.<\/p>","protected":false},"excerpt":{"rendered":"<p>Ce barbecue en m\u00e9tal am\u00e9lior\u00e9 est fabriqu\u00e9 en acier r\u00e9sistant aux intemp\u00e9ries, qui est durable et chauffe uniform\u00e9ment avec un gril en acier au carbone. Un espace de rangement pour le bois de chauffage est pr\u00e9vu en dessous.<\/p>\n<p>En outre, il est possible d'installer une table ignifug\u00e9e afin d'obtenir une exp\u00e9rience de grillade et de repas assis. Ce gril est polyvalent et convient particuli\u00e8rement bien aux f\u00eates organis\u00e9es dans la cour.<\/p>","protected":false},"featured_media":3293,"template":"","meta":{"site-sidebar-layout":"default","site-content-layout":"","ast-site-content-layout":"default","site-content-style":"default","site-sidebar-style":"default","ast-global-header-display":"","ast-banner-title-visibility":"","ast-main-header-display":"","ast-hfb-above-header-display":"","ast-hfb-below-header-display":"","ast-hfb-mobile-header-display":"","site-post-title":"","ast-breadcrumbs-content":"","ast-featured-img":"","footer-sml-layout":"","ast-disable-related-posts":"","theme-transparent-header-meta":"default","adv-header-id-meta":"","stick-header-meta":"","header-above-stick-meta":"","header-main-stick-meta":"","header-below-stick-meta":"","astra-migrate-meta-layouts":"set","ast-page-background-enabled":"default","ast-page-background-meta":{"desktop":{"background-color":"var(--ast-global-color-4)","background-image":"","background-repeat":"repeat","background-position":"center center","background-size":"auto","background-attachment":"scroll","background-type":"","background-media":"","overlay-type":"","overlay-color":"","overlay-opacity":"","overlay-gradient":""},"tablet":{"background-color":"","background-image":"","background-repeat":"repeat","background-position":"center center","background-size":"auto","background-attachment":"scroll","background-type":"","background-media":"","overlay-type":"","overlay-color":"","overlay-opacity":"","overlay-gradient":""},"mobile":{"background-color":"","background-image":"","background-repeat":"repeat","background-position":"center center","background-size":"auto","background-attachment":"scroll","background-type":"","background-media":"","overlay-type":"","overlay-color":"","overlay-opacity":"","overlay-gradient":""}},"ast-content-background-meta":{"desktop":{"background-color":"var(--ast-global-color-5)","background-image":"","background-repeat":"repeat","background-position":"center center","background-size":"auto","background-attachment":"scroll","background-type":"","background-media":"","overlay-type":"","overlay-color":"","overlay-opacity":"","overlay-gradient":""},"tablet":{"background-color":"var(--ast-global-color-5)","background-image":"","background-repeat":"repeat","background-position":"center center","background-size":"auto","background-attachment":"scroll","background-type":"","background-media":"","overlay-type":"","overlay-color":"","overlay-opacity":"","overlay-gradient":""},"mobile":{"background-color":"var(--ast-global-color-5)","background-image":"","background-repeat":"repeat","background-position":"center center","background-size":"auto","background-attachment":"scroll","background-type":"","background-media":"","overlay-type":"","overlay-color":"","overlay-opacity":"","overlay-gradient":""}}},"product_brand":[],"product_cat":[25],"product_tag":[],"class_list":{"0":"post-3289","1":"product","2":"type-product","3":"status-publish","4":"has-post-thumbnail","6":"product_cat-bbq-grill","7":"desktop-align-center","8":"tablet-align-left","9":"mobile-align-left","11":"first","12":"instock","13":"shipping-taxable","14":"product-type-simple"},"_links":{"self":[{"href":"https:\/\/jblcorten.com\/fr\/wp-json\/wp\/v2\/product\/3289","targetHints":{"allow":["GET"]}}],"collection":[{"href":"https:\/\/jblcorten.com\/fr\/wp-json\/wp\/v2\/product"}],"about":[{"href":"https:\/\/jblcorten.com\/fr\/wp-json\/wp\/v2\/types\/product"}],"wp:featuredmedia":[{"embeddable":true,"href":"https:\/\/jblcorten.com\/fr\/wp-json\/wp\/v2\/media\/3293"}],"wp:attachment":[{"href":"https:\/\/jblcorten.com\/fr\/wp-json\/wp\/v2\/media?parent=3289"}],"wp:term":[{"taxonomy":"product_brand","embeddable":true,"href":"https:\/\/jblcorten.com\/fr\/wp-json\/wp\/v2\/product_brand?post=3289"},{"taxonomy":"product_cat","embeddable":true,"href":"https:\/\/jblcorten.com\/fr\/wp-json\/wp\/v2\/product_cat?post=3289"},{"taxonomy":"product_tag","embeddable":true,"href":"https:\/\/jblcorten.com\/fr\/wp-json\/wp\/v2\/product_tag?post=3289"}],"curies":[{"name":"wp","href":"https:\/\/api.w.org\/{rel}","templated":true}]}}