{"id":3220,"date":"2025-05-30T17:05:11","date_gmt":"2025-05-30T09:05:11","guid":{"rendered":"https:\/\/jblcorten.com\/?post_type=product&#038;p=3220"},"modified":"2025-05-30T17:05:11","modified_gmt":"2025-05-30T09:05:11","slug":"panneaux-decoratifs-en-acier-corten","status":"publish","type":"product","link":"https:\/\/jblcorten.com\/fr\/corten-steel-decorative-panels\/","title":{"rendered":"Panneaux d\u00e9coratifs en acier Corten"},"content":{"rendered":"<h2 style=\"text-align: center;\"><span style=\"font-size: 14pt;\">Panneaux d\u00e9coratifs en acier Corten<\/span><\/h2>\n<p>Les panneaux d\u00e9coratifs en acier corten sont des cloisons ou des cl\u00f4tures d\u00e9coratives fabriqu\u00e9es en acier corten. Ils sont largement utilis\u00e9s pour la s\u00e9paration, la d\u00e9coration ou la fonction des espaces ext\u00e9rieurs. Ce panneau d\u00e9coratif en acier corten adopte des processus de d\u00e9coupe laser, de poin\u00e7onnage ou de gravure pour pr\u00e9senter une vari\u00e9t\u00e9 de motifs et de formes, qui peuvent \u00eatre personnalis\u00e9s en fonction des exigences de conception. Son aspect rouge rouille et ses motifs vari\u00e9s en font un choix id\u00e9al pour les cl\u00f4tures et les murs de cour.<\/p>\n<p>L'acier r\u00e9sistant aux intemp\u00e9ries (acier Corten) est un alliage d'acier hautement r\u00e9sistant \u00e0 la corrosion. Une pellicule protectrice stable de couleur rouge rouille se forme \u00e0 sa surface dans l'environnement naturel, ce qui am\u00e9liore non seulement la durabilit\u00e9 du mat\u00e9riau, mais lui conf\u00e8re \u00e9galement une beaut\u00e9 naturelle unique.<\/p>\n<p><strong><span style=\"font-size: 14pt;\">Sp\u00e9cification du produit :<\/span><\/strong><\/p>\n<table style=\"border-collapse: collapse; width: 100%;\">\n<tbody>\n<tr>\n<td style=\"width: 28.3844%; background-color: #f5f5f5;\">Nom du produit<\/td>\n<td style=\"width: 71.6156%;\">Panneaux d\u00e9coratifs en acier Corten<\/td>\n<\/tr>\n<tr>\n<td style=\"width: 28.3844%; background-color: #f5f5f5;\">Mat\u00e9riau<\/td>\n<td style=\"width: 71.6156%;\">Acier Corten\/Acier r\u00e9sistant aux intemp\u00e9ries<\/td>\n<\/tr>\n<tr>\n<td style=\"width: 28.3844%; background-color: #f5f5f5;\">Couleur<\/td>\n<td style=\"width: 71.6156%;\">Rusty<\/td>\n<\/tr>\n<tr>\n<td style=\"width: 28.3844%; background-color: #f5f5f5;\">Technologie<\/td>\n<td style=\"width: 71.6156%;\">D\u00e9coupe au laser<\/td>\n<\/tr>\n<tr>\n<td style=\"width: 28.3844%; background-color: #f5f5f5;\">Taille<\/td>\n<td style=\"width: 71.6156%;\">Sur mesure<\/td>\n<\/tr>\n<\/tbody>\n<\/table>\n<p><strong><span style=\"font-size: 14pt;\">D\u00e9tails du produit :<\/span><\/strong><\/p>\n<p><img fetchpriority=\"high\" decoding=\"async\" class=\"alignnone size-full wp-image-3228\" src=\"https:\/\/jblcorten.com\/wp-content\/uploads\/2025\/05\/decorative-metal-garden-fence-panels.jpg\" alt=\"panneaux de cl\u00f4ture de jardin en m\u00e9tal d\u00e9coratif\" width=\"750\" height=\"500\" title=\"\" srcset=\"https:\/\/jblcorten.com\/wp-content\/uploads\/2025\/05\/decorative-metal-garden-fence-panels.jpg 750w, https:\/\/jblcorten.com\/wp-content\/uploads\/2025\/05\/decorative-metal-garden-fence-panels-600x400.jpg 600w, https:\/\/jblcorten.com\/wp-content\/uploads\/2025\/05\/decorative-metal-garden-fence-panels-300x200.jpg 300w, https:\/\/jblcorten.com\/wp-content\/uploads\/2025\/05\/decorative-metal-garden-fence-panels-18x12.jpg 18w\" sizes=\"(max-width: 750px) 100vw, 750px\" \/><\/p>\n<p><img decoding=\"async\" class=\"alignnone size-full wp-image-3229\" src=\"https:\/\/jblcorten.com\/wp-content\/uploads\/2025\/05\/corten-steel-decorative-panels-for-sale.jpg\" alt=\"panneaux d\u00e9coratifs en acier corten \u00e0 vendre\" width=\"750\" height=\"375\" title=\"\" srcset=\"https:\/\/jblcorten.com\/wp-content\/uploads\/2025\/05\/corten-steel-decorative-panels-for-sale.jpg 750w, https:\/\/jblcorten.com\/wp-content\/uploads\/2025\/05\/corten-steel-decorative-panels-for-sale-600x300.jpg 600w, https:\/\/jblcorten.com\/wp-content\/uploads\/2025\/05\/corten-steel-decorative-panels-for-sale-300x150.jpg 300w, https:\/\/jblcorten.com\/wp-content\/uploads\/2025\/05\/corten-steel-decorative-panels-for-sale-18x9.jpg 18w\" sizes=\"(max-width: 750px) 100vw, 750px\" \/><\/p>\n<p><img decoding=\"async\" class=\"alignnone size-full wp-image-3227\" src=\"https:\/\/jblcorten.com\/wp-content\/uploads\/2025\/05\/decorative-garden-fencing-metal.png\" alt=\"cl\u00f4ture de jardin d\u00e9corative en m\u00e9tal\" width=\"750\" height=\"500\" title=\"\" srcset=\"https:\/\/jblcorten.com\/wp-content\/uploads\/2025\/05\/decorative-garden-fencing-metal.png 750w, https:\/\/jblcorten.com\/wp-content\/uploads\/2025\/05\/decorative-garden-fencing-metal-600x400.png 600w, https:\/\/jblcorten.com\/wp-content\/uploads\/2025\/05\/decorative-garden-fencing-metal-300x200.png 300w, https:\/\/jblcorten.com\/wp-content\/uploads\/2025\/05\/decorative-garden-fencing-metal-18x12.png 18w\" sizes=\"(max-width: 750px) 100vw, 750px\" \/><\/p>","protected":false},"excerpt":{"rendered":"<p>Ces panneaux d\u00e9coratifs en acier corten adoptent des proc\u00e9d\u00e9s de d\u00e9coupe au laser, de poin\u00e7onnage ou de gravure pour pr\u00e9senter une vari\u00e9t\u00e9 de motifs et de formes, qui peuvent \u00eatre personnalis\u00e9s en fonction des exigences de conception.<\/p>","protected":false},"featured_media":3221,"template":"","meta":{"site-sidebar-layout":"default","site-content-layout":"","ast-site-content-layout":"default","site-content-style":"default","site-sidebar-style":"default","ast-global-header-display":"","ast-banner-title-visibility":"","ast-main-header-display":"","ast-hfb-above-header-display":"","ast-hfb-below-header-display":"","ast-hfb-mobile-header-display":"","site-post-title":"","ast-breadcrumbs-content":"","ast-featured-img":"","footer-sml-layout":"","ast-disable-related-posts":"","theme-transparent-header-meta":"default","adv-header-id-meta":"","stick-header-meta":"","header-above-stick-meta":"","header-main-stick-meta":"","header-below-stick-meta":"","astra-migrate-meta-layouts":"set","ast-page-background-enabled":"default","ast-page-background-meta":{"desktop":{"background-color":"var(--ast-global-color-4)","background-image":"","background-repeat":"repeat","background-position":"center center","background-size":"auto","background-attachment":"scroll","background-type":"","background-media":"","overlay-type":"","overlay-color":"","overlay-opacity":"","overlay-gradient":""},"tablet":{"background-color":"","background-image":"","background-repeat":"repeat","background-position":"center center","background-size":"auto","background-attachment":"scroll","background-type":"","background-media":"","overlay-type":"","overlay-color":"","overlay-opacity":"","overlay-gradient":""},"mobile":{"background-color":"","background-image":"","background-repeat":"repeat","background-position":"center center","background-size":"auto","background-attachment":"scroll","background-type":"","background-media":"","overlay-type":"","overlay-color":"","overlay-opacity":"","overlay-gradient":""}},"ast-content-background-meta":{"desktop":{"background-color":"var(--ast-global-color-5)","background-image":"","background-repeat":"repeat","background-position":"center center","background-size":"auto","background-attachment":"scroll","background-type":"","background-media":"","overlay-type":"","overlay-color":"","overlay-opacity":"","overlay-gradient":""},"tablet":{"background-color":"var(--ast-global-color-5)","background-image":"","background-repeat":"repeat","background-position":"center center","background-size":"auto","background-attachment":"scroll","background-type":"","background-media":"","overlay-type":"","overlay-color":"","overlay-opacity":"","overlay-gradient":""},"mobile":{"background-color":"var(--ast-global-color-5)","background-image":"","background-repeat":"repeat","background-position":"center center","background-size":"auto","background-attachment":"scroll","background-type":"","background-media":"","overlay-type":"","overlay-color":"","overlay-opacity":"","overlay-gradient":""}}},"product_brand":[],"product_cat":[31],"product_tag":[],"class_list":{"0":"post-3220","1":"product","2":"type-product","3":"status-publish","4":"has-post-thumbnail","6":"product_cat-garden-screens","7":"desktop-align-center","8":"tablet-align-left","9":"mobile-align-left","11":"first","12":"instock","13":"shipping-taxable","14":"product-type-simple"},"_links":{"self":[{"href":"https:\/\/jblcorten.com\/fr\/wp-json\/wp\/v2\/product\/3220","targetHints":{"allow":["GET"]}}],"collection":[{"href":"https:\/\/jblcorten.com\/fr\/wp-json\/wp\/v2\/product"}],"about":[{"href":"https:\/\/jblcorten.com\/fr\/wp-json\/wp\/v2\/types\/product"}],"wp:featuredmedia":[{"embeddable":true,"href":"https:\/\/jblcorten.com\/fr\/wp-json\/wp\/v2\/media\/3221"}],"wp:attachment":[{"href":"https:\/\/jblcorten.com\/fr\/wp-json\/wp\/v2\/media?parent=3220"}],"wp:term":[{"taxonomy":"product_brand","embeddable":true,"href":"https:\/\/jblcorten.com\/fr\/wp-json\/wp\/v2\/product_brand?post=3220"},{"taxonomy":"product_cat","embeddable":true,"href":"https:\/\/jblcorten.com\/fr\/wp-json\/wp\/v2\/product_cat?post=3220"},{"taxonomy":"product_tag","embeddable":true,"href":"https:\/\/jblcorten.com\/fr\/wp-json\/wp\/v2\/product_tag?post=3220"}],"curies":[{"name":"wp","href":"https:\/\/api.w.org\/{rel}","templated":true}]}}