{"id":3170,"date":"2025-05-29T15:10:35","date_gmt":"2025-05-29T07:10:35","guid":{"rendered":"https:\/\/jblcorten.com\/?post_type=product&#038;p=3170"},"modified":"2025-05-29T15:10:36","modified_gmt":"2025-05-29T07:10:36","slug":"cheminee-suspendue","status":"publish","type":"product","link":"https:\/\/jblcorten.com\/fr\/suspended-fireplace\/","title":{"rendered":"Chemin\u00e9e suspendue"},"content":{"rendered":"<h2 style=\"text-align: center;\"><span style=\"font-size: 14pt;\">Chemin\u00e9e suspendue<\/span><\/h2>\n<p>Le principal atout du foyer suspendu r\u00e9side dans son design suspendu. Install\u00e9 au plafond, le po\u00eale suspendu est compl\u00e8tement d\u00e9coll\u00e9 du sol, ce qui lib\u00e8re non seulement de l'espace au sol, mais ajoute \u00e9galement une touche d'art moderne \u00e0 l'int\u00e9rieur. Compar\u00e9 au foyer traditionnel pos\u00e9 au sol, le design suspendu du foyer suspendu \u00e9vite l'accumulation de d\u00e9bris au sol, ce qui facilite le nettoyage et r\u00e9duit \u00e9galement le risque de contact accidentel par des enfants ou des animaux domestiques, le rendant ainsi plus s\u00fbr.<\/p>\n<p>La chemin\u00e9e suspendue est fabriqu\u00e9e en acier au carbone de haute qualit\u00e9, qui pr\u00e9sente une excellente r\u00e9sistance aux temp\u00e9ratures \u00e9lev\u00e9es et \u00e0 la corrosion. L'acier au carbone peut non seulement supporter les temp\u00e9ratures \u00e9lev\u00e9es g\u00e9n\u00e9r\u00e9es par la combustion du bois, mais aussi maintenir la stabilit\u00e9 structurelle pendant longtemps, garantissant ainsi la dur\u00e9e de vie du po\u00eale suspendu. De plus, la surface de l'acier au carbone a \u00e9t\u00e9 finement trait\u00e9e pour pr\u00e9senter une texture lisse et moderne. Notre chemin\u00e9e suspendue offre \u00e9galement des options de rev\u00eatement mat ou m\u00e9tallique brillant pour r\u00e9pondre aux besoins esth\u00e9tiques de diff\u00e9rents utilisateurs.<\/p>\n<p><strong><span style=\"font-size: 14pt;\">Sp\u00e9cification du produit :<\/span><\/strong><\/p>\n<table style=\"border-collapse: collapse; width: 100%;\">\n<tbody>\n<tr>\n<td style=\"width: 22.2513%; background-color: #f5f5f5;\">Nom du produit<\/td>\n<td style=\"width: 77.7487%;\">Chemin\u00e9e suspendue<\/td>\n<\/tr>\n<tr>\n<td style=\"width: 22.2513%; background-color: #f5f5f5;\">Mat\u00e9riau<\/td>\n<td style=\"width: 77.7487%;\">Acier au carbone<\/td>\n<\/tr>\n<tr>\n<td style=\"width: 22.2513%; background-color: #f5f5f5;\">Couleur<\/td>\n<td style=\"width: 77.7487%;\">Noir, mat, personnalis\u00e9<\/td>\n<\/tr>\n<tr>\n<td style=\"width: 22.2513%; background-color: #f5f5f5;\">Carburant<\/td>\n<td style=\"width: 77.7487%;\">Bois ou \u00e9thanol<\/td>\n<\/tr>\n<tr>\n<td style=\"width: 22.2513%; background-color: #f5f5f5;\">Taille<\/td>\n<td style=\"width: 77.7487%;\">\u03c6600 \/ \u03c6700 \/ \u03c6800 \/ \u03c6900 \/ \u03c61000 \/ \u03c61100 \/ \u03c61200 \/ taille personnalisable<\/td>\n<\/tr>\n<\/tbody>\n<\/table>\n<p><strong><span style=\"font-size: 14pt;\">Caract\u00e9ristiques du produit :<\/span><\/strong><\/p>\n<ol>\n<li>Loin du sol, pour gagner de la place ;<\/li>\n<li>La forme suspendue ressemble \u00e0 une sculpture, qui peut \u00eatre utilis\u00e9e pour d\u00e9corer l'espace int\u00e9rieur ;<\/li>\n<li>Le cr\u00e9pitement et les flammes dansantes du bois qui br\u00fble ajoutent une touche naturelle et chaleureuse \u00e0 l'int\u00e9rieur.;<\/li>\n<li>La t\u00eate du br\u00fbleur peut pivoter \u00e0 360 degr\u00e9s et changer de direction \u00e0 volont\u00e9 ;<\/li>\n<li>Convient \u00e0 divers sc\u00e9narios.<\/li>\n<\/ol>\n<p><img fetchpriority=\"high\" decoding=\"async\" class=\"alignnone size-full wp-image-3176\" src=\"https:\/\/jblcorten.com\/wp-content\/uploads\/2025\/05\/ceiling-hanging-fireplace.jpg\" alt=\"chemin\u00e9e suspendue au plafond\" width=\"750\" height=\"585\" title=\"\" srcset=\"https:\/\/jblcorten.com\/wp-content\/uploads\/2025\/05\/ceiling-hanging-fireplace.jpg 750w, https:\/\/jblcorten.com\/wp-content\/uploads\/2025\/05\/ceiling-hanging-fireplace-600x468.jpg 600w, https:\/\/jblcorten.com\/wp-content\/uploads\/2025\/05\/ceiling-hanging-fireplace-300x234.jpg 300w, https:\/\/jblcorten.com\/wp-content\/uploads\/2025\/05\/ceiling-hanging-fireplace-15x12.jpg 15w\" sizes=\"(max-width: 750px) 100vw, 750px\" \/><\/p>\n<p><strong><span style=\"font-size: 14pt;\">D\u00e9tails du produit :<\/span><\/strong><\/p>\n<p><img decoding=\"async\" class=\"alignnone size-full wp-image-3178\" src=\"https:\/\/jblcorten.com\/wp-content\/uploads\/2025\/05\/suspended-fireplace-1.jpg\" alt=\"chemin\u00e9e suspendue\" width=\"750\" height=\"409\" title=\"\" srcset=\"https:\/\/jblcorten.com\/wp-content\/uploads\/2025\/05\/suspended-fireplace-1.jpg 750w, https:\/\/jblcorten.com\/wp-content\/uploads\/2025\/05\/suspended-fireplace-1-600x327.jpg 600w, https:\/\/jblcorten.com\/wp-content\/uploads\/2025\/05\/suspended-fireplace-1-300x164.jpg 300w, https:\/\/jblcorten.com\/wp-content\/uploads\/2025\/05\/suspended-fireplace-1-18x10.jpg 18w\" sizes=\"(max-width: 750px) 100vw, 750px\" \/><\/p>\n<p><img decoding=\"async\" class=\"alignnone size-full wp-image-3177\" src=\"https:\/\/jblcorten.com\/wp-content\/uploads\/2025\/05\/hanging-wood-burning-fireplace-1.jpg\" alt=\"chemin\u00e9e \u00e0 bois suspendue\" width=\"750\" height=\"500\" title=\"\" srcset=\"https:\/\/jblcorten.com\/wp-content\/uploads\/2025\/05\/hanging-wood-burning-fireplace-1.jpg 750w, https:\/\/jblcorten.com\/wp-content\/uploads\/2025\/05\/hanging-wood-burning-fireplace-1-600x400.jpg 600w, https:\/\/jblcorten.com\/wp-content\/uploads\/2025\/05\/hanging-wood-burning-fireplace-1-300x200.jpg 300w, https:\/\/jblcorten.com\/wp-content\/uploads\/2025\/05\/hanging-wood-burning-fireplace-1-18x12.jpg 18w\" sizes=\"(max-width: 750px) 100vw, 750px\" \/><\/p>\n<p><img loading=\"lazy\" decoding=\"async\" class=\"alignnone size-full wp-image-3179\" src=\"https:\/\/jblcorten.com\/wp-content\/uploads\/2025\/05\/suspended-wood-burning-fireplace.jpg\" alt=\"chemin\u00e9e \u00e0 bois suspendue\" width=\"750\" height=\"606\" title=\"\" srcset=\"https:\/\/jblcorten.com\/wp-content\/uploads\/2025\/05\/suspended-wood-burning-fireplace.jpg 750w, https:\/\/jblcorten.com\/wp-content\/uploads\/2025\/05\/suspended-wood-burning-fireplace-600x485.jpg 600w, https:\/\/jblcorten.com\/wp-content\/uploads\/2025\/05\/suspended-wood-burning-fireplace-300x242.jpg 300w, https:\/\/jblcorten.com\/wp-content\/uploads\/2025\/05\/suspended-wood-burning-fireplace-15x12.jpg 15w\" sizes=\"(max-width: 750px) 100vw, 750px\" \/><\/p>\n<p><strong><span style=\"font-size: 14pt;\">FAQ :<\/span><\/strong><\/p>\n<p>1. \u00cates-vous une usine ?<br \/>\nOui, nous avons notre propre usine.<\/p>\n<p>2. Acceptez-vous la personnalisation de vos chaudi\u00e8res murales ?<br \/>\nNous prenons en charge la personnalisation des formes et des tailles. Les diff\u00e9rents styles personnalis\u00e9s ont des prix diff\u00e9rents. N'h\u00e9sitez pas \u00e0 consulter notre service client\u00e8le~<\/p>\n<p>3. Comment garantir la s\u00e9curit\u00e9 ?<br \/>\nTous les produits que nous vendons seront inspect\u00e9s avant de quitter l'usine afin de garantir que chaque lot de produits est conforme et s\u00fbr.<\/p>","protected":false},"excerpt":{"rendered":"<p>Cette chemin\u00e9e suspendue en acier au carbone est accroch\u00e9e au plafond, loin du sol, ce qui permet de gagner de la place et d'ajouter une touche esth\u00e9tique. Son design unique \u00e0 bois la rend \u00e9cologique et efficace tout en procurant de la chaleur.<\/p>","protected":false},"featured_media":3174,"template":"","meta":{"site-sidebar-layout":"default","site-content-layout":"","ast-site-content-layout":"default","site-content-style":"default","site-sidebar-style":"default","ast-global-header-display":"","ast-banner-title-visibility":"","ast-main-header-display":"","ast-hfb-above-header-display":"","ast-hfb-below-header-display":"","ast-hfb-mobile-header-display":"","site-post-title":"","ast-breadcrumbs-content":"","ast-featured-img":"","footer-sml-layout":"","ast-disable-related-posts":"","theme-transparent-header-meta":"default","adv-header-id-meta":"","stick-header-meta":"","header-above-stick-meta":"","header-main-stick-meta":"","header-below-stick-meta":"","astra-migrate-meta-layouts":"set","ast-page-background-enabled":"default","ast-page-background-meta":{"desktop":{"background-color":"var(--ast-global-color-4)","background-image":"","background-repeat":"repeat","background-position":"center center","background-size":"auto","background-attachment":"scroll","background-type":"","background-media":"","overlay-type":"","overlay-color":"","overlay-opacity":"","overlay-gradient":""},"tablet":{"background-color":"","background-image":"","background-repeat":"repeat","background-position":"center center","background-size":"auto","background-attachment":"scroll","background-type":"","background-media":"","overlay-type":"","overlay-color":"","overlay-opacity":"","overlay-gradient":""},"mobile":{"background-color":"","background-image":"","background-repeat":"repeat","background-position":"center center","background-size":"auto","background-attachment":"scroll","background-type":"","background-media":"","overlay-type":"","overlay-color":"","overlay-opacity":"","overlay-gradient":""}},"ast-content-background-meta":{"desktop":{"background-color":"var(--ast-global-color-5)","background-image":"","background-repeat":"repeat","background-position":"center center","background-size":"auto","background-attachment":"scroll","background-type":"","background-media":"","overlay-type":"","overlay-color":"","overlay-opacity":"","overlay-gradient":""},"tablet":{"background-color":"var(--ast-global-color-5)","background-image":"","background-repeat":"repeat","background-position":"center center","background-size":"auto","background-attachment":"scroll","background-type":"","background-media":"","overlay-type":"","overlay-color":"","overlay-opacity":"","overlay-gradient":""},"mobile":{"background-color":"var(--ast-global-color-5)","background-image":"","background-repeat":"repeat","background-position":"center center","background-size":"auto","background-attachment":"scroll","background-type":"","background-media":"","overlay-type":"","overlay-color":"","overlay-opacity":"","overlay-gradient":""}}},"product_brand":[],"product_cat":[30],"product_tag":[],"class_list":{"0":"post-3170","1":"product","2":"type-product","3":"status-publish","4":"has-post-thumbnail","6":"product_cat-fireplace","7":"desktop-align-center","8":"tablet-align-left","9":"mobile-align-left","11":"first","12":"instock","13":"shipping-taxable","14":"product-type-simple"},"_links":{"self":[{"href":"https:\/\/jblcorten.com\/fr\/wp-json\/wp\/v2\/product\/3170","targetHints":{"allow":["GET"]}}],"collection":[{"href":"https:\/\/jblcorten.com\/fr\/wp-json\/wp\/v2\/product"}],"about":[{"href":"https:\/\/jblcorten.com\/fr\/wp-json\/wp\/v2\/types\/product"}],"wp:featuredmedia":[{"embeddable":true,"href":"https:\/\/jblcorten.com\/fr\/wp-json\/wp\/v2\/media\/3174"}],"wp:attachment":[{"href":"https:\/\/jblcorten.com\/fr\/wp-json\/wp\/v2\/media?parent=3170"}],"wp:term":[{"taxonomy":"product_brand","embeddable":true,"href":"https:\/\/jblcorten.com\/fr\/wp-json\/wp\/v2\/product_brand?post=3170"},{"taxonomy":"product_cat","embeddable":true,"href":"https:\/\/jblcorten.com\/fr\/wp-json\/wp\/v2\/product_cat?post=3170"},{"taxonomy":"product_tag","embeddable":true,"href":"https:\/\/jblcorten.com\/fr\/wp-json\/wp\/v2\/product_tag?post=3170"}],"curies":[{"name":"wp","href":"https:\/\/api.w.org\/{rel}","templated":true}]}}