{"id":3157,"date":"2025-05-28T11:34:01","date_gmt":"2025-05-28T03:34:01","guid":{"rendered":"https:\/\/jblcorten.com\/?post_type=product&#038;p=3157"},"modified":"2025-05-28T11:44:34","modified_gmt":"2025-05-28T03:44:34","slug":"jardiniere-ronde-conique","status":"publish","type":"product","link":"https:\/\/jblcorten.com\/fr\/tapered-round-planter\/","title":{"rendered":"Jardini\u00e8re ronde conique"},"content":{"rendered":"<h2 style=\"text-align: center;\"><span style=\"font-size: 14pt;\">Jardini\u00e8re ronde conique<\/span><\/h2>\n<p>La jardini\u00e8re ronde conique est un produit d\u00e9coratif d'ext\u00e9rieur de haute qualit\u00e9 qui allie fonctionnalit\u00e9 et sens artistique. Son design s'inspire de l'esth\u00e9tique g\u00e9om\u00e9trique minimaliste. Il est bas\u00e9 sur un c\u00f4ne invers\u00e9 et pr\u00e9sente un contour unique, large en haut et \u00e9troit en bas. Contrairement \u00e0 la structure conique traditionnelle, ce pot de fleurs abandonne astucieusement les angles aigus du bas et adopte un design plat, de sorte qu'il peut \u00eatre plac\u00e9 fermement sur le sol. Qu'il soit plac\u00e9 dans une cour, sur un balcon ou dans un espace ext\u00e9rieur, il peut produire un effet visuel stable et moderne. Les lignes g\u00e9n\u00e9rales sont douces et arrondies, et les bords ne sont pas anguleux, ce qui lui conf\u00e8re une apparence douce.<\/p>\n<p>Le mat\u00e9riau utilis\u00e9 pour la jardini\u00e8re ronde conique est de l'acier de haute qualit\u00e9 r\u00e9sistant aux intemp\u00e9ries, qui poss\u00e8de une excellente r\u00e9sistance \u00e0 la corrosion et une r\u00e9sistance extr\u00eamement \u00e9lev\u00e9e aux intemp\u00e9ries. Dans l'environnement naturel, la surface de l'acier r\u00e9sistant aux intemp\u00e9ries forme progressivement une couche de protection dense et stable contre la rouille, ce qui donne non seulement au pot \u00e0 fleurs un ton de rouille rouge et une texture r\u00e9tro uniques, mais aussi une r\u00e9sistance efficace \u00e0 l'\u00e9rosion caus\u00e9e par la pluie, le vent et le soleil, prolongeant sa dur\u00e9e de vie et ne n\u00e9cessitant pas de peinture ou d'entretien suppl\u00e9mentaire. Il convient parfaitement \u00e0 une utilisation ext\u00e9rieure de longue dur\u00e9e.<\/p>\n<p>En outre, le fond du pot est sp\u00e9cialement \u00e9quip\u00e9 d'un trou de drainage pour assurer un drainage r\u00e9gulier, \u00e9viter la pourriture des racines des plantes due \u00e0 l'accumulation d'eau, et am\u00e9liorer la sant\u00e9 de la croissance des plantes et la commodit\u00e9 de l'entretien.<\/p>\n<p><strong><span style=\"font-size: 14pt;\">Sp\u00e9cification du produit :<\/span><\/strong><\/p>\n<table style=\"border-collapse: collapse; width: 100%;\">\n<tbody>\n<tr>\n<td style=\"width: 21.7277%;\">Nom du produit<\/td>\n<td style=\"width: 78.2723%;\">Jardini\u00e8re ronde conique<\/td>\n<\/tr>\n<tr>\n<td style=\"width: 21.7277%;\">Fabricant<\/td>\n<td style=\"width: 78.2723%;\">HNJBL<\/td>\n<\/tr>\n<tr>\n<td style=\"width: 21.7277%;\">Mat\u00e9riau<\/td>\n<td style=\"width: 78.2723%;\">Acier Corten\/ acier r\u00e9sistant aux intemp\u00e9ries<\/td>\n<\/tr>\n<tr>\n<td style=\"width: 21.7277%;\">Trou de drainage<\/td>\n<td style=\"width: 78.2723%;\">Oui<\/td>\n<\/tr>\n<tr>\n<td style=\"width: 21.7277%;\">Taille<\/td>\n<td style=\"width: 78.2723%;\">Sur mesure<\/td>\n<\/tr>\n<\/tbody>\n<\/table>\n<p><strong><span style=\"font-size: 14pt;\">Caract\u00e9ristiques du produit :<\/span><\/strong><\/p>\n<ul style=\"list-style-type: circle;\">\n<li>D\u00e9corez votre espace ext\u00e9rieur avec une paire de jardini\u00e8res rondes effil\u00e9es de chaque c\u00f4t\u00e9 d'une porte ;<\/li>\n<li>Durable, r\u00e9sistant aux intemp\u00e9ries et \u00e9quip\u00e9 de trous de drainage ;<\/li>\n<li>Fabriqu\u00e9 en acier de premi\u00e8re qualit\u00e9 r\u00e9sistant aux intemp\u00e9ries ;<\/li>\n<li>Une couche protectrice antirouille se forme \u00e0 la surface pour en am\u00e9liorer l'aspect.<\/li>\n<\/ul>\n<p><strong><span style=\"font-size: 14pt;\">D\u00e9tails du produit :<\/span><\/strong><\/p>\n<p>Nous sommes un fabricant de jardini\u00e8res en acier corten. Nous pouvons rouiller artificiellement les jardini\u00e8res, ce qui leur donnera une couleur plus uniforme. Voici quelques photos de l'effet r\u00e9el apr\u00e8s la rouille.<\/p>\n<p><img fetchpriority=\"high\" decoding=\"async\" class=\"alignnone size-full wp-image-3162\" src=\"https:\/\/jblcorten.com\/wp-content\/uploads\/2025\/05\/tapered-round-planter.jpg\" alt=\"jardini\u00e8re ronde conique\" width=\"750\" height=\"500\" title=\"\" srcset=\"https:\/\/jblcorten.com\/wp-content\/uploads\/2025\/05\/tapered-round-planter.jpg 750w, https:\/\/jblcorten.com\/wp-content\/uploads\/2025\/05\/tapered-round-planter-600x400.jpg 600w, https:\/\/jblcorten.com\/wp-content\/uploads\/2025\/05\/tapered-round-planter-300x200.jpg 300w, https:\/\/jblcorten.com\/wp-content\/uploads\/2025\/05\/tapered-round-planter-18x12.jpg 18w\" sizes=\"(max-width: 750px) 100vw, 750px\" \/><\/p>\n<p><img decoding=\"async\" class=\"alignnone size-full wp-image-3164\" src=\"https:\/\/jblcorten.com\/wp-content\/uploads\/2025\/05\/outdoor-tapered-planters.jpg\" alt=\"jardini\u00e8res ext\u00e9rieures coniques\" width=\"750\" height=\"500\" title=\"\" srcset=\"https:\/\/jblcorten.com\/wp-content\/uploads\/2025\/05\/outdoor-tapered-planters.jpg 750w, https:\/\/jblcorten.com\/wp-content\/uploads\/2025\/05\/outdoor-tapered-planters-600x400.jpg 600w, https:\/\/jblcorten.com\/wp-content\/uploads\/2025\/05\/outdoor-tapered-planters-300x200.jpg 300w, https:\/\/jblcorten.com\/wp-content\/uploads\/2025\/05\/outdoor-tapered-planters-18x12.jpg 18w\" sizes=\"(max-width: 750px) 100vw, 750px\" \/><\/p>\n<p><strong><span style=\"font-size: 14pt;\">FAQ :<\/span><\/strong><\/p>\n<p>1) Pouvez-vous fournir des tailles personnalis\u00e9es pour r\u00e9pondre \u00e0 mes besoins particuliers ?<br \/>\nBien entendu, nous sommes un fabricant et nous pouvons fabriquer des jardini\u00e8res selon les exigences du client.<\/p>\n<p>2. pouvez-vous envoyer des \u00e9chantillons de petits lots ?<br \/>\nBien entendu, n'h\u00e9sitez pas \u00e0 nous contacter pour toute demande.<\/p>","protected":false},"excerpt":{"rendered":"<p>Nous sommes un fabricant de jardini\u00e8res rondes coniques en corten. Nous pouvons rouiller artificiellement les jardini\u00e8res, et la rouille artificielle rendra la couleur plus uniforme.<\/p>","protected":false},"featured_media":3166,"template":"","meta":{"site-sidebar-layout":"default","site-content-layout":"","ast-site-content-layout":"default","site-content-style":"default","site-sidebar-style":"default","ast-global-header-display":"","ast-banner-title-visibility":"","ast-main-header-display":"","ast-hfb-above-header-display":"","ast-hfb-below-header-display":"","ast-hfb-mobile-header-display":"","site-post-title":"","ast-breadcrumbs-content":"","ast-featured-img":"","footer-sml-layout":"","ast-disable-related-posts":"","theme-transparent-header-meta":"default","adv-header-id-meta":"","stick-header-meta":"","header-above-stick-meta":"","header-main-stick-meta":"","header-below-stick-meta":"","astra-migrate-meta-layouts":"set","ast-page-background-enabled":"default","ast-page-background-meta":{"desktop":{"background-color":"var(--ast-global-color-4)","background-image":"","background-repeat":"repeat","background-position":"center center","background-size":"auto","background-attachment":"scroll","background-type":"","background-media":"","overlay-type":"","overlay-color":"","overlay-opacity":"","overlay-gradient":""},"tablet":{"background-color":"","background-image":"","background-repeat":"repeat","background-position":"center center","background-size":"auto","background-attachment":"scroll","background-type":"","background-media":"","overlay-type":"","overlay-color":"","overlay-opacity":"","overlay-gradient":""},"mobile":{"background-color":"","background-image":"","background-repeat":"repeat","background-position":"center center","background-size":"auto","background-attachment":"scroll","background-type":"","background-media":"","overlay-type":"","overlay-color":"","overlay-opacity":"","overlay-gradient":""}},"ast-content-background-meta":{"desktop":{"background-color":"var(--ast-global-color-5)","background-image":"","background-repeat":"repeat","background-position":"center center","background-size":"auto","background-attachment":"scroll","background-type":"","background-media":"","overlay-type":"","overlay-color":"","overlay-opacity":"","overlay-gradient":""},"tablet":{"background-color":"var(--ast-global-color-5)","background-image":"","background-repeat":"repeat","background-position":"center center","background-size":"auto","background-attachment":"scroll","background-type":"","background-media":"","overlay-type":"","overlay-color":"","overlay-opacity":"","overlay-gradient":""},"mobile":{"background-color":"var(--ast-global-color-5)","background-image":"","background-repeat":"repeat","background-position":"center center","background-size":"auto","background-attachment":"scroll","background-type":"","background-media":"","overlay-type":"","overlay-color":"","overlay-opacity":"","overlay-gradient":""}}},"product_brand":[],"product_cat":[34],"product_tag":[],"class_list":{"0":"post-3157","1":"product","2":"type-product","3":"status-publish","4":"has-post-thumbnail","6":"product_cat-planter-pots","7":"desktop-align-center","8":"tablet-align-left","9":"mobile-align-left","11":"first","12":"instock","13":"shipping-taxable","14":"product-type-simple"},"_links":{"self":[{"href":"https:\/\/jblcorten.com\/fr\/wp-json\/wp\/v2\/product\/3157","targetHints":{"allow":["GET"]}}],"collection":[{"href":"https:\/\/jblcorten.com\/fr\/wp-json\/wp\/v2\/product"}],"about":[{"href":"https:\/\/jblcorten.com\/fr\/wp-json\/wp\/v2\/types\/product"}],"wp:featuredmedia":[{"embeddable":true,"href":"https:\/\/jblcorten.com\/fr\/wp-json\/wp\/v2\/media\/3166"}],"wp:attachment":[{"href":"https:\/\/jblcorten.com\/fr\/wp-json\/wp\/v2\/media?parent=3157"}],"wp:term":[{"taxonomy":"product_brand","embeddable":true,"href":"https:\/\/jblcorten.com\/fr\/wp-json\/wp\/v2\/product_brand?post=3157"},{"taxonomy":"product_cat","embeddable":true,"href":"https:\/\/jblcorten.com\/fr\/wp-json\/wp\/v2\/product_cat?post=3157"},{"taxonomy":"product_tag","embeddable":true,"href":"https:\/\/jblcorten.com\/fr\/wp-json\/wp\/v2\/product_tag?post=3157"}],"curies":[{"name":"wp","href":"https:\/\/api.w.org\/{rel}","templated":true}]}}