{"id":3122,"date":"2025-05-23T15:39:01","date_gmt":"2025-05-23T07:39:01","guid":{"rendered":"https:\/\/jblcorten.com\/?post_type=product&#038;p=3122"},"modified":"2025-05-23T15:42:50","modified_gmt":"2025-05-23T07:42:50","slug":"ecran-de-jardin-avec-jardiniere","status":"publish","type":"product","link":"https:\/\/jblcorten.com\/fr\/garden-screen-with-planter\/","title":{"rendered":"Paravent de jardin avec jardini\u00e8re"},"content":{"rendered":"<h2 style=\"text-align: center;\"><span style=\"font-size: 14pt;\">Paravent de jardin avec jardini\u00e8re<\/span><\/h2>\n<p>Ce paravent de jardin avec jardini\u00e8re adopte un design int\u00e9gr\u00e9. Le corps principal se compose d'un pot de fleurs rectangulaire en acier corten et d'un \u00e9cran du m\u00eame mat\u00e9riau. L'\u00e9cran est solidement soud\u00e9 \u00e0 l'un des c\u00f4t\u00e9s de la partie longue du pot. La structure g\u00e9n\u00e9rale est stable et les lignes sont nettes, ce qui illustre parfaitement la combinaison de l'esth\u00e9tique du jardinage moderne et du style industriel. Cette conception est non seulement simple et g\u00e9n\u00e9reuse, mais aussi plus efficace pour \u00e9conomiser de l'espace, ce qui multiplie les possibilit\u00e9s d'agencement dans divers lieux ext\u00e9rieurs.<\/p>\n<p>La partie \u00e9cran de ce paravent de jardin avec jardini\u00e8re adopte la technologie de d\u00e9coupe au laser, avec diff\u00e9rents motifs, transmission de la lumi\u00e8re et protection, qui peut fournir une intimit\u00e9 partielle visuellement sans affecter la circulation de l'air et de la lumi\u00e8re. Nous pouvons choisir diff\u00e9rents motifs en fonction de nos pr\u00e9f\u00e9rences personnelles, des textures v\u00e9g\u00e9tales naturelles aux motifs g\u00e9om\u00e9triques abstraits. Le design color\u00e9 ajoute des couches et de l'amusement \u00e0 l'espace du jardin. Le paravent n'est pas seulement une simple cloison, c'est aussi un arri\u00e8re-plan d\u00e9coratif et une structure de soutien pour les plantes grimpantes, ce qui conf\u00e8re \u00e0 l'espace de jardin une plus grande fonctionnalit\u00e9.<\/p>\n<p><img fetchpriority=\"high\" decoding=\"async\" class=\"alignnone size-full wp-image-3123\" src=\"https:\/\/jblcorten.com\/wp-content\/uploads\/2025\/05\/garden-screen-with-planter.jpg\" alt=\"\u00e9cran de jardin avec jardini\u00e8re\" width=\"750\" height=\"350\" title=\"\" srcset=\"https:\/\/jblcorten.com\/wp-content\/uploads\/2025\/05\/garden-screen-with-planter.jpg 750w, https:\/\/jblcorten.com\/wp-content\/uploads\/2025\/05\/garden-screen-with-planter-600x280.jpg 600w, https:\/\/jblcorten.com\/wp-content\/uploads\/2025\/05\/garden-screen-with-planter-300x140.jpg 300w, https:\/\/jblcorten.com\/wp-content\/uploads\/2025\/05\/garden-screen-with-planter-18x8.jpg 18w\" sizes=\"(max-width: 750px) 100vw, 750px\" \/><\/p>\n<p><strong><span style=\"font-size: 14pt;\">Sp\u00e9cification du produit :<\/span><\/strong><\/p>\n<table style=\"border-collapse: collapse; width: 100%; height: 265px;\">\n<tbody>\n<tr style=\"height: 53px;\">\n<td style=\"width: 24.3456%; height: 53px; background-color: #f5f5f5;\">Nom du produit<\/td>\n<td style=\"width: 75.6544%; height: 53px; background-color: #f5f5f5;\">Paravent de jardin avec jardini\u00e8re<\/td>\n<\/tr>\n<tr style=\"height: 53px;\">\n<td style=\"width: 24.3456%; height: 53px;\">Mat\u00e9riau<\/td>\n<td style=\"width: 75.6544%; height: 53px;\">Acier Corten<\/td>\n<\/tr>\n<tr style=\"height: 53px;\">\n<td style=\"width: 24.3456%; height: 106px; text-align: left; background-color: #ffffff;\" rowspan=\"2\">Taille g\u00e9n\u00e9rale<\/td>\n<td style=\"width: 75.6544%; height: 53px; background-color: #ffffff;\">Jardini\u00e8re 800*300*400mm<\/td>\n<\/tr>\n<tr style=\"height: 53px;\">\n<td style=\"width: 75.6544%; height: 53px; background-color: #ffffff;\">\u00c9cran 1200*800mm<\/td>\n<\/tr>\n<tr style=\"height: 53px;\">\n<td style=\"width: 24.3456%; height: 53px;\">Couleur<\/td>\n<td style=\"width: 75.6544%; height: 53px;\">Rusty<\/td>\n<\/tr>\n<\/tbody>\n<\/table>\n<p><strong><span style=\"font-size: 14pt;\">Caract\u00e9ristiques du produit :<\/span><\/strong><\/p>\n<p>Ce paravent de jardin avec jardini\u00e8re est fabriqu\u00e9 en acier de haute qualit\u00e9, qui pr\u00e9sente une forte r\u00e9sistance \u00e0 la corrosion et aux intemp\u00e9ries. Apr\u00e8s oxydation, la surface de l'acier m\u00e9t\u00e9orique pr\u00e9sente une couleur rouille rouge fonc\u00e9 unique, qui forme un contraste parfait avec la couleur de l'environnement naturel et des plantes vertes. Par rapport aux m\u00e9taux traditionnels, l'acier r\u00e9sistant aux intemp\u00e9ries ne n\u00e9cessite pas d'entretien fr\u00e9quent, et la couche de rouille superficielle peut \u00e9galement former une couche protectrice naturelle qui prolonge la dur\u00e9e de vie du produit.<\/p>\n<p><img decoding=\"async\" class=\"alignnone size-full wp-image-3129\" src=\"https:\/\/jblcorten.com\/wp-content\/uploads\/2025\/05\/garden-screen-with-planter-1.jpg\" alt=\"\" width=\"750\" height=\"750\" title=\"\" srcset=\"https:\/\/jblcorten.com\/wp-content\/uploads\/2025\/05\/garden-screen-with-planter-1.jpg 750w, https:\/\/jblcorten.com\/wp-content\/uploads\/2025\/05\/garden-screen-with-planter-1-600x600.jpg 600w, https:\/\/jblcorten.com\/wp-content\/uploads\/2025\/05\/garden-screen-with-planter-1-100x100.jpg 100w, https:\/\/jblcorten.com\/wp-content\/uploads\/2025\/05\/garden-screen-with-planter-1-300x300.jpg 300w, https:\/\/jblcorten.com\/wp-content\/uploads\/2025\/05\/garden-screen-with-planter-1-150x150.jpg 150w, https:\/\/jblcorten.com\/wp-content\/uploads\/2025\/05\/garden-screen-with-planter-1-12x12.jpg 12w\" sizes=\"(max-width: 750px) 100vw, 750px\" \/><\/p>\n<p><img decoding=\"async\" class=\"alignnone size-full wp-image-3130\" src=\"https:\/\/jblcorten.com\/wp-content\/uploads\/2025\/05\/planter-box-with-screen.png\" alt=\"bac \u00e0 plantes avec tamis\" width=\"750\" height=\"778\" title=\"\" srcset=\"https:\/\/jblcorten.com\/wp-content\/uploads\/2025\/05\/planter-box-with-screen.png 750w, https:\/\/jblcorten.com\/wp-content\/uploads\/2025\/05\/planter-box-with-screen-600x622.png 600w, https:\/\/jblcorten.com\/wp-content\/uploads\/2025\/05\/planter-box-with-screen-289x300.png 289w, https:\/\/jblcorten.com\/wp-content\/uploads\/2025\/05\/planter-box-with-screen-12x12.png 12w\" sizes=\"(max-width: 750px) 100vw, 750px\" \/><\/p>\n<p>&nbsp;<\/p>","protected":false},"excerpt":{"rendered":"<p>La partie \u00e9cran de ce paravent de jardin avec jardini\u00e8re adopte la technologie de d\u00e9coupe au laser, avec diff\u00e9rents motifs, transmission de la lumi\u00e8re et protection, qui peut fournir une intimit\u00e9 partielle visuellement sans affecter la circulation de l'air et de la lumi\u00e8re.<\/p>","protected":false},"featured_media":3124,"template":"","meta":{"site-sidebar-layout":"default","site-content-layout":"","ast-site-content-layout":"default","site-content-style":"default","site-sidebar-style":"default","ast-global-header-display":"","ast-banner-title-visibility":"","ast-main-header-display":"","ast-hfb-above-header-display":"","ast-hfb-below-header-display":"","ast-hfb-mobile-header-display":"","site-post-title":"","ast-breadcrumbs-content":"","ast-featured-img":"","footer-sml-layout":"","ast-disable-related-posts":"","theme-transparent-header-meta":"default","adv-header-id-meta":"","stick-header-meta":"","header-above-stick-meta":"","header-main-stick-meta":"","header-below-stick-meta":"","astra-migrate-meta-layouts":"set","ast-page-background-enabled":"default","ast-page-background-meta":{"desktop":{"background-color":"var(--ast-global-color-4)","background-image":"","background-repeat":"repeat","background-position":"center center","background-size":"auto","background-attachment":"scroll","background-type":"","background-media":"","overlay-type":"","overlay-color":"","overlay-opacity":"","overlay-gradient":""},"tablet":{"background-color":"","background-image":"","background-repeat":"repeat","background-position":"center center","background-size":"auto","background-attachment":"scroll","background-type":"","background-media":"","overlay-type":"","overlay-color":"","overlay-opacity":"","overlay-gradient":""},"mobile":{"background-color":"","background-image":"","background-repeat":"repeat","background-position":"center center","background-size":"auto","background-attachment":"scroll","background-type":"","background-media":"","overlay-type":"","overlay-color":"","overlay-opacity":"","overlay-gradient":""}},"ast-content-background-meta":{"desktop":{"background-color":"var(--ast-global-color-5)","background-image":"","background-repeat":"repeat","background-position":"center center","background-size":"auto","background-attachment":"scroll","background-type":"","background-media":"","overlay-type":"","overlay-color":"","overlay-opacity":"","overlay-gradient":""},"tablet":{"background-color":"var(--ast-global-color-5)","background-image":"","background-repeat":"repeat","background-position":"center center","background-size":"auto","background-attachment":"scroll","background-type":"","background-media":"","overlay-type":"","overlay-color":"","overlay-opacity":"","overlay-gradient":""},"mobile":{"background-color":"var(--ast-global-color-5)","background-image":"","background-repeat":"repeat","background-position":"center center","background-size":"auto","background-attachment":"scroll","background-type":"","background-media":"","overlay-type":"","overlay-color":"","overlay-opacity":"","overlay-gradient":""}}},"product_brand":[],"product_cat":[31],"product_tag":[],"class_list":{"0":"post-3122","1":"product","2":"type-product","3":"status-publish","4":"has-post-thumbnail","6":"product_cat-garden-screens","7":"desktop-align-center","8":"tablet-align-left","9":"mobile-align-left","11":"first","12":"instock","13":"shipping-taxable","14":"product-type-simple"},"_links":{"self":[{"href":"https:\/\/jblcorten.com\/fr\/wp-json\/wp\/v2\/product\/3122","targetHints":{"allow":["GET"]}}],"collection":[{"href":"https:\/\/jblcorten.com\/fr\/wp-json\/wp\/v2\/product"}],"about":[{"href":"https:\/\/jblcorten.com\/fr\/wp-json\/wp\/v2\/types\/product"}],"wp:featuredmedia":[{"embeddable":true,"href":"https:\/\/jblcorten.com\/fr\/wp-json\/wp\/v2\/media\/3124"}],"wp:attachment":[{"href":"https:\/\/jblcorten.com\/fr\/wp-json\/wp\/v2\/media?parent=3122"}],"wp:term":[{"taxonomy":"product_brand","embeddable":true,"href":"https:\/\/jblcorten.com\/fr\/wp-json\/wp\/v2\/product_brand?post=3122"},{"taxonomy":"product_cat","embeddable":true,"href":"https:\/\/jblcorten.com\/fr\/wp-json\/wp\/v2\/product_cat?post=3122"},{"taxonomy":"product_tag","embeddable":true,"href":"https:\/\/jblcorten.com\/fr\/wp-json\/wp\/v2\/product_tag?post=3122"}],"curies":[{"name":"wp","href":"https:\/\/api.w.org\/{rel}","templated":true}]}}