{"id":3064,"date":"2025-05-15T16:33:56","date_gmt":"2025-05-15T08:33:56","guid":{"rendered":"https:\/\/jblcorten.com\/?post_type=product&#038;p=3064"},"modified":"2025-05-15T16:33:56","modified_gmt":"2025-05-15T08:33:56","slug":"jardiniere-en-acier-corten-avec-treillis","status":"publish","type":"product","link":"https:\/\/jblcorten.com\/fr\/corten-steel-planter-with-trellis\/","title":{"rendered":"Jardini\u00e8re en acier corten avec treillis"},"content":{"rendered":"<h2 style=\"text-align: center;\"><span style=\"font-size: 14pt;\">Jardini\u00e8re en acier corten avec treillis<\/span><\/h2>\n<p>Cette jardini\u00e8re en acier corten avec treillis utilise comme mat\u00e9riau principal de l'acier de haute qualit\u00e9 r\u00e9sistant aux intemp\u00e9ries (\u00e9galement connu sous le nom d'acier corten). Le corps principal du pot est un parall\u00e9l\u00e9pip\u00e8de rectangle, et une grille m\u00e9tallique \u00e0 structure poreuse s'\u00e9tend verticalement depuis le haut, ce qui peut \u00eatre utilis\u00e9 pour guider les plantes \u00e0 grimper et \u00e0 pousser vers le haut. L'ensemble des pots de fleurs a une structure unifi\u00e9e et pr\u00e9sente visuellement la beaut\u00e9 de l'int\u00e9gration industrielle et naturelle. C'est un bon choix pour les cours et les jardins modernes.<\/p>\n<p>La conception de la structure de la grille renforce non seulement l'aspect tridimensionnel et le caract\u00e8re d\u00e9coratif de la jardini\u00e8re, mais fournit \u00e9galement un espace suppl\u00e9mentaire pour la croissance des plantes. Elle est particuli\u00e8rement adapt\u00e9e aux plantes grimpantes telles que l'ipom\u00e9e, le lierre, la liane, le jasmin, etc., qui peuvent obtenir un effet de verdissement tridimensionnel de la croissance naturelle \u00e0 partir du sol.<\/p>\n<p><strong><span style=\"font-size: 14pt;\">Sp\u00e9cification du produit :<\/span><\/strong><\/p>\n<table style=\"border-collapse: collapse; width: 100%; height: 265px;\">\n<tbody>\n<tr style=\"height: 53px;\">\n<td style=\"width: 21.5033%; height: 53px; background-color: #f5f5f5;\">Nom du produit<\/td>\n<td style=\"width: 78.4967%; height: 53px; background-color: #f5f5f5;\">Jardini\u00e8re en acier corten avec treillis<\/td>\n<\/tr>\n<tr style=\"height: 53px;\">\n<td style=\"width: 21.5033%; height: 53px;\">Mat\u00e9riau<\/td>\n<td style=\"width: 78.4967%; height: 53px;\">Acier Corten<\/td>\n<\/tr>\n<tr style=\"height: 53px;\">\n<td style=\"width: 21.5033%; height: 53px; background-color: #f5f5f5;\">Processus<\/td>\n<td style=\"width: 78.4967%; height: 53px; background-color: #f5f5f5;\">D\u00e9coupe laser &gt; pliage &gt; soudage et polissage &gt; traitement de surface&gt;composants assembl\u00e9s et emballage<\/td>\n<\/tr>\n<tr style=\"height: 53px;\">\n<td style=\"width: 21.5033%; height: 53px;\">Traitement de surface<\/td>\n<td style=\"width: 78.4967%; height: 53px;\">Naturel ou pr\u00e9trait\u00e9<\/td>\n<\/tr>\n<tr style=\"height: 53px;\">\n<td style=\"width: 21.5033%; height: 53px; background-color: #f5f5f5;\">Taille<\/td>\n<td style=\"width: 78.4967%; height: 53px; background-color: #f5f5f5;\">Sur mesure<\/td>\n<\/tr>\n<\/tbody>\n<\/table>\n<p><strong><span style=\"font-size: 14pt;\">Caract\u00e9ristiques principales :<\/span><\/strong><\/p>\n<ul>\n<li>La structure g\u00e9n\u00e9rale est stable : le fond est renforc\u00e9 et pr\u00e9sente une bonne capacit\u00e9 de charge.<\/li>\n<li>La conception de la grille est astucieuse : l'espacement de la grille est raisonnable, ce qui favorise la mont\u00e9e naturelle des plantes et facilite la taille et la gestion quotidiennes.<\/li>\n<li>Le syst\u00e8me de drainage est parfait : le fond du pot de fleurs est \u00e9quip\u00e9 d'un trou de drainage qui emp\u00eache l'accumulation d'eau de provoquer le pourrissement des racines des plantes.<\/li>\n<li>La personnalisation est possible : la taille, la hauteur ou le style de la grille peuvent \u00eatre ajust\u00e9s en fonction des exigences du projet.<\/li>\n<li>Mobile : Ce pot de fleurs peut \u00eatre install\u00e9 avec des roues pour faciliter son d\u00e9placement.<\/li>\n<\/ul>\n<p><strong><span style=\"font-size: 14pt;\">Processus de fabrication\uff1a<\/span><\/strong><\/p>\n<p>Cette jardini\u00e8re en acier corten avec treillis est fabriqu\u00e9e par d\u00e9coupe CNC, pliage, soudage, meulage, traitement antirouille et autres proc\u00e9d\u00e9s de pr\u00e9cision. Apr\u00e8s le traitement de l'acier contre les intemp\u00e9ries par un processus de pr\u00e9-rouille, la surface pr\u00e9sente une teinte rouge rouille naturelle et \u00e9volue progressivement vers une couleur plus stable et plus artistique au fil du temps. La grille est d\u00e9coup\u00e9e au laser pour que les ouvertures soient nettes et les coins lisses, afin de ne pas rayer les plantes ou les jardiniers.<\/p>\n<p>L'ensemble de la structure sera d\u00e9graiss\u00e9e et trait\u00e9e contre la rouille avant de quitter l'usine, et diff\u00e9rents degr\u00e9s de pr\u00e9-oxydation peuvent \u00eatre r\u00e9alis\u00e9s en fonction des besoins du client.<\/p>\n<p><strong><span style=\"font-size: 14pt;\">D\u00e9tails du produit :<\/span><\/strong><\/p>\n<p><img fetchpriority=\"high\" decoding=\"async\" class=\"alignnone size-full wp-image-3069\" src=\"https:\/\/jblcorten.com\/wp-content\/uploads\/2025\/05\/planter-pot.jpg\" alt=\"pot de fleurs avec trous de drainage\" width=\"750\" height=\"433\" title=\"\" srcset=\"https:\/\/jblcorten.com\/wp-content\/uploads\/2025\/05\/planter-pot.jpg 750w, https:\/\/jblcorten.com\/wp-content\/uploads\/2025\/05\/planter-pot-600x346.jpg 600w, https:\/\/jblcorten.com\/wp-content\/uploads\/2025\/05\/planter-pot-300x173.jpg 300w, https:\/\/jblcorten.com\/wp-content\/uploads\/2025\/05\/planter-pot-18x10.jpg 18w\" sizes=\"(max-width: 750px) 100vw, 750px\" \/><\/p>\n<p><img decoding=\"async\" class=\"alignnone size-full wp-image-3070\" src=\"https:\/\/jblcorten.com\/wp-content\/uploads\/2025\/05\/Corten-Steel-Planter-With-grille.jpg\" alt=\"Jardini\u00e8re en acier corten avec grille\" width=\"750\" height=\"750\" title=\"\" srcset=\"https:\/\/jblcorten.com\/wp-content\/uploads\/2025\/05\/Corten-Steel-Planter-With-grille.jpg 750w, https:\/\/jblcorten.com\/wp-content\/uploads\/2025\/05\/Corten-Steel-Planter-With-grille-600x600.jpg 600w, https:\/\/jblcorten.com\/wp-content\/uploads\/2025\/05\/Corten-Steel-Planter-With-grille-100x100.jpg 100w, https:\/\/jblcorten.com\/wp-content\/uploads\/2025\/05\/Corten-Steel-Planter-With-grille-300x300.jpg 300w, https:\/\/jblcorten.com\/wp-content\/uploads\/2025\/05\/Corten-Steel-Planter-With-grille-150x150.jpg 150w, https:\/\/jblcorten.com\/wp-content\/uploads\/2025\/05\/Corten-Steel-Planter-With-grille-12x12.jpg 12w\" sizes=\"(max-width: 750px) 100vw, 750px\" \/><\/p>","protected":false},"excerpt":{"rendered":"<p>Le bac \u00e0 plantes en acier corten avec treillis adopte un design rectangulaire, et la structure globale pr\u00e9sente des lignes simples, stables et modernes. En particulier, la partie sup\u00e9rieure est \u00e9quip\u00e9e d'une grille int\u00e9gr\u00e9e en acier r\u00e9sistant aux intemp\u00e9ries, qui fournit un support naturel pour la croissance des plantes grimpantes et constitue un partenaire id\u00e9al pour les vignes.<\/p>","protected":false},"featured_media":3065,"template":"","meta":{"site-sidebar-layout":"default","site-content-layout":"","ast-site-content-layout":"default","site-content-style":"default","site-sidebar-style":"default","ast-global-header-display":"","ast-banner-title-visibility":"","ast-main-header-display":"","ast-hfb-above-header-display":"","ast-hfb-below-header-display":"","ast-hfb-mobile-header-display":"","site-post-title":"","ast-breadcrumbs-content":"","ast-featured-img":"","footer-sml-layout":"","ast-disable-related-posts":"","theme-transparent-header-meta":"default","adv-header-id-meta":"","stick-header-meta":"","header-above-stick-meta":"","header-main-stick-meta":"","header-below-stick-meta":"","astra-migrate-meta-layouts":"set","ast-page-background-enabled":"default","ast-page-background-meta":{"desktop":{"background-color":"var(--ast-global-color-4)","background-image":"","background-repeat":"repeat","background-position":"center center","background-size":"auto","background-attachment":"scroll","background-type":"","background-media":"","overlay-type":"","overlay-color":"","overlay-opacity":"","overlay-gradient":""},"tablet":{"background-color":"","background-image":"","background-repeat":"repeat","background-position":"center center","background-size":"auto","background-attachment":"scroll","background-type":"","background-media":"","overlay-type":"","overlay-color":"","overlay-opacity":"","overlay-gradient":""},"mobile":{"background-color":"","background-image":"","background-repeat":"repeat","background-position":"center center","background-size":"auto","background-attachment":"scroll","background-type":"","background-media":"","overlay-type":"","overlay-color":"","overlay-opacity":"","overlay-gradient":""}},"ast-content-background-meta":{"desktop":{"background-color":"var(--ast-global-color-5)","background-image":"","background-repeat":"repeat","background-position":"center center","background-size":"auto","background-attachment":"scroll","background-type":"","background-media":"","overlay-type":"","overlay-color":"","overlay-opacity":"","overlay-gradient":""},"tablet":{"background-color":"var(--ast-global-color-5)","background-image":"","background-repeat":"repeat","background-position":"center center","background-size":"auto","background-attachment":"scroll","background-type":"","background-media":"","overlay-type":"","overlay-color":"","overlay-opacity":"","overlay-gradient":""},"mobile":{"background-color":"var(--ast-global-color-5)","background-image":"","background-repeat":"repeat","background-position":"center center","background-size":"auto","background-attachment":"scroll","background-type":"","background-media":"","overlay-type":"","overlay-color":"","overlay-opacity":"","overlay-gradient":""}}},"product_brand":[],"product_cat":[34],"product_tag":[],"class_list":{"0":"post-3064","1":"product","2":"type-product","3":"status-publish","4":"has-post-thumbnail","6":"product_cat-planter-pots","7":"desktop-align-center","8":"tablet-align-left","9":"mobile-align-left","11":"first","12":"instock","13":"shipping-taxable","14":"product-type-simple"},"_links":{"self":[{"href":"https:\/\/jblcorten.com\/fr\/wp-json\/wp\/v2\/product\/3064","targetHints":{"allow":["GET"]}}],"collection":[{"href":"https:\/\/jblcorten.com\/fr\/wp-json\/wp\/v2\/product"}],"about":[{"href":"https:\/\/jblcorten.com\/fr\/wp-json\/wp\/v2\/types\/product"}],"wp:featuredmedia":[{"embeddable":true,"href":"https:\/\/jblcorten.com\/fr\/wp-json\/wp\/v2\/media\/3065"}],"wp:attachment":[{"href":"https:\/\/jblcorten.com\/fr\/wp-json\/wp\/v2\/media?parent=3064"}],"wp:term":[{"taxonomy":"product_brand","embeddable":true,"href":"https:\/\/jblcorten.com\/fr\/wp-json\/wp\/v2\/product_brand?post=3064"},{"taxonomy":"product_cat","embeddable":true,"href":"https:\/\/jblcorten.com\/fr\/wp-json\/wp\/v2\/product_cat?post=3064"},{"taxonomy":"product_tag","embeddable":true,"href":"https:\/\/jblcorten.com\/fr\/wp-json\/wp\/v2\/product_tag?post=3064"}],"curies":[{"name":"wp","href":"https:\/\/api.w.org\/{rel}","templated":true}]}}