{"id":3054,"date":"2025-05-13T15:36:25","date_gmt":"2025-05-13T07:36:25","guid":{"rendered":"https:\/\/jblcorten.com\/?post_type=product&#038;p=3054"},"modified":"2025-05-13T15:36:25","modified_gmt":"2025-05-13T07:36:25","slug":"jardinieres-en-acier-corten-2","status":"publish","type":"product","link":"https:\/\/jblcorten.com\/fr\/corten-steel-planter-boxes\/","title":{"rendered":"Jardini\u00e8res en acier Corten"},"content":{"rendered":"<h2 style=\"text-align: center;\"><span style=\"font-size: 14pt;\">Jardini\u00e8res en acier Corten<\/span><\/h2>\n<p>L'aspect g\u00e9n\u00e9ral de ce bac \u00e0 plantes en acier corten est un petit cube, de taille uniforme de haut en bas, et les quatre c\u00f4t\u00e9s sont droits et r\u00e9guliers, montrant un fort sens de la g\u00e9om\u00e9trie et de la modernit\u00e9. Ce qui attire vraiment l'attention des gens, ce sont les quatre \"couvercles ouverts\" sur le dessus. Chaque \"couvercle\" s'\u00e9tend vers l'ext\u00e9rieur le long du bord sup\u00e9rieur, comme une bo\u00eete que l'on ouvre, r\u00e9v\u00e9lant la vitalit\u00e9 cach\u00e9e.<\/p>\n<p>Bien que cette jardini\u00e8re en acier corten ne soit pas de grande taille, elle a une structure stable et une capacit\u00e9 mod\u00e9r\u00e9e. Elle convient parfaitement \u00e0 la plantation de petites plantes vertes telles que les succulentes et les cactus. Ces plantes n'ont pas besoin de beaucoup d'espace et de terre, mais il faut pr\u00eater plus d'attention \u00e0 la ventilation et au drainage. Le fond de la jardini\u00e8re en acier corten peut \u00eatre con\u00e7u avec une structure de trous de drainage pour emp\u00eacher efficacement l'accumulation d'eau et prot\u00e9ger la sant\u00e9 des racines des plantes. En m\u00eame temps, la structure carr\u00e9e est propice \u00e0 la disposition des plantes et \u00e0 la distribution uniforme de la terre, et il est \u00e9galement pratique pour les utilisateurs de r\u00e9aliser des combinaisons cr\u00e9atives de plantations.<\/p>\n<p><strong><span style=\"font-size: 14pt;\">Sp\u00e9cification du produit :<\/span><\/strong><\/p>\n<table style=\"border-collapse: collapse; width: 100%; height: 212px;\">\n<tbody>\n<tr style=\"height: 53px;\">\n<td style=\"width: 22.1017%; height: 53px; background-color: #f5f5f5;\">Nom du produit<\/td>\n<td style=\"width: 77.8983%; height: 53px; background-color: #f5f5f5;\">Jardini\u00e8res en acier Corten<\/td>\n<\/tr>\n<tr style=\"height: 53px;\">\n<td style=\"width: 22.1017%; height: 53px;\">Mat\u00e9riau<\/td>\n<td style=\"width: 77.8983%; height: 53px;\">Acier Corten\/Acier r\u00e9sistant aux intemp\u00e9ries<\/td>\n<\/tr>\n<tr style=\"height: 53px;\">\n<td style=\"width: 22.1017%; height: 53px; background-color: #f5f5f5;\">Traitement de surface<\/td>\n<td style=\"width: 77.8983%; height: 53px; background-color: #f5f5f5;\">Finition pr\u00e9-rouill\u00e9e<\/td>\n<\/tr>\n<tr style=\"height: 53px;\">\n<td style=\"width: 22.1017%; height: 53px;\">Taille normale<\/td>\n<td style=\"width: 77.8983%; height: 53px;\">500*500*500mm ou sur mesure<\/td>\n<\/tr>\n<\/tbody>\n<\/table>\n<p><strong><span style=\"font-size: 14pt;\">D\u00e9tails du produit :<\/span><\/strong><\/p>\n<p><img fetchpriority=\"high\" decoding=\"async\" class=\"alignnone size-full wp-image-3055\" src=\"https:\/\/jblcorten.com\/wp-content\/uploads\/2025\/05\/corten-steel-planter-boxes.jpg\" alt=\"jardini\u00e8res en acier corten\" width=\"750\" height=\"499\" title=\"\" srcset=\"https:\/\/jblcorten.com\/wp-content\/uploads\/2025\/05\/corten-steel-planter-boxes.jpg 750w, https:\/\/jblcorten.com\/wp-content\/uploads\/2025\/05\/corten-steel-planter-boxes-600x399.jpg 600w, https:\/\/jblcorten.com\/wp-content\/uploads\/2025\/05\/corten-steel-planter-boxes-300x200.jpg 300w, https:\/\/jblcorten.com\/wp-content\/uploads\/2025\/05\/corten-steel-planter-boxes-18x12.jpg 18w\" sizes=\"(max-width: 750px) 100vw, 750px\" \/><\/p>\n<p><img decoding=\"async\" class=\"alignnone size-full wp-image-3056\" src=\"https:\/\/jblcorten.com\/wp-content\/uploads\/2025\/05\/corten-planter-box.jpg\" alt=\"\" width=\"750\" height=\"750\" title=\"\" srcset=\"https:\/\/jblcorten.com\/wp-content\/uploads\/2025\/05\/corten-planter-box.jpg 750w, https:\/\/jblcorten.com\/wp-content\/uploads\/2025\/05\/corten-planter-box-600x600.jpg 600w, https:\/\/jblcorten.com\/wp-content\/uploads\/2025\/05\/corten-planter-box-100x100.jpg 100w, https:\/\/jblcorten.com\/wp-content\/uploads\/2025\/05\/corten-planter-box-300x300.jpg 300w, https:\/\/jblcorten.com\/wp-content\/uploads\/2025\/05\/corten-planter-box-150x150.jpg 150w, https:\/\/jblcorten.com\/wp-content\/uploads\/2025\/05\/corten-planter-box-12x12.jpg 12w\" sizes=\"(max-width: 750px) 100vw, 750px\" \/><\/p>\n<p><img decoding=\"async\" class=\"alignnone size-full wp-image-3059\" src=\"https:\/\/jblcorten.com\/wp-content\/uploads\/2025\/05\/metallic-series-corten-steel-planter-box.jpg\" alt=\"bac \u00e0 plantes en acier corten de la s\u00e9rie m\u00e9tallique\" width=\"750\" height=\"750\" title=\"\" srcset=\"https:\/\/jblcorten.com\/wp-content\/uploads\/2025\/05\/metallic-series-corten-steel-planter-box.jpg 750w, https:\/\/jblcorten.com\/wp-content\/uploads\/2025\/05\/metallic-series-corten-steel-planter-box-600x600.jpg 600w, https:\/\/jblcorten.com\/wp-content\/uploads\/2025\/05\/metallic-series-corten-steel-planter-box-100x100.jpg 100w, https:\/\/jblcorten.com\/wp-content\/uploads\/2025\/05\/metallic-series-corten-steel-planter-box-300x300.jpg 300w, https:\/\/jblcorten.com\/wp-content\/uploads\/2025\/05\/metallic-series-corten-steel-planter-box-150x150.jpg 150w, https:\/\/jblcorten.com\/wp-content\/uploads\/2025\/05\/metallic-series-corten-steel-planter-box-12x12.jpg 12w\" sizes=\"(max-width: 750px) 100vw, 750px\" \/><\/p>\n<p><strong><span style=\"font-size: 14pt;\">FAQ :<\/span><\/strong><\/p>\n<p>1. Combien de temps faut-il \u00e0 l'acier corten pour rouiller ?<br \/>\nCela prend g\u00e9n\u00e9ralement de 4 \u00e0 10 mois, en fonction des conditions m\u00e9t\u00e9orologiques.<\/p>\n<p>2. Puis-je acc\u00e9l\u00e9rer le processus de rouille ?<br \/>\nOui, l'utilisation d'une solution de vinaigre, de sel et d'eau peut acc\u00e9l\u00e9rer le processus de rouille. (Nous sommes un fabricant de pots de fleurs en acier corten et nous pouvons \u00e9galement faire rouiller les pots de fleurs).<\/p>\n<p>3. Les pots en acier corten sont-ils s\u00fbrs pour les plantes ?<br \/>\nBien entendu, une fois que la rouille est enti\u00e8rement form\u00e9e, elle est non toxique et sans danger pour les plantes. La rouille initiale peut lib\u00e9rer du fer dans le sol, mais elle est g\u00e9n\u00e9ralement inoffensive.<\/p>","protected":false},"excerpt":{"rendered":"<p>Le design de cette jardini\u00e8re en acier corten s'inspire d'une bo\u00eete \u00e0 papier cubique. L'effet visuel de \"l'ouverture du couvercle de la bo\u00eete \u00e0 papier\" est fid\u00e8lement restitu\u00e9 par le vieillissement de l'acier, formant un pot de fleurs en m\u00e9tal d'une grande cr\u00e9ativit\u00e9 et d'une grande valeur ornementale.<\/p>\n<p>En apparence, il ressemble \u00e0 une bo\u00eete cadeau que l'on ouvre doucement, et les couvercles des quatre coins s'ouvrent naturellement, ce qui est tr\u00e8s artistique.<\/p>","protected":false},"featured_media":3061,"template":"","meta":{"site-sidebar-layout":"default","site-content-layout":"","ast-site-content-layout":"default","site-content-style":"default","site-sidebar-style":"default","ast-global-header-display":"","ast-banner-title-visibility":"","ast-main-header-display":"","ast-hfb-above-header-display":"","ast-hfb-below-header-display":"","ast-hfb-mobile-header-display":"","site-post-title":"","ast-breadcrumbs-content":"","ast-featured-img":"","footer-sml-layout":"","ast-disable-related-posts":"","theme-transparent-header-meta":"default","adv-header-id-meta":"","stick-header-meta":"","header-above-stick-meta":"","header-main-stick-meta":"","header-below-stick-meta":"","astra-migrate-meta-layouts":"set","ast-page-background-enabled":"default","ast-page-background-meta":{"desktop":{"background-color":"var(--ast-global-color-4)","background-image":"","background-repeat":"repeat","background-position":"center center","background-size":"auto","background-attachment":"scroll","background-type":"","background-media":"","overlay-type":"","overlay-color":"","overlay-opacity":"","overlay-gradient":""},"tablet":{"background-color":"","background-image":"","background-repeat":"repeat","background-position":"center center","background-size":"auto","background-attachment":"scroll","background-type":"","background-media":"","overlay-type":"","overlay-color":"","overlay-opacity":"","overlay-gradient":""},"mobile":{"background-color":"","background-image":"","background-repeat":"repeat","background-position":"center center","background-size":"auto","background-attachment":"scroll","background-type":"","background-media":"","overlay-type":"","overlay-color":"","overlay-opacity":"","overlay-gradient":""}},"ast-content-background-meta":{"desktop":{"background-color":"var(--ast-global-color-5)","background-image":"","background-repeat":"repeat","background-position":"center center","background-size":"auto","background-attachment":"scroll","background-type":"","background-media":"","overlay-type":"","overlay-color":"","overlay-opacity":"","overlay-gradient":""},"tablet":{"background-color":"var(--ast-global-color-5)","background-image":"","background-repeat":"repeat","background-position":"center center","background-size":"auto","background-attachment":"scroll","background-type":"","background-media":"","overlay-type":"","overlay-color":"","overlay-opacity":"","overlay-gradient":""},"mobile":{"background-color":"var(--ast-global-color-5)","background-image":"","background-repeat":"repeat","background-position":"center center","background-size":"auto","background-attachment":"scroll","background-type":"","background-media":"","overlay-type":"","overlay-color":"","overlay-opacity":"","overlay-gradient":""}}},"product_brand":[],"product_cat":[34],"product_tag":[],"class_list":{"0":"post-3054","1":"product","2":"type-product","3":"status-publish","4":"has-post-thumbnail","6":"product_cat-planter-pots","7":"desktop-align-center","8":"tablet-align-left","9":"mobile-align-left","11":"first","12":"instock","13":"shipping-taxable","14":"product-type-simple"},"_links":{"self":[{"href":"https:\/\/jblcorten.com\/fr\/wp-json\/wp\/v2\/product\/3054","targetHints":{"allow":["GET"]}}],"collection":[{"href":"https:\/\/jblcorten.com\/fr\/wp-json\/wp\/v2\/product"}],"about":[{"href":"https:\/\/jblcorten.com\/fr\/wp-json\/wp\/v2\/types\/product"}],"wp:featuredmedia":[{"embeddable":true,"href":"https:\/\/jblcorten.com\/fr\/wp-json\/wp\/v2\/media\/3061"}],"wp:attachment":[{"href":"https:\/\/jblcorten.com\/fr\/wp-json\/wp\/v2\/media?parent=3054"}],"wp:term":[{"taxonomy":"product_brand","embeddable":true,"href":"https:\/\/jblcorten.com\/fr\/wp-json\/wp\/v2\/product_brand?post=3054"},{"taxonomy":"product_cat","embeddable":true,"href":"https:\/\/jblcorten.com\/fr\/wp-json\/wp\/v2\/product_cat?post=3054"},{"taxonomy":"product_tag","embeddable":true,"href":"https:\/\/jblcorten.com\/fr\/wp-json\/wp\/v2\/product_tag?post=3054"}],"curies":[{"name":"wp","href":"https:\/\/api.w.org\/{rel}","templated":true}]}}