{"id":3044,"date":"2025-05-13T14:17:35","date_gmt":"2025-05-13T06:17:35","guid":{"rendered":"https:\/\/jblcorten.com\/?post_type=product&#038;p=3044"},"modified":"2025-05-13T14:19:35","modified_gmt":"2025-05-13T06:19:35","slug":"jardiniere-haute-en-acier-corten","status":"publish","type":"product","link":"https:\/\/jblcorten.com\/fr\/tall-corten-steel-planter\/","title":{"rendered":"Jardini\u00e8re haute en acier Corten"},"content":{"rendered":"<h2 style=\"text-align: center;\"><span style=\"font-size: 14pt;\">Jardini\u00e8re haute en acier Corten<\/span><\/h2>\n<p>Les pots de fleurs traditionnels sont g\u00e9n\u00e9ralement ronds ou courts et larges, tandis que cette jardini\u00e8re haute en acier corten adopte un design carr\u00e9 avec une largeur identique \u00e0 l'embouchure sup\u00e9rieure et inf\u00e9rieure, ce qui lui conf\u00e8re un aspect plus droit et plus imposant. Sa structure haute lui permet de contenir plus de terre, ce qui favorise la croissance des plantes \u00e0 racines profondes. Elle est particuli\u00e8rement adapt\u00e9e \u00e0 la plantation de plantes vertes telles que le bambou, les arbustes, les petits arbres et les vignes qui ont des exigences particuli\u00e8res en mati\u00e8re d'espace et de profondeur du sol. En m\u00eame temps, cette forme facilite \u00e9galement la disposition et la combinaison des pots de fleurs lors de l'am\u00e9nagement, et ils peuvent \u00eatre dispos\u00e9s de mani\u00e8re rapproch\u00e9e pour former un effet paysager sym\u00e9trique ou en quinconce, ce qui est tr\u00e8s moderne et ordonn\u00e9.<\/p>\n<p><strong><span style=\"font-size: 14pt;\">Sp\u00e9cification du produit :<\/span><\/strong><\/p>\n<table style=\"border-collapse: collapse; width: 100%; height: 265px;\">\n<tbody>\n<tr style=\"height: 53px;\">\n<td style=\"width: 22.0269%; background-color: #f5f5f5; height: 53px;\">Nom du produit<\/td>\n<td style=\"width: 77.9731%; background-color: #f5f5f5; height: 53px;\">Jardini\u00e8re haute en acier Corten<\/td>\n<\/tr>\n<tr style=\"height: 53px;\">\n<td style=\"width: 22.0269%; height: 53px;\">Mat\u00e9riau<\/td>\n<td style=\"width: 77.9731%; height: 53px;\">Acier Corten \/ Acier r\u00e9sistant aux intemp\u00e9ries<\/td>\n<\/tr>\n<tr style=\"height: 53px;\">\n<td style=\"width: 22.0269%; height: 53px; background-color: #f5f5f5;\">Taille<\/td>\n<td style=\"width: 77.9731%; height: 53px; background-color: #f5f5f5;\">L  32 \u00d7  l 32  \u00d7  H 75 cm<\/td>\n<\/tr>\n<tr style=\"height: 53px;\">\n<td style=\"width: 22.0269%; height: 53px;\">\u00c9paisseur<\/td>\n<td style=\"width: 77.9731%; height: 53px;\">3mm<\/td>\n<\/tr>\n<tr style=\"height: 53px;\">\n<td style=\"width: 22.0269%; height: 53px; background-color: #f5f5f5;\">Trou de drainage<\/td>\n<td style=\"width: 77.9731%; height: 53px; background-color: #f5f5f5;\">Oui<\/td>\n<\/tr>\n<\/tbody>\n<\/table>\n<p><strong><span style=\"font-size: 14pt;\">Acier Corten :<\/span><\/strong><\/p>\n<p>Le mat\u00e9riau utilis\u00e9 pour cette grande jardini\u00e8re est l'acier patinable. L'acier patinable, \u00e9galement appel\u00e9 \u201c acier corten \u201d ou \u201c acier r\u00e9sistant \u00e0 la rouille \u201d, est un acier faiblement alli\u00e9 contenant une petite quantit\u00e9 d'\u00e9l\u00e9ments d'alliage tels que le cuivre, le chrome et le nickel. Dans un environnement naturel, une couche d'oxyde stable et dense se forme \u00e0 la surface de l'acier patinable. Cette couche de rouille emp\u00eache non seulement la corrosion, mais a \u00e9galement un fort effet d\u00e9coratif, pr\u00e9sentant une teinte rouge rouille chaleureuse, avec une texture unique et artistique. Compar\u00e9 \u00e0 l'acier ordinaire, l'acier patinable a une dur\u00e9e de vie plus longue et des co\u00fbts d'entretien moins \u00e9lev\u00e9s.<\/p>\n<p><img fetchpriority=\"high\" decoding=\"async\" class=\"alignnone size-full wp-image-2519\" src=\"https:\/\/jblcorten.com\/wp-content\/uploads\/2025\/03\/corten-steel-material.jpg\" alt=\"\" width=\"750\" height=\"321\" title=\"\" srcset=\"https:\/\/jblcorten.com\/wp-content\/uploads\/2025\/03\/corten-steel-material.jpg 750w, https:\/\/jblcorten.com\/wp-content\/uploads\/2025\/03\/corten-steel-material-600x257.jpg 600w, https:\/\/jblcorten.com\/wp-content\/uploads\/2025\/03\/corten-steel-material-300x128.jpg 300w, https:\/\/jblcorten.com\/wp-content\/uploads\/2025\/03\/corten-steel-material-18x8.jpg 18w\" sizes=\"(max-width: 750px) 100vw, 750px\" \/><\/p>\n<p><strong><span style=\"font-size: 14pt;\">Notre service :<\/span><\/strong><\/p>\n<p>Cette grande jardini\u00e8re en acier corten peut \u00eatre personnalis\u00e9e en termes de dimensions et de traitement de surface. Qu'elle mesure 1 m\u00e8tre ou 1,5 m\u00e8tre de haut, elle peut \u00eatre adapt\u00e9e de mani\u00e8re flexible aux besoins des clients afin de s'adapter \u00e0 diff\u00e9rents espaces. La surface peut \u00e9galement \u00eatre rouill\u00e9e naturellement ou pr\u00e9-rouill\u00e9e en fonction de l'environnement, et il est m\u00eame possible de pulv\u00e9riser une peinture antirouille ou une couche protectrice transparente afin de retarder le processus de rouille de la surface.<\/p>\n<p><img decoding=\"async\" class=\"alignnone wp-image-3051\" src=\"https:\/\/jblcorten.com\/wp-content\/uploads\/2025\/05\/tall-corten-steel-planter-1.jpg\" alt=\"jardini\u00e8re haute en acier corten\" width=\"750\" height=\"563\" title=\"\" srcset=\"https:\/\/jblcorten.com\/wp-content\/uploads\/2025\/05\/tall-corten-steel-planter-1.jpg 1000w, https:\/\/jblcorten.com\/wp-content\/uploads\/2025\/05\/tall-corten-steel-planter-1-600x450.jpg 600w, https:\/\/jblcorten.com\/wp-content\/uploads\/2025\/05\/tall-corten-steel-planter-1-300x225.jpg 300w, https:\/\/jblcorten.com\/wp-content\/uploads\/2025\/05\/tall-corten-steel-planter-1-768x576.jpg 768w, https:\/\/jblcorten.com\/wp-content\/uploads\/2025\/05\/tall-corten-steel-planter-1-16x12.jpg 16w\" sizes=\"(max-width: 750px) 100vw, 750px\" \/><\/p>\n<p><img decoding=\"async\" class=\"alignnone size-full wp-image-3052\" src=\"https:\/\/jblcorten.com\/wp-content\/uploads\/2025\/05\/tall-flower-pots-outdoor.jpg\" alt=\"grands pots de fleurs d&#039;ext\u00e9rieur\" width=\"750\" height=\"562\" title=\"\" srcset=\"https:\/\/jblcorten.com\/wp-content\/uploads\/2025\/05\/tall-flower-pots-outdoor.jpg 750w, https:\/\/jblcorten.com\/wp-content\/uploads\/2025\/05\/tall-flower-pots-outdoor-600x450.jpg 600w, https:\/\/jblcorten.com\/wp-content\/uploads\/2025\/05\/tall-flower-pots-outdoor-300x225.jpg 300w, https:\/\/jblcorten.com\/wp-content\/uploads\/2025\/05\/tall-flower-pots-outdoor-16x12.jpg 16w\" sizes=\"(max-width: 750px) 100vw, 750px\" \/><\/p>\n<p><img loading=\"lazy\" decoding=\"async\" class=\"alignnone size-full wp-image-3053\" src=\"https:\/\/jblcorten.com\/wp-content\/uploads\/2025\/05\/tall-planter-box-outdoor.png\" alt=\"Jardini\u00e8re haute d&#039;ext\u00e9rieur\" width=\"750\" height=\"501\" title=\"\" srcset=\"https:\/\/jblcorten.com\/wp-content\/uploads\/2025\/05\/tall-planter-box-outdoor.png 750w, https:\/\/jblcorten.com\/wp-content\/uploads\/2025\/05\/tall-planter-box-outdoor-600x401.png 600w, https:\/\/jblcorten.com\/wp-content\/uploads\/2025\/05\/tall-planter-box-outdoor-300x200.png 300w, https:\/\/jblcorten.com\/wp-content\/uploads\/2025\/05\/tall-planter-box-outdoor-18x12.png 18w\" sizes=\"(max-width: 750px) 100vw, 750px\" \/><\/p>","protected":false},"excerpt":{"rendered":"<p>Cette grande jardini\u00e8re en acier corten peut \u00eatre personnalis\u00e9e en termes de dimensions et de traitement de surface, et peut \u00eatre adapt\u00e9e de mani\u00e8re flexible aux besoins des clients afin de s'adapter \u00e0 diff\u00e9rents espaces.<\/p>\n<p>La surface peut \u00e9galement \u00eatre rouill\u00e9e naturellement ou pr\u00e9-rouill\u00e9e en fonction de l'environnement, et peut m\u00eame \u00eatre recouverte d'une peinture antirouille ou d'une couche protectrice transparente afin de retarder le processus de rouille superficielle.<\/p>","protected":false},"featured_media":3046,"template":"","meta":{"site-sidebar-layout":"default","site-content-layout":"","ast-site-content-layout":"default","site-content-style":"default","site-sidebar-style":"default","ast-global-header-display":"","ast-banner-title-visibility":"","ast-main-header-display":"","ast-hfb-above-header-display":"","ast-hfb-below-header-display":"","ast-hfb-mobile-header-display":"","site-post-title":"","ast-breadcrumbs-content":"","ast-featured-img":"","footer-sml-layout":"","ast-disable-related-posts":"","theme-transparent-header-meta":"default","adv-header-id-meta":"","stick-header-meta":"","header-above-stick-meta":"","header-main-stick-meta":"","header-below-stick-meta":"","astra-migrate-meta-layouts":"set","ast-page-background-enabled":"default","ast-page-background-meta":{"desktop":{"background-color":"var(--ast-global-color-4)","background-image":"","background-repeat":"repeat","background-position":"center center","background-size":"auto","background-attachment":"scroll","background-type":"","background-media":"","overlay-type":"","overlay-color":"","overlay-opacity":"","overlay-gradient":""},"tablet":{"background-color":"","background-image":"","background-repeat":"repeat","background-position":"center center","background-size":"auto","background-attachment":"scroll","background-type":"","background-media":"","overlay-type":"","overlay-color":"","overlay-opacity":"","overlay-gradient":""},"mobile":{"background-color":"","background-image":"","background-repeat":"repeat","background-position":"center center","background-size":"auto","background-attachment":"scroll","background-type":"","background-media":"","overlay-type":"","overlay-color":"","overlay-opacity":"","overlay-gradient":""}},"ast-content-background-meta":{"desktop":{"background-color":"var(--ast-global-color-5)","background-image":"","background-repeat":"repeat","background-position":"center center","background-size":"auto","background-attachment":"scroll","background-type":"","background-media":"","overlay-type":"","overlay-color":"","overlay-opacity":"","overlay-gradient":""},"tablet":{"background-color":"var(--ast-global-color-5)","background-image":"","background-repeat":"repeat","background-position":"center center","background-size":"auto","background-attachment":"scroll","background-type":"","background-media":"","overlay-type":"","overlay-color":"","overlay-opacity":"","overlay-gradient":""},"mobile":{"background-color":"var(--ast-global-color-5)","background-image":"","background-repeat":"repeat","background-position":"center center","background-size":"auto","background-attachment":"scroll","background-type":"","background-media":"","overlay-type":"","overlay-color":"","overlay-opacity":"","overlay-gradient":""}}},"product_brand":[],"product_cat":[34],"product_tag":[],"class_list":{"0":"post-3044","1":"product","2":"type-product","3":"status-publish","4":"has-post-thumbnail","6":"product_cat-planter-pots","7":"desktop-align-center","8":"tablet-align-left","9":"mobile-align-left","11":"first","12":"instock","13":"shipping-taxable","14":"product-type-simple"},"_links":{"self":[{"href":"https:\/\/jblcorten.com\/fr\/wp-json\/wp\/v2\/product\/3044","targetHints":{"allow":["GET"]}}],"collection":[{"href":"https:\/\/jblcorten.com\/fr\/wp-json\/wp\/v2\/product"}],"about":[{"href":"https:\/\/jblcorten.com\/fr\/wp-json\/wp\/v2\/types\/product"}],"wp:featuredmedia":[{"embeddable":true,"href":"https:\/\/jblcorten.com\/fr\/wp-json\/wp\/v2\/media\/3046"}],"wp:attachment":[{"href":"https:\/\/jblcorten.com\/fr\/wp-json\/wp\/v2\/media?parent=3044"}],"wp:term":[{"taxonomy":"product_brand","embeddable":true,"href":"https:\/\/jblcorten.com\/fr\/wp-json\/wp\/v2\/product_brand?post=3044"},{"taxonomy":"product_cat","embeddable":true,"href":"https:\/\/jblcorten.com\/fr\/wp-json\/wp\/v2\/product_cat?post=3044"},{"taxonomy":"product_tag","embeddable":true,"href":"https:\/\/jblcorten.com\/fr\/wp-json\/wp\/v2\/product_tag?post=3044"}],"curies":[{"name":"wp","href":"https:\/\/api.w.org\/{rel}","templated":true}]}}