{"id":3031,"date":"2025-05-12T15:21:52","date_gmt":"2025-05-12T07:21:52","guid":{"rendered":"https:\/\/jblcorten.com\/?post_type=product&#038;p=3031"},"modified":"2025-05-12T15:24:07","modified_gmt":"2025-05-12T07:24:07","slug":"jardiniere-conique-en-acier-corten","status":"publish","type":"product","link":"https:\/\/jblcorten.com\/fr\/corten-steel-tapered-planter\/","title":{"rendered":"Jardini\u00e8re conique en acier Corten"},"content":{"rendered":"<h2 style=\"text-align: center;\"><span style=\"font-size: 14pt;\">Jardini\u00e8re conique en acier Corten<\/span><\/h2>\n<p>Les jardini\u00e8res coniques en acier corten sont fabriqu\u00e9es en acier corten comme mat\u00e9riau principal, ce qui leur conf\u00e8re une forte r\u00e9sistance aux intemp\u00e9ries et une apparence unique. La forme g\u00e9n\u00e9rale est un c\u00f4ne haut, avec un fond \u00e9troit et un \u00e9largissement progressif vers le haut. Il combine la structure g\u00e9om\u00e9trique du carr\u00e9 ext\u00e9rieur et du c\u00f4ne int\u00e9rieur, et pr\u00e9sente des lignes angulaires claires sur le bord, ce qui lui conf\u00e8re un effet visuel robuste, droit et puissant. Cette jardini\u00e8re conique en acier corten peut \u00eatre plac\u00e9e dans des zones commerciales, des cours de villa, des places publiques, des entr\u00e9es d'h\u00f4tel ou des terrasses.<\/p>\n<p>Le bac \u00e0 fleurs conique plus haut permet non seulement de mieux centrer les plantes dans l'ensemble du paysage, mais aussi de cr\u00e9er une division naturelle et de guider l'espace. Il convient aux zones fonctionnelles telles que le guidage routier, les deux c\u00f4t\u00e9s des canaux visuels et les zones de signalisation d'entr\u00e9e dans les grands espaces ouverts. La conception en position haute permet \u00e9galement d'\u00e9viter que la v\u00e9g\u00e9tation ne soit perturb\u00e9e par un sol humide ou des parasites, et facilite l'entretien quotidien.<\/p>\n<p><strong><span style=\"font-size: 14pt;\">Sp\u00e9cification du produit :<\/span><\/strong><\/p>\n<table style=\"border-collapse: collapse; width: 100%;\">\n<tbody>\n<tr>\n<td style=\"width: 26.8886%; background-color: #f5f5f5;\">Nom du produit<\/td>\n<td style=\"width: 73.1114%; background-color: #f5f5f5;\">Jardini\u00e8re conique en acier Corten<\/td>\n<\/tr>\n<tr>\n<td style=\"width: 26.8886%;\">Mat\u00e9riau<\/td>\n<td style=\"width: 73.1114%;\">Acier Corten\/Acier r\u00e9sistant aux intemp\u00e9ries<\/td>\n<\/tr>\n<tr>\n<td style=\"width: 26.8886%; background-color: #f5f5f5;\">Forme<\/td>\n<td style=\"width: 73.1114%; background-color: #f5f5f5;\">Carr\u00e9 conique<\/td>\n<\/tr>\n<tr>\n<td style=\"width: 26.8886%;\">Dimensions<\/td>\n<td style=\"width: 73.1114%;\">L 40\u00d7L 40\u00d7H 90cm<\/td>\n<\/tr>\n<tr>\n<td style=\"width: 26.8886%; background-color: #f5f5f5;\">Poids<\/td>\n<td style=\"width: 73.1114%; background-color: #f5f5f5;\">25 kg<\/td>\n<\/tr>\n<\/tbody>\n<\/table>\n<p><strong><span style=\"font-size: 14pt;\">Caract\u00e9ristiques du produit :<\/span><\/strong><\/p>\n<p>1. Mat\u00e9riau durable<br \/>\nL'acier r\u00e9sistant aux intemp\u00e9ries poss\u00e8de une r\u00e9sistance \u00e0 la corrosion extr\u00eamement forte et peut g\u00e9n\u00e9rer naturellement une couche d'oxyde protectrice dans un environnement de vent et de pluie. Il est non seulement solide et durable, mais il a \u00e9galement des fonctions de protection naturelle, ne n\u00e9cessite pas de rev\u00eatement suppl\u00e9mentaire et a de faibles co\u00fbts de maintenance.<\/p>\n<p>2. Une apparence unique<br \/>\nLa surface change avec le temps et pr\u00e9sente un ton naturel rouge rouille, avec une texture calme et de riches couches de couleur.<\/p>\n<p>3. Conception conique<br \/>\nLa forme progressivement \u00e9largie de bas en haut et le contour ext\u00e9rieur carr\u00e9 rendent le pot de fleurs simple et puissant dans son ensemble, avec un sens aigu de l'esth\u00e9tique architecturale.<\/p>\n<p>4. Structure de plantation haute, grande utilisation de l'espace<br \/>\nL'avantage de la hauteur permet de planter des plantes avec des racines profondes et des corps hauts, ce qui contribue \u00e0 construire des niveaux de paysage, et est \u00e9galement propice au drainage et \u00e0 l'\u00e9coulement, am\u00e9liorant la qualit\u00e9 de l'environnement de croissance des plantes.<\/p>\n<p>5. Syst\u00e8me de drainage<br \/>\nEn fonction des besoins de croissance des diff\u00e9rentes plantes, des trous de drainage sont con\u00e7us au fond du pot de fleurs pour faciliter l'\u00e9vacuation de l'eau et emp\u00eacher l'accumulation d'eau, tout en favorisant le d\u00e9veloppement sain des racines des plantes.<\/p>\n<p><strong><span style=\"font-size: 14pt;\">Qu'est-ce que l'acier Corten ?<\/span><\/strong><\/p>\n<p>L'acier Corten (r\u00e9sistant aux intemp\u00e9ries), \u00e9galement connu sous le nom d'acier r\u00e9sistant \u00e0 la corrosion atmosph\u00e9rique, est un acier sp\u00e9cial dont la capacit\u00e9 antioxydante est renforc\u00e9e par l'ajout de traces d'\u00e9l\u00e9ments d'alliage (tels que le cuivre, le chrome et le nickel). Le principal avantage de ce mat\u00e9riau est qu'il peut progressivement former une couche dense d'oxyde rouge-rouille \u00e0 la surface dans des conditions climatiques naturelles. Cette couche pr\u00e9sente non seulement une excellente adh\u00e9rence et stabilit\u00e9, mais elle peut \u00e9galement bloquer la corrosion du m\u00e9tal interne par l'air et l'humidit\u00e9.<\/p>\n<p><img fetchpriority=\"high\" decoding=\"async\" class=\"alignnone size-full wp-image-2519\" src=\"https:\/\/jblcorten.com\/wp-content\/uploads\/2025\/03\/corten-steel-material.jpg\" alt=\"\" width=\"750\" height=\"321\" title=\"\" srcset=\"https:\/\/jblcorten.com\/wp-content\/uploads\/2025\/03\/corten-steel-material.jpg 750w, https:\/\/jblcorten.com\/wp-content\/uploads\/2025\/03\/corten-steel-material-600x257.jpg 600w, https:\/\/jblcorten.com\/wp-content\/uploads\/2025\/03\/corten-steel-material-300x128.jpg 300w, https:\/\/jblcorten.com\/wp-content\/uploads\/2025\/03\/corten-steel-material-18x8.jpg 18w\" sizes=\"(max-width: 750px) 100vw, 750px\" \/><\/p>\n<p><strong><span style=\"font-size: 14pt;\">Images du produit :<\/span><\/strong><\/p>\n<p><img decoding=\"async\" class=\"alignnone size-full wp-image-3037\" src=\"https:\/\/jblcorten.com\/wp-content\/uploads\/2025\/05\/tall-tapered-planter-pot-for-sale.jpg\" alt=\"pot de fleurs conique \u00e0 vendre\" width=\"750\" height=\"641\" title=\"\" srcset=\"https:\/\/jblcorten.com\/wp-content\/uploads\/2025\/05\/tall-tapered-planter-pot-for-sale.jpg 750w, https:\/\/jblcorten.com\/wp-content\/uploads\/2025\/05\/tall-tapered-planter-pot-for-sale-600x513.jpg 600w, https:\/\/jblcorten.com\/wp-content\/uploads\/2025\/05\/tall-tapered-planter-pot-for-sale-300x256.jpg 300w, https:\/\/jblcorten.com\/wp-content\/uploads\/2025\/05\/tall-tapered-planter-pot-for-sale-14x12.jpg 14w\" sizes=\"(max-width: 750px) 100vw, 750px\" \/><\/p>\n<p><img decoding=\"async\" class=\"alignnone size-full wp-image-3036\" src=\"https:\/\/jblcorten.com\/wp-content\/uploads\/2025\/05\/Corten-Steel-Tapered-Planter-1.jpg\" alt=\"Jardini\u00e8re conique en acier Corten\" width=\"750\" height=\"750\" title=\"\" srcset=\"https:\/\/jblcorten.com\/wp-content\/uploads\/2025\/05\/Corten-Steel-Tapered-Planter-1.jpg 750w, https:\/\/jblcorten.com\/wp-content\/uploads\/2025\/05\/Corten-Steel-Tapered-Planter-1-600x600.jpg 600w, https:\/\/jblcorten.com\/wp-content\/uploads\/2025\/05\/Corten-Steel-Tapered-Planter-1-100x100.jpg 100w, https:\/\/jblcorten.com\/wp-content\/uploads\/2025\/05\/Corten-Steel-Tapered-Planter-1-300x300.jpg 300w, https:\/\/jblcorten.com\/wp-content\/uploads\/2025\/05\/Corten-Steel-Tapered-Planter-1-150x150.jpg 150w, https:\/\/jblcorten.com\/wp-content\/uploads\/2025\/05\/Corten-Steel-Tapered-Planter-1-12x12.jpg 12w\" sizes=\"(max-width: 750px) 100vw, 750px\" \/><\/p>\n<p><strong><span style=\"font-size: 14pt;\">FAQ :<\/span><\/strong><\/p>\n<p>1. Combien de temps faut-il \u00e0 l'acier corten pour rouiller ?<br \/>\nCela prend g\u00e9n\u00e9ralement de 4 \u00e0 10 mois, en fonction des conditions m\u00e9t\u00e9orologiques.<\/p>\n<p>2. Puis-je acc\u00e9l\u00e9rer le processus de rouille ?<br \/>\nOui, l'utilisation d'une solution de vinaigre, de sel et d'eau peut acc\u00e9l\u00e9rer le processus de rouille. (Nous sommes un fabricant de pots de fleurs en acier corten et nous pouvons \u00e9galement faire rouiller les pots de fleurs).<\/p>\n<p>3. Les pots en acier corten sont-ils s\u00fbrs pour les plantes ?<br \/>\nBien entendu, une fois que la rouille est enti\u00e8rement form\u00e9e, elle est non toxique et sans danger pour les plantes. La rouille initiale peut lib\u00e9rer du fer dans le sol, mais elle est g\u00e9n\u00e9ralement inoffensive.<\/p>","protected":false},"excerpt":{"rendered":"<p>Les bacs \u00e0 fleurs coniques en acier corten conviennent aux zones fonctionnelles telles que le guidage routier, les deux c\u00f4t\u00e9s des canaux visuels et les panneaux d'entr\u00e9e des grands espaces ouverts.<\/p>\n<p>La conception en position haute permet \u00e9galement d'\u00e9viter que la v\u00e9g\u00e9tation ne soit perturb\u00e9e par un sol humide ou des parasites, et facilite l'entretien quotidien.<\/p>","protected":false},"featured_media":3032,"template":"","meta":{"site-sidebar-layout":"default","site-content-layout":"","ast-site-content-layout":"default","site-content-style":"default","site-sidebar-style":"default","ast-global-header-display":"","ast-banner-title-visibility":"","ast-main-header-display":"","ast-hfb-above-header-display":"","ast-hfb-below-header-display":"","ast-hfb-mobile-header-display":"","site-post-title":"","ast-breadcrumbs-content":"","ast-featured-img":"","footer-sml-layout":"","ast-disable-related-posts":"","theme-transparent-header-meta":"default","adv-header-id-meta":"","stick-header-meta":"","header-above-stick-meta":"","header-main-stick-meta":"","header-below-stick-meta":"","astra-migrate-meta-layouts":"set","ast-page-background-enabled":"default","ast-page-background-meta":{"desktop":{"background-color":"var(--ast-global-color-4)","background-image":"","background-repeat":"repeat","background-position":"center center","background-size":"auto","background-attachment":"scroll","background-type":"","background-media":"","overlay-type":"","overlay-color":"","overlay-opacity":"","overlay-gradient":""},"tablet":{"background-color":"","background-image":"","background-repeat":"repeat","background-position":"center center","background-size":"auto","background-attachment":"scroll","background-type":"","background-media":"","overlay-type":"","overlay-color":"","overlay-opacity":"","overlay-gradient":""},"mobile":{"background-color":"","background-image":"","background-repeat":"repeat","background-position":"center center","background-size":"auto","background-attachment":"scroll","background-type":"","background-media":"","overlay-type":"","overlay-color":"","overlay-opacity":"","overlay-gradient":""}},"ast-content-background-meta":{"desktop":{"background-color":"var(--ast-global-color-5)","background-image":"","background-repeat":"repeat","background-position":"center center","background-size":"auto","background-attachment":"scroll","background-type":"","background-media":"","overlay-type":"","overlay-color":"","overlay-opacity":"","overlay-gradient":""},"tablet":{"background-color":"var(--ast-global-color-5)","background-image":"","background-repeat":"repeat","background-position":"center center","background-size":"auto","background-attachment":"scroll","background-type":"","background-media":"","overlay-type":"","overlay-color":"","overlay-opacity":"","overlay-gradient":""},"mobile":{"background-color":"var(--ast-global-color-5)","background-image":"","background-repeat":"repeat","background-position":"center center","background-size":"auto","background-attachment":"scroll","background-type":"","background-media":"","overlay-type":"","overlay-color":"","overlay-opacity":"","overlay-gradient":""}}},"product_brand":[],"product_cat":[34],"product_tag":[],"class_list":{"0":"post-3031","1":"product","2":"type-product","3":"status-publish","4":"has-post-thumbnail","6":"product_cat-planter-pots","7":"desktop-align-center","8":"tablet-align-left","9":"mobile-align-left","11":"first","12":"instock","13":"shipping-taxable","14":"product-type-simple"},"_links":{"self":[{"href":"https:\/\/jblcorten.com\/fr\/wp-json\/wp\/v2\/product\/3031","targetHints":{"allow":["GET"]}}],"collection":[{"href":"https:\/\/jblcorten.com\/fr\/wp-json\/wp\/v2\/product"}],"about":[{"href":"https:\/\/jblcorten.com\/fr\/wp-json\/wp\/v2\/types\/product"}],"wp:featuredmedia":[{"embeddable":true,"href":"https:\/\/jblcorten.com\/fr\/wp-json\/wp\/v2\/media\/3032"}],"wp:attachment":[{"href":"https:\/\/jblcorten.com\/fr\/wp-json\/wp\/v2\/media?parent=3031"}],"wp:term":[{"taxonomy":"product_brand","embeddable":true,"href":"https:\/\/jblcorten.com\/fr\/wp-json\/wp\/v2\/product_brand?post=3031"},{"taxonomy":"product_cat","embeddable":true,"href":"https:\/\/jblcorten.com\/fr\/wp-json\/wp\/v2\/product_cat?post=3031"},{"taxonomy":"product_tag","embeddable":true,"href":"https:\/\/jblcorten.com\/fr\/wp-json\/wp\/v2\/product_tag?post=3031"}],"curies":[{"name":"wp","href":"https:\/\/api.w.org\/{rel}","templated":true}]}}