{"id":3021,"date":"2025-05-12T11:49:52","date_gmt":"2025-05-12T03:49:52","guid":{"rendered":"https:\/\/jblcorten.com\/?post_type=product&#038;p=3021"},"modified":"2025-05-13T15:47:32","modified_gmt":"2025-05-13T07:47:32","slug":"jardinieres-rectangulaires-en-acier-corten-de-80-cm-de-haut","status":"publish","type":"product","link":"https:\/\/jblcorten.com\/fr\/80cm-tall-rectangular-corten-steel-planters\/","title":{"rendered":"Jardini\u00e8res rectangulaires en acier Corten de 80 cm de haut"},"content":{"rendered":"<h2 style=\"text-align: center;\"><span style=\"font-size: 14pt;\">Jardini\u00e8res rectangulaires en acier Corten de 80 cm de haut<\/span><\/h2>\n<p>Les jardini\u00e8res rectangulaires en acier corten sont des pots de fleurs magnifiques et durables con\u00e7us pour la v\u00e9g\u00e9talisation, l'embellissement et l'am\u00e9nagement fonctionnel des espaces ext\u00e9rieurs. Ces jardini\u00e8res sont fabriqu\u00e9es en acier corten, un mat\u00e9riau largement utilis\u00e9 dans l'am\u00e9nagement paysager moderne, qui pr\u00e9sente une forte r\u00e9sistance \u00e0 la corrosion et une expression artistique. Sa forme g\u00e9n\u00e9rale est un bloc rectangulaire simple et robuste d'une hauteur de 60 cm, qui offre non seulement un espace profond pour les plantes, mais forme \u00e9galement une structure verticale stable et puissante sur le plan visuel.<\/p>\n<p><span style=\"color: #e89b17;\"><strong><span style=\"font-size: 14pt;\">Caract\u00e9ristiques :<\/span><\/strong><\/span><\/p>\n<p style=\"padding-left: 40px;\"><strong>1. Mat\u00e9riau en acier de haute qualit\u00e9 contre les intemp\u00e9ries :<\/strong> forte r\u00e9sistance \u00e0 la corrosion, une couche protectrice stable se forme sur la surface, aucune peinture ou autre rev\u00eatement protecteur n'est n\u00e9cessaire, ce qui permet une utilisation ext\u00e9rieure \u00e0 long terme.<\/p>\n<p style=\"padding-left: 40px;\"><strong>2. Une structure tridimensionnelle jusqu'\u00e0 60 cm :<\/strong> convient \u00e0 la plantation de plantes \u00e0 racines profondes, \u00e0 l'entretien facile, \u00e0 l'am\u00e9lioration des effets visuels et \u00e0 l'am\u00e9lioration de l'agencement des paysages.<\/p>\n<p style=\"padding-left: 40px;\"><strong>3. Le design rectangulaire est simple et moderne :<\/strong> pratique pour l'agencement et la combinaison, s'adaptant \u00e0 une vari\u00e9t\u00e9 d'exigences en mati\u00e8re d'agencement de l'espace, convenant \u00e0 un placement unique, et pouvant \u00e9galement \u00eatre arrang\u00e9 proprement pour cr\u00e9er un sentiment d'int\u00e9grit\u00e9.<\/p>\n<p style=\"padding-left: 40px;\"><strong>4. Tr\u00e8s d\u00e9coratif et artistique :<\/strong> la couleur de la rouille en surface change naturellement avec le temps, et chaque pi\u00e8ce est une installation artistique paysag\u00e8re unique.<\/p>\n<p style=\"padding-left: 40px;\"><strong>5. Trous de drainage et rev\u00eatement personnalisables :<\/strong> Les plantes sont faciles \u00e0 planter et \u00e0 drainer, ce qui am\u00e9liore l'aspect pratique et r\u00e9pond aux besoins de croissance des diff\u00e9rentes plantes.<\/p>\n<p><img fetchpriority=\"high\" decoding=\"async\" class=\"alignnone size-full wp-image-3027\" src=\"https:\/\/jblcorten.com\/wp-content\/uploads\/2025\/05\/rectangular-corten-steel-planters-1.jpg\" alt=\"jardini\u00e8res rectangulaires en acier corten\" width=\"750\" height=\"500\" title=\"\" srcset=\"https:\/\/jblcorten.com\/wp-content\/uploads\/2025\/05\/rectangular-corten-steel-planters-1.jpg 750w, https:\/\/jblcorten.com\/wp-content\/uploads\/2025\/05\/rectangular-corten-steel-planters-1-600x400.jpg 600w, https:\/\/jblcorten.com\/wp-content\/uploads\/2025\/05\/rectangular-corten-steel-planters-1-300x200.jpg 300w, https:\/\/jblcorten.com\/wp-content\/uploads\/2025\/05\/rectangular-corten-steel-planters-1-18x12.jpg 18w\" sizes=\"(max-width: 750px) 100vw, 750px\" \/><\/p>\n<p><span style=\"color: #e89b17;\"><strong><span style=\"font-size: 14pt;\">Sp\u00e9cification du produit :<\/span><\/strong><\/span><\/p>\n<table style=\"border-collapse: collapse; width: 100%; height: 212px;\">\n<tbody>\n<tr style=\"height: 53px;\">\n<td style=\"width: 27.7113%; height: 53px;\">Nom du produit<\/td>\n<td style=\"width: 72.2887%; height: 53px;\">Jardini\u00e8res rectangulaires en acier Corten<\/td>\n<\/tr>\n<tr style=\"height: 53px;\">\n<td style=\"width: 27.7113%; height: 53px;\">Mat\u00e9riau<\/td>\n<td style=\"width: 72.2887%; height: 53px;\">Acier Corten\/Acier r\u00e9sistant aux intemp\u00e9ries<\/td>\n<\/tr>\n<tr style=\"height: 53px;\">\n<td style=\"width: 27.7113%; height: 53px;\">Couleur<\/td>\n<td style=\"width: 72.2887%; height: 53px;\">Rusty<\/td>\n<\/tr>\n<tr style=\"height: 53px;\">\n<td style=\"width: 27.7113%; height: 53px;\">Longueur<\/td>\n<td style=\"width: 72.2887%; height: 53px;\">80cm<\/td>\n<\/tr>\n<tr>\n<td style=\"width: 27.7113%;\">Largeur<\/td>\n<td style=\"width: 72.2887%;\">30cm<\/td>\n<\/tr>\n<tr>\n<td style=\"width: 27.7113%;\">Hauteur<\/td>\n<td style=\"width: 72.2887%;\">60cm<\/td>\n<\/tr>\n<\/tbody>\n<\/table>\n<p><span style=\"color: #e89b17;\"><strong><span style=\"font-size: 14pt;\">Acier Corten :<\/span><\/strong><\/span><\/p>\n<p>L'acier Corten, qui est le mat\u00e9riau principal de ce pot de fleurs, pr\u00e9sente l'avantage essentiel de former une couche dense de protection contre la rouille sous l'effet du vent et de la pluie. Cette couche de rouille n'est pas de la corrosion au sens traditionnel du terme, mais un film d'oxyde stable et tr\u00e8s adh\u00e9rent qui peut emp\u00eacher efficacement la corrosion de l'acier interne, prolongeant ainsi la dur\u00e9e de vie.<\/p>\n<p>Outre les avantages de la structure et du mat\u00e9riau, ce pot de fleurs en acier corten est \u00e9galement unique en termes de couleurs. Au d\u00e9part, il est d'un gris m\u00e9tallique naturel. Au fil du temps, sous l'action combin\u00e9e de la pluie et de l'air, sa surface s'oxyde progressivement pour former une texture rouge rouille stable, rendant chaque pot de fleurs unique.<\/p>\n<p><img decoding=\"async\" class=\"alignnone size-full wp-image-2519\" src=\"https:\/\/jblcorten.com\/wp-content\/uploads\/2025\/03\/corten-steel-material.jpg\" alt=\"\" width=\"750\" height=\"321\" title=\"\" srcset=\"https:\/\/jblcorten.com\/wp-content\/uploads\/2025\/03\/corten-steel-material.jpg 750w, https:\/\/jblcorten.com\/wp-content\/uploads\/2025\/03\/corten-steel-material-600x257.jpg 600w, https:\/\/jblcorten.com\/wp-content\/uploads\/2025\/03\/corten-steel-material-300x128.jpg 300w, https:\/\/jblcorten.com\/wp-content\/uploads\/2025\/03\/corten-steel-material-18x8.jpg 18w\" sizes=\"(max-width: 750px) 100vw, 750px\" \/><\/p>\n<p><span style=\"color: #e89b17;\"><strong><span style=\"font-size: 14pt;\">Emballage du produit :<\/span><\/strong><\/span><\/p>\n<p><img decoding=\"async\" class=\"alignnone size-full wp-image-3029\" src=\"https:\/\/jblcorten.com\/wp-content\/uploads\/2025\/05\/corten-steel-planter-pot-manufacturer.jpg\" alt=\"fabricant de pots de fleurs en acier corten\" width=\"750\" height=\"750\" title=\"\" srcset=\"https:\/\/jblcorten.com\/wp-content\/uploads\/2025\/05\/corten-steel-planter-pot-manufacturer.jpg 750w, https:\/\/jblcorten.com\/wp-content\/uploads\/2025\/05\/corten-steel-planter-pot-manufacturer-600x600.jpg 600w, https:\/\/jblcorten.com\/wp-content\/uploads\/2025\/05\/corten-steel-planter-pot-manufacturer-100x100.jpg 100w, https:\/\/jblcorten.com\/wp-content\/uploads\/2025\/05\/corten-steel-planter-pot-manufacturer-300x300.jpg 300w, https:\/\/jblcorten.com\/wp-content\/uploads\/2025\/05\/corten-steel-planter-pot-manufacturer-150x150.jpg 150w, https:\/\/jblcorten.com\/wp-content\/uploads\/2025\/05\/corten-steel-planter-pot-manufacturer-12x12.jpg 12w\" sizes=\"(max-width: 750px) 100vw, 750px\" \/><\/p>\n<p><img loading=\"lazy\" decoding=\"async\" class=\"alignnone size-full wp-image-3028\" src=\"https:\/\/jblcorten.com\/wp-content\/uploads\/2025\/05\/corten-steel-planter-pot-for-sale.jpg\" alt=\"pot de fleurs en acier corten \u00e0 vendre\" width=\"750\" height=\"750\" title=\"\" srcset=\"https:\/\/jblcorten.com\/wp-content\/uploads\/2025\/05\/corten-steel-planter-pot-for-sale.jpg 750w, https:\/\/jblcorten.com\/wp-content\/uploads\/2025\/05\/corten-steel-planter-pot-for-sale-600x600.jpg 600w, https:\/\/jblcorten.com\/wp-content\/uploads\/2025\/05\/corten-steel-planter-pot-for-sale-100x100.jpg 100w, https:\/\/jblcorten.com\/wp-content\/uploads\/2025\/05\/corten-steel-planter-pot-for-sale-300x300.jpg 300w, https:\/\/jblcorten.com\/wp-content\/uploads\/2025\/05\/corten-steel-planter-pot-for-sale-150x150.jpg 150w, https:\/\/jblcorten.com\/wp-content\/uploads\/2025\/05\/corten-steel-planter-pot-for-sale-12x12.jpg 12w\" sizes=\"(max-width: 750px) 100vw, 750px\" \/><\/p>","protected":false},"excerpt":{"rendered":"<p>Ces jardini\u00e8res rectangulaires en acier corten de 80 cm de haut sont plus flexibles dans leur disposition. Elles peuvent \u00eatre dispos\u00e9es en rang\u00e9e le long du mur, enferm\u00e9es pour former une division r\u00e9gionale, ou utilis\u00e9es comme d\u00e9coration sym\u00e9trique des deux c\u00f4t\u00e9s du passage ou du porche pour cr\u00e9er une atmosph\u00e8re paysag\u00e8re solennelle et moderne.<\/p>","protected":false},"featured_media":3026,"template":"","meta":{"site-sidebar-layout":"default","site-content-layout":"","ast-site-content-layout":"default","site-content-style":"default","site-sidebar-style":"default","ast-global-header-display":"","ast-banner-title-visibility":"","ast-main-header-display":"","ast-hfb-above-header-display":"","ast-hfb-below-header-display":"","ast-hfb-mobile-header-display":"","site-post-title":"","ast-breadcrumbs-content":"","ast-featured-img":"","footer-sml-layout":"","ast-disable-related-posts":"","theme-transparent-header-meta":"default","adv-header-id-meta":"","stick-header-meta":"","header-above-stick-meta":"","header-main-stick-meta":"","header-below-stick-meta":"","astra-migrate-meta-layouts":"set","ast-page-background-enabled":"default","ast-page-background-meta":{"desktop":{"background-color":"var(--ast-global-color-4)","background-image":"","background-repeat":"repeat","background-position":"center center","background-size":"auto","background-attachment":"scroll","background-type":"","background-media":"","overlay-type":"","overlay-color":"","overlay-opacity":"","overlay-gradient":""},"tablet":{"background-color":"","background-image":"","background-repeat":"repeat","background-position":"center center","background-size":"auto","background-attachment":"scroll","background-type":"","background-media":"","overlay-type":"","overlay-color":"","overlay-opacity":"","overlay-gradient":""},"mobile":{"background-color":"","background-image":"","background-repeat":"repeat","background-position":"center center","background-size":"auto","background-attachment":"scroll","background-type":"","background-media":"","overlay-type":"","overlay-color":"","overlay-opacity":"","overlay-gradient":""}},"ast-content-background-meta":{"desktop":{"background-color":"var(--ast-global-color-5)","background-image":"","background-repeat":"repeat","background-position":"center center","background-size":"auto","background-attachment":"scroll","background-type":"","background-media":"","overlay-type":"","overlay-color":"","overlay-opacity":"","overlay-gradient":""},"tablet":{"background-color":"var(--ast-global-color-5)","background-image":"","background-repeat":"repeat","background-position":"center center","background-size":"auto","background-attachment":"scroll","background-type":"","background-media":"","overlay-type":"","overlay-color":"","overlay-opacity":"","overlay-gradient":""},"mobile":{"background-color":"var(--ast-global-color-5)","background-image":"","background-repeat":"repeat","background-position":"center center","background-size":"auto","background-attachment":"scroll","background-type":"","background-media":"","overlay-type":"","overlay-color":"","overlay-opacity":"","overlay-gradient":""}}},"product_brand":[],"product_cat":[34],"product_tag":[],"class_list":{"0":"post-3021","1":"product","2":"type-product","3":"status-publish","4":"has-post-thumbnail","6":"product_cat-planter-pots","7":"desktop-align-center","8":"tablet-align-left","9":"mobile-align-left","11":"first","12":"instock","13":"shipping-taxable","14":"product-type-simple"},"_links":{"self":[{"href":"https:\/\/jblcorten.com\/fr\/wp-json\/wp\/v2\/product\/3021","targetHints":{"allow":["GET"]}}],"collection":[{"href":"https:\/\/jblcorten.com\/fr\/wp-json\/wp\/v2\/product"}],"about":[{"href":"https:\/\/jblcorten.com\/fr\/wp-json\/wp\/v2\/types\/product"}],"wp:featuredmedia":[{"embeddable":true,"href":"https:\/\/jblcorten.com\/fr\/wp-json\/wp\/v2\/media\/3026"}],"wp:attachment":[{"href":"https:\/\/jblcorten.com\/fr\/wp-json\/wp\/v2\/media?parent=3021"}],"wp:term":[{"taxonomy":"product_brand","embeddable":true,"href":"https:\/\/jblcorten.com\/fr\/wp-json\/wp\/v2\/product_brand?post=3021"},{"taxonomy":"product_cat","embeddable":true,"href":"https:\/\/jblcorten.com\/fr\/wp-json\/wp\/v2\/product_cat?post=3021"},{"taxonomy":"product_tag","embeddable":true,"href":"https:\/\/jblcorten.com\/fr\/wp-json\/wp\/v2\/product_tag?post=3021"}],"curies":[{"name":"wp","href":"https:\/\/api.w.org\/{rel}","templated":true}]}}