{"id":2971,"date":"2025-05-07T16:54:26","date_gmt":"2025-05-07T08:54:26","guid":{"rendered":"https:\/\/jblcorten.com\/?post_type=product&#038;p=2971"},"modified":"2025-05-07T16:54:27","modified_gmt":"2025-05-07T08:54:27","slug":"foyer-en-acier-patine-par-les-intemperies","status":"publish","type":"product","link":"https:\/\/jblcorten.com\/fr\/weathered-steel-fire-pit\/","title":{"rendered":"Foyer en acier patin\u00e9"},"content":{"rendered":"<h2 style=\"text-align: center;\"><span style=\"font-size: 14pt;\">Foyer en acier patin\u00e9<\/span><\/h2>\n<p>Le foyer en acier patin\u00e9 est un outil de chauffage ext\u00e9rieur qui allie un style naturel \u00e0 des fonctions pratiques. L'ensemble du foyer se compose de deux parties principales : un pot \u00e0 bois de grande capacit\u00e9 et un support stable \u00e0 trois pieds. Le foyer est fabriqu\u00e9 en acier \u00e0 haute r\u00e9sistance et a subi un traitement sp\u00e9cial d'oxydation. La surface pr\u00e9sente un effet de rouille unique, comme si elle avait \u00e9t\u00e9 baptis\u00e9e par les ann\u00e9es, et a une tr\u00e8s grande valeur d\u00e9corative. Cette couleur rouille conf\u00e8re non seulement au foyer un aspect original et naturel, mais renforce \u00e9galement sa r\u00e9sistance aux intemp\u00e9ries dans les environnements ext\u00e9rieurs.<\/p>\n<p>Le design g\u00e9n\u00e9ral du foyer en acier patin\u00e9 est une simple forme de bol avec une structure stable, qui peut concentrer efficacement la chaleur et maintenir une combustion uniforme de la flamme. Le support \u00e0 trois pieds situ\u00e9 en dessous peut \u00eatre rapidement d\u00e9mont\u00e9 ou assembl\u00e9, ce qui est pratique pour le transport, le stockage et le d\u00e9placement sur site. Il convient parfaitement aux activit\u00e9s de plein air telles que le camping, les f\u00eates de cour, les pique-niques, etc. Le support adopte une conception structurelle assortie au pot \u00e0 feu, ce qui est non seulement stable, mais souligne \u00e9galement le style g\u00e9n\u00e9ral \"us\u00e9 par le temps\", de sorte que l'ensemble du produit atteint un bon \u00e9quilibre entre l'aspect pratique et l'esth\u00e9tique.<\/p>\n<p><strong><span style=\"font-size: 14pt;\">Sp\u00e9cification du produit :<\/span><\/strong><\/p>\n<table style=\"width: 100%;\">\n<tbody>\n<tr>\n<td style=\"width: 21.6904%;\">Nom du produit<\/td>\n<td style=\"width: 78.2349%;\" width=\"414\">Foyer en acier patin\u00e9<\/td>\n<\/tr>\n<tr>\n<td style=\"width: 21.6904%;\">Taille<\/td>\n<td style=\"width: 78.2349%;\" width=\"414\">Dia.73cm H : 40cm<\/td>\n<\/tr>\n<tr>\n<td style=\"width: 21.6904%;\">Poids<\/td>\n<td style=\"width: 78.2349%;\" width=\"414\">8,9 kg<\/td>\n<\/tr>\n<tr>\n<td style=\"width: 21.6904%;\">Mat\u00e9riau<\/td>\n<td style=\"width: 78.2349%;\" width=\"414\">Acier Corten<\/td>\n<\/tr>\n<tr>\n<td style=\"width: 21.6904%;\">Assembl\u00e9e<\/td>\n<td style=\"width: 78.2349%;\" width=\"414\">Oui<\/td>\n<\/tr>\n<tr>\n<td style=\"width: 21.6904%;\">Personnalisation<\/td>\n<td style=\"width: 78.2349%;\">Logo, motifs, taille, emballage, finition des couleurs personnalis\u00e9s<\/td>\n<\/tr>\n<tr>\n<td style=\"width: 21.6904%;\">Carburant<\/td>\n<td style=\"width: 78.2349%;\">Bois de chauffage, b\u00fbches de bois, charbon de bois<\/td>\n<\/tr>\n<\/tbody>\n<\/table>\n<p><strong><span style=\"font-size: 14pt;\">Caract\u00e9ristiques du produit :<\/span><\/strong><\/p>\n<p>1. Structure amovible : Il se compose de deux parties principales : un foyer semi-circulaire \u00e0 bois et un support \u00e0 trois pieds, facile \u00e0 assembler.<br \/>\n2. Aspect rouill\u00e9 : La surface pr\u00e9sente un effet de rouille naturelle, qui a un impact visuel et un sens artistique uniques.<br \/>\n3. Mat\u00e9riau en acier : Le corps du foyer est fabriqu\u00e9 en acier \u00e0 haute r\u00e9sistance, ce qui lui conf\u00e8re une bonne r\u00e9sistance \u00e0 la chaleur et une structure solide, adapt\u00e9e \u00e0 la combustion \u00e0 long terme du bois de chauffage.<br \/>\n4. Conception esth\u00e9tique : Le bassin d'incendie a une forme classique, peut concentrer la chaleur de la flamme et a une grande efficacit\u00e9 de combustion.<br \/>\n5. Base : La structure de support \u00e0 trois pieds garantit la stabilit\u00e9 du foyer dans diff\u00e9rents environnements, ce qui am\u00e9liore la s\u00e9curit\u00e9 pendant l'utilisation.<\/p>\n<p><img fetchpriority=\"high\" decoding=\"async\" class=\"alignnone size-full wp-image-2977\" src=\"https:\/\/jblcorten.com\/wp-content\/uploads\/2025\/05\/cheap-fire-pit.jpg\" alt=\"foyer bon march\u00e9\" width=\"750\" height=\"500\" title=\"\" srcset=\"https:\/\/jblcorten.com\/wp-content\/uploads\/2025\/05\/cheap-fire-pit.jpg 750w, https:\/\/jblcorten.com\/wp-content\/uploads\/2025\/05\/cheap-fire-pit-600x400.jpg 600w, https:\/\/jblcorten.com\/wp-content\/uploads\/2025\/05\/cheap-fire-pit-300x200.jpg 300w, https:\/\/jblcorten.com\/wp-content\/uploads\/2025\/05\/cheap-fire-pit-18x12.jpg 18w\" sizes=\"(max-width: 750px) 100vw, 750px\" \/><img decoding=\"async\" class=\"alignnone size-full wp-image-2978\" src=\"https:\/\/jblcorten.com\/wp-content\/uploads\/2025\/05\/custom-fire-pits.jpg\" alt=\"foyers sur mesure\" width=\"750\" height=\"500\" title=\"\" srcset=\"https:\/\/jblcorten.com\/wp-content\/uploads\/2025\/05\/custom-fire-pits.jpg 750w, https:\/\/jblcorten.com\/wp-content\/uploads\/2025\/05\/custom-fire-pits-600x400.jpg 600w, https:\/\/jblcorten.com\/wp-content\/uploads\/2025\/05\/custom-fire-pits-300x200.jpg 300w, https:\/\/jblcorten.com\/wp-content\/uploads\/2025\/05\/custom-fire-pits-18x12.jpg 18w\" sizes=\"(max-width: 750px) 100vw, 750px\" \/><img decoding=\"async\" class=\"alignnone size-full wp-image-2976\" src=\"https:\/\/jblcorten.com\/wp-content\/uploads\/2025\/05\/corten-fire-pit-in-stock.jpg\" alt=\"foyer en corten en stock\" width=\"750\" height=\"562\" title=\"\" srcset=\"https:\/\/jblcorten.com\/wp-content\/uploads\/2025\/05\/corten-fire-pit-in-stock.jpg 750w, https:\/\/jblcorten.com\/wp-content\/uploads\/2025\/05\/corten-fire-pit-in-stock-600x450.jpg 600w, https:\/\/jblcorten.com\/wp-content\/uploads\/2025\/05\/corten-fire-pit-in-stock-300x225.jpg 300w, https:\/\/jblcorten.com\/wp-content\/uploads\/2025\/05\/corten-fire-pit-in-stock-16x12.jpg 16w\" sizes=\"(max-width: 750px) 100vw, 750px\" \/><\/p>","protected":false},"excerpt":{"rendered":"<p>Le foyer en acier patin\u00e9 est un outil de chauffage ext\u00e9rieur qui allie un style naturel \u00e0 des fonctions pratiques. L'ensemble du foyer se compose de deux parties principales : un pot \u00e0 bois de grande capacit\u00e9 et un support stable \u00e0 trois pieds.<\/p>","protected":false},"featured_media":2975,"template":"","meta":{"site-sidebar-layout":"default","site-content-layout":"","ast-site-content-layout":"default","site-content-style":"default","site-sidebar-style":"default","ast-global-header-display":"","ast-banner-title-visibility":"","ast-main-header-display":"","ast-hfb-above-header-display":"","ast-hfb-below-header-display":"","ast-hfb-mobile-header-display":"","site-post-title":"","ast-breadcrumbs-content":"","ast-featured-img":"","footer-sml-layout":"","ast-disable-related-posts":"","theme-transparent-header-meta":"default","adv-header-id-meta":"","stick-header-meta":"","header-above-stick-meta":"","header-main-stick-meta":"","header-below-stick-meta":"","astra-migrate-meta-layouts":"set","ast-page-background-enabled":"default","ast-page-background-meta":{"desktop":{"background-color":"var(--ast-global-color-4)","background-image":"","background-repeat":"repeat","background-position":"center center","background-size":"auto","background-attachment":"scroll","background-type":"","background-media":"","overlay-type":"","overlay-color":"","overlay-opacity":"","overlay-gradient":""},"tablet":{"background-color":"","background-image":"","background-repeat":"repeat","background-position":"center center","background-size":"auto","background-attachment":"scroll","background-type":"","background-media":"","overlay-type":"","overlay-color":"","overlay-opacity":"","overlay-gradient":""},"mobile":{"background-color":"","background-image":"","background-repeat":"repeat","background-position":"center center","background-size":"auto","background-attachment":"scroll","background-type":"","background-media":"","overlay-type":"","overlay-color":"","overlay-opacity":"","overlay-gradient":""}},"ast-content-background-meta":{"desktop":{"background-color":"var(--ast-global-color-5)","background-image":"","background-repeat":"repeat","background-position":"center center","background-size":"auto","background-attachment":"scroll","background-type":"","background-media":"","overlay-type":"","overlay-color":"","overlay-opacity":"","overlay-gradient":""},"tablet":{"background-color":"var(--ast-global-color-5)","background-image":"","background-repeat":"repeat","background-position":"center center","background-size":"auto","background-attachment":"scroll","background-type":"","background-media":"","overlay-type":"","overlay-color":"","overlay-opacity":"","overlay-gradient":""},"mobile":{"background-color":"var(--ast-global-color-5)","background-image":"","background-repeat":"repeat","background-position":"center center","background-size":"auto","background-attachment":"scroll","background-type":"","background-media":"","overlay-type":"","overlay-color":"","overlay-opacity":"","overlay-gradient":""}}},"product_brand":[],"product_cat":[29,45],"product_tag":[],"class_list":{"0":"post-2971","1":"product","2":"type-product","3":"status-publish","4":"has-post-thumbnail","6":"product_cat-fire-pit","7":"product_cat-wood-burning-fire-pit","8":"desktop-align-center","9":"tablet-align-left","10":"mobile-align-left","12":"first","13":"instock","14":"shipping-taxable","15":"product-type-simple"},"_links":{"self":[{"href":"https:\/\/jblcorten.com\/fr\/wp-json\/wp\/v2\/product\/2971","targetHints":{"allow":["GET"]}}],"collection":[{"href":"https:\/\/jblcorten.com\/fr\/wp-json\/wp\/v2\/product"}],"about":[{"href":"https:\/\/jblcorten.com\/fr\/wp-json\/wp\/v2\/types\/product"}],"wp:featuredmedia":[{"embeddable":true,"href":"https:\/\/jblcorten.com\/fr\/wp-json\/wp\/v2\/media\/2975"}],"wp:attachment":[{"href":"https:\/\/jblcorten.com\/fr\/wp-json\/wp\/v2\/media?parent=2971"}],"wp:term":[{"taxonomy":"product_brand","embeddable":true,"href":"https:\/\/jblcorten.com\/fr\/wp-json\/wp\/v2\/product_brand?post=2971"},{"taxonomy":"product_cat","embeddable":true,"href":"https:\/\/jblcorten.com\/fr\/wp-json\/wp\/v2\/product_cat?post=2971"},{"taxonomy":"product_tag","embeddable":true,"href":"https:\/\/jblcorten.com\/fr\/wp-json\/wp\/v2\/product_tag?post=2971"}],"curies":[{"name":"wp","href":"https:\/\/api.w.org\/{rel}","templated":true}]}}