{"id":2959,"date":"2025-05-07T14:44:54","date_gmt":"2025-05-07T06:44:54","guid":{"rendered":"https:\/\/jblcorten.com\/?post_type=product&#038;p=2959"},"modified":"2025-05-07T14:58:12","modified_gmt":"2025-05-07T06:58:12","slug":"foyer-portable-a-bois","status":"publish","type":"product","link":"https:\/\/jblcorten.com\/fr\/portable-wood-burning-fire-pit\/","title":{"rendered":"Foyer \u00e0 bois portable"},"content":{"rendered":"<h2 style=\"text-align: center;\"><span style=\"font-size: 14pt;\">Foyer \u00e0 bois portable<\/span><\/h2>\n<p>Le design de ce foyer portable \u00e0 bois est tr\u00e8s moderne, de style industriel, avec une touche r\u00e9tro. Sa structure est simple et stable. L'aspect g\u00e9n\u00e9ral est le suivant : il y a un foyer rond sur le dessus et une base semi-circulaire en dessous. Les deux sont solidement assembl\u00e9s, offrant un bon soutien et une bonne s\u00e9curit\u00e9 lors de l'utilisation. Cette forme sym\u00e9trique et lisse am\u00e9liore non seulement l'aspect g\u00e9n\u00e9ral, mais rend \u00e9galement le foyer plus harmonieux visuellement.<\/p>\n<p>Le mat\u00e9riau du foyer est en m\u00e9tal de haute qualit\u00e9, qui pr\u00e9sente une bonne r\u00e9sistance aux temp\u00e9ratures \u00e9lev\u00e9es et aux intemp\u00e9ries, et peut supporter des br\u00fblures r\u00e9p\u00e9t\u00e9es ainsi que le vent et le soleil ext\u00e9rieurs. Sa surface est trait\u00e9e avec un rev\u00eatement sp\u00e9cial, pr\u00e9sentant une couleur r\u00e9tro discr\u00e8te et calme, avec une l\u00e9g\u00e8re texture ancienne dans la couleur, comme si elle avait \u00e9t\u00e9 pr\u00e9cipit\u00e9e au fil des ans, ce qui lui conf\u00e8re un aspect tr\u00e8s artistique. Cette couleur r\u00e9tro rehausse non seulement la qualit\u00e9 globale du produit, mais forme \u00e9galement un contraste doux avec l'environnement naturel ext\u00e9rieur.<\/p>\n<p><img fetchpriority=\"high\" decoding=\"async\" class=\"alignnone size-full wp-image-2966\" src=\"https:\/\/jblcorten.com\/wp-content\/uploads\/2025\/05\/fire-pit.jpg\" alt=\"foyer ext\u00e9rieur \u00e0 vendre\" width=\"750\" height=\"600\" title=\"\" srcset=\"https:\/\/jblcorten.com\/wp-content\/uploads\/2025\/05\/fire-pit.jpg 750w, https:\/\/jblcorten.com\/wp-content\/uploads\/2025\/05\/fire-pit-600x480.jpg 600w, https:\/\/jblcorten.com\/wp-content\/uploads\/2025\/05\/fire-pit-300x240.jpg 300w, https:\/\/jblcorten.com\/wp-content\/uploads\/2025\/05\/fire-pit-15x12.jpg 15w\" sizes=\"(max-width: 750px) 100vw, 750px\" \/><\/p>\n<p><strong><span style=\"font-size: 14pt;\">Sp\u00e9cification du produit :<\/span><\/strong><\/p>\n<table style=\"border-collapse: collapse; width: 100%; height: 371px;\">\n<tbody>\n<tr style=\"height: 53px;\">\n<td style=\"width: 25.8414%; height: 53px; background-color: #f5f5f5;\">Nom du produit<\/td>\n<td style=\"width: 74.1586%; height: 53px; background-color: #f5f5f5;\">Foyer \u00e0 bois portable<\/td>\n<\/tr>\n<tr style=\"height: 53px;\">\n<td style=\"width: 25.8414%; height: 53px;\">Mat\u00e9riau<\/td>\n<td style=\"width: 74.1586%; height: 53px;\">Acier<\/td>\n<\/tr>\n<tr style=\"height: 53px;\">\n<td style=\"width: 25.8414%; height: 53px; background-color: #f5f5f5;\">Finition<\/td>\n<td style=\"width: 74.1586%; height: 53px; background-color: #f5f5f5;\">Finition cuivre<\/td>\n<\/tr>\n<tr style=\"height: 53px;\">\n<td style=\"width: 25.8414%; height: 53px;\">Couleur<\/td>\n<td style=\"width: 74.1586%; height: 53px;\">Marron<\/td>\n<\/tr>\n<tr style=\"height: 53px;\">\n<td style=\"width: 25.8414%; height: 53px; background-color: #f5f5f5;\">Carburant<\/td>\n<td style=\"width: 74.1586%; height: 53px; background-color: #f5f5f5;\">Bois<\/td>\n<\/tr>\n<tr style=\"height: 53px;\">\n<td style=\"width: 25.8414%; height: 53px;\">Forme<\/td>\n<td style=\"width: 74.1586%; height: 53px;\">Rond<\/td>\n<\/tr>\n<tr style=\"height: 53px;\">\n<td style=\"width: 25.8414%; height: 53px; background-color: #f5f5f5;\">Assembl\u00e9e<\/td>\n<td style=\"width: 74.1586%; height: 53px; background-color: #f5f5f5;\">Assemblage requis<\/td>\n<\/tr>\n<\/tbody>\n<\/table>\n<p><strong><span style=\"font-size: 14pt;\">Caract\u00e9ristiques du produit :<\/span><\/strong><\/p>\n<p><span style=\"font-size: 18pt;\">\u2022<\/span> Mat\u00e9riau robuste :<br \/>\nFabriqu\u00e9 en acier \u00e0 haute r\u00e9sistance, r\u00e9sistant aux temp\u00e9ratures \u00e9lev\u00e9es et \u00e0 la corrosion.<\/p>\n<p><span style=\"font-size: 18pt;\">\u2022<\/span> Apparence semi-circulaire du foyer ext\u00e9rieur :<br \/>\nLa forme simple et \u00e9l\u00e9gante du bassin semi-circulaire pr\u00e9sente une structure stable et une grande capacit\u00e9, ce qui permet d'accueillir davantage de bois et de prolonger la dur\u00e9e de combustion.<\/p>\n<p><span style=\"font-size: 18pt;\">\u2022<\/span> Poign\u00e9es \u00e0 double anneau :<br \/>\nLe foyer est \u00e9quip\u00e9 de poign\u00e9es m\u00e9talliques circulaires des deux c\u00f4t\u00e9s, qui sont pratiques pour le transporter \u00e0 la main et ajuster sa position une fois refroidi, et faciles \u00e0 d\u00e9placer et \u00e0 ranger lors d'activit\u00e9s en plein air.<\/p>\n<p><span style=\"font-size: 18pt;\">\u2022<\/span> Couvercle en maille noire :<br \/>\nLa grille de protection transparente noire emp\u00eache non seulement les projections d'\u00e9tincelles, mais facilite \u00e9galement l'observation de la dynamique des flammes et am\u00e9liore la s\u00e9curit\u00e9 d'utilisation.<\/p>\n<p><img decoding=\"async\" class=\"alignnone size-full wp-image-2967\" src=\"https:\/\/jblcorten.com\/wp-content\/uploads\/2025\/05\/outdoor-wood-burning-fire-pit.jpg\" alt=\"foyer ext\u00e9rieur \u00e0 bois\" width=\"750\" height=\"500\" title=\"\" srcset=\"https:\/\/jblcorten.com\/wp-content\/uploads\/2025\/05\/outdoor-wood-burning-fire-pit.jpg 750w, https:\/\/jblcorten.com\/wp-content\/uploads\/2025\/05\/outdoor-wood-burning-fire-pit-600x400.jpg 600w, https:\/\/jblcorten.com\/wp-content\/uploads\/2025\/05\/outdoor-wood-burning-fire-pit-300x200.jpg 300w, https:\/\/jblcorten.com\/wp-content\/uploads\/2025\/05\/outdoor-wood-burning-fire-pit-18x12.jpg 18w\" sizes=\"(max-width: 750px) 100vw, 750px\" \/><\/p>\n<p><img decoding=\"async\" class=\"alignnone size-full wp-image-2968\" src=\"https:\/\/jblcorten.com\/wp-content\/uploads\/2025\/05\/portable-outdoor-wood-fire-pit.jpg\" alt=\"foyer ext\u00e9rieur portable \u00e0 bois\" width=\"750\" height=\"562\" title=\"\" srcset=\"https:\/\/jblcorten.com\/wp-content\/uploads\/2025\/05\/portable-outdoor-wood-fire-pit.jpg 750w, https:\/\/jblcorten.com\/wp-content\/uploads\/2025\/05\/portable-outdoor-wood-fire-pit-600x450.jpg 600w, https:\/\/jblcorten.com\/wp-content\/uploads\/2025\/05\/portable-outdoor-wood-fire-pit-300x225.jpg 300w, https:\/\/jblcorten.com\/wp-content\/uploads\/2025\/05\/portable-outdoor-wood-fire-pit-16x12.jpg 16w\" sizes=\"(max-width: 750px) 100vw, 750px\" \/><\/p>\n<p><img loading=\"lazy\" decoding=\"async\" class=\"alignnone size-full wp-image-2969\" src=\"https:\/\/jblcorten.com\/wp-content\/uploads\/2025\/05\/portable-wood-burning-fire-pit-for-camping.jpg\" alt=\"foyer portable \u00e0 bois pour le camping\" width=\"750\" height=\"500\" title=\"\" srcset=\"https:\/\/jblcorten.com\/wp-content\/uploads\/2025\/05\/portable-wood-burning-fire-pit-for-camping.jpg 750w, https:\/\/jblcorten.com\/wp-content\/uploads\/2025\/05\/portable-wood-burning-fire-pit-for-camping-600x400.jpg 600w, https:\/\/jblcorten.com\/wp-content\/uploads\/2025\/05\/portable-wood-burning-fire-pit-for-camping-300x200.jpg 300w, https:\/\/jblcorten.com\/wp-content\/uploads\/2025\/05\/portable-wood-burning-fire-pit-for-camping-18x12.jpg 18w\" sizes=\"(max-width: 750px) 100vw, 750px\" \/><\/p>\n<p><strong><span style=\"font-size: 14pt;\">FAQ :<\/span><\/strong><\/p>\n<p>1. \u00cates-vous un fabricant ?<br \/>\nOui, nous avons notre propre usine.<\/p>\n<p>2. Quels accessoires sont fournis avec ce foyer ext\u00e9rieur ?<br \/>\nComme le montre l'image, ce foyer comprend : un foyer, un couvercle, un tisonnier.<\/p>\n<p>3. Ce foyer est-il personnalisable ?<br \/>\nBien s\u00fbr, le foyer accepte les OEM et les ODM.<\/p>","protected":false},"excerpt":{"rendered":"<p>Deux poign\u00e9es rondes sont sp\u00e9cialement con\u00e7ues de chaque c\u00f4t\u00e9 du bord du foyer portable \u00e0 bois, ce qui ajoute non seulement des \u00e9l\u00e9ments d\u00e9coratifs \u00e0 la forme, mais am\u00e9liore \u00e9galement consid\u00e9rablement son aspect pratique.<\/p>\n<p>Nous pouvons d\u00e9placer ou repositionner le foyer plus facilement sans avoir besoin de trop d'outils auxiliaires, ce qui est pratique pour l'entretien et l'utilisation quotidiens.<\/p>","protected":false},"featured_media":2960,"template":"","meta":{"site-sidebar-layout":"default","site-content-layout":"","ast-site-content-layout":"default","site-content-style":"default","site-sidebar-style":"default","ast-global-header-display":"","ast-banner-title-visibility":"","ast-main-header-display":"","ast-hfb-above-header-display":"","ast-hfb-below-header-display":"","ast-hfb-mobile-header-display":"","site-post-title":"","ast-breadcrumbs-content":"","ast-featured-img":"","footer-sml-layout":"","ast-disable-related-posts":"","theme-transparent-header-meta":"default","adv-header-id-meta":"","stick-header-meta":"","header-above-stick-meta":"","header-main-stick-meta":"","header-below-stick-meta":"","astra-migrate-meta-layouts":"set","ast-page-background-enabled":"default","ast-page-background-meta":{"desktop":{"background-color":"var(--ast-global-color-4)","background-image":"","background-repeat":"repeat","background-position":"center center","background-size":"auto","background-attachment":"scroll","background-type":"","background-media":"","overlay-type":"","overlay-color":"","overlay-opacity":"","overlay-gradient":""},"tablet":{"background-color":"","background-image":"","background-repeat":"repeat","background-position":"center center","background-size":"auto","background-attachment":"scroll","background-type":"","background-media":"","overlay-type":"","overlay-color":"","overlay-opacity":"","overlay-gradient":""},"mobile":{"background-color":"","background-image":"","background-repeat":"repeat","background-position":"center center","background-size":"auto","background-attachment":"scroll","background-type":"","background-media":"","overlay-type":"","overlay-color":"","overlay-opacity":"","overlay-gradient":""}},"ast-content-background-meta":{"desktop":{"background-color":"var(--ast-global-color-5)","background-image":"","background-repeat":"repeat","background-position":"center center","background-size":"auto","background-attachment":"scroll","background-type":"","background-media":"","overlay-type":"","overlay-color":"","overlay-opacity":"","overlay-gradient":""},"tablet":{"background-color":"var(--ast-global-color-5)","background-image":"","background-repeat":"repeat","background-position":"center center","background-size":"auto","background-attachment":"scroll","background-type":"","background-media":"","overlay-type":"","overlay-color":"","overlay-opacity":"","overlay-gradient":""},"mobile":{"background-color":"var(--ast-global-color-5)","background-image":"","background-repeat":"repeat","background-position":"center center","background-size":"auto","background-attachment":"scroll","background-type":"","background-media":"","overlay-type":"","overlay-color":"","overlay-opacity":"","overlay-gradient":""}}},"product_brand":[],"product_cat":[29,45],"product_tag":[],"class_list":{"0":"post-2959","1":"product","2":"type-product","3":"status-publish","4":"has-post-thumbnail","6":"product_cat-fire-pit","7":"product_cat-wood-burning-fire-pit","8":"desktop-align-center","9":"tablet-align-left","10":"mobile-align-left","12":"first","13":"instock","14":"shipping-taxable","15":"product-type-simple"},"_links":{"self":[{"href":"https:\/\/jblcorten.com\/fr\/wp-json\/wp\/v2\/product\/2959","targetHints":{"allow":["GET"]}}],"collection":[{"href":"https:\/\/jblcorten.com\/fr\/wp-json\/wp\/v2\/product"}],"about":[{"href":"https:\/\/jblcorten.com\/fr\/wp-json\/wp\/v2\/types\/product"}],"wp:featuredmedia":[{"embeddable":true,"href":"https:\/\/jblcorten.com\/fr\/wp-json\/wp\/v2\/media\/2960"}],"wp:attachment":[{"href":"https:\/\/jblcorten.com\/fr\/wp-json\/wp\/v2\/media?parent=2959"}],"wp:term":[{"taxonomy":"product_brand","embeddable":true,"href":"https:\/\/jblcorten.com\/fr\/wp-json\/wp\/v2\/product_brand?post=2959"},{"taxonomy":"product_cat","embeddable":true,"href":"https:\/\/jblcorten.com\/fr\/wp-json\/wp\/v2\/product_cat?post=2959"},{"taxonomy":"product_tag","embeddable":true,"href":"https:\/\/jblcorten.com\/fr\/wp-json\/wp\/v2\/product_tag?post=2959"}],"curies":[{"name":"wp","href":"https:\/\/api.w.org\/{rel}","templated":true}]}}