{"id":2935,"date":"2025-04-30T16:52:36","date_gmt":"2025-04-30T08:52:36","guid":{"rendered":"https:\/\/jblcorten.com\/?post_type=product&#038;p=2935"},"modified":"2025-04-30T16:55:55","modified_gmt":"2025-04-30T08:55:55","slug":"jeux-deau-modernes-pour-lexterieur","status":"publish","type":"product","link":"https:\/\/jblcorten.com\/fr\/modern-outdoor-water-features\/","title":{"rendered":"Pi\u00e8ces d'eau modernes pour l'ext\u00e9rieur"},"content":{"rendered":"<h2 style=\"text-align: center;\"><span style=\"font-size: 14pt;\">Pi\u00e8ces d'eau modernes pour l'ext\u00e9rieur<\/span><\/h2>\n<p>La forme de cette pi\u00e8ce d'eau ext\u00e9rieure moderne est simple mais pleine de sens du design. La structure globale est compos\u00e9e d'une pi\u00e8ce d'eau circulaire en haut et d'un bassin carr\u00e9 en bas. La pi\u00e8ce d'eau circulaire est situ\u00e9e au-dessus, comme suspendue dans l'espace, et l'eau s'\u00e9coule lentement du bord du cercle, comme une bruine qui tombe, silencieuse et douce. La piscine carr\u00e9e situ\u00e9e en contrebas pr\u00e9sente un contraste g\u00e9om\u00e9trique d'une grande beaut\u00e9, ce qui rend la structure globale ing\u00e9nieusement \u00e9quilibr\u00e9e entre le cercle et le carr\u00e9. Le cercle symbolise le ciel et le carr\u00e9 repr\u00e9sente la terre. Cette forme est non seulement conforme \u00e0 la conception artistique de la philosophie orientale, mais elle r\u00e9pond \u00e9galement \u00e0 la recherche de beaut\u00e9 formelle de l'homme moderne.<\/p>\n<p>Il convient de mentionner que la piscine carr\u00e9e situ\u00e9e en dessous n'est pas seulement un espace de transport pour le plan d'eau, mais qu'elle offre \u00e9galement une forte possibilit\u00e9 de personnalisation et un sentiment de participation. Les utilisateurs peuvent poser diff\u00e9rents types de pierres dans la piscine selon leurs pr\u00e9f\u00e9rences personnelles, comme des galets, des roches volcaniques noires, des pierres de verre color\u00e9es, etc., pour d\u00e9corer le fond et les bords de la piscine, rendant ainsi la pi\u00e8ce d'eau plus naturelle ou d'une beaut\u00e9 artistique.<\/p>\n<p>Afin d'am\u00e9liorer l'effet visuel et la cr\u00e9ation d'une atmosph\u00e8re nocturne, la pi\u00e8ce d'eau ext\u00e9rieure moderne r\u00e9serve \u00e9galement la position d'installation du syst\u00e8me d'\u00e9clairage. En installant des lumi\u00e8res LED color\u00e9es ou des lumi\u00e8res chaudes dans la piscine, il est possible non seulement d'\u00e9clairer le chemin dynamique de l'\u00e9coulement de l'eau, mais aussi de cr\u00e9er une atmosph\u00e8re de r\u00eave et d'espace calme dans la nuit. La lumi\u00e8re et la r\u00e9flexion de la surface de l'eau se fondent pour former une sc\u00e8ne po\u00e9tique et pittoresque, qui renforce consid\u00e9rablement la valeur ornementale et artistique de l'ensemble du paysage.<\/p>\n<p><strong><span style=\"font-size: 14pt;\">Sp\u00e9cification du produit :<\/span><\/strong><\/p>\n<table style=\"border-collapse: collapse; width: 100%; height: 265px;\">\n<tbody>\n<tr style=\"height: 53px;\">\n<td style=\"width: 21.2042%; background-color: #f5f5f5; height: 53px;\">Nom du produit<\/td>\n<td style=\"width: 78.7958%; background-color: #f5f5f5; height: 53px;\">Pi\u00e8ces d'eau modernes pour l'ext\u00e9rieur<\/td>\n<\/tr>\n<tr style=\"height: 53px;\">\n<td style=\"width: 21.2042%; height: 53px;\">Mat\u00e9riau<\/td>\n<td style=\"width: 78.7958%; height: 53px;\">Acier Corten\/ acier r\u00e9sistant aux intemp\u00e9ries<\/td>\n<\/tr>\n<tr style=\"height: 53px;\">\n<td style=\"width: 21.2042%; height: 53px; background-color: #f5f5f5;\">Couleur<\/td>\n<td style=\"width: 78.7958%; height: 53px; background-color: #f5f5f5;\">Rusty<\/td>\n<\/tr>\n<tr style=\"height: 53px;\">\n<td style=\"width: 21.2042%; height: 53px;\">Taille<\/td>\n<td style=\"width: 78.7958%; height: 53px;\">1500(H)*1500(W)*450(D)<\/td>\n<\/tr>\n<tr style=\"height: 53px;\">\n<td style=\"width: 21.2042%; height: 53px; background-color: #f5f5f5;\">Effet de lumi\u00e8re<\/td>\n<td style=\"width: 78.7958%; height: 53px; background-color: #f5f5f5;\">Oui<\/td>\n<\/tr>\n<\/tbody>\n<\/table>\n<p><strong><span style=\"font-size: 14pt;\">Caract\u00e9ristiques principales :<\/span><\/strong><\/p>\n<p>1. Mat\u00e9riau : Acier corten\/acier r\u00e9sistant aux intemp\u00e9ries<\/p>\n<ul>\n<li>Tr\u00e8s r\u00e9sistant \u00e0 la corrosion, aucun entretien n'est n\u00e9cessaire ;<\/li>\n<li>Une couche antirouille se forme naturellement en surface et la couleur \u00e9volue avec le temps ;<\/li>\n<\/ul>\n<p>2. Facile \u00e0 installer et \u00e0 entretenir<\/p>\n<ul>\n<li>Conception int\u00e9gr\u00e9e, facile \u00e0 transporter et montage rapide sur site ;<\/li>\n<li>Interfaces r\u00e9serv\u00e9es \u00e0 la voie d'eau et au syst\u00e8me de circuit, construction pratique.<\/li>\n<\/ul>\n<p>3. Taille et couleur personnalisables<\/p>\n<ul>\n<li>Personnaliser la hauteur, le diam\u00e8tre et la profondeur du bassin en fonction des exigences du projet ;<\/li>\n<\/ul>\n<p><img fetchpriority=\"high\" decoding=\"async\" class=\"alignnone size-full wp-image-2944\" src=\"https:\/\/jblcorten.com\/wp-content\/uploads\/2025\/04\/garden-fountains-for-sale.png\" alt=\"\" width=\"750\" height=\"427\" title=\"\" srcset=\"https:\/\/jblcorten.com\/wp-content\/uploads\/2025\/04\/garden-fountains-for-sale.png 750w, https:\/\/jblcorten.com\/wp-content\/uploads\/2025\/04\/garden-fountains-for-sale-600x342.png 600w, https:\/\/jblcorten.com\/wp-content\/uploads\/2025\/04\/garden-fountains-for-sale-300x171.png 300w, https:\/\/jblcorten.com\/wp-content\/uploads\/2025\/04\/garden-fountains-for-sale-18x10.png 18w\" sizes=\"(max-width: 750px) 100vw, 750px\" \/><\/p>\n<p><img decoding=\"async\" class=\"alignnone size-full wp-image-2945\" src=\"https:\/\/jblcorten.com\/wp-content\/uploads\/2025\/04\/modern-outdoor-water-features.png\" alt=\"\" width=\"750\" height=\"424\" title=\"\" srcset=\"https:\/\/jblcorten.com\/wp-content\/uploads\/2025\/04\/modern-outdoor-water-features.png 750w, https:\/\/jblcorten.com\/wp-content\/uploads\/2025\/04\/modern-outdoor-water-features-600x339.png 600w, https:\/\/jblcorten.com\/wp-content\/uploads\/2025\/04\/modern-outdoor-water-features-300x170.png 300w, https:\/\/jblcorten.com\/wp-content\/uploads\/2025\/04\/modern-outdoor-water-features-18x10.png 18w\" sizes=\"(max-width: 750px) 100vw, 750px\" \/><\/p>\n<p><strong><span style=\"font-size: 14pt;\">A propos de nous :<\/span><\/strong><\/p>\n<p>HNJBL a \u00e9t\u00e9 cr\u00e9\u00e9e en 2008. Notre soci\u00e9t\u00e9 est un fabricant et fournisseur de produits de jardin en acier corten.<\/p>\n<p>Nos produits comprennent des foyers, des grilles de barbecue, des chemin\u00e9es, des \u00e9crans d\u00e9coratifs, des pots de fleurs en m\u00e9tal et des jeux d'eau en m\u00e9tal, etc.<\/p>\n<p><img decoding=\"async\" class=\"alignnone size-full wp-image-2947\" src=\"https:\/\/jblcorten.com\/wp-content\/uploads\/2025\/04\/water-feature-supplier.jpg\" alt=\"fournisseur de jeux d&#039;eau\" width=\"750\" height=\"562\" title=\"\" srcset=\"https:\/\/jblcorten.com\/wp-content\/uploads\/2025\/04\/water-feature-supplier.jpg 750w, https:\/\/jblcorten.com\/wp-content\/uploads\/2025\/04\/water-feature-supplier-600x450.jpg 600w, https:\/\/jblcorten.com\/wp-content\/uploads\/2025\/04\/water-feature-supplier-300x225.jpg 300w, https:\/\/jblcorten.com\/wp-content\/uploads\/2025\/04\/water-feature-supplier-16x12.jpg 16w\" sizes=\"(max-width: 750px) 100vw, 750px\" \/><\/p>\n<p><img loading=\"lazy\" decoding=\"async\" class=\"alignnone wp-image-2704\" src=\"https:\/\/jblcorten.com\/wp-content\/uploads\/2025\/04\/patio-privacy-screen.jpg\" alt=\"\" width=\"750\" height=\"810\" title=\"\" srcset=\"https:\/\/jblcorten.com\/wp-content\/uploads\/2025\/04\/patio-privacy-screen.jpg 735w, https:\/\/jblcorten.com\/wp-content\/uploads\/2025\/04\/patio-privacy-screen-600x648.jpg 600w, https:\/\/jblcorten.com\/wp-content\/uploads\/2025\/04\/patio-privacy-screen-278x300.jpg 278w, https:\/\/jblcorten.com\/wp-content\/uploads\/2025\/04\/patio-privacy-screen-11x12.jpg 11w\" sizes=\"(max-width: 750px) 100vw, 750px\" \/><\/p>\n<p style=\"padding-left: 200px;\"><span style=\"color: #99cc00;\"><strong><span style=\"font-size: 14pt;\">\u00a0 \u00a0<span style=\"color: #11bf4e;\">\u00a0 \u00a0 \u00a0\u00a0<a href=\"\/fr\/nous-contacter\/\"> Bienvenue sur notre site !<\/a><\/span><\/span><\/strong><\/span><\/p>","protected":false},"excerpt":{"rendered":"<p>Les jeux d'eau ext\u00e9rieurs modernes d\u00e9montrent pleinement le concept d'int\u00e9gration du design moderne et des \u00e9l\u00e9ments naturels avec leur forme g\u00e9om\u00e9trique extr\u00eamement belle, la texture naturelle unique de l'acier r\u00e9sistant aux intemp\u00e9ries, la d\u00e9coration en pierre librement assortie et le syst\u00e8me d'\u00e9clairage flexible.<\/p>","protected":false},"featured_media":2942,"template":"","meta":{"site-sidebar-layout":"default","site-content-layout":"","ast-site-content-layout":"default","site-content-style":"default","site-sidebar-style":"default","ast-global-header-display":"","ast-banner-title-visibility":"","ast-main-header-display":"","ast-hfb-above-header-display":"","ast-hfb-below-header-display":"","ast-hfb-mobile-header-display":"","site-post-title":"","ast-breadcrumbs-content":"","ast-featured-img":"","footer-sml-layout":"","ast-disable-related-posts":"","theme-transparent-header-meta":"default","adv-header-id-meta":"","stick-header-meta":"","header-above-stick-meta":"","header-main-stick-meta":"","header-below-stick-meta":"","astra-migrate-meta-layouts":"set","ast-page-background-enabled":"default","ast-page-background-meta":{"desktop":{"background-color":"var(--ast-global-color-4)","background-image":"","background-repeat":"repeat","background-position":"center center","background-size":"auto","background-attachment":"scroll","background-type":"","background-media":"","overlay-type":"","overlay-color":"","overlay-opacity":"","overlay-gradient":""},"tablet":{"background-color":"","background-image":"","background-repeat":"repeat","background-position":"center center","background-size":"auto","background-attachment":"scroll","background-type":"","background-media":"","overlay-type":"","overlay-color":"","overlay-opacity":"","overlay-gradient":""},"mobile":{"background-color":"","background-image":"","background-repeat":"repeat","background-position":"center center","background-size":"auto","background-attachment":"scroll","background-type":"","background-media":"","overlay-type":"","overlay-color":"","overlay-opacity":"","overlay-gradient":""}},"ast-content-background-meta":{"desktop":{"background-color":"var(--ast-global-color-5)","background-image":"","background-repeat":"repeat","background-position":"center center","background-size":"auto","background-attachment":"scroll","background-type":"","background-media":"","overlay-type":"","overlay-color":"","overlay-opacity":"","overlay-gradient":""},"tablet":{"background-color":"var(--ast-global-color-5)","background-image":"","background-repeat":"repeat","background-position":"center center","background-size":"auto","background-attachment":"scroll","background-type":"","background-media":"","overlay-type":"","overlay-color":"","overlay-opacity":"","overlay-gradient":""},"mobile":{"background-color":"var(--ast-global-color-5)","background-image":"","background-repeat":"repeat","background-position":"center center","background-size":"auto","background-attachment":"scroll","background-type":"","background-media":"","overlay-type":"","overlay-color":"","overlay-opacity":"","overlay-gradient":""}}},"product_brand":[],"product_cat":[40],"product_tag":[],"class_list":{"0":"post-2935","1":"product","2":"type-product","3":"status-publish","4":"has-post-thumbnail","6":"product_cat-water-feature","7":"desktop-align-center","8":"tablet-align-left","9":"mobile-align-left","11":"first","12":"instock","13":"shipping-taxable","14":"product-type-simple"},"_links":{"self":[{"href":"https:\/\/jblcorten.com\/fr\/wp-json\/wp\/v2\/product\/2935","targetHints":{"allow":["GET"]}}],"collection":[{"href":"https:\/\/jblcorten.com\/fr\/wp-json\/wp\/v2\/product"}],"about":[{"href":"https:\/\/jblcorten.com\/fr\/wp-json\/wp\/v2\/types\/product"}],"wp:featuredmedia":[{"embeddable":true,"href":"https:\/\/jblcorten.com\/fr\/wp-json\/wp\/v2\/media\/2942"}],"wp:attachment":[{"href":"https:\/\/jblcorten.com\/fr\/wp-json\/wp\/v2\/media?parent=2935"}],"wp:term":[{"taxonomy":"product_brand","embeddable":true,"href":"https:\/\/jblcorten.com\/fr\/wp-json\/wp\/v2\/product_brand?post=2935"},{"taxonomy":"product_cat","embeddable":true,"href":"https:\/\/jblcorten.com\/fr\/wp-json\/wp\/v2\/product_cat?post=2935"},{"taxonomy":"product_tag","embeddable":true,"href":"https:\/\/jblcorten.com\/fr\/wp-json\/wp\/v2\/product_tag?post=2935"}],"curies":[{"name":"wp","href":"https:\/\/api.w.org\/{rel}","templated":true}]}}