{"id":2913,"date":"2025-04-25T16:03:52","date_gmt":"2025-04-25T08:03:52","guid":{"rendered":"https:\/\/jblcorten.com\/?post_type=product&#038;p=2913"},"modified":"2025-04-25T16:05:02","modified_gmt":"2025-04-25T08:05:02","slug":"foyer-a-sphere-metallique","status":"publish","type":"product","link":"https:\/\/jblcorten.com\/fr\/metal-sphere-fire-pit\/","title":{"rendered":"Foyer en forme de sph\u00e8re en m\u00e9tal"},"content":{"rendered":"<h2 style=\"text-align: center;\"><span style=\"font-size: 14pt;\">Foyer en forme de sph\u00e8re en m\u00e9tal<\/span><\/h2>\n<p>L'apparence du foyer sph\u00e9rique en m\u00e9tal adopte un design sph\u00e9rique unique. L'ensemble est fabriqu\u00e9 en acier r\u00e9sistant aux intemp\u00e9ries. La surface pr\u00e9sente une texture rouge rouille apr\u00e8s une oxydation naturelle. Avec le temps, elle formera progressivement une couche protectrice stable et magnifique. Non seulement elle ne n\u00e9cessite pas d'entretien suppl\u00e9mentaire, mais elle peut \u00e9galement pr\u00e9senter une texture r\u00e9tro unique au fil des ans. La surface du foyer sph\u00e9rique est grav\u00e9e de motifs creux complexes et imaginatifs. Ces motifs sont peints \u00e0 la main par des artisans exp\u00e9riment\u00e9s, puis grav\u00e9s un par un gr\u00e2ce \u00e0 une technologie de d\u00e9coupe laser de haute pr\u00e9cision. Chaque d\u00e9tail est plein d'ing\u00e9niosit\u00e9, comme s'il s'agissait d'une sculpture d'art en plein air.<\/p>\n<p><img fetchpriority=\"high\" decoding=\"async\" class=\"alignnone wp-image-2923\" src=\"https:\/\/jblcorten.com\/wp-content\/uploads\/2025\/04\/laser-cutting-fire-pit.jpg\" alt=\"Foyer \u00e0 d\u00e9coupe laser\" width=\"750\" height=\"375\" title=\"\" srcset=\"https:\/\/jblcorten.com\/wp-content\/uploads\/2025\/04\/laser-cutting-fire-pit.jpg 1000w, https:\/\/jblcorten.com\/wp-content\/uploads\/2025\/04\/laser-cutting-fire-pit-600x300.jpg 600w, https:\/\/jblcorten.com\/wp-content\/uploads\/2025\/04\/laser-cutting-fire-pit-300x150.jpg 300w, https:\/\/jblcorten.com\/wp-content\/uploads\/2025\/04\/laser-cutting-fire-pit-768x384.jpg 768w, https:\/\/jblcorten.com\/wp-content\/uploads\/2025\/04\/laser-cutting-fire-pit-18x9.jpg 18w\" sizes=\"(max-width: 750px) 100vw, 750px\" \/><\/p>\n<p><strong><span style=\"font-size: 14pt;\">Sp\u00e9cification du produit :<\/span><\/strong><\/p>\n<table>\n<tbody>\n<tr>\n<td style=\"background-color: #f5f5f5;\">Nom du produit<\/td>\n<td style=\"background-color: #f5f5f5;\">Foyer en forme de sph\u00e8re en m\u00e9tal<\/td>\n<\/tr>\n<tr>\n<td>Mat\u00e9riau<\/td>\n<td>Acier Corten\/acier r\u00e9sistant aux intemp\u00e9ries<\/td>\n<\/tr>\n<tr>\n<td style=\"background-color: #f5f5f5;\">Finition<\/td>\n<td style=\"background-color: #f5f5f5;\">Rouill\u00e9, peint par poudrage, naturel<\/td>\n<\/tr>\n<tr>\n<td>Taille<\/td>\n<td>600*600,800*800,900*900,1000*1000<\/td>\n<\/tr>\n<tr>\n<td style=\"background-color: #f5f5f5;\">\u00c9paisseur<\/td>\n<td style=\"background-color: #f5f5f5;\">3mm<\/td>\n<\/tr>\n<tr>\n<td>Paquet<\/td>\n<td>Int\u00e9rieur : Papier mousse anti-usure Ext\u00e9rieur : Bo\u00eete en contreplaqu\u00e9<\/td>\n<\/tr>\n<tr>\n<td style=\"background-color: #f5f5f5;\">OEM ET ODM<\/td>\n<td style=\"background-color: #f5f5f5;\">Un service personnalis\u00e9 est disponible.<\/td>\n<\/tr>\n<\/tbody>\n<\/table>\n<p><strong><span style=\"font-size: 14pt;\">D\u00e9tails du produit :<\/span><\/strong><\/p>\n<p>Pendant la journ\u00e9e, ce foyer sph\u00e9rique en m\u00e9tal se tient tranquillement dans un coin du jardin, de la cour ou de la terrasse, et devient le centre visuel de l'espace gr\u00e2ce \u00e0 son aspect sculptural. Sa structure sph\u00e9rique et ses motifs exquis projettent des ombres et des lumi\u00e8res tachet\u00e9es sous la lumi\u00e8re du soleil, et il est beau sous tous les angles. Il ne s'agit pas d'un simple foyer, mais plut\u00f4t d'une sculpture, qui peut ajouter une atmosph\u00e8re artistique unique et \u00e9l\u00e9gante \u00e0 l'espace, rendant le paysage de la cour plus vari\u00e9 et artistique.<\/p>\n<p><img decoding=\"async\" class=\"alignnone wp-image-2921 size-full\" src=\"https:\/\/jblcorten.com\/wp-content\/uploads\/2025\/04\/fire-pit-spheres-for-sale-1.jpg\" alt=\"foyer \u00e0 sph\u00e8re m\u00e9tallique \" width=\"750\" height=\"500\" title=\"\" srcset=\"https:\/\/jblcorten.com\/wp-content\/uploads\/2025\/04\/fire-pit-spheres-for-sale-1.jpg 750w, https:\/\/jblcorten.com\/wp-content\/uploads\/2025\/04\/fire-pit-spheres-for-sale-1-600x400.jpg 600w, https:\/\/jblcorten.com\/wp-content\/uploads\/2025\/04\/fire-pit-spheres-for-sale-1-300x200.jpg 300w, https:\/\/jblcorten.com\/wp-content\/uploads\/2025\/04\/fire-pit-spheres-for-sale-1-18x12.jpg 18w\" sizes=\"(max-width: 750px) 100vw, 750px\" \/><\/p>\n<p>La nuit, lorsque le bois est allum\u00e9 \u00e0 l'int\u00e9rieur du foyer, les flammes ardentes sautent lentement \u00e0 travers le motif creux sculpt\u00e9, et la chaude lumi\u00e8re du feu est projet\u00e9e tout autour, formant un tableau dynamique d'ombres et de lumi\u00e8res. La forme et la r\u00e9partition du motif sont astucieusement con\u00e7ues pour transformer le rythme de la flamme interne en une projection artistique de la lumi\u00e8re du feu \u00e0 l'ext\u00e9rieur, ce qui non seulement ajoute de la chaleur et du romantisme aux rassemblements en plein air, mais am\u00e9liore \u00e9galement consid\u00e9rablement la beaut\u00e9 visuelle de l'environnement nocturne. Cette double exp\u00e9rience d'\u00eatre comme une sculpture le jour et comme une lumi\u00e8re la nuit fait du foyer fireball un centre d'int\u00e9r\u00eat d\u00e9coratif pour de nombreux espaces ext\u00e9rieurs.<\/p>\n<p><img decoding=\"async\" class=\"alignnone wp-image-2922\" src=\"https:\/\/jblcorten.com\/wp-content\/uploads\/2025\/04\/fire-pit.jpg\" alt=\"foyer\" width=\"750\" height=\"507\" title=\"\" srcset=\"https:\/\/jblcorten.com\/wp-content\/uploads\/2025\/04\/fire-pit.jpg 1000w, https:\/\/jblcorten.com\/wp-content\/uploads\/2025\/04\/fire-pit-600x406.jpg 600w, https:\/\/jblcorten.com\/wp-content\/uploads\/2025\/04\/fire-pit-300x203.jpg 300w, https:\/\/jblcorten.com\/wp-content\/uploads\/2025\/04\/fire-pit-768x519.jpg 768w, https:\/\/jblcorten.com\/wp-content\/uploads\/2025\/04\/fire-pit-18x12.jpg 18w\" sizes=\"(max-width: 750px) 100vw, 750px\" \/><\/p>\n<p>Fabriqu\u00e9 en acier \u00e0 haute r\u00e9sistance aux intemp\u00e9ries, le foyer sph\u00e9rique en m\u00e9tal pr\u00e9sente une excellente r\u00e9sistance \u00e0 la corrosion et aux temp\u00e9ratures \u00e9lev\u00e9es. Il peut r\u00e9sister au vent et \u00e0 la pluie \u00e0 l'ext\u00e9rieur pendant une longue p\u00e9riode sans rouiller ni se d\u00e9former, et peut \u00eatre utilis\u00e9 en toute saison. La structure sph\u00e9rique am\u00e9liore efficacement la portance et la stabilit\u00e9 globales, et peut former une convection naturelle pendant le processus de combustion, am\u00e9liorer l'efficacit\u00e9 de la combustion et faire en sorte que le bois br\u00fble plus compl\u00e8tement et plus longtemps. Les utilisateurs peuvent br\u00fbler une vari\u00e9t\u00e9 de bois en fonction de leurs besoins, qui peuvent \u00eatre utilis\u00e9s pour le chauffage ou comme source de feu pour cr\u00e9er une atmosph\u00e8re.<\/p>\n<p><img loading=\"lazy\" decoding=\"async\" class=\"alignnone size-full wp-image-2924\" src=\"https:\/\/jblcorten.com\/wp-content\/uploads\/2025\/04\/fire-ball-fire-pit.jpg\" alt=\"boule de feu fosse de feu\" width=\"750\" height=\"500\" title=\"\" srcset=\"https:\/\/jblcorten.com\/wp-content\/uploads\/2025\/04\/fire-ball-fire-pit.jpg 750w, https:\/\/jblcorten.com\/wp-content\/uploads\/2025\/04\/fire-ball-fire-pit-600x400.jpg 600w, https:\/\/jblcorten.com\/wp-content\/uploads\/2025\/04\/fire-ball-fire-pit-300x200.jpg 300w, https:\/\/jblcorten.com\/wp-content\/uploads\/2025\/04\/fire-ball-fire-pit-18x12.jpg 18w\" sizes=\"(max-width: 750px) 100vw, 750px\" \/><\/p>\n<p><img loading=\"lazy\" decoding=\"async\" class=\"alignnone size-full wp-image-2925\" src=\"https:\/\/jblcorten.com\/wp-content\/uploads\/2025\/04\/spherical-fire-pit.jpg\" alt=\"foyer sph\u00e9rique\" width=\"750\" height=\"500\" title=\"\" srcset=\"https:\/\/jblcorten.com\/wp-content\/uploads\/2025\/04\/spherical-fire-pit.jpg 750w, https:\/\/jblcorten.com\/wp-content\/uploads\/2025\/04\/spherical-fire-pit-600x400.jpg 600w, https:\/\/jblcorten.com\/wp-content\/uploads\/2025\/04\/spherical-fire-pit-300x200.jpg 300w, https:\/\/jblcorten.com\/wp-content\/uploads\/2025\/04\/spherical-fire-pit-18x12.jpg 18w\" sizes=\"(max-width: 750px) 100vw, 750px\" \/><\/p>","protected":false},"excerpt":{"rendered":"<p>La structure sph\u00e9rique du foyer \u00e0 sph\u00e8re m\u00e9tallique am\u00e9liore efficacement la capacit\u00e9 de charge et la stabilit\u00e9 de l'ensemble. La convection naturelle peut se former pendant le processus de combustion, ce qui am\u00e9liore l'efficacit\u00e9 de la combustion et permet au bois de chauffage de br\u00fbler plus compl\u00e8tement et de durer plus longtemps.<\/p>\n<p>Nous pouvons br\u00fbler une vari\u00e9t\u00e9 de bois en fonction de diff\u00e9rents besoins, qui peuvent \u00eatre utilis\u00e9s pour le chauffage ou comme source de feu pour cr\u00e9er une atmosph\u00e8re.<\/p>","protected":false},"featured_media":2914,"template":"","meta":{"site-sidebar-layout":"default","site-content-layout":"","ast-site-content-layout":"default","site-content-style":"default","site-sidebar-style":"default","ast-global-header-display":"","ast-banner-title-visibility":"","ast-main-header-display":"","ast-hfb-above-header-display":"","ast-hfb-below-header-display":"","ast-hfb-mobile-header-display":"","site-post-title":"","ast-breadcrumbs-content":"","ast-featured-img":"","footer-sml-layout":"","ast-disable-related-posts":"","theme-transparent-header-meta":"default","adv-header-id-meta":"","stick-header-meta":"","header-above-stick-meta":"","header-main-stick-meta":"","header-below-stick-meta":"","astra-migrate-meta-layouts":"set","ast-page-background-enabled":"default","ast-page-background-meta":{"desktop":{"background-color":"var(--ast-global-color-4)","background-image":"","background-repeat":"repeat","background-position":"center center","background-size":"auto","background-attachment":"scroll","background-type":"","background-media":"","overlay-type":"","overlay-color":"","overlay-opacity":"","overlay-gradient":""},"tablet":{"background-color":"","background-image":"","background-repeat":"repeat","background-position":"center center","background-size":"auto","background-attachment":"scroll","background-type":"","background-media":"","overlay-type":"","overlay-color":"","overlay-opacity":"","overlay-gradient":""},"mobile":{"background-color":"","background-image":"","background-repeat":"repeat","background-position":"center center","background-size":"auto","background-attachment":"scroll","background-type":"","background-media":"","overlay-type":"","overlay-color":"","overlay-opacity":"","overlay-gradient":""}},"ast-content-background-meta":{"desktop":{"background-color":"var(--ast-global-color-5)","background-image":"","background-repeat":"repeat","background-position":"center center","background-size":"auto","background-attachment":"scroll","background-type":"","background-media":"","overlay-type":"","overlay-color":"","overlay-opacity":"","overlay-gradient":""},"tablet":{"background-color":"var(--ast-global-color-5)","background-image":"","background-repeat":"repeat","background-position":"center center","background-size":"auto","background-attachment":"scroll","background-type":"","background-media":"","overlay-type":"","overlay-color":"","overlay-opacity":"","overlay-gradient":""},"mobile":{"background-color":"var(--ast-global-color-5)","background-image":"","background-repeat":"repeat","background-position":"center center","background-size":"auto","background-attachment":"scroll","background-type":"","background-media":"","overlay-type":"","overlay-color":"","overlay-opacity":"","overlay-gradient":""}}},"product_brand":[],"product_cat":[29,45],"product_tag":[],"class_list":{"0":"post-2913","1":"product","2":"type-product","3":"status-publish","4":"has-post-thumbnail","6":"product_cat-fire-pit","7":"product_cat-wood-burning-fire-pit","8":"desktop-align-center","9":"tablet-align-left","10":"mobile-align-left","12":"first","13":"instock","14":"shipping-taxable","15":"product-type-simple"},"_links":{"self":[{"href":"https:\/\/jblcorten.com\/fr\/wp-json\/wp\/v2\/product\/2913","targetHints":{"allow":["GET"]}}],"collection":[{"href":"https:\/\/jblcorten.com\/fr\/wp-json\/wp\/v2\/product"}],"about":[{"href":"https:\/\/jblcorten.com\/fr\/wp-json\/wp\/v2\/types\/product"}],"wp:featuredmedia":[{"embeddable":true,"href":"https:\/\/jblcorten.com\/fr\/wp-json\/wp\/v2\/media\/2914"}],"wp:attachment":[{"href":"https:\/\/jblcorten.com\/fr\/wp-json\/wp\/v2\/media?parent=2913"}],"wp:term":[{"taxonomy":"product_brand","embeddable":true,"href":"https:\/\/jblcorten.com\/fr\/wp-json\/wp\/v2\/product_brand?post=2913"},{"taxonomy":"product_cat","embeddable":true,"href":"https:\/\/jblcorten.com\/fr\/wp-json\/wp\/v2\/product_cat?post=2913"},{"taxonomy":"product_tag","embeddable":true,"href":"https:\/\/jblcorten.com\/fr\/wp-json\/wp\/v2\/product_tag?post=2913"}],"curies":[{"name":"wp","href":"https:\/\/api.w.org\/{rel}","templated":true}]}}