{"id":2904,"date":"2025-04-25T14:42:42","date_gmt":"2025-04-25T06:42:42","guid":{"rendered":"https:\/\/jblcorten.com\/?post_type=product&#038;p=2904"},"modified":"2025-04-25T16:07:00","modified_gmt":"2025-04-25T08:07:00","slug":"feu-de-bois-bbq-grill","status":"publish","type":"product","link":"https:\/\/jblcorten.com\/fr\/wood-burning-fire-pit-bbq-grill\/","title":{"rendered":"Foyer \u00e0 bois BBQ Grill"},"content":{"rendered":"<h2 style=\"text-align: center;\"><span style=\"font-size: 14pt;\">Foyer \u00e0 bois BBQ Grill<\/span><\/h2>\n<p>Le gril bbq \u00e0 feu de bois est un \u00e9quipement de barbecue ext\u00e9rieur \u00e0 la fois d\u00e9coratif et pratique. Il est fabriqu\u00e9 en m\u00e9tal noir de haute qualit\u00e9 et pr\u00e9sente une apparence g\u00e9n\u00e9rale simple et \u00e9l\u00e9gante. Sa surface est grav\u00e9e de motifs creux exquis. Lorsqu'il est utilis\u00e9, les flammes qui br\u00fblent \u00e0 l'int\u00e9rieur brillent \u00e0 travers ces motifs, cr\u00e9ant un effet visuel avec une forte impression d'atmosph\u00e8re, qui non seulement am\u00e9liore l'exp\u00e9rience du barbecue, mais ajoute \u00e9galement une touche de chaleur et de romantisme aux rassemblements nocturnes en plein air.<\/p>\n<p>Le point fort de ce barbecue \u00e0 bois est sa conception multifonctionnelle. Il s'agit \u00e0 la fois d'un foyer et d'un barbecue. La nuit, il peut \u00eatre utilis\u00e9 comme foyer ext\u00e9rieur pour fournir une chaleur et une lumi\u00e8re continues aux personnes assises autour ; et lorsque vous avez besoin de cuisiner de d\u00e9licieux plats, il vous suffit d'installer le gril \u00e9quip\u00e9 sur le dessus pour passer facilement en mode barbecue. Vous pouvez utiliser du bois de chauffage comme combustible principal et profiter de l'ar\u00f4me fum\u00e9 unique apport\u00e9 par la combustion naturelle. Qu'il s'agisse de barbecue, de fruits de mer ou de l\u00e9gumes, vous pouvez go\u00fbter \u00e0 la saveur originale du plein air.<\/p>\n<p>Le foyer est fabriqu\u00e9 en m\u00e9tal de haute qualit\u00e9, avec une r\u00e9sistance \u00e0 la chaleur et aux intemp\u00e9ries extr\u00eamement \u00e9lev\u00e9e. Il peut non seulement supporter la combustion \u00e0 long terme de flammes nues \u00e0 haute temp\u00e9rature, mais aussi r\u00e9sister efficacement au vent, au soleil et \u00e0 la pluie dans l'environnement ext\u00e9rieur, et a une longue dur\u00e9e de vie. La surface noire peinte par pulv\u00e9risation am\u00e9liore non seulement la texture g\u00e9n\u00e9rale, mais elle est \u00e9galement plus facile \u00e0 nettoyer et \u00e0 entretenir. Il suffit de l'essuyer apr\u00e8s utilisation pour qu'il reste aussi propre qu'\u00e0 l'\u00e9tat neuf.<\/p>\n<p><strong><span style=\"font-size: 14pt;\">Sp\u00e9cification du produit :<\/span><\/strong><\/p>\n<table style=\"width: 100%; height: 621px;\">\n<tbody>\n<tr style=\"height: 69px;\">\n<td style=\"height: 69px; background-color: #f5f5f5;\" width=\"169\">Nom du produit<\/td>\n<td style=\"height: 69px; background-color: #f5f5f5;\" width=\"580\">Foyer \u00e0 bois BBQ Grill<\/td>\n<\/tr>\n<tr style=\"height: 69px;\">\n<td style=\"height: 69px;\" width=\"169\">Mat\u00e9riau<\/td>\n<td style=\"height: 69px;\" width=\"580\">M\u00e9tal<\/td>\n<\/tr>\n<tr style=\"height: 69px;\">\n<td style=\"height: 69px; background-color: #f5f5f5;\" width=\"169\">Finition<\/td>\n<td style=\"height: 69px; background-color: #f5f5f5;\" width=\"580\">Galvanis\u00e9<\/td>\n<\/tr>\n<tr style=\"height: 69px;\">\n<td style=\"height: 69px;\" width=\"169\">Couleur<\/td>\n<td style=\"height: 69px;\" width=\"580\">Noir<\/td>\n<\/tr>\n<tr style=\"height: 69px;\">\n<td style=\"height: 69px; background-color: #f5f5f5;\" width=\"169\">Carburant<\/td>\n<td style=\"height: 69px; background-color: #f5f5f5;\" width=\"580\">Bois<\/td>\n<\/tr>\n<tr style=\"height: 69px;\">\n<td style=\"height: 69px;\" width=\"169\">Taille<\/td>\n<td style=\"height: 69px;\" width=\"580\">68.0*30.5*69.5cm<\/td>\n<\/tr>\n<tr style=\"height: 69px;\">\n<td style=\"height: 69px; background-color: #f5f5f5;\" width=\"169\">Dispositif de s\u00e9curit\u00e9<\/td>\n<td style=\"height: 69px; background-color: #f5f5f5;\" width=\"580\">Dispositif de s\u00e9curit\u00e9 contre les flammes<\/td>\n<\/tr>\n<tr style=\"height: 69px;\">\n<td style=\"height: 69px;\" width=\"169\">Fonctionnalit\u00e9<\/td>\n<td style=\"height: 69px;\" width=\"580\">Facile \u00e0 assembler, facile \u00e0 nettoyer, facile \u00e0 nettoyer<\/td>\n<\/tr>\n<tr style=\"height: 69px;\">\n<td style=\"height: 69px;\" colspan=\"2\" width=\"750\"><strong><span style=\"color: #e64747;\">Nos foyers sont personnalisables.<\/span><\/strong><\/td>\n<\/tr>\n<\/tbody>\n<\/table>\n<p><strong><span style=\"font-size: 14pt;\">D\u00e9tails du produit :<\/span><\/strong><\/p>\n<p><img fetchpriority=\"high\" decoding=\"async\" class=\"alignnone size-full wp-image-2906\" src=\"https:\/\/jblcorten.com\/wp-content\/uploads\/2025\/04\/fire-pit-bbq.png\" alt=\"fosse de feu bbq\" width=\"750\" height=\"500\" title=\"\" srcset=\"https:\/\/jblcorten.com\/wp-content\/uploads\/2025\/04\/fire-pit-bbq.png 750w, https:\/\/jblcorten.com\/wp-content\/uploads\/2025\/04\/fire-pit-bbq-600x400.png 600w, https:\/\/jblcorten.com\/wp-content\/uploads\/2025\/04\/fire-pit-bbq-300x200.png 300w, https:\/\/jblcorten.com\/wp-content\/uploads\/2025\/04\/fire-pit-bbq-18x12.png 18w\" sizes=\"(max-width: 750px) 100vw, 750px\" \/><\/p>\n<p><img decoding=\"async\" class=\"alignnone size-full wp-image-2912\" src=\"https:\/\/jblcorten.com\/wp-content\/uploads\/2025\/04\/wood-fire-pit-grill.png\" alt=\"gril pour feu de bois\" width=\"750\" height=\"500\" title=\"\" srcset=\"https:\/\/jblcorten.com\/wp-content\/uploads\/2025\/04\/wood-fire-pit-grill.png 750w, https:\/\/jblcorten.com\/wp-content\/uploads\/2025\/04\/wood-fire-pit-grill-600x400.png 600w, https:\/\/jblcorten.com\/wp-content\/uploads\/2025\/04\/wood-fire-pit-grill-300x200.png 300w, https:\/\/jblcorten.com\/wp-content\/uploads\/2025\/04\/wood-fire-pit-grill-18x12.png 18w\" sizes=\"(max-width: 750px) 100vw, 750px\" \/><\/p>\n<p><img decoding=\"async\" class=\"alignnone size-full wp-image-2908\" src=\"https:\/\/jblcorten.com\/wp-content\/uploads\/2025\/04\/wood-burning-fire-pit-table-with-lid.png\" alt=\"table pour feu de bois avec couvercle\" width=\"750\" height=\"500\" title=\"\" srcset=\"https:\/\/jblcorten.com\/wp-content\/uploads\/2025\/04\/wood-burning-fire-pit-table-with-lid.png 750w, https:\/\/jblcorten.com\/wp-content\/uploads\/2025\/04\/wood-burning-fire-pit-table-with-lid-600x400.png 600w, https:\/\/jblcorten.com\/wp-content\/uploads\/2025\/04\/wood-burning-fire-pit-table-with-lid-300x200.png 300w, https:\/\/jblcorten.com\/wp-content\/uploads\/2025\/04\/wood-burning-fire-pit-table-with-lid-18x12.png 18w\" sizes=\"(max-width: 750px) 100vw, 750px\" \/><\/p>\n<p><strong><span style=\"font-size: 14pt;\">FAQ :<\/span><\/strong><\/p>\n<p>1) La taille et la couleur de vos foyers peuvent-elles \u00eatre personnalis\u00e9es ?<br \/>\nBien s\u00fbr !<\/p>\n<p>2. ce foyer peut-il \u00eatre utilis\u00e9 comme grill ?<br \/>\nOui, ce foyer est livr\u00e9 avec un gril qui peut \u00eatre facilement install\u00e9.<\/p>\n<p><a href=\"\/fr\/nous-contacter\/\"><!--more--><\/a><\/p>","protected":false},"excerpt":{"rendered":"<p>La conception structurelle de ce barbecue \u00e0 bois tient compte du besoin de portabilit\u00e9. Il est l\u00e9ger, facile \u00e0 transporter et \u00e0 assembler, ce qui facilite grandement l'organisation flexible des activit\u00e9s de plein air.<\/p>","protected":false},"featured_media":2905,"template":"","meta":{"site-sidebar-layout":"default","site-content-layout":"","ast-site-content-layout":"default","site-content-style":"default","site-sidebar-style":"default","ast-global-header-display":"","ast-banner-title-visibility":"","ast-main-header-display":"","ast-hfb-above-header-display":"","ast-hfb-below-header-display":"","ast-hfb-mobile-header-display":"","site-post-title":"","ast-breadcrumbs-content":"","ast-featured-img":"","footer-sml-layout":"","ast-disable-related-posts":"","theme-transparent-header-meta":"default","adv-header-id-meta":"","stick-header-meta":"","header-above-stick-meta":"","header-main-stick-meta":"","header-below-stick-meta":"","astra-migrate-meta-layouts":"set","ast-page-background-enabled":"default","ast-page-background-meta":{"desktop":{"background-color":"var(--ast-global-color-4)","background-image":"","background-repeat":"repeat","background-position":"center center","background-size":"auto","background-attachment":"scroll","background-type":"","background-media":"","overlay-type":"","overlay-color":"","overlay-opacity":"","overlay-gradient":""},"tablet":{"background-color":"","background-image":"","background-repeat":"repeat","background-position":"center center","background-size":"auto","background-attachment":"scroll","background-type":"","background-media":"","overlay-type":"","overlay-color":"","overlay-opacity":"","overlay-gradient":""},"mobile":{"background-color":"","background-image":"","background-repeat":"repeat","background-position":"center center","background-size":"auto","background-attachment":"scroll","background-type":"","background-media":"","overlay-type":"","overlay-color":"","overlay-opacity":"","overlay-gradient":""}},"ast-content-background-meta":{"desktop":{"background-color":"var(--ast-global-color-5)","background-image":"","background-repeat":"repeat","background-position":"center center","background-size":"auto","background-attachment":"scroll","background-type":"","background-media":"","overlay-type":"","overlay-color":"","overlay-opacity":"","overlay-gradient":""},"tablet":{"background-color":"var(--ast-global-color-5)","background-image":"","background-repeat":"repeat","background-position":"center center","background-size":"auto","background-attachment":"scroll","background-type":"","background-media":"","overlay-type":"","overlay-color":"","overlay-opacity":"","overlay-gradient":""},"mobile":{"background-color":"var(--ast-global-color-5)","background-image":"","background-repeat":"repeat","background-position":"center center","background-size":"auto","background-attachment":"scroll","background-type":"","background-media":"","overlay-type":"","overlay-color":"","overlay-opacity":"","overlay-gradient":""}}},"product_brand":[],"product_cat":[29,45],"product_tag":[],"class_list":{"0":"post-2904","1":"product","2":"type-product","3":"status-publish","4":"has-post-thumbnail","6":"product_cat-fire-pit","7":"product_cat-wood-burning-fire-pit","8":"desktop-align-center","9":"tablet-align-left","10":"mobile-align-left","12":"first","13":"instock","14":"shipping-taxable","15":"product-type-simple"},"_links":{"self":[{"href":"https:\/\/jblcorten.com\/fr\/wp-json\/wp\/v2\/product\/2904","targetHints":{"allow":["GET"]}}],"collection":[{"href":"https:\/\/jblcorten.com\/fr\/wp-json\/wp\/v2\/product"}],"about":[{"href":"https:\/\/jblcorten.com\/fr\/wp-json\/wp\/v2\/types\/product"}],"wp:featuredmedia":[{"embeddable":true,"href":"https:\/\/jblcorten.com\/fr\/wp-json\/wp\/v2\/media\/2905"}],"wp:attachment":[{"href":"https:\/\/jblcorten.com\/fr\/wp-json\/wp\/v2\/media?parent=2904"}],"wp:term":[{"taxonomy":"product_brand","embeddable":true,"href":"https:\/\/jblcorten.com\/fr\/wp-json\/wp\/v2\/product_brand?post=2904"},{"taxonomy":"product_cat","embeddable":true,"href":"https:\/\/jblcorten.com\/fr\/wp-json\/wp\/v2\/product_cat?post=2904"},{"taxonomy":"product_tag","embeddable":true,"href":"https:\/\/jblcorten.com\/fr\/wp-json\/wp\/v2\/product_tag?post=2904"}],"curies":[{"name":"wp","href":"https:\/\/api.w.org\/{rel}","templated":true}]}}