{"id":2897,"date":"2025-04-25T10:55:07","date_gmt":"2025-04-25T02:55:07","guid":{"rendered":"https:\/\/jblcorten.com\/?post_type=product&#038;p=2897"},"modified":"2025-04-25T10:55:07","modified_gmt":"2025-04-25T02:55:07","slug":"gril-bbq-exterieur-a-bois","status":"publish","type":"product","link":"https:\/\/jblcorten.com\/fr\/outdoor-wood-burning-bbq-grill\/","title":{"rendered":"Barbecue ext\u00e9rieur au feu de bois"},"content":{"rendered":"<h2 style=\"text-align: center;\"><span style=\"font-size: 14pt;\">Barbecue ext\u00e9rieur au feu de bois<\/span><\/h2>\n<p>Le barbecue \u00e0 bois d'ext\u00e9rieur est un \u00e9quipement de grillade tr\u00e8s performant con\u00e7u pour les amoureux de la nature et de la qualit\u00e9 de vie. Le mat\u00e9riau principal est l'acier r\u00e9sistant aux intemp\u00e9ries. Il pr\u00e9sente non seulement une texture naturelle rouge rouille unique, mais aussi une forte r\u00e9sistance \u00e0 la corrosion et aux temp\u00e9ratures \u00e9lev\u00e9es, et peut \u00eatre utilis\u00e9 \u00e0 l'ext\u00e9rieur pendant une longue p\u00e9riode. Avec le temps, une couche protectrice d'oxyde stable se forme \u00e0 la surface de l'acier r\u00e9sistant aux intemp\u00e9ries, ce qui a non seulement un effet antirouille important, mais conf\u00e8re \u00e9galement au gril une beaut\u00e9 robuste due \u00e0 des ann\u00e9es de pr\u00e9cipitations, qui s'int\u00e8gre parfaitement dans une vari\u00e9t\u00e9 d'environnements ext\u00e9rieurs tels que les cours, les terrasses et les jardins.<\/p>\n<p><strong><span style=\"font-size: 14pt;\">Sp\u00e9cification du produit :<\/span><\/strong><\/p>\n<table>\n<tbody>\n<tr>\n<td width=\"87\">Objet<\/td>\n<td width=\"662\">Barbecue ext\u00e9rieur au feu de bois<\/td>\n<\/tr>\n<tr>\n<td width=\"87\">Mat\u00e9riau<\/td>\n<td width=\"662\">Acier Corten \/ Acier r\u00e9sistant aux intemp\u00e9ries<\/td>\n<\/tr>\n<tr>\n<td width=\"87\">\u00c9paisseur<\/td>\n<td width=\"662\">2mm, plaque de grillage : 10mm<\/td>\n<\/tr>\n<tr>\n<td width=\"87\">Paquet<\/td>\n<td width=\"662\">Int\u00e9rieur : Papier mousse anti-usure, Ext\u00e9rieur : Bo\u00eete en carton<\/td>\n<\/tr>\n<tr>\n<td width=\"87\">Surface<\/td>\n<td width=\"662\">Pr\u00e9-rouill\u00e9, peut \u00eatre personnalis\u00e9<\/td>\n<\/tr>\n<\/tbody>\n<\/table>\n<p><strong><span style=\"font-size: 14pt;\">Pourquoi choisir le barbecue \u00e0 bois pour l'ext\u00e9rieur ?<\/span><\/strong><\/p>\n<p><strong>1. grille en acier au carbone<\/strong><\/p>\n<p>Ce barbecue \u00e0 bois d'ext\u00e9rieur est \u00e9quip\u00e9 d'une grille en acier au carbone de haute qualit\u00e9, avec une bonne conductivit\u00e9 thermique et une bonne capacit\u00e9 de stockage de la chaleur. Le mat\u00e9riau en acier au carbone permet au gril de chauffer rapidement et de rester stable pendant le processus de chauffage, ce qui garantit que les ingr\u00e9dients sont chauff\u00e9s uniform\u00e9ment. Qu'il s'agisse de steaks \u00e9pais, de cuisses de poulet, de l\u00e9gumes ou de fruits de mer, ils peuvent \u00eatre grill\u00e9s en peu de temps pour devenir croustillants \u00e0 l'ext\u00e9rieur et tendres \u00e0 l'int\u00e9rieur, avec une bonne couleur, un bon ar\u00f4me et un bon go\u00fbt. Par rapport aux grils ordinaires en acier inoxydable ou chrom\u00e9, l'acier au carbone ne se d\u00e9forme pas facilement \u00e0 haute temp\u00e9rature et est durable.<\/p>\n<p><img fetchpriority=\"high\" decoding=\"async\" class=\"alignnone size-full wp-image-2900\" src=\"https:\/\/jblcorten.com\/wp-content\/uploads\/2025\/04\/outdoor-wood-burning-bbq-grill.png\" alt=\"gril bbq ext\u00e9rieur \u00e0 bois\" width=\"750\" height=\"499\" title=\"\" srcset=\"https:\/\/jblcorten.com\/wp-content\/uploads\/2025\/04\/outdoor-wood-burning-bbq-grill.png 750w, https:\/\/jblcorten.com\/wp-content\/uploads\/2025\/04\/outdoor-wood-burning-bbq-grill-600x399.png 600w, https:\/\/jblcorten.com\/wp-content\/uploads\/2025\/04\/outdoor-wood-burning-bbq-grill-300x200.png 300w, https:\/\/jblcorten.com\/wp-content\/uploads\/2025\/04\/outdoor-wood-burning-bbq-grill-18x12.png 18w\" sizes=\"(max-width: 750px) 100vw, 750px\" \/><\/p>\n<p><strong>2. combustible - bois<\/strong><\/p>\n<p>Le barbecue utilise le bois de chauffage comme principal combustible. En br\u00fblant, le bois d\u00e9gage un ar\u00f4me naturel de fum\u00e9e, qui peut ajouter une saveur unique aux aliments, sans commune mesure avec les barbecues \u00e0 gaz ou \u00e9lectriques. Les utilisateurs peuvent choisir diff\u00e9rents types de bois en fonction de leurs pr\u00e9f\u00e9rences personnelles, comme le ch\u00eane, le pommier, le cerisier, etc. La fum\u00e9e produite par les diff\u00e9rentes essences de bois a des ar\u00f4mes diff\u00e9rents, ce qui permet de griller diff\u00e9rents types d'ingr\u00e9dients et de rehausser encore le niveau de saveur du barbecue. En outre, le bois de chauffage a une forte puissance de feu et dure longtemps, ce qui rend le processus de barbecue plus efficace et plus stable, et convient aux barbecues de longue dur\u00e9e et aux rassemblements de plusieurs personnes.<\/p>\n<p><strong>3. enti\u00e8rement fonctionnel<\/strong><\/p>\n<p>Afin d'am\u00e9liorer l'exp\u00e9rience de l'utilisateur, le barbecue \u00e0 bois d'ext\u00e9rieur est \u00e9galement \u00e9quip\u00e9 d'outils pratiques tels que des pelles pour aider les utilisateurs \u00e0 retourner plus facilement les ingr\u00e9dients, \u00e0 ajuster le charbon de bois et \u00e0 nettoyer les cendres, am\u00e9liorant ainsi la commodit\u00e9 et la s\u00e9curit\u00e9 de l'op\u00e9ration dans son ensemble. Ces outils sont rang\u00e9s uniform\u00e9ment, proprement et de mani\u00e8re ordonn\u00e9e, ce qui facilite le processus de barbecue. La conception pr\u00e9voit \u00e9galement un meuble de rangement en bois, qui peut \u00eatre utilis\u00e9 pour stocker du bois de chauffage et peut \u00e9galement servir de table de travail auxiliaire, augmentant ainsi la fonctionnalit\u00e9 et l'espace de rangement de la grille de barbecue. En outre, le meuble de rangement en bois joue \u00e9galement un r\u00f4le dans la d\u00e9coration esth\u00e9tique, donnant \u00e0 l'ensemble du barbecue un aspect plus professionnel et plus \u00e9l\u00e9gant.<\/p>\n<p><img decoding=\"async\" class=\"alignnone size-full wp-image-2899\" src=\"https:\/\/jblcorten.com\/wp-content\/uploads\/2025\/04\/bbq-grill.jpg\" alt=\"\" width=\"750\" height=\"400\" title=\"\" srcset=\"https:\/\/jblcorten.com\/wp-content\/uploads\/2025\/04\/bbq-grill.jpg 750w, https:\/\/jblcorten.com\/wp-content\/uploads\/2025\/04\/bbq-grill-600x320.jpg 600w, https:\/\/jblcorten.com\/wp-content\/uploads\/2025\/04\/bbq-grill-300x160.jpg 300w, https:\/\/jblcorten.com\/wp-content\/uploads\/2025\/04\/bbq-grill-18x10.jpg 18w\" sizes=\"(max-width: 750px) 100vw, 750px\" \/><\/p>\n<p><strong><span style=\"font-size: 14pt;\">Emballage du produit :<\/span><\/strong><\/p>\n<p><img decoding=\"async\" class=\"alignnone size-full wp-image-2461\" src=\"https:\/\/jblcorten.com\/wp-content\/uploads\/2024\/08\/wood-burning-stove-grill.jpg\" alt=\"po\u00eale \u00e0 bois grill\" width=\"750\" height=\"285\" title=\"\" srcset=\"https:\/\/jblcorten.com\/wp-content\/uploads\/2024\/08\/wood-burning-stove-grill.jpg 750w, https:\/\/jblcorten.com\/wp-content\/uploads\/2024\/08\/wood-burning-stove-grill-600x228.jpg 600w, https:\/\/jblcorten.com\/wp-content\/uploads\/2024\/08\/wood-burning-stove-grill-300x114.jpg 300w, https:\/\/jblcorten.com\/wp-content\/uploads\/2024\/08\/wood-burning-stove-grill-18x7.jpg 18w\" sizes=\"(max-width: 750px) 100vw, 750px\" \/><\/p>\n<p><strong><span style=\"font-size: 14pt;\">Plus de photos :<\/span><\/strong><\/p>\n<p><img loading=\"lazy\" decoding=\"async\" class=\"alignnone size-full wp-image-2903\" src=\"https:\/\/jblcorten.com\/wp-content\/uploads\/2025\/04\/wood-burning-bbq-grills-for-sale.jpg\" alt=\"gril bbq \u00e0 bois \u00e0 vendre\" width=\"750\" height=\"421\" title=\"\" srcset=\"https:\/\/jblcorten.com\/wp-content\/uploads\/2025\/04\/wood-burning-bbq-grills-for-sale.jpg 750w, https:\/\/jblcorten.com\/wp-content\/uploads\/2025\/04\/wood-burning-bbq-grills-for-sale-600x337.jpg 600w, https:\/\/jblcorten.com\/wp-content\/uploads\/2025\/04\/wood-burning-bbq-grills-for-sale-300x168.jpg 300w, https:\/\/jblcorten.com\/wp-content\/uploads\/2025\/04\/wood-burning-bbq-grills-for-sale-18x10.jpg 18w\" sizes=\"(max-width: 750px) 100vw, 750px\" \/><\/p>\n<p><img loading=\"lazy\" decoding=\"async\" class=\"alignnone size-full wp-image-2902\" src=\"https:\/\/jblcorten.com\/wp-content\/uploads\/2025\/04\/wood-burning-bbq-grill.jpg\" alt=\"gril bbq \u00e0 bois\" width=\"750\" height=\"421\" title=\"\" srcset=\"https:\/\/jblcorten.com\/wp-content\/uploads\/2025\/04\/wood-burning-bbq-grill.jpg 750w, https:\/\/jblcorten.com\/wp-content\/uploads\/2025\/04\/wood-burning-bbq-grill-600x337.jpg 600w, https:\/\/jblcorten.com\/wp-content\/uploads\/2025\/04\/wood-burning-bbq-grill-300x168.jpg 300w, https:\/\/jblcorten.com\/wp-content\/uploads\/2025\/04\/wood-burning-bbq-grill-18x10.jpg 18w\" sizes=\"(max-width: 750px) 100vw, 750px\" \/><\/p>\n<p><img loading=\"lazy\" decoding=\"async\" class=\"alignnone size-full wp-image-2901\" src=\"https:\/\/jblcorten.com\/wp-content\/uploads\/2025\/04\/best-wood-burning-bbq-grill.jpg\" alt=\"meilleur gril bbq \u00e0 bois\" width=\"750\" height=\"421\" title=\"\" srcset=\"https:\/\/jblcorten.com\/wp-content\/uploads\/2025\/04\/best-wood-burning-bbq-grill.jpg 750w, https:\/\/jblcorten.com\/wp-content\/uploads\/2025\/04\/best-wood-burning-bbq-grill-600x337.jpg 600w, https:\/\/jblcorten.com\/wp-content\/uploads\/2025\/04\/best-wood-burning-bbq-grill-300x168.jpg 300w, https:\/\/jblcorten.com\/wp-content\/uploads\/2025\/04\/best-wood-burning-bbq-grill-18x10.jpg 18w\" sizes=\"(max-width: 750px) 100vw, 750px\" \/><\/p>","protected":false},"excerpt":{"rendered":"<p>Le barbecue d'ext\u00e9rieur \u00e0 bois adopte une conception de chauffage ouverte, et la chaleur peut \u00eatre r\u00e9partie uniform\u00e9ment sur l'ensemble du gril, \u00e9vitant ainsi la surchauffe locale ou le manque de cuisson du centre, fr\u00e9quents dans les barbecues traditionnels.<\/p>\n<p>Les utilisateurs peuvent ajuster la position d'empilage et la puissance du bois de chauffage en fonction des besoins, afin de contr\u00f4ler de mani\u00e8re flexible la temp\u00e9rature des diff\u00e9rentes zones et d'obtenir l'effet de cuisson de plusieurs ingr\u00e9dients en m\u00eame temps.<\/p>","protected":false},"featured_media":2456,"template":"","meta":{"site-sidebar-layout":"default","site-content-layout":"","ast-site-content-layout":"default","site-content-style":"default","site-sidebar-style":"default","ast-global-header-display":"","ast-banner-title-visibility":"","ast-main-header-display":"","ast-hfb-above-header-display":"","ast-hfb-below-header-display":"","ast-hfb-mobile-header-display":"","site-post-title":"","ast-breadcrumbs-content":"","ast-featured-img":"","footer-sml-layout":"","ast-disable-related-posts":"","theme-transparent-header-meta":"default","adv-header-id-meta":"","stick-header-meta":"","header-above-stick-meta":"","header-main-stick-meta":"","header-below-stick-meta":"","astra-migrate-meta-layouts":"set","ast-page-background-enabled":"default","ast-page-background-meta":{"desktop":{"background-color":"var(--ast-global-color-4)","background-image":"","background-repeat":"repeat","background-position":"center center","background-size":"auto","background-attachment":"scroll","background-type":"","background-media":"","overlay-type":"","overlay-color":"","overlay-opacity":"","overlay-gradient":""},"tablet":{"background-color":"","background-image":"","background-repeat":"repeat","background-position":"center center","background-size":"auto","background-attachment":"scroll","background-type":"","background-media":"","overlay-type":"","overlay-color":"","overlay-opacity":"","overlay-gradient":""},"mobile":{"background-color":"","background-image":"","background-repeat":"repeat","background-position":"center center","background-size":"auto","background-attachment":"scroll","background-type":"","background-media":"","overlay-type":"","overlay-color":"","overlay-opacity":"","overlay-gradient":""}},"ast-content-background-meta":{"desktop":{"background-color":"var(--ast-global-color-5)","background-image":"","background-repeat":"repeat","background-position":"center center","background-size":"auto","background-attachment":"scroll","background-type":"","background-media":"","overlay-type":"","overlay-color":"","overlay-opacity":"","overlay-gradient":""},"tablet":{"background-color":"var(--ast-global-color-5)","background-image":"","background-repeat":"repeat","background-position":"center center","background-size":"auto","background-attachment":"scroll","background-type":"","background-media":"","overlay-type":"","overlay-color":"","overlay-opacity":"","overlay-gradient":""},"mobile":{"background-color":"var(--ast-global-color-5)","background-image":"","background-repeat":"repeat","background-position":"center center","background-size":"auto","background-attachment":"scroll","background-type":"","background-media":"","overlay-type":"","overlay-color":"","overlay-opacity":"","overlay-gradient":""}}},"product_brand":[],"product_cat":[25],"product_tag":[],"class_list":{"0":"post-2897","1":"product","2":"type-product","3":"status-publish","4":"has-post-thumbnail","6":"product_cat-bbq-grill","7":"desktop-align-center","8":"tablet-align-left","9":"mobile-align-left","11":"first","12":"instock","13":"shipping-taxable","14":"product-type-simple"},"_links":{"self":[{"href":"https:\/\/jblcorten.com\/fr\/wp-json\/wp\/v2\/product\/2897","targetHints":{"allow":["GET"]}}],"collection":[{"href":"https:\/\/jblcorten.com\/fr\/wp-json\/wp\/v2\/product"}],"about":[{"href":"https:\/\/jblcorten.com\/fr\/wp-json\/wp\/v2\/types\/product"}],"wp:featuredmedia":[{"embeddable":true,"href":"https:\/\/jblcorten.com\/fr\/wp-json\/wp\/v2\/media\/2456"}],"wp:attachment":[{"href":"https:\/\/jblcorten.com\/fr\/wp-json\/wp\/v2\/media?parent=2897"}],"wp:term":[{"taxonomy":"product_brand","embeddable":true,"href":"https:\/\/jblcorten.com\/fr\/wp-json\/wp\/v2\/product_brand?post=2897"},{"taxonomy":"product_cat","embeddable":true,"href":"https:\/\/jblcorten.com\/fr\/wp-json\/wp\/v2\/product_cat?post=2897"},{"taxonomy":"product_tag","embeddable":true,"href":"https:\/\/jblcorten.com\/fr\/wp-json\/wp\/v2\/product_tag?post=2897"}],"curies":[{"name":"wp","href":"https:\/\/api.w.org\/{rel}","templated":true}]}}