{"id":2854,"date":"2025-04-18T15:14:38","date_gmt":"2025-04-18T07:14:38","guid":{"rendered":"https:\/\/jblcorten.com\/?post_type=product&#038;p=2854"},"modified":"2025-04-18T15:14:39","modified_gmt":"2025-04-18T07:14:39","slug":"cheminee-a-bois-suspendue","status":"publish","type":"product","link":"https:\/\/jblcorten.com\/fr\/suspended-wood-burning-fireplace\/","title":{"rendered":"Chemin\u00e9e \u00e0 bois suspendue"},"content":{"rendered":"<h2 style=\"text-align: center;\"><span style=\"font-size: 14pt;\">Chemin\u00e9e \u00e0 bois suspendue<\/span><\/h2>\n<p>La chemin\u00e9e suspendue \u00e0 bois est un produit qui allie une esth\u00e9tique moderne \u00e0 des fonctions de chauffage efficaces. Sa structure centrale est en acier au carbone de haute qualit\u00e9, ce qui lui conf\u00e8re d'excellentes performances en termes de solidit\u00e9, de r\u00e9sistance aux temp\u00e9ratures \u00e9lev\u00e9es et de durabilit\u00e9. Contrairement aux chemin\u00e9es traditionnelles sur pied ou encastr\u00e9es, cette chemin\u00e9e est con\u00e7ue sous une forme \"suspendue\". L'ensemble est suspendu au plafond et le br\u00fbleur est suspendu dans les airs, ce qui permet non seulement d'\u00e9conomiser de l'espace au sol, mais aussi d'apporter une touche artistique \u00e0 l'espace int\u00e9rieur. Il ne s'agit pas seulement d'un appareil de chauffage, mais aussi d'une \u0153uvre d'art distinctive, qui rehausse consid\u00e9rablement le style et la modernit\u00e9 de l'espace.<\/p>\n<p><strong><span style=\"font-size: 14pt;\">Sp\u00e9cification du produit :<\/span><\/strong><\/p>\n<table>\n<tbody>\n<tr>\n<td style=\"background-color: #f8f8ff;\"><strong><b>Nom<\/b><\/strong><\/td>\n<td style=\"background-color: #f8f8ff;\">Chemin\u00e9e \u00e0 bois suspendue<\/td>\n<\/tr>\n<tr>\n<td><strong><b>Mat\u00e9riau<\/b><\/strong><\/td>\n<td>Acier au carbone<\/td>\n<\/tr>\n<tr>\n<td style=\"background-color: #f8f8ff;\"><strong><b>Couleur<\/b><\/strong><\/td>\n<td style=\"background-color: #f8f8ff;\">Noir ou blanc<\/td>\n<\/tr>\n<tr>\n<td><strong><b>Taille<\/b><\/strong><\/td>\n<td>600\/800\/1000\/1200mm ou sur mesure<\/td>\n<\/tr>\n<tr>\n<td style=\"background-color: #f8f8ff;\"><strong><b>Carburant<\/b><\/strong><\/td>\n<td style=\"background-color: #f8f8ff;\">bois ou alcool \u00e9thylique<\/td>\n<\/tr>\n<tr>\n<td><strong><b>Option Fire Core<\/b><\/strong><\/td>\n<td>Alcool\/bois\/brouillard d'eau\/\u00e9lectronique<\/td>\n<\/tr>\n<tr>\n<td style=\"background-color: #f8f8ff;\"><strong><b>Application<\/b><\/strong><\/td>\n<td style=\"background-color: #f8f8ff;\">D\u00e9coration int\u00e9rieure et r\u00e9chauffement<\/td>\n<\/tr>\n<tr>\n<td><strong><b>OEM\/ODM<\/b><\/strong><\/td>\n<td>Disponible<\/td>\n<\/tr>\n<\/tbody>\n<\/table>\n<p><strong><span style=\"font-size: 14pt;\">Pourquoi nous choisir ?<\/span><\/strong><\/p>\n<p>En termes de conception structurelle, la chemin\u00e9e \u00e0 bois suspendue offre une grande souplesse de personnalisation. Tout d'abord, la longueur du tuyau du four (c'est-\u00e0-dire le tuyau suspendu qui relie le plafond au br\u00fbleur) peut \u00eatre adapt\u00e9e en fonction de la hauteur du sol des diff\u00e9rents espaces. Qu'il s'agisse d'un salon \u00e0 haut plafond, d'un duplex ou d'une r\u00e9sidence familiale, la longueur de tuyau la plus appropri\u00e9e peut \u00eatre s\u00e9lectionn\u00e9e en fonction de l'environnement d'installation sp\u00e9cifique afin de garantir que la proportion visuelle globale de la chemin\u00e9e est coordonn\u00e9e et que l'installation est s\u00fbre et fiable.<\/p>\n<p>Deuxi\u00e8mement, en tant que c\u0153ur visuel et fonctionnel de l'ensemble de la chemin\u00e9e, le br\u00fbleur dispose \u00e9galement d'un large \u00e9ventail de possibilit\u00e9s de personnalisation. Les utilisateurs peuvent choisir la taille appropri\u00e9e du br\u00fbleur en fonction de la taille de l'espace et des besoins de chauffage, depuis les styles petits et exquis jusqu'aux grands br\u00fbleurs \u00e0 grand diam\u00e8tre et \u00e0 stockage de chaleur \u00e9lev\u00e9, afin de r\u00e9pondre aux besoins de diff\u00e9rents sc\u00e9narios. Parall\u00e8lement, la couleur du four suspendu peut \u00e9galement \u00eatre personnalis\u00e9e. Qu'il s'agisse d'un noir mat classique ou d'un rouge et d'un blanc audacieux, il peut \u00eatre assorti au style g\u00e9n\u00e9ral de la d\u00e9coration int\u00e9rieure de l'utilisateur, de sorte que la chemin\u00e9e s'int\u00e8gre parfaitement \u00e0 l'espace et devienne l'\u00e9l\u00e9ment phare de la d\u00e9coration int\u00e9rieure.<\/p>\n<p>Il convient de mentionner que la chemin\u00e9e \u00e0 bois suspendue est dot\u00e9e d'une fonction de rotation \u00e0 360 degr\u00e9s. En d'autres termes, les utilisateurs peuvent faire pivoter le br\u00fbleur dans n'importe quelle direction, manuellement ou \u00e0 l'aide de dispositifs m\u00e9caniques, \u00e0 tout moment, en fonction de leur emplacement et de leurs besoins r\u00e9els en mati\u00e8re de chauffage, de sorte que la flamme peut \u00eatre vue sous n'importe quel angle dans la pi\u00e8ce et que la chaleur peut \u00eatre r\u00e9partie plus uniform\u00e9ment dans l'espace int\u00e9rieur. Cette conception permet non seulement d'am\u00e9liorer l'efficacit\u00e9 du chauffage, mais aussi d'am\u00e9liorer consid\u00e9rablement l'exp\u00e9rience interactive de l'utilisateur.<\/p>\n<p><img fetchpriority=\"high\" decoding=\"async\" class=\"alignnone wp-image-2862\" src=\"https:\/\/jblcorten.com\/wp-content\/uploads\/2025\/04\/suspended-wood-burning-fireplace.jpg\" alt=\"chemin\u00e9e \u00e0 bois suspendue\" width=\"750\" height=\"525\" title=\"\" srcset=\"https:\/\/jblcorten.com\/wp-content\/uploads\/2025\/04\/suspended-wood-burning-fireplace.jpg 1000w, https:\/\/jblcorten.com\/wp-content\/uploads\/2025\/04\/suspended-wood-burning-fireplace-600x420.jpg 600w, https:\/\/jblcorten.com\/wp-content\/uploads\/2025\/04\/suspended-wood-burning-fireplace-300x210.jpg 300w, https:\/\/jblcorten.com\/wp-content\/uploads\/2025\/04\/suspended-wood-burning-fireplace-768x538.jpg 768w, https:\/\/jblcorten.com\/wp-content\/uploads\/2025\/04\/suspended-wood-burning-fireplace-18x12.jpg 18w\" sizes=\"(max-width: 750px) 100vw, 750px\" \/><\/p>\n<p><strong><span style=\"font-size: 14pt;\">Conception humanis\u00e9e :<\/span><\/strong><\/p>\n<p>En termes de fonctions d\u00e9taill\u00e9es, cette chemin\u00e9e permet \u00e9galement l'installation personnalis\u00e9e de portes coulissantes en verre. Par rapport aux chemin\u00e9es ouvertes traditionnelles, la conception avec des portes vitr\u00e9es est plus s\u00fbre et peut emp\u00eacher efficacement les \u00e9tincelles de voler et la fum\u00e9e de se r\u00e9pandre, ce qui convient particuli\u00e8rement aux familles avec des enfants ou des animaux de compagnie. En m\u00eame temps, la pr\u00e9sence de la porte vitr\u00e9e contribue \u00e0 am\u00e9liorer l'efficacit\u00e9 de la combustion, \u00e0 contr\u00f4ler la quantit\u00e9 d'air entrant, \u00e0 faire br\u00fbler le bois plus compl\u00e8tement, \u00e0 r\u00e9duire le gaspillage d'\u00e9nergie et \u00e0 am\u00e9liorer le taux global d'utilisation de l'\u00e9nergie thermique. La conception de la structure push-pull tient compte \u00e0 la fois de la commodit\u00e9 et de l'esth\u00e9tique, et les utilisateurs peuvent op\u00e9rer plus facilement lorsqu'ils ajoutent du bois ou nettoient le four.<\/p>\n<p>En tant que produit de chemin\u00e9e ax\u00e9 sur la qualit\u00e9 de vie moderne, la chemin\u00e9e \u00e0 bois suspendue r\u00e9pond non seulement aux besoins de l'utilisateur en mati\u00e8re de chauffage, d'\u00e9conomie d'\u00e9nergie et de s\u00e9curit\u00e9 en termes de fonction, mais ajoute \u00e9galement une dimension artistique et un sentiment de haut de gamme \u00e0 la vie domestique gr\u00e2ce \u00e0 sa forme unique et \u00e0 son design personnalis\u00e9 personnalisable. Qu'elle soit utilis\u00e9e dans un salon familial, un hall d'h\u00f4tel ou un restaurant sp\u00e9cialis\u00e9, elle peut facilement devenir le point de mire visuel et l'\u00e9l\u00e9ment central de l'atmosph\u00e8re de l'espace.<\/p>\n<p><img decoding=\"async\" class=\"alignnone wp-image-2861\" src=\"https:\/\/jblcorten.com\/wp-content\/uploads\/2025\/04\/suspended-wood-burner.jpg\" alt=\"br\u00fbleur \u00e0 bois suspendu\" width=\"750\" height=\"525\" title=\"\" srcset=\"https:\/\/jblcorten.com\/wp-content\/uploads\/2025\/04\/suspended-wood-burner.jpg 1000w, https:\/\/jblcorten.com\/wp-content\/uploads\/2025\/04\/suspended-wood-burner-600x420.jpg 600w, https:\/\/jblcorten.com\/wp-content\/uploads\/2025\/04\/suspended-wood-burner-300x210.jpg 300w, https:\/\/jblcorten.com\/wp-content\/uploads\/2025\/04\/suspended-wood-burner-768x538.jpg 768w, https:\/\/jblcorten.com\/wp-content\/uploads\/2025\/04\/suspended-wood-burner-18x12.jpg 18w\" sizes=\"(max-width: 750px) 100vw, 750px\" \/><\/p>\n<p><strong><span style=\"font-size: 14pt;\">Emballage du produit :<\/span><\/strong><\/p>\n<p>Afin de prot\u00e9ger le produit, nous l'emballons d'abord avec un film protecteur \u00e9pais, puis nous utilisons des caisses en bois pour l'emballage ext\u00e9rieur.<\/p>\n<p><img decoding=\"async\" class=\"alignnone wp-image-2866\" src=\"https:\/\/jblcorten.com\/wp-content\/uploads\/2025\/04\/buy-suspended-fireplace.jpg\" alt=\"acheter chemin\u00e9e suspendue\" width=\"750\" height=\"589\" title=\"\" srcset=\"https:\/\/jblcorten.com\/wp-content\/uploads\/2025\/04\/buy-suspended-fireplace.jpg 1000w, https:\/\/jblcorten.com\/wp-content\/uploads\/2025\/04\/buy-suspended-fireplace-600x472.jpg 600w, https:\/\/jblcorten.com\/wp-content\/uploads\/2025\/04\/buy-suspended-fireplace-300x236.jpg 300w, https:\/\/jblcorten.com\/wp-content\/uploads\/2025\/04\/buy-suspended-fireplace-768x604.jpg 768w, https:\/\/jblcorten.com\/wp-content\/uploads\/2025\/04\/buy-suspended-fireplace-15x12.jpg 15w\" sizes=\"(max-width: 750px) 100vw, 750px\" \/><\/p>\n<p><img loading=\"lazy\" decoding=\"async\" class=\"alignnone wp-image-2867\" src=\"https:\/\/jblcorten.com\/wp-content\/uploads\/2025\/04\/wood-burning-suspended-fireplace.jpg\" alt=\"chemin\u00e9e suspendue \u00e0 bois\" width=\"750\" height=\"506\" title=\"\" srcset=\"https:\/\/jblcorten.com\/wp-content\/uploads\/2025\/04\/wood-burning-suspended-fireplace.jpg 1000w, https:\/\/jblcorten.com\/wp-content\/uploads\/2025\/04\/wood-burning-suspended-fireplace-600x405.jpg 600w, https:\/\/jblcorten.com\/wp-content\/uploads\/2025\/04\/wood-burning-suspended-fireplace-300x203.jpg 300w, https:\/\/jblcorten.com\/wp-content\/uploads\/2025\/04\/wood-burning-suspended-fireplace-768x518.jpg 768w, https:\/\/jblcorten.com\/wp-content\/uploads\/2025\/04\/wood-burning-suspended-fireplace-18x12.jpg 18w\" sizes=\"(max-width: 750px) 100vw, 750px\" \/><\/p>\n<p><img loading=\"lazy\" decoding=\"async\" class=\"alignnone wp-image-2863 size-full\" src=\"https:\/\/jblcorten.com\/wp-content\/uploads\/2025\/04\/Hanging-Fireplace.jpg\" alt=\"Chemin\u00e9e suspendue\" width=\"750\" height=\"562\" title=\"\" srcset=\"https:\/\/jblcorten.com\/wp-content\/uploads\/2025\/04\/Hanging-Fireplace.jpg 750w, https:\/\/jblcorten.com\/wp-content\/uploads\/2025\/04\/Hanging-Fireplace-600x450.jpg 600w, https:\/\/jblcorten.com\/wp-content\/uploads\/2025\/04\/Hanging-Fireplace-300x225.jpg 300w, https:\/\/jblcorten.com\/wp-content\/uploads\/2025\/04\/Hanging-Fireplace-16x12.jpg 16w\" sizes=\"(max-width: 750px) 100vw, 750px\" \/><\/p>","protected":false},"excerpt":{"rendered":"<p>La chemin\u00e9e \u00e0 bois suspendue est un mat\u00e9riau \u00e0 base d'acier au carbone avec une s\u00e9rie de conceptions humanis\u00e9es telles que la longueur personnalis\u00e9e du tube du four, la taille et la couleur personnalis\u00e9es de la t\u00eate du four, la fonction de rotation \u00e0 360 degr\u00e9s et la porte coulissante en verre en option.<\/p>\n<p>Il r\u00e9pond non seulement \u00e0 la qu\u00eate de l'utilisateur moderne d'un mode de vie confortable, respectueux de l'environnement et personnalis\u00e9, mais il pr\u00e9sente \u00e9galement une nouvelle interpr\u00e9tation de la chemin\u00e9e dans l'esth\u00e9tique des maisons contemporaines.<\/p>","protected":false},"featured_media":2855,"template":"","meta":{"site-sidebar-layout":"default","site-content-layout":"","ast-site-content-layout":"default","site-content-style":"default","site-sidebar-style":"default","ast-global-header-display":"","ast-banner-title-visibility":"","ast-main-header-display":"","ast-hfb-above-header-display":"","ast-hfb-below-header-display":"","ast-hfb-mobile-header-display":"","site-post-title":"","ast-breadcrumbs-content":"","ast-featured-img":"","footer-sml-layout":"","ast-disable-related-posts":"","theme-transparent-header-meta":"default","adv-header-id-meta":"","stick-header-meta":"","header-above-stick-meta":"","header-main-stick-meta":"","header-below-stick-meta":"","astra-migrate-meta-layouts":"set","ast-page-background-enabled":"default","ast-page-background-meta":{"desktop":{"background-color":"var(--ast-global-color-4)","background-image":"","background-repeat":"repeat","background-position":"center center","background-size":"auto","background-attachment":"scroll","background-type":"","background-media":"","overlay-type":"","overlay-color":"","overlay-opacity":"","overlay-gradient":""},"tablet":{"background-color":"","background-image":"","background-repeat":"repeat","background-position":"center center","background-size":"auto","background-attachment":"scroll","background-type":"","background-media":"","overlay-type":"","overlay-color":"","overlay-opacity":"","overlay-gradient":""},"mobile":{"background-color":"","background-image":"","background-repeat":"repeat","background-position":"center center","background-size":"auto","background-attachment":"scroll","background-type":"","background-media":"","overlay-type":"","overlay-color":"","overlay-opacity":"","overlay-gradient":""}},"ast-content-background-meta":{"desktop":{"background-color":"var(--ast-global-color-5)","background-image":"","background-repeat":"repeat","background-position":"center center","background-size":"auto","background-attachment":"scroll","background-type":"","background-media":"","overlay-type":"","overlay-color":"","overlay-opacity":"","overlay-gradient":""},"tablet":{"background-color":"var(--ast-global-color-5)","background-image":"","background-repeat":"repeat","background-position":"center center","background-size":"auto","background-attachment":"scroll","background-type":"","background-media":"","overlay-type":"","overlay-color":"","overlay-opacity":"","overlay-gradient":""},"mobile":{"background-color":"var(--ast-global-color-5)","background-image":"","background-repeat":"repeat","background-position":"center center","background-size":"auto","background-attachment":"scroll","background-type":"","background-media":"","overlay-type":"","overlay-color":"","overlay-opacity":"","overlay-gradient":""}}},"product_brand":[],"product_cat":[30],"product_tag":[],"class_list":{"0":"post-2854","1":"product","2":"type-product","3":"status-publish","4":"has-post-thumbnail","6":"product_cat-fireplace","7":"desktop-align-center","8":"tablet-align-left","9":"mobile-align-left","11":"first","12":"instock","13":"shipping-taxable","14":"product-type-simple"},"_links":{"self":[{"href":"https:\/\/jblcorten.com\/fr\/wp-json\/wp\/v2\/product\/2854","targetHints":{"allow":["GET"]}}],"collection":[{"href":"https:\/\/jblcorten.com\/fr\/wp-json\/wp\/v2\/product"}],"about":[{"href":"https:\/\/jblcorten.com\/fr\/wp-json\/wp\/v2\/types\/product"}],"wp:featuredmedia":[{"embeddable":true,"href":"https:\/\/jblcorten.com\/fr\/wp-json\/wp\/v2\/media\/2855"}],"wp:attachment":[{"href":"https:\/\/jblcorten.com\/fr\/wp-json\/wp\/v2\/media?parent=2854"}],"wp:term":[{"taxonomy":"product_brand","embeddable":true,"href":"https:\/\/jblcorten.com\/fr\/wp-json\/wp\/v2\/product_brand?post=2854"},{"taxonomy":"product_cat","embeddable":true,"href":"https:\/\/jblcorten.com\/fr\/wp-json\/wp\/v2\/product_cat?post=2854"},{"taxonomy":"product_tag","embeddable":true,"href":"https:\/\/jblcorten.com\/fr\/wp-json\/wp\/v2\/product_tag?post=2854"}],"curies":[{"name":"wp","href":"https:\/\/api.w.org\/{rel}","templated":true}]}}