{"id":2695,"date":"2025-04-09T07:24:55","date_gmt":"2025-04-09T07:24:55","guid":{"rendered":"https:\/\/jblcorten.com\/?post_type=product&#038;p=2695"},"modified":"2025-04-09T07:24:56","modified_gmt":"2025-04-09T07:24:56","slug":"ecrans-en-acier-corten","status":"publish","type":"product","link":"https:\/\/jblcorten.com\/fr\/corten-steel-screens\/","title":{"rendered":"Cribles en acier corten"},"content":{"rendered":"<h2 style=\"text-align: center;\"><span style=\"font-size: 14pt;\">Cribles en acier corten<\/span><\/h2>\n<p>Les \u00e9crans en acier corten sont un choix populaire et \u00e0 la mode pour les applications d\u00e9coratives \u00e0 l'int\u00e9rieur et \u00e0 l'ext\u00e9rieur, alliant beaut\u00e9 et fonctionnalit\u00e9 pratique. Fabriqu\u00e9s en acier corten (r\u00e9sistant aux intemp\u00e9ries), ces \u00e9crans d\u00e9veloppent une patine rouille stable apr\u00e8s une exposition prolong\u00e9e aux \u00e9l\u00e9ments. Ce processus d'oxydation naturelle donne non seulement aux \u00e9crans un aspect terreux unique, mais agit \u00e9galement comme une couche protectrice, rendant l'acier plus r\u00e9sistant \u00e0 la corrosion que l'acier ordinaire. Par cons\u00e9quent, les \u00e9crans en acier corten sont particuli\u00e8rement adapt\u00e9s \u00e0 une utilisation ext\u00e9rieure \u00e0 long terme, sans qu'il soit n\u00e9cessaire de les peindre ou de les entretenir r\u00e9guli\u00e8rement.<\/p>\n<p>Ces \u00e9crans sont largement utilis\u00e9s dans les jardins, les patios, les cl\u00f4tures, les fa\u00e7ades et les \u00e9l\u00e9ments architecturaux. Ils peuvent \u00eatre utilis\u00e9s \u00e0 des fins diverses, telles que la protection de la vie priv\u00e9e, l'am\u00e9lioration de l'am\u00e9nagement paysager, la division d'espaces ou simplement comme un \u00e9l\u00e9ment visuel qui attire l'attention. Gr\u00e2ce \u00e0 leurs designs sophistiqu\u00e9s d\u00e9coup\u00e9s au laser et \u00e0 leurs motifs personnalisables, les \u00e9crans en acier corten ajoutent de la texture et de la profondeur \u00e0 tout environnement, qu'il s'agisse d'un style moderne ou d'un style rustique. Nous avons des \u00e9crans dans une vari\u00e9t\u00e9 de tailles et de motifs.<\/p>\n<p><img fetchpriority=\"high\" decoding=\"async\" class=\"alignnone wp-image-2697\" src=\"https:\/\/jblcorten.com\/wp-content\/uploads\/2025\/04\/screen-panels.jpg\" alt=\"panneaux d&#039;\u00e9cran\" width=\"750\" height=\"350\" title=\"\" srcset=\"https:\/\/jblcorten.com\/wp-content\/uploads\/2025\/04\/screen-panels.jpg 711w, https:\/\/jblcorten.com\/wp-content\/uploads\/2025\/04\/screen-panels-600x280.jpg 600w, https:\/\/jblcorten.com\/wp-content\/uploads\/2025\/04\/screen-panels-300x140.jpg 300w, https:\/\/jblcorten.com\/wp-content\/uploads\/2025\/04\/screen-panels-18x8.jpg 18w\" sizes=\"(max-width: 750px) 100vw, 750px\" \/><\/p>\n<p><strong><span style=\"font-size: 14pt;\">Sp\u00e9cification du produit :<\/span><\/strong><\/p>\n<table class=\"has-title hight-light-first-column all magic-15\" style=\"width: 100%;\">\n<tbody>\n<tr style=\"background-color: #cfcfcf;\">\n<td style=\"width: 27.8983%;\">\n<div class=\"magic-19\"><span data-spm-anchor-id=\"a2700.details.0.i74.512894f1kKuIok\">Objet<\/span><\/div>\n<\/td>\n<td style=\"width: 72.0269%;\">\n<div class=\"magic-20\">Cribles en acier corten<\/div>\n<\/td>\n<\/tr>\n<tr>\n<td style=\"width: 27.8983%;\">\n<div class=\"magic-19\">Mat\u00e9riau<\/div>\n<\/td>\n<td style=\"width: 72.0269%;\">\n<div class=\"magic-20\">Acier Corten\/Acier r\u00e9sistant aux intemp\u00e9ries<\/div>\n<\/td>\n<\/tr>\n<tr style=\"background-color: #cfcfcf;\">\n<td style=\"width: 27.8983%;\">\n<div class=\"magic-19\">\u00c9paisseur<\/div>\n<\/td>\n<td style=\"width: 72.0269%;\">\n<div class=\"magic-20\">3mm<\/div>\n<\/td>\n<\/tr>\n<tr>\n<td style=\"width: 27.8983%;\">\n<div class=\"magic-19\">Taille standard<\/div>\n<\/td>\n<td style=\"width: 72.0269%;\">\n<div class=\"magic-20\">600*1200mm \/900*1800mm. Autres dimensions personnalis\u00e9es.<\/div>\n<\/td>\n<\/tr>\n<tr style=\"background-color: #cfcfcf;\">\n<td style=\"width: 27.8983%;\">\n<div class=\"magic-19\">Traitement de surface<\/div>\n<\/td>\n<td style=\"width: 72.0269%;\">\n<div class=\"magic-20\">Pr\u00e9-rouill\u00e9\/pr\u00e9-patin\u00e9, personnalisable<\/div>\n<\/td>\n<\/tr>\n<tr>\n<td style=\"width: 27.8983%;\">\n<div class=\"magic-19\">Emballage<\/div>\n<\/td>\n<td style=\"width: 72.0269%;\">\n<div class=\"magic-20\">Int\u00e9rieur : papier mousse anti-usure ; Ext\u00e9rieur : palette en bois<\/div>\n<\/td>\n<\/tr>\n<\/tbody>\n<\/table>\n<p><strong><span style=\"font-size: 14pt;\">Notre usine :<\/span><\/strong><\/p>\n<p><img decoding=\"async\" class=\"alignnone wp-image-2704\" src=\"https:\/\/jblcorten.com\/wp-content\/uploads\/2025\/04\/patio-privacy-screen.jpg\" alt=\"brise-vue pour patio\" width=\"750\" height=\"810\" title=\"\" srcset=\"https:\/\/jblcorten.com\/wp-content\/uploads\/2025\/04\/patio-privacy-screen.jpg 735w, https:\/\/jblcorten.com\/wp-content\/uploads\/2025\/04\/patio-privacy-screen-600x648.jpg 600w, https:\/\/jblcorten.com\/wp-content\/uploads\/2025\/04\/patio-privacy-screen-278x300.jpg 278w, https:\/\/jblcorten.com\/wp-content\/uploads\/2025\/04\/patio-privacy-screen-11x12.jpg 11w\" sizes=\"(max-width: 750px) 100vw, 750px\" \/><\/p>\n<p><strong><span style=\"font-size: 14pt;\">Emballage du produit :<\/span><\/strong><\/p>\n<p><img decoding=\"async\" class=\"alignnone wp-image-2703\" src=\"https:\/\/jblcorten.com\/wp-content\/uploads\/2025\/04\/laser-cut-screens.jpg\" alt=\"\u00e9crans d\u00e9coup\u00e9s au laser\" width=\"750\" height=\"375\" title=\"\" srcset=\"https:\/\/jblcorten.com\/wp-content\/uploads\/2025\/04\/laser-cut-screens.jpg 1000w, https:\/\/jblcorten.com\/wp-content\/uploads\/2025\/04\/laser-cut-screens-600x300.jpg 600w, https:\/\/jblcorten.com\/wp-content\/uploads\/2025\/04\/laser-cut-screens-300x150.jpg 300w, https:\/\/jblcorten.com\/wp-content\/uploads\/2025\/04\/laser-cut-screens-768x384.jpg 768w, https:\/\/jblcorten.com\/wp-content\/uploads\/2025\/04\/laser-cut-screens-18x9.jpg 18w\" sizes=\"(max-width: 750px) 100vw, 750px\" \/><\/p>","protected":false},"excerpt":{"rendered":"<p>Avec des motifs sophistiqu\u00e9s d\u00e9coup\u00e9s au laser et des motifs personnalisables, les \u00e9crans en acier corten ajoutent de la texture et de la profondeur \u00e0 tout environnement, qu'il s'agisse d'un style moderne ou d'un style rustique. Nous avons des \u00e9crans dans une vari\u00e9t\u00e9 de tailles et de motifs.<\/p>","protected":false},"featured_media":2699,"template":"","meta":{"site-sidebar-layout":"default","site-content-layout":"","ast-site-content-layout":"default","site-content-style":"default","site-sidebar-style":"default","ast-global-header-display":"","ast-banner-title-visibility":"","ast-main-header-display":"","ast-hfb-above-header-display":"","ast-hfb-below-header-display":"","ast-hfb-mobile-header-display":"","site-post-title":"","ast-breadcrumbs-content":"","ast-featured-img":"","footer-sml-layout":"","ast-disable-related-posts":"","theme-transparent-header-meta":"default","adv-header-id-meta":"","stick-header-meta":"","header-above-stick-meta":"","header-main-stick-meta":"","header-below-stick-meta":"","astra-migrate-meta-layouts":"set","ast-page-background-enabled":"default","ast-page-background-meta":{"desktop":{"background-color":"var(--ast-global-color-4)","background-image":"","background-repeat":"repeat","background-position":"center center","background-size":"auto","background-attachment":"scroll","background-type":"","background-media":"","overlay-type":"","overlay-color":"","overlay-opacity":"","overlay-gradient":""},"tablet":{"background-color":"","background-image":"","background-repeat":"repeat","background-position":"center center","background-size":"auto","background-attachment":"scroll","background-type":"","background-media":"","overlay-type":"","overlay-color":"","overlay-opacity":"","overlay-gradient":""},"mobile":{"background-color":"","background-image":"","background-repeat":"repeat","background-position":"center center","background-size":"auto","background-attachment":"scroll","background-type":"","background-media":"","overlay-type":"","overlay-color":"","overlay-opacity":"","overlay-gradient":""}},"ast-content-background-meta":{"desktop":{"background-color":"var(--ast-global-color-5)","background-image":"","background-repeat":"repeat","background-position":"center center","background-size":"auto","background-attachment":"scroll","background-type":"","background-media":"","overlay-type":"","overlay-color":"","overlay-opacity":"","overlay-gradient":""},"tablet":{"background-color":"var(--ast-global-color-5)","background-image":"","background-repeat":"repeat","background-position":"center center","background-size":"auto","background-attachment":"scroll","background-type":"","background-media":"","overlay-type":"","overlay-color":"","overlay-opacity":"","overlay-gradient":""},"mobile":{"background-color":"var(--ast-global-color-5)","background-image":"","background-repeat":"repeat","background-position":"center center","background-size":"auto","background-attachment":"scroll","background-type":"","background-media":"","overlay-type":"","overlay-color":"","overlay-opacity":"","overlay-gradient":""}}},"product_brand":[],"product_cat":[31],"product_tag":[],"class_list":{"0":"post-2695","1":"product","2":"type-product","3":"status-publish","4":"has-post-thumbnail","6":"product_cat-garden-screens","7":"desktop-align-center","8":"tablet-align-left","9":"mobile-align-left","11":"first","12":"instock","13":"shipping-taxable","14":"product-type-simple"},"_links":{"self":[{"href":"https:\/\/jblcorten.com\/fr\/wp-json\/wp\/v2\/product\/2695","targetHints":{"allow":["GET"]}}],"collection":[{"href":"https:\/\/jblcorten.com\/fr\/wp-json\/wp\/v2\/product"}],"about":[{"href":"https:\/\/jblcorten.com\/fr\/wp-json\/wp\/v2\/types\/product"}],"wp:featuredmedia":[{"embeddable":true,"href":"https:\/\/jblcorten.com\/fr\/wp-json\/wp\/v2\/media\/2699"}],"wp:attachment":[{"href":"https:\/\/jblcorten.com\/fr\/wp-json\/wp\/v2\/media?parent=2695"}],"wp:term":[{"taxonomy":"product_brand","embeddable":true,"href":"https:\/\/jblcorten.com\/fr\/wp-json\/wp\/v2\/product_brand?post=2695"},{"taxonomy":"product_cat","embeddable":true,"href":"https:\/\/jblcorten.com\/fr\/wp-json\/wp\/v2\/product_cat?post=2695"},{"taxonomy":"product_tag","embeddable":true,"href":"https:\/\/jblcorten.com\/fr\/wp-json\/wp\/v2\/product_tag?post=2695"}],"curies":[{"name":"wp","href":"https:\/\/api.w.org\/{rel}","templated":true}]}}