{"id":2687,"date":"2025-04-09T06:36:40","date_gmt":"2025-04-09T06:36:40","guid":{"rendered":"https:\/\/jblcorten.com\/?post_type=product&#038;p=2687"},"modified":"2025-04-09T06:37:37","modified_gmt":"2025-04-09T06:37:37","slug":"panneaux-decran-en-acier-corten","status":"publish","type":"product","link":"https:\/\/jblcorten.com\/fr\/corten-steel-screen-panels\/","title":{"rendered":"Panneaux d'\u00e9cran en acier Corten"},"content":{"rendered":"<h2 style=\"text-align: center;\"><span style=\"font-size: 14pt;\"><strong><span style=\"font-family: arial, helvetica, sans-serif;\">Panneaux d'\u00e9cran en acier Corten<\/span><\/strong><\/span><\/h2>\n<p>Les panneaux d'\u00e9cran en acier corten sont un \u00e9l\u00e9ment architectural populaire et \u00e9l\u00e9gant qui am\u00e9liore la fonctionnalit\u00e9 et la beaut\u00e9 des espaces int\u00e9rieurs et ext\u00e9rieurs. Fabriqu\u00e9s en acier corten (\u00e9galement connu sous le nom d'acier r\u00e9sistant aux intemp\u00e9ries), ces panneaux d\u00e9veloppent une patine stable semblable \u00e0 la rouille lorsqu'ils sont expos\u00e9s aux \u00e9l\u00e9ments, ce qui leur donne non seulement un aspect industriel unique, mais agit \u00e9galement comme une couche protectrice pour emp\u00eacher toute corrosion ult\u00e9rieure. Ce processus d'oxydation naturelle leur conf\u00e8re une durabilit\u00e9 exceptionnelle.<\/p>\n<p>Largement utilis\u00e9s dans les jardins, les patios, les balcons et les fa\u00e7ades commerciales, ces panneaux peuvent servir de pare-vue, de cl\u00f4tures, de cloisons d\u00e9coratives et d'\u0153uvres d'art murales. Leurs d\u00e9coupes complexes vont des formes g\u00e9om\u00e9triques aux motifs inspir\u00e9s de la nature, ajoutant un int\u00e9r\u00eat visuel tout en favorisant la circulation de la lumi\u00e8re et de l'air, tout en pr\u00e9servant l'intimit\u00e9.<\/p>\n<p><img fetchpriority=\"high\" decoding=\"async\" class=\"alignnone wp-image-2688\" src=\"https:\/\/jblcorten.com\/wp-content\/uploads\/2025\/04\/corten-screen-panels.jpg\" alt=\"panneaux d&#039;\u00e9cran en corten\" width=\"750\" height=\"471\" title=\"\" srcset=\"https:\/\/jblcorten.com\/wp-content\/uploads\/2025\/04\/corten-screen-panels.jpg 766w, https:\/\/jblcorten.com\/wp-content\/uploads\/2025\/04\/corten-screen-panels-600x377.jpg 600w, https:\/\/jblcorten.com\/wp-content\/uploads\/2025\/04\/corten-screen-panels-300x188.jpg 300w, https:\/\/jblcorten.com\/wp-content\/uploads\/2025\/04\/corten-screen-panels-18x12.jpg 18w\" sizes=\"(max-width: 750px) 100vw, 750px\" \/><\/p>\n<p>En plus d'\u00eatre d\u00e9coratifs, les panneaux d'\u00e9cran en acier corten n\u00e9cessitent peu d'entretien et sont respectueux de l'environnement, car ils ne requi\u00e8rent ni peinture ni traitement chimique pour r\u00e9sister aux \u00e9l\u00e9ments ext\u00e9rieurs. L'aspect de l'acier change avec le temps, ce qui conf\u00e8re \u00e0 chaque panneau une personnalit\u00e9 unique qui s'int\u00e8gre naturellement \u00e0 son environnement. Qu'ils soient utilis\u00e9s dans un cadre r\u00e9sidentiel ou commercial, ces \u00e9crans sont \u00e0 la fois pratiques et artistiques, transformant des espaces ordinaires en espaces agr\u00e9ables et fonctionnels.<\/p>\n<p><strong><span style=\"font-size: 14pt;\">Sp\u00e9cification du produit :<\/span><\/strong><\/p>\n<table class=\"has-title hight-light-first-column all magic-15\" style=\"width: 100%;\">\n<tbody>\n<tr>\n<td style=\"width: 21.8399%;\">\n<div class=\"magic-19\"><span style=\"color: #000000;\" data-spm-anchor-id=\"a2700.details.0.i74.512894f1kKuIok\">Objet<\/span><\/div>\n<\/td>\n<td style=\"width: 78.0853%;\">\n<div class=\"magic-20\">Panneaux d'\u00e9cran en acier Corten<\/div>\n<\/td>\n<\/tr>\n<tr>\n<td style=\"width: 21.8399%;\">\n<div class=\"magic-19\"><span style=\"color: #000000;\">Mat\u00e9riau<\/span><\/div>\n<\/td>\n<td style=\"width: 78.0853%;\">\n<div class=\"magic-20\"><span style=\"color: #000000;\">Acier Corten\/Acier r\u00e9sistant aux intemp\u00e9ries<\/span><\/div>\n<\/td>\n<\/tr>\n<tr>\n<td style=\"width: 21.8399%;\">\n<div class=\"magic-19\"><span style=\"color: #000000;\">Taille standard<\/span><\/div>\n<\/td>\n<td style=\"width: 78.0853%;\">\n<div class=\"magic-20\"><span style=\"color: #000000;\">H:2000 L:1200 mm, Epaisseur : 3mm<\/span><\/div>\n<\/td>\n<\/tr>\n<tr>\n<td style=\"width: 21.8399%;\">\n<div class=\"magic-19\"><span style=\"color: #000000;\">Traitement de surface<\/span><\/div>\n<\/td>\n<td style=\"width: 78.0853%;\">\n<div class=\"magic-20\"><span style=\"color: #000000;\">Pr\u00e9-rouill\u00e9\/pr\u00e9-patin\u00e9, personnalisable<\/span><\/div>\n<\/td>\n<\/tr>\n<tr>\n<td style=\"width: 21.8399%;\">\n<div class=\"magic-19\"><span style=\"color: #000000;\">Emballage<\/span><\/div>\n<\/td>\n<td style=\"width: 78.0853%;\">\n<div class=\"magic-20\"><span style=\"color: #000000;\">Int\u00e9rieur : papier mousse anti-usure ; Ext\u00e9rieur : palette en bois<\/span><\/div>\n<\/td>\n<\/tr>\n<\/tbody>\n<\/table>\n<p><strong><span style=\"font-size: 14pt;\">Comment installer les panneaux grillag\u00e9s en acier corten ?<\/span><\/strong><\/p>\n<p>1 Avant d'installer les panneaux d'\u00e9cran en acier corten, vous devez d'abord mesurer la taille de l'emplacement d'installation en fonction de l'environnement du site pour vous assurer que la taille de l'\u00e9cran correspond \u00e0 la hauteur et \u00e0 la largeur de l'espace, et r\u00e9server un espace d'installation appropri\u00e9.<\/p>\n<p>2. vous devez ensuite choisir la m\u00e9thode de fixation appropri\u00e9e en fonction du mat\u00e9riau du sol ou du mur.<\/p>\n<ul>\n<li>S'il est install\u00e9 au sol, vous pouvez utiliser des pi\u00e8ces encastr\u00e9es ou des vis \u00e0 expansion pour fixer la base, et utiliser des soudures ou des boulons pour relier fermement l'\u00e9cran \u00e0 la base ;<\/li>\n<li>S'il est install\u00e9 sur le mur, vous devez utiliser des boulons d'expansion professionnels ou des ancrages chimiques pour fixer fermement l'\u00e9cran \u00e0 la structure de soutien du mur afin d'assurer sa stabilit\u00e9.<\/li>\n<\/ul>\n<p>Lors de l'installation, veillez \u00e0 ce que le panneau d'\u00e9cran reste vertical et horizontal. Il est recommand\u00e9 d'utiliser une r\u00e8gle de niveau pour faciliter le positionnement. Afin d'am\u00e9liorer l'effet global et la dur\u00e9e de vie, les soudures et les joints peuvent \u00eatre trait\u00e9s avec un produit anticorrosion apr\u00e8s l'installation, ou un traitement unifi\u00e9 d'entretien par oxydation de la surface peut \u00eatre effectu\u00e9 pour donner \u00e0 l'\u00e9cran une texture de rouille naturelle.<\/p>\n<p><img decoding=\"async\" class=\"alignnone wp-image-2429 size-full\" src=\"https:\/\/jblcorten.com\/wp-content\/uploads\/2024\/09\/bamboo-privacy-screen.png\" alt=\"brise-vue en bambou\" width=\"750\" height=\"484\" title=\"\" srcset=\"https:\/\/jblcorten.com\/wp-content\/uploads\/2024\/09\/bamboo-privacy-screen.png 750w, https:\/\/jblcorten.com\/wp-content\/uploads\/2024\/09\/bamboo-privacy-screen-600x387.png 600w, https:\/\/jblcorten.com\/wp-content\/uploads\/2024\/09\/bamboo-privacy-screen-300x194.png 300w, https:\/\/jblcorten.com\/wp-content\/uploads\/2024\/09\/bamboo-privacy-screen-18x12.png 18w\" sizes=\"(max-width: 750px) 100vw, 750px\" \/><\/p>\n<p><strong><span style=\"font-size: 14pt;\">Emballage du produit :<\/span><\/strong><\/p>\n<p><img decoding=\"async\" class=\"alignnone size-full wp-image-2693\" src=\"https:\/\/jblcorten.com\/wp-content\/uploads\/2025\/04\/corten-steel-decorative-screens.png\" alt=\"paquet d&#039;\u00e9crans d\u00e9coratifs en acier corten\" width=\"750\" height=\"750\" title=\"\" srcset=\"https:\/\/jblcorten.com\/wp-content\/uploads\/2025\/04\/corten-steel-decorative-screens.png 750w, https:\/\/jblcorten.com\/wp-content\/uploads\/2025\/04\/corten-steel-decorative-screens-600x600.png 600w, https:\/\/jblcorten.com\/wp-content\/uploads\/2025\/04\/corten-steel-decorative-screens-100x100.png 100w, https:\/\/jblcorten.com\/wp-content\/uploads\/2025\/04\/corten-steel-decorative-screens-300x300.png 300w, https:\/\/jblcorten.com\/wp-content\/uploads\/2025\/04\/corten-steel-decorative-screens-150x150.png 150w, https:\/\/jblcorten.com\/wp-content\/uploads\/2025\/04\/corten-steel-decorative-screens-12x12.png 12w\" sizes=\"(max-width: 750px) 100vw, 750px\" \/><\/p>\n<p><strong><span style=\"font-size: 14pt;\">FAQ :<\/span><\/strong><\/p>\n<div class=\"kche-t202-tit\">\n<p>1) \u00cates-vous une usine ou un commer\u00e7ant ?<br \/>\nNous sommes un fabricant et nous avons notre propre usine.<\/p>\n<p>2. les motifs de vos \u00e9crans sont-ils d\u00e9coup\u00e9s au laser ?<br \/>\nOui.<\/p>\n<p>3. les motifs de votre cl\u00f4ture peuvent-ils \u00eatre personnalis\u00e9s ?<br \/>\nBien entendu, nous prenons en charge les demandes OEM et ODM. Les motifs de nos grillages peuvent \u00eatre r\u00e9alis\u00e9s en fonction des exigences du client.<\/p>\n<\/div>","protected":false},"excerpt":{"rendered":"<p>Largement utilis\u00e9s dans l'am\u00e9nagement des jardins, des patios, des balcons et des fa\u00e7ades commerciales, ces panneaux d'\u00e9cran en acier corten peuvent servir de pare-vue, de cl\u00f4tures, de cloisons d\u00e9coratives et d'\u0153uvres d'art murales.<\/p>\n<p>Leurs d\u00e9coupes complexes vont des formes g\u00e9om\u00e9triques aux motifs inspir\u00e9s de la nature, ajoutant un int\u00e9r\u00eat visuel tout en favorisant la circulation de la lumi\u00e8re et de l'air, tout en pr\u00e9servant l'intimit\u00e9.<\/p>","protected":false},"featured_media":2689,"template":"","meta":{"site-sidebar-layout":"default","site-content-layout":"","ast-site-content-layout":"default","site-content-style":"default","site-sidebar-style":"default","ast-global-header-display":"","ast-banner-title-visibility":"","ast-main-header-display":"","ast-hfb-above-header-display":"","ast-hfb-below-header-display":"","ast-hfb-mobile-header-display":"","site-post-title":"","ast-breadcrumbs-content":"","ast-featured-img":"","footer-sml-layout":"","ast-disable-related-posts":"","theme-transparent-header-meta":"default","adv-header-id-meta":"","stick-header-meta":"","header-above-stick-meta":"","header-main-stick-meta":"","header-below-stick-meta":"","astra-migrate-meta-layouts":"set","ast-page-background-enabled":"default","ast-page-background-meta":{"desktop":{"background-color":"var(--ast-global-color-4)","background-image":"","background-repeat":"repeat","background-position":"center center","background-size":"auto","background-attachment":"scroll","background-type":"","background-media":"","overlay-type":"","overlay-color":"","overlay-opacity":"","overlay-gradient":""},"tablet":{"background-color":"","background-image":"","background-repeat":"repeat","background-position":"center center","background-size":"auto","background-attachment":"scroll","background-type":"","background-media":"","overlay-type":"","overlay-color":"","overlay-opacity":"","overlay-gradient":""},"mobile":{"background-color":"","background-image":"","background-repeat":"repeat","background-position":"center center","background-size":"auto","background-attachment":"scroll","background-type":"","background-media":"","overlay-type":"","overlay-color":"","overlay-opacity":"","overlay-gradient":""}},"ast-content-background-meta":{"desktop":{"background-color":"var(--ast-global-color-5)","background-image":"","background-repeat":"repeat","background-position":"center center","background-size":"auto","background-attachment":"scroll","background-type":"","background-media":"","overlay-type":"","overlay-color":"","overlay-opacity":"","overlay-gradient":""},"tablet":{"background-color":"var(--ast-global-color-5)","background-image":"","background-repeat":"repeat","background-position":"center center","background-size":"auto","background-attachment":"scroll","background-type":"","background-media":"","overlay-type":"","overlay-color":"","overlay-opacity":"","overlay-gradient":""},"mobile":{"background-color":"var(--ast-global-color-5)","background-image":"","background-repeat":"repeat","background-position":"center center","background-size":"auto","background-attachment":"scroll","background-type":"","background-media":"","overlay-type":"","overlay-color":"","overlay-opacity":"","overlay-gradient":""}}},"product_brand":[],"product_cat":[31],"product_tag":[],"class_list":{"0":"post-2687","1":"product","2":"type-product","3":"status-publish","4":"has-post-thumbnail","6":"product_cat-garden-screens","7":"desktop-align-center","8":"tablet-align-left","9":"mobile-align-left","11":"first","12":"instock","13":"shipping-taxable","14":"product-type-simple"},"_links":{"self":[{"href":"https:\/\/jblcorten.com\/fr\/wp-json\/wp\/v2\/product\/2687","targetHints":{"allow":["GET"]}}],"collection":[{"href":"https:\/\/jblcorten.com\/fr\/wp-json\/wp\/v2\/product"}],"about":[{"href":"https:\/\/jblcorten.com\/fr\/wp-json\/wp\/v2\/types\/product"}],"wp:featuredmedia":[{"embeddable":true,"href":"https:\/\/jblcorten.com\/fr\/wp-json\/wp\/v2\/media\/2689"}],"wp:attachment":[{"href":"https:\/\/jblcorten.com\/fr\/wp-json\/wp\/v2\/media?parent=2687"}],"wp:term":[{"taxonomy":"product_brand","embeddable":true,"href":"https:\/\/jblcorten.com\/fr\/wp-json\/wp\/v2\/product_brand?post=2687"},{"taxonomy":"product_cat","embeddable":true,"href":"https:\/\/jblcorten.com\/fr\/wp-json\/wp\/v2\/product_cat?post=2687"},{"taxonomy":"product_tag","embeddable":true,"href":"https:\/\/jblcorten.com\/fr\/wp-json\/wp\/v2\/product_tag?post=2687"}],"curies":[{"name":"wp","href":"https:\/\/api.w.org\/{rel}","templated":true}]}}