{"id":2590,"date":"2025-03-27T08:44:40","date_gmt":"2025-03-27T08:44:40","guid":{"rendered":"https:\/\/jblcorten.com\/?post_type=product&#038;p=2590"},"modified":"2025-03-27T08:44:40","modified_gmt":"2025-03-27T08:44:40","slug":"cheminee-suspendue-moderne","status":"publish","type":"product","link":"https:\/\/jblcorten.com\/fr\/modern-hanging-fireplace\/","title":{"rendered":"Chemin\u00e9e suspendue moderne"},"content":{"rendered":"<h2 style=\"text-align: center;\"><span style=\"font-size: 14pt;\">Chemin\u00e9e suspendue moderne<\/span><\/h2>\n<p>Contrairement aux chemin\u00e9es traditionnelles, cette chemin\u00e9e suspendue moderne est accroch\u00e9e au plafond, cr\u00e9ant un effet de flottement qui ajoute une touche de sophistication moderne. Elle est appr\u00e9ci\u00e9e pour son design minimaliste, ses capacit\u00e9s de chauffage efficaces et sa structure peu encombrante.<\/p>\n<p>La chemin\u00e9e suspendue moderne offre une vue \u00e0 360 degr\u00e9s sur les flammes. Comme elle est suspendue au plafond, elle peut \u00eatre orient\u00e9e dans diff\u00e9rentes directions, ce qui permet de personnaliser l'exp\u00e9rience de chauffage. Cette conception garantit que la chaleur et l'ambiance sont r\u00e9parties uniform\u00e9ment dans toute la pi\u00e8ce, ce qui est parfait pour les espaces de vie ouverts, les lofts et les int\u00e9rieurs modernes.<\/p>\n<p><strong><span style=\"font-size: 14pt;\">Sp\u00e9cification du produit :<\/span><\/strong><\/p>\n<table>\n<tbody>\n<tr>\n<td style=\"background-color: #e8e8e8;\"><strong><b>Nom<\/b><\/strong><\/td>\n<td style=\"background-color: #e8e8e8;\">Chemin\u00e9e suspendue moderne<\/td>\n<\/tr>\n<tr>\n<td><strong><b>Mat\u00e9riau<\/b><\/strong><\/td>\n<td>Acier au carbone et acier inoxydable 316<\/td>\n<\/tr>\n<tr>\n<td style=\"background-color: #e8e8e8;\"><strong><b>Couleur<\/b><\/strong><\/td>\n<td style=\"background-color: #e8e8e8;\">Noir ou blanc<\/td>\n<\/tr>\n<tr>\n<td><strong><b>Taille<\/b><\/strong><\/td>\n<td>600\/800\/1000\/1200mm ou sur mesure<\/td>\n<\/tr>\n<tr>\n<td style=\"background-color: #e8e8e8;\"><strong><b>Carburant<\/b><\/strong><\/td>\n<td style=\"background-color: #e8e8e8;\">bois ou alcool \u00e9thylique<\/td>\n<\/tr>\n<tr>\n<td><strong><b>Option Fire Core<\/b><\/strong><\/td>\n<td>Alcool\/bois\/brouillard d'eau\/\u00e9lectronique<\/td>\n<\/tr>\n<tr>\n<td style=\"background-color: #e8e8e8;\"><strong><b>Configuration standard<\/b><\/strong><\/td>\n<td style=\"background-color: #e8e8e8;\">Noyau de po\u00eale,Tube<\/td>\n<\/tr>\n<tr>\n<td><strong><b>Application<\/b><\/strong><\/td>\n<td>D\u00e9coration int\u00e9rieure et r\u00e9chauffement<\/td>\n<\/tr>\n<tr>\n<td style=\"background-color: #e8e8e8;\"><strong><b>OEM\/ODM<\/b><\/strong><\/td>\n<td style=\"background-color: #e8e8e8;\">Disponible<\/td>\n<\/tr>\n<\/tbody>\n<\/table>\n<p><strong><span style=\"font-size: 14pt;\">D\u00e9tails du produit :<\/span><\/strong><\/p>\n<p>Le br\u00fbleur de cette chemin\u00e9e suspendue est en acier au carbone. Le c\u0153ur du feu peut \u00eatre s\u00e9lectionn\u00e9 en fonction des besoins du client (alcool\/bois\/brouillard d'eau\/\u00e9lectronique), et le mat\u00e9riau du tuyau du four peut \u00e9galement \u00eatre s\u00e9lectionn\u00e9 (acier au carbone ou acier inoxydable).<\/p>\n<p><img fetchpriority=\"high\" decoding=\"async\" class=\"alignnone wp-image-2598\" src=\"https:\/\/jblcorten.com\/wp-content\/uploads\/2025\/03\/suspended-wood-burning-fireplace.jpg\" alt=\"\" width=\"750\" height=\"657\" title=\"\" srcset=\"https:\/\/jblcorten.com\/wp-content\/uploads\/2025\/03\/suspended-wood-burning-fireplace.jpg 652w, https:\/\/jblcorten.com\/wp-content\/uploads\/2025\/03\/suspended-wood-burning-fireplace-600x525.jpg 600w, https:\/\/jblcorten.com\/wp-content\/uploads\/2025\/03\/suspended-wood-burning-fireplace-300x263.jpg 300w, https:\/\/jblcorten.com\/wp-content\/uploads\/2025\/03\/suspended-wood-burning-fireplace-14x12.jpg 14w\" sizes=\"(max-width: 750px) 100vw, 750px\" \/><\/p>\n<p><img decoding=\"async\" class=\"alignnone wp-image-2600\" src=\"https:\/\/jblcorten.com\/wp-content\/uploads\/2025\/03\/suspended-fire-place.jpg\" alt=\"\" width=\"750\" height=\"563\" title=\"\" srcset=\"https:\/\/jblcorten.com\/wp-content\/uploads\/2025\/03\/suspended-fire-place.jpg 840w, https:\/\/jblcorten.com\/wp-content\/uploads\/2025\/03\/suspended-fire-place-600x450.jpg 600w, https:\/\/jblcorten.com\/wp-content\/uploads\/2025\/03\/suspended-fire-place-300x225.jpg 300w, https:\/\/jblcorten.com\/wp-content\/uploads\/2025\/03\/suspended-fire-place-768x576.jpg 768w, https:\/\/jblcorten.com\/wp-content\/uploads\/2025\/03\/suspended-fire-place-16x12.jpg 16w\" sizes=\"(max-width: 750px) 100vw, 750px\" \/><\/p>\n<p><img decoding=\"async\" class=\"alignnone wp-image-2601\" src=\"https:\/\/jblcorten.com\/wp-content\/uploads\/2025\/03\/suspended-wood-fireplace.jpg\" alt=\"\" width=\"750\" height=\"438\" title=\"\" srcset=\"https:\/\/jblcorten.com\/wp-content\/uploads\/2025\/03\/suspended-wood-fireplace.jpg 960w, https:\/\/jblcorten.com\/wp-content\/uploads\/2025\/03\/suspended-wood-fireplace-600x351.jpg 600w, https:\/\/jblcorten.com\/wp-content\/uploads\/2025\/03\/suspended-wood-fireplace-300x175.jpg 300w, https:\/\/jblcorten.com\/wp-content\/uploads\/2025\/03\/suspended-wood-fireplace-768x449.jpg 768w, https:\/\/jblcorten.com\/wp-content\/uploads\/2025\/03\/suspended-wood-fireplace-18x12.jpg 18w\" sizes=\"(max-width: 750px) 100vw, 750px\" \/><\/p>\n<p>&nbsp;<\/p>","protected":false},"excerpt":{"rendered":"<p>La chemin\u00e9e suspendue moderne est solidement fix\u00e9e au plafond \u00e0 l'aide d'un syst\u00e8me de suspension robuste, ce qui garantit sa stabilit\u00e9 et sa s\u00e9curit\u00e9. La hauteur peut \u00eatre ajust\u00e9e en fonction de la taille du plafond, ce qui permet de l'adapter \u00e0 diff\u00e9rentes configurations de pi\u00e8ces.<\/p>\n<p>En outre, cette chemin\u00e9e est dot\u00e9e d'une fonction de pivotement r\u00e9glable, qui permet de faire pivoter la chemin\u00e9e sous diff\u00e9rents angles afin de mieux r\u00e9partir la chaleur et d'am\u00e9liorer l'exp\u00e9rience visuelle.<\/p>","protected":false},"featured_media":2591,"template":"","meta":{"site-sidebar-layout":"default","site-content-layout":"","ast-site-content-layout":"default","site-content-style":"default","site-sidebar-style":"default","ast-global-header-display":"","ast-banner-title-visibility":"","ast-main-header-display":"","ast-hfb-above-header-display":"","ast-hfb-below-header-display":"","ast-hfb-mobile-header-display":"","site-post-title":"","ast-breadcrumbs-content":"","ast-featured-img":"","footer-sml-layout":"","ast-disable-related-posts":"","theme-transparent-header-meta":"default","adv-header-id-meta":"","stick-header-meta":"","header-above-stick-meta":"","header-main-stick-meta":"","header-below-stick-meta":"","astra-migrate-meta-layouts":"set","ast-page-background-enabled":"default","ast-page-background-meta":{"desktop":{"background-color":"var(--ast-global-color-4)","background-image":"","background-repeat":"repeat","background-position":"center center","background-size":"auto","background-attachment":"scroll","background-type":"","background-media":"","overlay-type":"","overlay-color":"","overlay-opacity":"","overlay-gradient":""},"tablet":{"background-color":"","background-image":"","background-repeat":"repeat","background-position":"center center","background-size":"auto","background-attachment":"scroll","background-type":"","background-media":"","overlay-type":"","overlay-color":"","overlay-opacity":"","overlay-gradient":""},"mobile":{"background-color":"","background-image":"","background-repeat":"repeat","background-position":"center center","background-size":"auto","background-attachment":"scroll","background-type":"","background-media":"","overlay-type":"","overlay-color":"","overlay-opacity":"","overlay-gradient":""}},"ast-content-background-meta":{"desktop":{"background-color":"var(--ast-global-color-5)","background-image":"","background-repeat":"repeat","background-position":"center center","background-size":"auto","background-attachment":"scroll","background-type":"","background-media":"","overlay-type":"","overlay-color":"","overlay-opacity":"","overlay-gradient":""},"tablet":{"background-color":"var(--ast-global-color-5)","background-image":"","background-repeat":"repeat","background-position":"center center","background-size":"auto","background-attachment":"scroll","background-type":"","background-media":"","overlay-type":"","overlay-color":"","overlay-opacity":"","overlay-gradient":""},"mobile":{"background-color":"var(--ast-global-color-5)","background-image":"","background-repeat":"repeat","background-position":"center center","background-size":"auto","background-attachment":"scroll","background-type":"","background-media":"","overlay-type":"","overlay-color":"","overlay-opacity":"","overlay-gradient":""}}},"product_brand":[],"product_cat":[30],"product_tag":[],"class_list":{"0":"post-2590","1":"product","2":"type-product","3":"status-publish","4":"has-post-thumbnail","6":"product_cat-fireplace","7":"desktop-align-center","8":"tablet-align-left","9":"mobile-align-left","11":"first","12":"instock","13":"shipping-taxable","14":"product-type-simple"},"_links":{"self":[{"href":"https:\/\/jblcorten.com\/fr\/wp-json\/wp\/v2\/product\/2590","targetHints":{"allow":["GET"]}}],"collection":[{"href":"https:\/\/jblcorten.com\/fr\/wp-json\/wp\/v2\/product"}],"about":[{"href":"https:\/\/jblcorten.com\/fr\/wp-json\/wp\/v2\/types\/product"}],"wp:featuredmedia":[{"embeddable":true,"href":"https:\/\/jblcorten.com\/fr\/wp-json\/wp\/v2\/media\/2591"}],"wp:attachment":[{"href":"https:\/\/jblcorten.com\/fr\/wp-json\/wp\/v2\/media?parent=2590"}],"wp:term":[{"taxonomy":"product_brand","embeddable":true,"href":"https:\/\/jblcorten.com\/fr\/wp-json\/wp\/v2\/product_brand?post=2590"},{"taxonomy":"product_cat","embeddable":true,"href":"https:\/\/jblcorten.com\/fr\/wp-json\/wp\/v2\/product_cat?post=2590"},{"taxonomy":"product_tag","embeddable":true,"href":"https:\/\/jblcorten.com\/fr\/wp-json\/wp\/v2\/product_tag?post=2590"}],"curies":[{"name":"wp","href":"https:\/\/api.w.org\/{rel}","templated":true}]}}