{"id":2578,"date":"2025-03-27T07:47:52","date_gmt":"2025-03-27T07:47:52","guid":{"rendered":"https:\/\/jblcorten.com\/?post_type=product&#038;p=2578"},"modified":"2025-04-18T15:57:01","modified_gmt":"2025-04-18T07:57:01","slug":"foyer-a-gaz-rectangulaire-noir","status":"publish","type":"product","link":"https:\/\/jblcorten.com\/fr\/black-rectangle-gas-fire-pit\/","title":{"rendered":"Foyer \u00e0 gaz rectangulaire noir"},"content":{"rendered":"<h2 style=\"text-align: center;\"><span style=\"font-size: 14pt;\">Foyer \u00e0 gaz rectangulaire noir<\/span><\/h2>\n<p>Le foyer \u00e0 gaz rectangulaire noir est fabriqu\u00e9 en acier corten de haute qualit\u00e9 pour une durabilit\u00e9 exceptionnelle, une r\u00e9sistance aux intemp\u00e9ries et une finition noire \u00e9l\u00e9gante. La forme rectangulaire offre suffisamment d'espace pour que les flammes cr\u00e9ent un effet visuel \u00e9poustouflant.<\/p>\n<p>La valve de contr\u00f4le est situ\u00e9e sur le c\u00f4t\u00e9 du foyer \u00e0 gaz rectangulaire noir, ce qui permet aux utilisateurs d'allumer facilement le feu. Il suffit de tourner un bouton pour que le foyer soit pr\u00eat \u00e0 fournir chaleur et ambiance. Ce syst\u00e8me d'allumage \u00e9lectronique ou par bouton-poussoir \u00e9limine la n\u00e9cessit\u00e9 de piloter, de stocker du bois ou de nettoyer les cendres, offrant ainsi une alternative plus pratique aux foyers traditionnels.<\/p>\n<p>Le foyer est con\u00e7u avec suffisamment d'espace pour stocker discr\u00e8tement la source de combustible \u00e0 l'int\u00e9rieur, tout en conservant un aspect propre et d\u00e9gag\u00e9. Cette conception am\u00e9liore non seulement la s\u00e9curit\u00e9 en prot\u00e9geant le r\u00e9servoir de gaz des \u00e9l\u00e9ments ext\u00e9rieurs, mais garantit \u00e9galement une int\u00e9gration parfaite dans tout environnement int\u00e9rieur ou ext\u00e9rieur.<\/p>\n<p><strong><span style=\"font-size: 14pt;\">Sp\u00e9cification du produit :<\/span><\/strong><\/p>\n<table>\n<tbody>\n<tr>\n<td width=\"181\">Nom du produit<\/td>\n<td width=\"385\">Foyer \u00e0 gaz rectangulaire noir<\/td>\n<\/tr>\n<tr>\n<td width=\"181\">Mat\u00e9riau<\/td>\n<td width=\"385\">Acier corten<\/td>\n<\/tr>\n<tr>\n<td width=\"181\">Couleur<\/td>\n<td width=\"385\">Rouge rouille et noir<\/td>\n<\/tr>\n<tr>\n<td width=\"181\">Type<\/td>\n<td width=\"385\">Foyer Morden<\/td>\n<\/tr>\n<tr>\n<td width=\"181\">Taille<\/td>\n<td width=\"385\">1200*500*600mm ou sur mesure<\/td>\n<\/tr>\n<tr>\n<td width=\"181\">Technologie<\/td>\n<td width=\"385\">Cintrage, soudage et pr\u00e9-surfa\u00e7age<\/td>\n<\/tr>\n<tr>\n<td width=\"181\">Utilis\u00e9<\/td>\n<td width=\"385\">Home yard &amp; garden &amp; park &amp; outdoor<\/td>\n<\/tr>\n<\/tbody>\n<\/table>\n<p><strong><span style=\"font-size: 14pt;\">Images du produit :<\/span><\/strong><\/p>\n<p><img fetchpriority=\"high\" decoding=\"async\" class=\"alignnone wp-image-2586 size-full\" src=\"https:\/\/jblcorten.com\/wp-content\/uploads\/2025\/03\/black-rectangular-propane-fire-pit.jpg\" alt=\"\" width=\"750\" height=\"500\" title=\"\" srcset=\"https:\/\/jblcorten.com\/wp-content\/uploads\/2025\/03\/black-rectangular-propane-fire-pit.jpg 750w, https:\/\/jblcorten.com\/wp-content\/uploads\/2025\/03\/black-rectangular-propane-fire-pit-600x400.jpg 600w, https:\/\/jblcorten.com\/wp-content\/uploads\/2025\/03\/black-rectangular-propane-fire-pit-300x200.jpg 300w, https:\/\/jblcorten.com\/wp-content\/uploads\/2025\/03\/black-rectangular-propane-fire-pit-18x12.jpg 18w\" sizes=\"(max-width: 750px) 100vw, 750px\" \/><br \/>\n<img decoding=\"async\" class=\"alignleft wp-image-2587 size-full\" src=\"https:\/\/jblcorten.com\/wp-content\/uploads\/2025\/03\/rectangle-natural-gas-fire-table.jpg\" alt=\"\" width=\"750\" height=\"500\" title=\"\" srcset=\"https:\/\/jblcorten.com\/wp-content\/uploads\/2025\/03\/rectangle-natural-gas-fire-table.jpg 750w, https:\/\/jblcorten.com\/wp-content\/uploads\/2025\/03\/rectangle-natural-gas-fire-table-600x400.jpg 600w, https:\/\/jblcorten.com\/wp-content\/uploads\/2025\/03\/rectangle-natural-gas-fire-table-300x200.jpg 300w, https:\/\/jblcorten.com\/wp-content\/uploads\/2025\/03\/rectangle-natural-gas-fire-table-18x12.jpg 18w\" sizes=\"(max-width: 750px) 100vw, 750px\" \/><br \/>\n<img decoding=\"async\" class=\"alignnone size-full wp-image-2588\" src=\"https:\/\/jblcorten.com\/wp-content\/uploads\/2025\/03\/fire-pit-propane-rectangle.jpg\" alt=\"\" width=\"750\" height=\"500\" title=\"\" srcset=\"https:\/\/jblcorten.com\/wp-content\/uploads\/2025\/03\/fire-pit-propane-rectangle.jpg 750w, https:\/\/jblcorten.com\/wp-content\/uploads\/2025\/03\/fire-pit-propane-rectangle-600x400.jpg 600w, https:\/\/jblcorten.com\/wp-content\/uploads\/2025\/03\/fire-pit-propane-rectangle-300x200.jpg 300w, https:\/\/jblcorten.com\/wp-content\/uploads\/2025\/03\/fire-pit-propane-rectangle-18x12.jpg 18w\" sizes=\"(max-width: 750px) 100vw, 750px\" \/><\/p>\n<p><strong><span style=\"font-size: 14pt;\">Emballage du produit :<\/span><\/strong><\/p>\n<p><img loading=\"lazy\" decoding=\"async\" class=\"alignnone wp-image-2576\" src=\"https:\/\/jblcorten.com\/wp-content\/uploads\/2025\/03\/fire-pit-gas-rectangle.jpg\" alt=\"\" width=\"750\" height=\"1125\" title=\"\" srcset=\"https:\/\/jblcorten.com\/wp-content\/uploads\/2025\/03\/fire-pit-gas-rectangle.jpg 1000w, https:\/\/jblcorten.com\/wp-content\/uploads\/2025\/03\/fire-pit-gas-rectangle-600x900.jpg 600w, https:\/\/jblcorten.com\/wp-content\/uploads\/2025\/03\/fire-pit-gas-rectangle-200x300.jpg 200w, https:\/\/jblcorten.com\/wp-content\/uploads\/2025\/03\/fire-pit-gas-rectangle-683x1024.jpg 683w, https:\/\/jblcorten.com\/wp-content\/uploads\/2025\/03\/fire-pit-gas-rectangle-768x1152.jpg 768w, https:\/\/jblcorten.com\/wp-content\/uploads\/2025\/03\/fire-pit-gas-rectangle-8x12.jpg 8w\" sizes=\"(max-width: 750px) 100vw, 750px\" \/><\/p>\n<p><strong><span style=\"font-size: 14pt;\">FAQ :<\/span><\/strong><\/p>\n<p>1.Q:\u00cates-vous une soci\u00e9t\u00e9 commerciale ou un fabricant ?<br \/>\nR : Nous avons notre propre usine.<\/p>\n<p>2.Q:Acceptez-vous les OEM ?<br \/>\nR : Oui, nous le faisons, de nombreux mod\u00e8les sont disponibles et si vous avez besoin de personnaliser, ce n'est pas un probl\u00e8me.<\/p>\n<p>3.Q : Tous les foyers sont destin\u00e9s \u00e0 \u00eatre utilis\u00e9s avec du gaz naturel, sont-ils livr\u00e9s avec un kit de conversion au propane ?<br \/>\nR:Oui, si vous le souhaitez, nous pouvons vous proposer un service.<\/p>","protected":false},"excerpt":{"rendered":"<p>Le foyer \u00e0 gaz rectangulaire noir est fabriqu\u00e9 en acier corten de haute qualit\u00e9 pour une durabilit\u00e9 exceptionnelle, une r\u00e9sistance aux intemp\u00e9ries et une finition noire \u00e9l\u00e9gante. La forme rectangulaire offre suffisamment d'espace pour que les flammes cr\u00e9ent un effet visuel \u00e9poustouflant.<\/p>","protected":false},"featured_media":2581,"template":"","meta":{"site-sidebar-layout":"default","site-content-layout":"","ast-site-content-layout":"default","site-content-style":"default","site-sidebar-style":"default","ast-global-header-display":"","ast-banner-title-visibility":"","ast-main-header-display":"","ast-hfb-above-header-display":"","ast-hfb-below-header-display":"","ast-hfb-mobile-header-display":"","site-post-title":"","ast-breadcrumbs-content":"","ast-featured-img":"","footer-sml-layout":"","ast-disable-related-posts":"","theme-transparent-header-meta":"default","adv-header-id-meta":"","stick-header-meta":"","header-above-stick-meta":"","header-main-stick-meta":"","header-below-stick-meta":"","astra-migrate-meta-layouts":"set","ast-page-background-enabled":"default","ast-page-background-meta":{"desktop":{"background-color":"var(--ast-global-color-4)","background-image":"","background-repeat":"repeat","background-position":"center center","background-size":"auto","background-attachment":"scroll","background-type":"","background-media":"","overlay-type":"","overlay-color":"","overlay-opacity":"","overlay-gradient":""},"tablet":{"background-color":"","background-image":"","background-repeat":"repeat","background-position":"center center","background-size":"auto","background-attachment":"scroll","background-type":"","background-media":"","overlay-type":"","overlay-color":"","overlay-opacity":"","overlay-gradient":""},"mobile":{"background-color":"","background-image":"","background-repeat":"repeat","background-position":"center center","background-size":"auto","background-attachment":"scroll","background-type":"","background-media":"","overlay-type":"","overlay-color":"","overlay-opacity":"","overlay-gradient":""}},"ast-content-background-meta":{"desktop":{"background-color":"var(--ast-global-color-5)","background-image":"","background-repeat":"repeat","background-position":"center center","background-size":"auto","background-attachment":"scroll","background-type":"","background-media":"","overlay-type":"","overlay-color":"","overlay-opacity":"","overlay-gradient":""},"tablet":{"background-color":"var(--ast-global-color-5)","background-image":"","background-repeat":"repeat","background-position":"center center","background-size":"auto","background-attachment":"scroll","background-type":"","background-media":"","overlay-type":"","overlay-color":"","overlay-opacity":"","overlay-gradient":""},"mobile":{"background-color":"var(--ast-global-color-5)","background-image":"","background-repeat":"repeat","background-position":"center center","background-size":"auto","background-attachment":"scroll","background-type":"","background-media":"","overlay-type":"","overlay-color":"","overlay-opacity":"","overlay-gradient":""}}},"product_brand":[],"product_cat":[29,47],"product_tag":[],"class_list":{"0":"post-2578","1":"product","2":"type-product","3":"status-publish","4":"has-post-thumbnail","6":"product_cat-fire-pit","7":"product_cat-gas-fire-pit","8":"desktop-align-center","9":"tablet-align-left","10":"mobile-align-left","12":"first","13":"instock","14":"shipping-taxable","15":"product-type-simple"},"_links":{"self":[{"href":"https:\/\/jblcorten.com\/fr\/wp-json\/wp\/v2\/product\/2578","targetHints":{"allow":["GET"]}}],"collection":[{"href":"https:\/\/jblcorten.com\/fr\/wp-json\/wp\/v2\/product"}],"about":[{"href":"https:\/\/jblcorten.com\/fr\/wp-json\/wp\/v2\/types\/product"}],"wp:featuredmedia":[{"embeddable":true,"href":"https:\/\/jblcorten.com\/fr\/wp-json\/wp\/v2\/media\/2581"}],"wp:attachment":[{"href":"https:\/\/jblcorten.com\/fr\/wp-json\/wp\/v2\/media?parent=2578"}],"wp:term":[{"taxonomy":"product_brand","embeddable":true,"href":"https:\/\/jblcorten.com\/fr\/wp-json\/wp\/v2\/product_brand?post=2578"},{"taxonomy":"product_cat","embeddable":true,"href":"https:\/\/jblcorten.com\/fr\/wp-json\/wp\/v2\/product_cat?post=2578"},{"taxonomy":"product_tag","embeddable":true,"href":"https:\/\/jblcorten.com\/fr\/wp-json\/wp\/v2\/product_tag?post=2578"}],"curies":[{"name":"wp","href":"https:\/\/api.w.org\/{rel}","templated":true}]}}