{"id":2565,"date":"2025-03-27T07:03:56","date_gmt":"2025-03-27T07:03:56","guid":{"rendered":"https:\/\/jblcorten.com\/?post_type=product&#038;p=2565"},"modified":"2025-03-27T07:21:37","modified_gmt":"2025-03-27T07:21:37","slug":"table-rectangulaire-de-foyer-a-gaz","status":"publish","type":"product","link":"https:\/\/jblcorten.com\/fr\/rectangular-gas-fire-pit-table\/","title":{"rendered":"Table de foyer \u00e0 gaz rectangulaire"},"content":{"rendered":"<h2 style=\"text-align: center;\"><strong><span style=\"font-size: 14pt;\">Table de foyer \u00e0 gaz rectangulaire<\/span><\/strong><\/h2>\n<p>Le foyer rectangulaire \u00e0 gaz est un foyer moderne qui convient aussi bien \u00e0 l'int\u00e9rieur qu'\u00e0 l'ext\u00e9rieur. Cette table est dot\u00e9e d'un design rectangulaire \u00e9l\u00e9gant et d'une source de combustible propre, le gaz naturel. Contrairement aux foyers traditionnels \u00e0 bois, ce mod\u00e8le offre une exp\u00e9rience sans fum\u00e9e, sans d\u00e9g\u00e2ts et facile \u00e0 utiliser.<\/p>\n<p>Un br\u00fbleur en acier inoxydable de haute qualit\u00e9 est install\u00e9 au centre de cette table rectangulaire \u00e0 gaz. L'acier inoxydable est connu pour sa durabilit\u00e9, sa r\u00e9sistance \u00e0 la chaleur et \u00e0 la corrosion, ce qui garantit une exp\u00e9rience de combustion durable et efficace. Le br\u00fbleur peut distribuer uniform\u00e9ment les flammes, cr\u00e9ant ainsi un spectacle de flammes fascinant et constant. En outre, les utilisateurs peuvent personnaliser l'aspect du foyer en ajoutant des roches volcaniques ou d'autres \u00e9l\u00e9ments d\u00e9coratifs dans la zone du br\u00fbleur, ce qui rehausse la beaut\u00e9 et cr\u00e9e un effet de flamme unique et \u00e9l\u00e9gant.<\/p>\n<p><img fetchpriority=\"high\" decoding=\"async\" class=\"alignnone wp-image-2572 size-full\" src=\"https:\/\/jblcorten.com\/wp-content\/uploads\/2025\/03\/rectangular-gas-fire-pit-table.jpg\" alt=\"\" width=\"750\" height=\"500\" title=\"\" srcset=\"https:\/\/jblcorten.com\/wp-content\/uploads\/2025\/03\/rectangular-gas-fire-pit-table.jpg 750w, https:\/\/jblcorten.com\/wp-content\/uploads\/2025\/03\/rectangular-gas-fire-pit-table-600x400.jpg 600w, https:\/\/jblcorten.com\/wp-content\/uploads\/2025\/03\/rectangular-gas-fire-pit-table-300x200.jpg 300w, https:\/\/jblcorten.com\/wp-content\/uploads\/2025\/03\/rectangular-gas-fire-pit-table-18x12.jpg 18w\" sizes=\"(max-width: 750px) 100vw, 750px\" \/><\/p>\n<p><strong><span style=\"font-size: 14pt;\">Sp\u00e9cification du produit :<\/span><\/strong><\/p>\n<table>\n<tbody>\n<tr>\n<td style=\"background-color: #e8e8e8;\" width=\"181\">Nom du produit<\/td>\n<td style=\"background-color: #e8e8e8;\" width=\"385\">Table rectangulaire pour foyer \u00e0 gaz<\/td>\n<\/tr>\n<tr>\n<td width=\"181\">Mat\u00e9riau<\/td>\n<td width=\"385\">Acier corten<\/td>\n<\/tr>\n<tr>\n<td style=\"background-color: #e8e8e8;\" width=\"181\">Couleur<\/td>\n<td style=\"background-color: #e8e8e8;\" width=\"385\">Rouge rouille et noir<\/td>\n<\/tr>\n<tr>\n<td width=\"181\">Type<\/td>\n<td width=\"385\">Foyer Morden<\/td>\n<\/tr>\n<tr>\n<td style=\"background-color: #e8e8e8;\" width=\"181\">Taille<\/td>\n<td style=\"background-color: #e8e8e8;\" width=\"385\">1200*500*600mm ou sur mesure<\/td>\n<\/tr>\n<tr>\n<td width=\"181\">Technologie<\/td>\n<td width=\"385\">Cintrage, soudage et pr\u00e9-surfa\u00e7age<\/td>\n<\/tr>\n<tr>\n<td style=\"background-color: #e8e8e8;\" width=\"181\">Utilis\u00e9<\/td>\n<td style=\"background-color: #e8e8e8;\" width=\"385\">Home yard &amp; garden &amp; park &amp; outdoor<\/td>\n<\/tr>\n<\/tbody>\n<\/table>\n<p><strong><span style=\"font-size: 14pt;\">D\u00e9tails du produit :<\/span><\/strong><\/p>\n<p>Pour renforcer encore son design moderne, la table rectangulaire de foyer \u00e0 gaz est entour\u00e9e de verre transparent, ce qui non seulement am\u00e9liore la s\u00e9curit\u00e9 mais ajoute \u00e9galement une touche de modernit\u00e9 \u00e0 son aspect g\u00e9n\u00e9ral. Le panneau de verre agit comme un coupe-vent, aidant \u00e0 maintenir une flamme stable m\u00eame dans les environnements ext\u00e9rieurs. Cette caract\u00e9ristique fait de la table de foyer un choix id\u00e9al pour les balcons, les patios ou les espaces de jardin ouverts o\u00f9 le vent pourrait affecter la performance de la flamme. En outre, l'enceinte en verre cr\u00e9e un effet visuel \u00e9tonnant lorsque les flammes se refl\u00e8tent sur la surface transparente, ce qui constitue un point focal accrocheur dans n'importe quel environnement.<\/p>\n<p><img decoding=\"async\" class=\"alignnone wp-image-2546\" src=\"https:\/\/jblcorten.com\/wp-content\/uploads\/2025\/03\/burner-decoration.jpg\" alt=\"\" width=\"750\" height=\"242\" title=\"\" srcset=\"https:\/\/jblcorten.com\/wp-content\/uploads\/2025\/03\/burner-decoration.jpg 693w, https:\/\/jblcorten.com\/wp-content\/uploads\/2025\/03\/burner-decoration-600x194.jpg 600w, https:\/\/jblcorten.com\/wp-content\/uploads\/2025\/03\/burner-decoration-300x97.jpg 300w, https:\/\/jblcorten.com\/wp-content\/uploads\/2025\/03\/burner-decoration-18x6.jpg 18w\" sizes=\"(max-width: 750px) 100vw, 750px\" \/><\/p>\n<p><img decoding=\"async\" class=\"alignnone wp-image-2574 size-full\" src=\"https:\/\/jblcorten.com\/wp-content\/uploads\/2025\/03\/rectangular-propane-fire-pit-with-tank-inside.jpg\" alt=\"\" width=\"750\" height=\"499\" title=\"\" srcset=\"https:\/\/jblcorten.com\/wp-content\/uploads\/2025\/03\/rectangular-propane-fire-pit-with-tank-inside.jpg 750w, https:\/\/jblcorten.com\/wp-content\/uploads\/2025\/03\/rectangular-propane-fire-pit-with-tank-inside-600x399.jpg 600w, https:\/\/jblcorten.com\/wp-content\/uploads\/2025\/03\/rectangular-propane-fire-pit-with-tank-inside-300x200.jpg 300w, https:\/\/jblcorten.com\/wp-content\/uploads\/2025\/03\/rectangular-propane-fire-pit-with-tank-inside-18x12.jpg 18w\" sizes=\"(max-width: 750px) 100vw, 750px\" \/><\/p>\n<p><strong><span style=\"font-size: 14pt;\">Pourquoi choisir la table rectangulaire de foyer \u00e0 gaz ?<\/span><\/strong><\/p>\n<p>1. Facile \u00e0 utiliser :<br \/>\nCe foyer rectangulaire \u00e0 gaz est \u00e9quip\u00e9 d'une vanne de r\u00e9glage lat\u00e9rale, ce qui permet aux utilisateurs de r\u00e9gler facilement la taille de la flamme sans passer par le fastidieux processus d'allumage.<\/p>\n<p>2. R\u00e9servoir d'essence cach\u00e9, beau et propre :<br \/>\nUn espace suffisant est r\u00e9serv\u00e9 au r\u00e9servoir de gaz \u00e0 l'int\u00e9rieur du foyer, de sorte que le r\u00e9servoir de gaz peut \u00eatre cach\u00e9 \u00e0 l'int\u00e9rieur du foyer, ce qui rend le design g\u00e9n\u00e9ral plus soign\u00e9 et plus beau, sans affecter la coordination de l'environnement, et r\u00e9duit en m\u00eame temps les risques de s\u00e9curit\u00e9 des r\u00e9servoirs de gaz expos\u00e9s \u00e0 l'ext\u00e9rieur.<\/p>\n<p>3. S\u00fbr et fiable, r\u00e9duisant les risques d'incendie :<br \/>\nLes foyers \u00e0 gaz sont plus s\u00fbrs que les foyers \u00e0 bois traditionnels et ne produisent pas de flammes nues ni de charbon de bois volant, ce qui r\u00e9duit les risques d'incendie. Le fait de placer le r\u00e9servoir de gaz \u00e0 l'int\u00e9rieur am\u00e9liore non seulement la s\u00e9curit\u00e9, mais r\u00e9duit \u00e9galement la possibilit\u00e9 que le r\u00e9servoir de gaz soit affect\u00e9 par l'environnement ext\u00e9rieur, ce qui le rend plus stable.<\/p>\n<p><img loading=\"lazy\" decoding=\"async\" class=\"alignnone wp-image-2573\" src=\"https:\/\/jblcorten.com\/wp-content\/uploads\/2025\/03\/rectangle-gas-fire-table.jpg\" alt=\"\" width=\"750\" height=\"470\" title=\"\" srcset=\"https:\/\/jblcorten.com\/wp-content\/uploads\/2025\/03\/rectangle-gas-fire-table.jpg 1000w, https:\/\/jblcorten.com\/wp-content\/uploads\/2025\/03\/rectangle-gas-fire-table-600x376.jpg 600w, https:\/\/jblcorten.com\/wp-content\/uploads\/2025\/03\/rectangle-gas-fire-table-300x188.jpg 300w, https:\/\/jblcorten.com\/wp-content\/uploads\/2025\/03\/rectangle-gas-fire-table-768x481.jpg 768w, https:\/\/jblcorten.com\/wp-content\/uploads\/2025\/03\/rectangle-gas-fire-table-18x12.jpg 18w\" sizes=\"(max-width: 750px) 100vw, 750px\" \/><\/p>\n<p><strong><span style=\"font-size: 14pt;\">FAQ :<\/span><\/strong><\/p>\n<p>1.Q:\u00cates-vous une soci\u00e9t\u00e9 commerciale ou un fabricant ?<br \/>\nR : Nous avons notre propre usine.<\/p>\n<p>2.Q:Acceptez-vous les OEM ?<br \/>\nR : Oui, nous le faisons, de nombreux mod\u00e8les sont disponibles et si vous avez besoin de personnaliser, ce n'est pas un probl\u00e8me.<\/p>\n<p>3.Q : Tous les foyers sont destin\u00e9s \u00e0 \u00eatre utilis\u00e9s avec du gaz naturel, sont-ils livr\u00e9s avec un kit de conversion au propane ?<br \/>\nR:Oui, si vous le souhaitez, nous pouvons vous proposer un service.<\/p>","protected":false},"excerpt":{"rendered":"<p>La valve de contr\u00f4le est situ\u00e9e sur le c\u00f4t\u00e9 de la table rectangulaire \u00e0 gaz, ce qui permet \u00e0 l'utilisateur de r\u00e9gler pr\u00e9cis\u00e9ment la hauteur de la flamme. Le syst\u00e8me d'allumage simple permet d'allumer le foyer avec un minimum d'effort, ce qui le rend parfait pour les espaces r\u00e9sidentiels et commerciaux.<\/p>","protected":false},"featured_media":2566,"template":"","meta":{"site-sidebar-layout":"default","site-content-layout":"","ast-site-content-layout":"default","site-content-style":"default","site-sidebar-style":"default","ast-global-header-display":"","ast-banner-title-visibility":"","ast-main-header-display":"","ast-hfb-above-header-display":"","ast-hfb-below-header-display":"","ast-hfb-mobile-header-display":"","site-post-title":"","ast-breadcrumbs-content":"","ast-featured-img":"","footer-sml-layout":"","ast-disable-related-posts":"","theme-transparent-header-meta":"default","adv-header-id-meta":"","stick-header-meta":"","header-above-stick-meta":"","header-main-stick-meta":"","header-below-stick-meta":"","astra-migrate-meta-layouts":"set","ast-page-background-enabled":"default","ast-page-background-meta":{"desktop":{"background-color":"var(--ast-global-color-4)","background-image":"","background-repeat":"repeat","background-position":"center center","background-size":"auto","background-attachment":"scroll","background-type":"","background-media":"","overlay-type":"","overlay-color":"","overlay-opacity":"","overlay-gradient":""},"tablet":{"background-color":"","background-image":"","background-repeat":"repeat","background-position":"center center","background-size":"auto","background-attachment":"scroll","background-type":"","background-media":"","overlay-type":"","overlay-color":"","overlay-opacity":"","overlay-gradient":""},"mobile":{"background-color":"","background-image":"","background-repeat":"repeat","background-position":"center center","background-size":"auto","background-attachment":"scroll","background-type":"","background-media":"","overlay-type":"","overlay-color":"","overlay-opacity":"","overlay-gradient":""}},"ast-content-background-meta":{"desktop":{"background-color":"var(--ast-global-color-5)","background-image":"","background-repeat":"repeat","background-position":"center center","background-size":"auto","background-attachment":"scroll","background-type":"","background-media":"","overlay-type":"","overlay-color":"","overlay-opacity":"","overlay-gradient":""},"tablet":{"background-color":"var(--ast-global-color-5)","background-image":"","background-repeat":"repeat","background-position":"center center","background-size":"auto","background-attachment":"scroll","background-type":"","background-media":"","overlay-type":"","overlay-color":"","overlay-opacity":"","overlay-gradient":""},"mobile":{"background-color":"var(--ast-global-color-5)","background-image":"","background-repeat":"repeat","background-position":"center center","background-size":"auto","background-attachment":"scroll","background-type":"","background-media":"","overlay-type":"","overlay-color":"","overlay-opacity":"","overlay-gradient":""}}},"product_brand":[],"product_cat":[29,47],"product_tag":[],"class_list":{"0":"post-2565","1":"product","2":"type-product","3":"status-publish","4":"has-post-thumbnail","6":"product_cat-fire-pit","7":"product_cat-gas-fire-pit","8":"desktop-align-center","9":"tablet-align-left","10":"mobile-align-left","12":"first","13":"instock","14":"shipping-taxable","15":"product-type-simple"},"_links":{"self":[{"href":"https:\/\/jblcorten.com\/fr\/wp-json\/wp\/v2\/product\/2565","targetHints":{"allow":["GET"]}}],"collection":[{"href":"https:\/\/jblcorten.com\/fr\/wp-json\/wp\/v2\/product"}],"about":[{"href":"https:\/\/jblcorten.com\/fr\/wp-json\/wp\/v2\/types\/product"}],"wp:featuredmedia":[{"embeddable":true,"href":"https:\/\/jblcorten.com\/fr\/wp-json\/wp\/v2\/media\/2566"}],"wp:attachment":[{"href":"https:\/\/jblcorten.com\/fr\/wp-json\/wp\/v2\/media?parent=2565"}],"wp:term":[{"taxonomy":"product_brand","embeddable":true,"href":"https:\/\/jblcorten.com\/fr\/wp-json\/wp\/v2\/product_brand?post=2565"},{"taxonomy":"product_cat","embeddable":true,"href":"https:\/\/jblcorten.com\/fr\/wp-json\/wp\/v2\/product_cat?post=2565"},{"taxonomy":"product_tag","embeddable":true,"href":"https:\/\/jblcorten.com\/fr\/wp-json\/wp\/v2\/product_tag?post=2565"}],"curies":[{"name":"wp","href":"https:\/\/api.w.org\/{rel}","templated":true}]}}