{"id":2554,"date":"2025-03-27T03:44:31","date_gmt":"2025-03-27T03:44:31","guid":{"rendered":"https:\/\/jblcorten.com\/?post_type=product&#038;p=2554"},"modified":"2025-03-27T03:45:50","modified_gmt":"2025-03-27T03:45:50","slug":"foyer-a-gaz-en-corten","status":"publish","type":"product","link":"https:\/\/jblcorten.com\/fr\/corten-gas-fire-pit\/","title":{"rendered":"Foyer \u00e0 gaz en corten"},"content":{"rendered":"<h2 style=\"text-align: center;\"><span style=\"font-size: 14pt;\">Foyer \u00e0 gaz en corten<\/span><\/h2>\n<p>Le foyer \u00e0 gaz Corten est simple \u00e0 utiliser. Le foyer \u00e0 gaz Corten s'allume instantan\u00e9ment \u00e0 l'aide d'un simple bouton-poussoir ou d'un syst\u00e8me d'allumage \u00e9lectronique. Les flammes sont r\u00e9glables, ce qui permet aux utilisateurs de contr\u00f4ler la puissance de la chaleur en fonction de leurs besoins. En outre, le foyer \u00e0 gaz Corten \u00e9limine les probl\u00e8mes li\u00e9s aux cendres, \u00e0 la fum\u00e9e et au stockage du bois, ce qui en fait une alternative plus propre et plus efficace. Il fonctionne g\u00e9n\u00e9ralement au propane ou au gaz naturel, ce qui permet aux utilisateurs de choisir la source de combustible qui convient le mieux \u00e0 leur espace ext\u00e9rieur.<\/p>\n<p>* Ce foyer \u00e0 gaz en corten a \u00e9t\u00e9 trait\u00e9 contre la rouille. Si vous n'avez pas besoin d'un traitement antirouille, <a href=\"\/fr\/nous-contacter\/\">vous pouvez communiquer avec nous.<\/a><\/p>\n<p><strong><span style=\"font-size: 14pt;\">Sp\u00e9cification du produit :<\/span><\/strong><\/p>\n<table>\n<tbody>\n<tr>\n<td style=\"text-align: left; vertical-align: middle;\">Nom du produit<\/td>\n<td style=\"text-align: left; vertical-align: middle;\">Foyer \u00e0 gaz en corten<\/td>\n<\/tr>\n<tr>\n<td style=\"text-align: left; vertical-align: middle;\">Mat\u00e9riau<\/td>\n<td style=\"text-align: left; vertical-align: middle;\">Acier corten, acier inoxydable<\/td>\n<\/tr>\n<tr>\n<td style=\"text-align: left; vertical-align: middle;\">Carburant<\/td>\n<td style=\"text-align: left; vertical-align: middle;\">Gaz naturel ou propane<\/td>\n<\/tr>\n<tr>\n<td style=\"text-align: left; vertical-align: middle;\">Taille<\/td>\n<td style=\"text-align: left; vertical-align: middle;\">600*600*400mm\/600*600*600mm( sur mesure)<\/td>\n<\/tr>\n<tr>\n<td style=\"text-align: left; vertical-align: middle;\">Traitement de surface<\/td>\n<td style=\"text-align: left; vertical-align: middle;\">Pr\u00e9-rouill\u00e9, peint en noir, peut \u00eatre personnalis\u00e9<\/td>\n<\/tr>\n<tr>\n<td style=\"text-align: left; vertical-align: middle;\">Paquet<\/td>\n<td style=\"text-align: left; vertical-align: middle;\">Int\u00e9rieur : papier mousse anti-usure<br \/>\nExt\u00e9rieur : Bo\u00eete en contreplaqu\u00e9<\/td>\n<\/tr>\n<\/tbody>\n<\/table>\n<p><strong><span style=\"font-size: 14pt;\">D\u00e9tails du produit :<\/span><\/strong><\/p>\n<p>Le foyer \u00e0 gaz en corten est \u00e9quip\u00e9 d'un br\u00fbleur \u00e0 gaz amovible en acier inoxydable install\u00e9 \u00e0 l'int\u00e9rieur.<\/p>\n<p><img fetchpriority=\"high\" decoding=\"async\" class=\"alignnone wp-image-2561\" src=\"https:\/\/jblcorten.com\/wp-content\/uploads\/2025\/03\/natural-gas-patio-fire-pit.jpg\" alt=\"\" width=\"750\" height=\"375\" title=\"\" srcset=\"https:\/\/jblcorten.com\/wp-content\/uploads\/2025\/03\/natural-gas-patio-fire-pit.jpg 1000w, https:\/\/jblcorten.com\/wp-content\/uploads\/2025\/03\/natural-gas-patio-fire-pit-600x300.jpg 600w, https:\/\/jblcorten.com\/wp-content\/uploads\/2025\/03\/natural-gas-patio-fire-pit-300x150.jpg 300w, https:\/\/jblcorten.com\/wp-content\/uploads\/2025\/03\/natural-gas-patio-fire-pit-768x384.jpg 768w, https:\/\/jblcorten.com\/wp-content\/uploads\/2025\/03\/natural-gas-patio-fire-pit-18x9.jpg 18w\" sizes=\"(max-width: 750px) 100vw, 750px\" \/><\/p>\n<p><img decoding=\"async\" class=\"alignnone wp-image-2562 size-full\" src=\"https:\/\/jblcorten.com\/wp-content\/uploads\/2025\/03\/natural-gas-fire-pit.jpg\" alt=\"\" width=\"750\" height=\"500\" title=\"\" srcset=\"https:\/\/jblcorten.com\/wp-content\/uploads\/2025\/03\/natural-gas-fire-pit.jpg 750w, https:\/\/jblcorten.com\/wp-content\/uploads\/2025\/03\/natural-gas-fire-pit-600x400.jpg 600w, https:\/\/jblcorten.com\/wp-content\/uploads\/2025\/03\/natural-gas-fire-pit-300x200.jpg 300w, https:\/\/jblcorten.com\/wp-content\/uploads\/2025\/03\/natural-gas-fire-pit-18x12.jpg 18w\" sizes=\"(max-width: 750px) 100vw, 750px\" \/><\/p>\n<p><strong><span style=\"font-size: 14pt;\">Emballage du produit :<\/span><\/strong><\/p>\n<p><img decoding=\"async\" class=\"alignnone size-full wp-image-2563\" src=\"https:\/\/jblcorten.com\/wp-content\/uploads\/2025\/03\/fire-pit-packing.png\" alt=\"\" width=\"750\" height=\"548\" title=\"\" srcset=\"https:\/\/jblcorten.com\/wp-content\/uploads\/2025\/03\/fire-pit-packing.png 750w, https:\/\/jblcorten.com\/wp-content\/uploads\/2025\/03\/fire-pit-packing-600x438.png 600w, https:\/\/jblcorten.com\/wp-content\/uploads\/2025\/03\/fire-pit-packing-300x219.png 300w, https:\/\/jblcorten.com\/wp-content\/uploads\/2025\/03\/fire-pit-packing-16x12.png 16w\" sizes=\"(max-width: 750px) 100vw, 750px\" \/><\/p>","protected":false},"excerpt":{"rendered":"<p>Le foyer \u00e0 gaz en corten est une solution moderne de chauffage et de d\u00e9coration d'ext\u00e9rieur qui allie la beaut\u00e9 unique de l'acier r\u00e9sistant aux intemp\u00e9ries \u00e0 la commodit\u00e9 d'une flamme de gaz.<\/p>\n<p>Contrairement aux foyers traditionnels qui n\u00e9cessitent du bois ou du charbon de bois, les foyers au gaz corten offrent une exp\u00e9rience plus propre et sans fum\u00e9e.<\/p>","protected":false},"featured_media":2555,"template":"","meta":{"site-sidebar-layout":"default","site-content-layout":"","ast-site-content-layout":"default","site-content-style":"default","site-sidebar-style":"default","ast-global-header-display":"","ast-banner-title-visibility":"","ast-main-header-display":"","ast-hfb-above-header-display":"","ast-hfb-below-header-display":"","ast-hfb-mobile-header-display":"","site-post-title":"","ast-breadcrumbs-content":"","ast-featured-img":"","footer-sml-layout":"","ast-disable-related-posts":"","theme-transparent-header-meta":"default","adv-header-id-meta":"","stick-header-meta":"","header-above-stick-meta":"","header-main-stick-meta":"","header-below-stick-meta":"","astra-migrate-meta-layouts":"set","ast-page-background-enabled":"default","ast-page-background-meta":{"desktop":{"background-color":"var(--ast-global-color-4)","background-image":"","background-repeat":"repeat","background-position":"center center","background-size":"auto","background-attachment":"scroll","background-type":"","background-media":"","overlay-type":"","overlay-color":"","overlay-opacity":"","overlay-gradient":""},"tablet":{"background-color":"","background-image":"","background-repeat":"repeat","background-position":"center center","background-size":"auto","background-attachment":"scroll","background-type":"","background-media":"","overlay-type":"","overlay-color":"","overlay-opacity":"","overlay-gradient":""},"mobile":{"background-color":"","background-image":"","background-repeat":"repeat","background-position":"center center","background-size":"auto","background-attachment":"scroll","background-type":"","background-media":"","overlay-type":"","overlay-color":"","overlay-opacity":"","overlay-gradient":""}},"ast-content-background-meta":{"desktop":{"background-color":"var(--ast-global-color-5)","background-image":"","background-repeat":"repeat","background-position":"center center","background-size":"auto","background-attachment":"scroll","background-type":"","background-media":"","overlay-type":"","overlay-color":"","overlay-opacity":"","overlay-gradient":""},"tablet":{"background-color":"var(--ast-global-color-5)","background-image":"","background-repeat":"repeat","background-position":"center center","background-size":"auto","background-attachment":"scroll","background-type":"","background-media":"","overlay-type":"","overlay-color":"","overlay-opacity":"","overlay-gradient":""},"mobile":{"background-color":"var(--ast-global-color-5)","background-image":"","background-repeat":"repeat","background-position":"center center","background-size":"auto","background-attachment":"scroll","background-type":"","background-media":"","overlay-type":"","overlay-color":"","overlay-opacity":"","overlay-gradient":""}}},"product_brand":[],"product_cat":[29,47],"product_tag":[],"class_list":{"0":"post-2554","1":"product","2":"type-product","3":"status-publish","4":"has-post-thumbnail","6":"product_cat-fire-pit","7":"product_cat-gas-fire-pit","8":"desktop-align-center","9":"tablet-align-left","10":"mobile-align-left","12":"first","13":"instock","14":"shipping-taxable","15":"product-type-simple"},"_links":{"self":[{"href":"https:\/\/jblcorten.com\/fr\/wp-json\/wp\/v2\/product\/2554","targetHints":{"allow":["GET"]}}],"collection":[{"href":"https:\/\/jblcorten.com\/fr\/wp-json\/wp\/v2\/product"}],"about":[{"href":"https:\/\/jblcorten.com\/fr\/wp-json\/wp\/v2\/types\/product"}],"wp:featuredmedia":[{"embeddable":true,"href":"https:\/\/jblcorten.com\/fr\/wp-json\/wp\/v2\/media\/2555"}],"wp:attachment":[{"href":"https:\/\/jblcorten.com\/fr\/wp-json\/wp\/v2\/media?parent=2554"}],"wp:term":[{"taxonomy":"product_brand","embeddable":true,"href":"https:\/\/jblcorten.com\/fr\/wp-json\/wp\/v2\/product_brand?post=2554"},{"taxonomy":"product_cat","embeddable":true,"href":"https:\/\/jblcorten.com\/fr\/wp-json\/wp\/v2\/product_cat?post=2554"},{"taxonomy":"product_tag","embeddable":true,"href":"https:\/\/jblcorten.com\/fr\/wp-json\/wp\/v2\/product_tag?post=2554"}],"curies":[{"name":"wp","href":"https:\/\/api.w.org\/{rel}","templated":true}]}}