{"id":2551,"date":"2025-03-25T08:47:31","date_gmt":"2025-03-25T08:47:31","guid":{"rendered":"https:\/\/jblcorten.com\/?post_type=product&#038;p=2551"},"modified":"2025-03-25T08:56:45","modified_gmt":"2025-03-25T08:56:45","slug":"foyer-carre-au-gaz-naturel","status":"publish","type":"product","link":"https:\/\/jblcorten.com\/fr\/square-natural-gas-fire-pit\/","title":{"rendered":"Foyer carr\u00e9 \u00e0 gaz naturel"},"content":{"rendered":"<h2 style=\"text-align: center;\"><span style=\"font-size: 14pt;\">Foyer carr\u00e9 \u00e0 gaz naturel<\/span><\/h2>\n<p>Le foyer carr\u00e9 au gaz naturel est un appareil de chauffage qui allie esth\u00e9tique et fonctionnalit\u00e9. Il convient aux cours, terrasses, jardins et int\u00e9rieurs. Il adopte un design carr\u00e9 avec une forme simple et g\u00e9n\u00e9reuse. Il peut non seulement fournir de la chaleur, mais aussi devenir un magnifique \u00e9l\u00e9ment d\u00e9coratif dans la maison.<\/p>\n<p>Des enceintes en verre hautement transparentes sont install\u00e9es autour du foyer, ce qui rend la flamme plus stable lors de la combustion et am\u00e9liore l'effet visuel. Regarder les flammes danser \u00e0 travers le verre est \u00e0 la fois s\u00fbr et artistique, et plonge les gens dans une atmosph\u00e8re chaleureuse. De plus, l'enceinte en verre emp\u00eache efficacement les flammes d'\u00eatre emport\u00e9es par le vent, am\u00e9liore l'efficacit\u00e9 de la combustion et garantit que le foyer au gaz naturel carr\u00e9 peut \u00eatre utilis\u00e9 normalement dans toutes les conditions m\u00e9t\u00e9orologiques.<\/p>\n<p><strong><span style=\"font-size: 14pt;\">Sp\u00e9cifications du produit :<\/span><\/strong><\/p>\n<table>\n<tbody>\n<tr style=\"background-color: #cfcfcf;\">\n<td><strong><b>Nom du produit<\/b><\/strong><\/td>\n<td>Foyer carr\u00e9 \u00e0 gaz naturel<\/td>\n<\/tr>\n<tr>\n<td><strong><b>Mat\u00e9riau<\/b><\/strong><\/td>\n<td>Acier corten, acier inoxydable<\/td>\n<\/tr>\n<tr style=\"background-color: #cfcfcf;\">\n<td><strong><b>Carburant<\/b><\/strong><\/td>\n<td>Gaz naturel ou propane<\/td>\n<\/tr>\n<tr>\n<td><strong><b>Taille<\/b><\/strong><\/td>\n<td>600*600*400mm\/600*600*600mm( sur mesure)<\/td>\n<\/tr>\n<tr style=\"background-color: #cfcfcf;\">\n<td><strong><b>Traitement de surface<\/b><\/strong><\/td>\n<td>Pr\u00e9-rouill\u00e9, peint en noir, peut \u00eatre personnalis\u00e9<\/td>\n<\/tr>\n<tr>\n<td>Paquet<\/td>\n<td>Bo\u00eete en bois<\/td>\n<\/tr>\n<\/tbody>\n<\/table>\n<p><strong><span style=\"font-size: 14pt;\">D\u00e9coration du br\u00fbleur :<\/span><\/strong><\/p>\n<p>Des pierres volcaniques naturelles peuvent \u00eatre dispos\u00e9es \u00e0 l'int\u00e9rieur du foyer carr\u00e9 au gaz naturel, ce qui am\u00e9liore non seulement l'esth\u00e9tique g\u00e9n\u00e9rale, mais aussi l'effet de combustion. Les pierres volcaniques ont une bonne capacit\u00e9 de stockage de la chaleur, peuvent r\u00e9partir la chaleur de mani\u00e8re uniforme et rendent la flamme plus stable. En m\u00eame temps, leur texture naturelle et les jeux d'ombre et de lumi\u00e8re de la flamme se compl\u00e8tent, ajoutant un impact visuel naturel, rendant le foyer plus riche et plus d\u00e9coratif. Nous proposons plusieurs types de pierres volcaniques.<\/p>\n<p><img fetchpriority=\"high\" decoding=\"async\" class=\"alignnone wp-image-2546\" src=\"https:\/\/jblcorten.com\/wp-content\/uploads\/2025\/03\/burner-decoration.jpg\" alt=\"\" width=\"750\" height=\"242\" title=\"\" srcset=\"https:\/\/jblcorten.com\/wp-content\/uploads\/2025\/03\/burner-decoration.jpg 693w, https:\/\/jblcorten.com\/wp-content\/uploads\/2025\/03\/burner-decoration-600x194.jpg 600w, https:\/\/jblcorten.com\/wp-content\/uploads\/2025\/03\/burner-decoration-300x97.jpg 300w, https:\/\/jblcorten.com\/wp-content\/uploads\/2025\/03\/burner-decoration-18x6.jpg 18w\" sizes=\"(max-width: 750px) 100vw, 750px\" \/><\/p>\n<p><strong><span style=\"font-size: 14pt;\">Pourquoi choisir ce foyer au gaz naturel carr\u00e9 ?<\/span><\/strong><\/p>\n<ul>\n<li>Verre de protection de s\u00e9curit\u00e9 :<br \/>\nDu verre transparent est install\u00e9 autour de la flamme, ce qui permet non seulement d'emp\u00eacher efficacement le vent et de rendre la flamme plus stable, mais aussi d'assurer une protection de s\u00e9curit\u00e9 afin d'\u00e9viter tout contact accidentel avec la flamme et d'am\u00e9liorer la s\u00e9curit\u00e9 d'utilisation. Appr\u00e9cier la flamme qui br\u00fble \u00e0 travers le verre est plus d\u00e9coratif et cr\u00e9e une ambiance plus agr\u00e9able.<\/li>\n<\/ul>\n<ul>\n<li>Le gaz naturel est un combustible plus respectueux de l'environnement :<br \/>\nL'utilisation du gaz naturel comme combustible est plus propre et plus respectueuse de l'environnement que la combustion traditionnelle du charbon de bois ou du bois de chauffage. Elle ne produit ni fum\u00e9e ni cendres volantes, r\u00e9duit la pollution atmosph\u00e9rique, br\u00fble de mani\u00e8re plus stable et est plus pratique \u00e0 utiliser.<\/li>\n<\/ul>\n<ul>\n<li>Facile \u00e0 utiliser et flamme r\u00e9glable :<br \/>\nLe c\u00f4t\u00e9 du foyer est \u00e9quip\u00e9 d'une vanne de r\u00e9gulation permettant de contr\u00f4ler facilement l'allumage et la taille de la flamme. Sans op\u00e9ration fastidieuse, le feu peut \u00eatre ajust\u00e9 selon les besoins, ce qui est plus pratique \u00e0 utiliser.<\/li>\n<\/ul>\n<ul>\n<li>Mat\u00e9riau durable, adaptable \u00e0 l'environnement ext\u00e9rieur :<br \/>\nFabriqu\u00e9 \u00e0 partir de mat\u00e9riaux de haute qualit\u00e9 r\u00e9sistants aux intemp\u00e9ries, qu'il s'agisse d'une couleur rouille naturelle ou d'une surface pulv\u00e9ris\u00e9e noire, il pr\u00e9sente une forte r\u00e9sistance \u00e0 la corrosion et aux intemp\u00e9ries. Il peut \u00eatre utilis\u00e9 \u00e0 l'ext\u00e9rieur pendant longtemps, ne rouille pas et ne s'ab\u00eeme pas facilement, et a une longue dur\u00e9e de vie.<\/li>\n<\/ul>\n<p><img decoding=\"async\" class=\"alignnone wp-image-2549 size-full\" src=\"https:\/\/jblcorten.com\/wp-content\/uploads\/2025\/03\/no-smoke-fire-pit.jpg\" alt=\"\" width=\"750\" height=\"567\" title=\"\" srcset=\"https:\/\/jblcorten.com\/wp-content\/uploads\/2025\/03\/no-smoke-fire-pit.jpg 750w, https:\/\/jblcorten.com\/wp-content\/uploads\/2025\/03\/no-smoke-fire-pit-600x454.jpg 600w, https:\/\/jblcorten.com\/wp-content\/uploads\/2025\/03\/no-smoke-fire-pit-300x227.jpg 300w, https:\/\/jblcorten.com\/wp-content\/uploads\/2025\/03\/no-smoke-fire-pit-16x12.jpg 16w\" sizes=\"(max-width: 750px) 100vw, 750px\" \/><\/p>\n<p><img decoding=\"async\" class=\"alignnone size-full wp-image-2552\" src=\"https:\/\/jblcorten.com\/wp-content\/uploads\/2025\/03\/garden-table-with-fire-pit.jpg\" alt=\"\" width=\"750\" height=\"566\" title=\"\" srcset=\"https:\/\/jblcorten.com\/wp-content\/uploads\/2025\/03\/garden-table-with-fire-pit.jpg 750w, https:\/\/jblcorten.com\/wp-content\/uploads\/2025\/03\/garden-table-with-fire-pit-600x453.jpg 600w, https:\/\/jblcorten.com\/wp-content\/uploads\/2025\/03\/garden-table-with-fire-pit-300x226.jpg 300w, https:\/\/jblcorten.com\/wp-content\/uploads\/2025\/03\/garden-table-with-fire-pit-16x12.jpg 16w\" sizes=\"(max-width: 750px) 100vw, 750px\" \/><\/p>","protected":false},"excerpt":{"rendered":"<p>En termes de fonctionnement, ce foyer carr\u00e9 au gaz naturel est simple et facile \u00e0 utiliser, avec une vanne de contr\u00f4le sur le c\u00f4t\u00e9 qui permet de r\u00e9gler facilement l'alimentation en gaz et la taille de la flamme.<\/p>\n<p>Les utilisateurs peuvent r\u00e9gler la hauteur et l'intensit\u00e9 de la flamme en fonction de leurs besoins, afin de profiter de la chaleur du feu tout en contr\u00f4lant efficacement la consommation de gaz et en am\u00e9liorant l'\u00e9conomie et la s\u00e9curit\u00e9 d'utilisation.<\/p>","protected":false},"featured_media":2541,"template":"","meta":{"site-sidebar-layout":"default","site-content-layout":"","ast-site-content-layout":"default","site-content-style":"default","site-sidebar-style":"default","ast-global-header-display":"","ast-banner-title-visibility":"","ast-main-header-display":"","ast-hfb-above-header-display":"","ast-hfb-below-header-display":"","ast-hfb-mobile-header-display":"","site-post-title":"","ast-breadcrumbs-content":"","ast-featured-img":"","footer-sml-layout":"","ast-disable-related-posts":"","theme-transparent-header-meta":"default","adv-header-id-meta":"","stick-header-meta":"","header-above-stick-meta":"","header-main-stick-meta":"","header-below-stick-meta":"","astra-migrate-meta-layouts":"set","ast-page-background-enabled":"default","ast-page-background-meta":{"desktop":{"background-color":"var(--ast-global-color-4)","background-image":"","background-repeat":"repeat","background-position":"center center","background-size":"auto","background-attachment":"scroll","background-type":"","background-media":"","overlay-type":"","overlay-color":"","overlay-opacity":"","overlay-gradient":""},"tablet":{"background-color":"","background-image":"","background-repeat":"repeat","background-position":"center center","background-size":"auto","background-attachment":"scroll","background-type":"","background-media":"","overlay-type":"","overlay-color":"","overlay-opacity":"","overlay-gradient":""},"mobile":{"background-color":"","background-image":"","background-repeat":"repeat","background-position":"center center","background-size":"auto","background-attachment":"scroll","background-type":"","background-media":"","overlay-type":"","overlay-color":"","overlay-opacity":"","overlay-gradient":""}},"ast-content-background-meta":{"desktop":{"background-color":"var(--ast-global-color-5)","background-image":"","background-repeat":"repeat","background-position":"center center","background-size":"auto","background-attachment":"scroll","background-type":"","background-media":"","overlay-type":"","overlay-color":"","overlay-opacity":"","overlay-gradient":""},"tablet":{"background-color":"var(--ast-global-color-5)","background-image":"","background-repeat":"repeat","background-position":"center center","background-size":"auto","background-attachment":"scroll","background-type":"","background-media":"","overlay-type":"","overlay-color":"","overlay-opacity":"","overlay-gradient":""},"mobile":{"background-color":"var(--ast-global-color-5)","background-image":"","background-repeat":"repeat","background-position":"center center","background-size":"auto","background-attachment":"scroll","background-type":"","background-media":"","overlay-type":"","overlay-color":"","overlay-opacity":"","overlay-gradient":""}}},"product_brand":[],"product_cat":[29,47],"product_tag":[],"class_list":{"0":"post-2551","1":"product","2":"type-product","3":"status-publish","4":"has-post-thumbnail","6":"product_cat-fire-pit","7":"product_cat-gas-fire-pit","8":"desktop-align-center","9":"tablet-align-left","10":"mobile-align-left","12":"first","13":"instock","14":"shipping-taxable","15":"product-type-simple"},"_links":{"self":[{"href":"https:\/\/jblcorten.com\/fr\/wp-json\/wp\/v2\/product\/2551","targetHints":{"allow":["GET"]}}],"collection":[{"href":"https:\/\/jblcorten.com\/fr\/wp-json\/wp\/v2\/product"}],"about":[{"href":"https:\/\/jblcorten.com\/fr\/wp-json\/wp\/v2\/types\/product"}],"wp:featuredmedia":[{"embeddable":true,"href":"https:\/\/jblcorten.com\/fr\/wp-json\/wp\/v2\/media\/2541"}],"wp:attachment":[{"href":"https:\/\/jblcorten.com\/fr\/wp-json\/wp\/v2\/media?parent=2551"}],"wp:term":[{"taxonomy":"product_brand","embeddable":true,"href":"https:\/\/jblcorten.com\/fr\/wp-json\/wp\/v2\/product_brand?post=2551"},{"taxonomy":"product_cat","embeddable":true,"href":"https:\/\/jblcorten.com\/fr\/wp-json\/wp\/v2\/product_cat?post=2551"},{"taxonomy":"product_tag","embeddable":true,"href":"https:\/\/jblcorten.com\/fr\/wp-json\/wp\/v2\/product_tag?post=2551"}],"curies":[{"name":"wp","href":"https:\/\/api.w.org\/{rel}","templated":true}]}}