{"id":2537,"date":"2025-03-25T07:54:34","date_gmt":"2025-03-25T07:54:34","guid":{"rendered":"https:\/\/jblcorten.com\/?post_type=product&#038;p=2537"},"modified":"2025-03-25T07:57:20","modified_gmt":"2025-03-25T07:57:20","slug":"foyer-a-gaz-en-acier-corten","status":"publish","type":"product","link":"https:\/\/jblcorten.com\/fr\/corten-steel-gas-fire-pit\/","title":{"rendered":"Foyer \u00e0 gaz en acier Corten"},"content":{"rendered":"<h2 style=\"text-align: center;\"><strong><span style=\"font-size: 14pt;\">Foyer \u00e0 gaz en acier Corten<\/span><\/strong><\/h2>\n<p>Le foyer \u00e0 gaz en acier corten est un appareil de chauffage beau et pratique qui peut \u00eatre utilis\u00e9 \u00e0 l'int\u00e9rieur et \u00e0 l'ext\u00e9rieur. Avec sa structure carr\u00e9e et ses lignes simples, ce foyer peut r\u00e9pondre \u00e0 des besoins pratiques et devenir une d\u00e9coration unique \u00e0 l'int\u00e9rieur, sur la terrasse ou dans le jardin. Son mat\u00e9riau durable, l'acier corten, lui permet de r\u00e9sister au vent et \u00e0 la pluie en ext\u00e9rieur, et forme une couche de protection naturelle contre l'oxydation au fil du temps, laissant appara\u00eetre une texture m\u00e9tallique unique.<\/p>\n<p>Ce foyer \u00e0 gaz en corten est disponible en deux couleurs : rouille naturelle et noir pulv\u00e9ris\u00e9. La rouille naturelle conserve la surface d'oxydation unique de l'acier corten, pr\u00e9sentant un aspect chaud et textur\u00e9 qui s'int\u00e8gre parfaitement \u00e0 l'environnement naturel. La version noire est plus moderne et s'adapte \u00e0 diff\u00e9rents styles d'habitation, donnant \u00e0 l'espace un effet visuel simple et haut de gamme. Quelle que soit la couleur choisie, ce foyer peut am\u00e9liorer l'atmosph\u00e8re g\u00e9n\u00e9rale de la maison.<\/p>\n<p><img fetchpriority=\"high\" decoding=\"async\" class=\"alignnone wp-image-2545\" src=\"https:\/\/jblcorten.com\/wp-content\/uploads\/2025\/03\/propane-outdoor-firepit.jpg\" alt=\"\" width=\"750\" height=\"375\" title=\"\" srcset=\"https:\/\/jblcorten.com\/wp-content\/uploads\/2025\/03\/propane-outdoor-firepit.jpg 1000w, https:\/\/jblcorten.com\/wp-content\/uploads\/2025\/03\/propane-outdoor-firepit-600x300.jpg 600w, https:\/\/jblcorten.com\/wp-content\/uploads\/2025\/03\/propane-outdoor-firepit-300x150.jpg 300w, https:\/\/jblcorten.com\/wp-content\/uploads\/2025\/03\/propane-outdoor-firepit-768x384.jpg 768w, https:\/\/jblcorten.com\/wp-content\/uploads\/2025\/03\/propane-outdoor-firepit-18x9.jpg 18w\" sizes=\"(max-width: 750px) 100vw, 750px\" \/><\/p>\n<p><strong><span style=\"font-size: 14pt;\">Sp\u00e9cification du produit :<\/span><\/strong><\/p>\n<table>\n<tbody>\n<tr style=\"background-color: #cfcfcf;\">\n<td><strong><b>Nom du produit<\/b><\/strong><\/td>\n<td>Foyer \u00e0 gaz en acier Corten<\/td>\n<\/tr>\n<tr>\n<td><strong><b>Mat\u00e9riau<\/b><\/strong><\/td>\n<td>Acier corten, acier inoxydable<\/td>\n<\/tr>\n<tr>\n<td><strong><b>Carburant<\/b><\/strong><\/td>\n<td>Gaz naturel ou propane<\/td>\n<\/tr>\n<tr>\n<td><strong><b>Taille<\/b><\/strong><\/td>\n<td>600*600*400mm\/600*600*600mm ( sur mesure)<\/td>\n<\/tr>\n<tr>\n<td><strong><b>Technologie<\/b><\/strong><\/td>\n<td>\u00c9preuve, d\u00e9coupe au laser, pliage, poin\u00e7onnage, soudage, rouille<\/td>\n<\/tr>\n<tr>\n<td><strong><b>Traitement de surface<\/b><\/strong><\/td>\n<td>Pr\u00e9-rouill\u00e9, peint en noir, peut \u00eatre personnalis\u00e9<\/td>\n<\/tr>\n<tr>\n<td><strong><b>OEM ET ODM<\/b><\/strong><\/td>\n<td>Un service personnalis\u00e9 est disponible.<\/td>\n<\/tr>\n<\/tbody>\n<\/table>\n<p><strong><span style=\"font-size: 14pt;\">D\u00e9tails du produit :<\/span><\/strong><\/p>\n<p>Le foyer \u00e0 gaz en acier corten peut \u00eatre recouvert de pierres volcaniques, des pierres naturelles qui non seulement isolent efficacement la chaleur et rendent les flammes plus stables, mais rehaussent \u00e9galement l'esth\u00e9tique g\u00e9n\u00e9rale. Les tons sombres des pierres volcaniques contrastent fortement avec les flammes br\u00fblantes, cr\u00e9ant un effet visuel tr\u00e8s nuanc\u00e9.<\/p>\n<p><img decoding=\"async\" class=\"alignnone wp-image-2546\" src=\"https:\/\/jblcorten.com\/wp-content\/uploads\/2025\/03\/burner-decoration.jpg\" alt=\"\" width=\"750\" height=\"242\" title=\"\" srcset=\"https:\/\/jblcorten.com\/wp-content\/uploads\/2025\/03\/burner-decoration.jpg 693w, https:\/\/jblcorten.com\/wp-content\/uploads\/2025\/03\/burner-decoration-600x194.jpg 600w, https:\/\/jblcorten.com\/wp-content\/uploads\/2025\/03\/burner-decoration-300x97.jpg 300w, https:\/\/jblcorten.com\/wp-content\/uploads\/2025\/03\/burner-decoration-18x6.jpg 18w\" sizes=\"(max-width: 750px) 100vw, 750px\" \/> <img decoding=\"async\" class=\"alignnone wp-image-2547\" src=\"https:\/\/jblcorten.com\/wp-content\/uploads\/2025\/03\/fire-pit-with-gas.jpg\" alt=\"\" width=\"750\" height=\"295\" title=\"\" srcset=\"https:\/\/jblcorten.com\/wp-content\/uploads\/2025\/03\/fire-pit-with-gas.jpg 630w, https:\/\/jblcorten.com\/wp-content\/uploads\/2025\/03\/fire-pit-with-gas-600x236.jpg 600w, https:\/\/jblcorten.com\/wp-content\/uploads\/2025\/03\/fire-pit-with-gas-300x118.jpg 300w, https:\/\/jblcorten.com\/wp-content\/uploads\/2025\/03\/fire-pit-with-gas-18x7.jpg 18w\" sizes=\"(max-width: 750px) 100vw, 750px\" \/><\/p>\n<p><img loading=\"lazy\" decoding=\"async\" class=\"alignnone wp-image-2549 size-full\" src=\"https:\/\/jblcorten.com\/wp-content\/uploads\/2025\/03\/no-smoke-fire-pit.jpg\" alt=\"\" width=\"750\" height=\"567\" title=\"\" srcset=\"https:\/\/jblcorten.com\/wp-content\/uploads\/2025\/03\/no-smoke-fire-pit.jpg 750w, https:\/\/jblcorten.com\/wp-content\/uploads\/2025\/03\/no-smoke-fire-pit-600x454.jpg 600w, https:\/\/jblcorten.com\/wp-content\/uploads\/2025\/03\/no-smoke-fire-pit-300x227.jpg 300w, https:\/\/jblcorten.com\/wp-content\/uploads\/2025\/03\/no-smoke-fire-pit-16x12.jpg 16w\" sizes=\"(max-width: 750px) 100vw, 750px\" \/> <img loading=\"lazy\" decoding=\"async\" class=\"alignnone wp-image-2548 size-full\" src=\"https:\/\/jblcorten.com\/wp-content\/uploads\/2025\/03\/gas-fire-pits-for-sale.jpg\" alt=\"\" width=\"750\" height=\"664\" title=\"\" srcset=\"https:\/\/jblcorten.com\/wp-content\/uploads\/2025\/03\/gas-fire-pits-for-sale.jpg 750w, https:\/\/jblcorten.com\/wp-content\/uploads\/2025\/03\/gas-fire-pits-for-sale-600x531.jpg 600w, https:\/\/jblcorten.com\/wp-content\/uploads\/2025\/03\/gas-fire-pits-for-sale-300x266.jpg 300w, https:\/\/jblcorten.com\/wp-content\/uploads\/2025\/03\/gas-fire-pits-for-sale-14x12.jpg 14w\" sizes=\"(max-width: 750px) 100vw, 750px\" \/><\/p>","protected":false},"excerpt":{"rendered":"<p>Ce foyer \u00e0 gaz en acier corten adopte une structure carr\u00e9e aux lignes simples et \u00e9l\u00e9gantes. Il peut non seulement r\u00e9pondre \u00e0 des besoins pratiques, mais aussi devenir une d\u00e9coration unique \u00e0 l'int\u00e9rieur, sur la terrasse ou dans le jardin.<\/p>\n<p>Son mat\u00e9riau robuste et durable, l'acier corten, lui permet de r\u00e9sister au vent et \u00e0 la pluie dans les environnements ext\u00e9rieurs, et forme une couche protectrice d'oxydation naturelle au fil du temps, montrant une texture m\u00e9tallique unique.<\/p>","protected":false},"featured_media":2539,"template":"","meta":{"site-sidebar-layout":"default","site-content-layout":"","ast-site-content-layout":"default","site-content-style":"default","site-sidebar-style":"default","ast-global-header-display":"","ast-banner-title-visibility":"","ast-main-header-display":"","ast-hfb-above-header-display":"","ast-hfb-below-header-display":"","ast-hfb-mobile-header-display":"","site-post-title":"","ast-breadcrumbs-content":"","ast-featured-img":"","footer-sml-layout":"","ast-disable-related-posts":"","theme-transparent-header-meta":"default","adv-header-id-meta":"","stick-header-meta":"","header-above-stick-meta":"","header-main-stick-meta":"","header-below-stick-meta":"","astra-migrate-meta-layouts":"set","ast-page-background-enabled":"default","ast-page-background-meta":{"desktop":{"background-color":"var(--ast-global-color-4)","background-image":"","background-repeat":"repeat","background-position":"center center","background-size":"auto","background-attachment":"scroll","background-type":"","background-media":"","overlay-type":"","overlay-color":"","overlay-opacity":"","overlay-gradient":""},"tablet":{"background-color":"","background-image":"","background-repeat":"repeat","background-position":"center center","background-size":"auto","background-attachment":"scroll","background-type":"","background-media":"","overlay-type":"","overlay-color":"","overlay-opacity":"","overlay-gradient":""},"mobile":{"background-color":"","background-image":"","background-repeat":"repeat","background-position":"center center","background-size":"auto","background-attachment":"scroll","background-type":"","background-media":"","overlay-type":"","overlay-color":"","overlay-opacity":"","overlay-gradient":""}},"ast-content-background-meta":{"desktop":{"background-color":"var(--ast-global-color-5)","background-image":"","background-repeat":"repeat","background-position":"center center","background-size":"auto","background-attachment":"scroll","background-type":"","background-media":"","overlay-type":"","overlay-color":"","overlay-opacity":"","overlay-gradient":""},"tablet":{"background-color":"var(--ast-global-color-5)","background-image":"","background-repeat":"repeat","background-position":"center center","background-size":"auto","background-attachment":"scroll","background-type":"","background-media":"","overlay-type":"","overlay-color":"","overlay-opacity":"","overlay-gradient":""},"mobile":{"background-color":"var(--ast-global-color-5)","background-image":"","background-repeat":"repeat","background-position":"center center","background-size":"auto","background-attachment":"scroll","background-type":"","background-media":"","overlay-type":"","overlay-color":"","overlay-opacity":"","overlay-gradient":""}}},"product_brand":[],"product_cat":[29,47],"product_tag":[],"class_list":{"0":"post-2537","1":"product","2":"type-product","3":"status-publish","4":"has-post-thumbnail","6":"product_cat-fire-pit","7":"product_cat-gas-fire-pit","8":"desktop-align-center","9":"tablet-align-left","10":"mobile-align-left","12":"first","13":"instock","14":"shipping-taxable","15":"product-type-simple"},"_links":{"self":[{"href":"https:\/\/jblcorten.com\/fr\/wp-json\/wp\/v2\/product\/2537","targetHints":{"allow":["GET"]}}],"collection":[{"href":"https:\/\/jblcorten.com\/fr\/wp-json\/wp\/v2\/product"}],"about":[{"href":"https:\/\/jblcorten.com\/fr\/wp-json\/wp\/v2\/types\/product"}],"wp:featuredmedia":[{"embeddable":true,"href":"https:\/\/jblcorten.com\/fr\/wp-json\/wp\/v2\/media\/2539"}],"wp:attachment":[{"href":"https:\/\/jblcorten.com\/fr\/wp-json\/wp\/v2\/media?parent=2537"}],"wp:term":[{"taxonomy":"product_brand","embeddable":true,"href":"https:\/\/jblcorten.com\/fr\/wp-json\/wp\/v2\/product_brand?post=2537"},{"taxonomy":"product_cat","embeddable":true,"href":"https:\/\/jblcorten.com\/fr\/wp-json\/wp\/v2\/product_cat?post=2537"},{"taxonomy":"product_tag","embeddable":true,"href":"https:\/\/jblcorten.com\/fr\/wp-json\/wp\/v2\/product_tag?post=2537"}],"curies":[{"name":"wp","href":"https:\/\/api.w.org\/{rel}","templated":true}]}}