{"id":2522,"date":"2025-03-24T08:37:07","date_gmt":"2025-03-24T08:37:07","guid":{"rendered":"https:\/\/jblcorten.com\/?post_type=product&#038;p=2522"},"modified":"2025-03-24T08:48:07","modified_gmt":"2025-03-24T08:48:07","slug":"foyer-de-patio-a-bois","status":"publish","type":"product","link":"https:\/\/jblcorten.com\/fr\/wood-burning-patio-fire-pit\/","title":{"rendered":"Foyer de patio \u00e0 bois"},"content":{"rendered":"<p style=\"text-align: center;\"><strong><span style=\"font-size: 14pt;\">Foyer de patio \u00e0 bois<\/span><\/strong><\/p>\n<p>Le foyer de patio \u00e0 bois offre une exp\u00e9rience de flamme r\u00e9aliste. Contrairement aux foyers \u00e0 gaz ou \u00e9lectriques, les foyers \u00e0 bois cr\u00e9ent une ambiance rustique et naturelle avec de vraies flammes, des cr\u00e9pitements et l'ar\u00f4me caract\u00e9ristique du bois qui br\u00fble. Les flammes vacillantes cr\u00e9ent une atmosph\u00e8re relaxante, id\u00e9ale pour camper avec des amis. En outre, la chaleur produite par les foyers de terrasse \u00e0 bois est g\u00e9n\u00e9ralement plus puissante que celle des autres types de foyers, ce qui permet de r\u00e9chauffer plus efficacement les espaces ext\u00e9rieurs.<\/p>\n<p>Lors du choix d'un foyer de terrasse \u00e0 bois, le mat\u00e9riau et la durabilit\u00e9 sont l'un des facteurs \u00e0 prendre en compte. Le foyer est fabriqu\u00e9 en acier avec un rev\u00eatement r\u00e9sistant aux hautes temp\u00e9ratures. Ce foyer peut conserver la chaleur et la diffuser efficacement, et il est \u00e9galement r\u00e9sistant \u00e0 la rouille et \u00e0 la corrosion. Ce foyer est \u00e9galement con\u00e7u avec des \u00e9l\u00e9ments d\u00e9coratifs, tels que de beaux motifs creux ou des rev\u00eatements artistiques, qui ajoutent une touche \u00e9l\u00e9gante \u00e0 la terrasse.<\/p>\n<p><strong><span style=\"font-size: 14pt;\">Sp\u00e9cification du produit :<\/span><\/strong><\/p>\n<table style=\"border-collapse: collapse; width: 100%; height: 265px;\">\n<tbody>\n<tr style=\"height: 53px; background-color: #cfcfcf;\">\n<td style=\"width: 27.4869%; height: 53px;\">Nom du produit<\/td>\n<td style=\"width: 72.5131%; height: 53px;\">Foyer de patio \u00e0 bois<\/td>\n<\/tr>\n<tr style=\"height: 53px;\">\n<td style=\"width: 27.4869%; height: 53px;\">Mat\u00e9riau<\/td>\n<td style=\"width: 72.5131%; height: 53px;\">Acier<\/td>\n<\/tr>\n<tr style=\"height: 53px;\">\n<td style=\"width: 27.4869%; height: 53px;\">Carburant<\/td>\n<td style=\"width: 72.5131%; height: 53px;\">Bois<\/td>\n<\/tr>\n<tr style=\"height: 53px;\">\n<td style=\"width: 27.4869%; height: 53px;\">Couleur<\/td>\n<td style=\"width: 72.5131%; height: 53px;\">Noir<\/td>\n<\/tr>\n<tr style=\"height: 53px;\">\n<td style=\"width: 27.4869%; height: 53px;\">Taille<\/td>\n<td style=\"width: 72.5131%; height: 53px;\">68.0*30.5*69.5cm<\/td>\n<\/tr>\n<tr>\n<td style=\"width: 27.4869%;\">Poids<\/td>\n<td style=\"width: 72.5131%;\">10,5 kg<\/td>\n<\/tr>\n<\/tbody>\n<\/table>\n<p><strong><span style=\"font-size: 14pt;\">D\u00e9tails du produit :<\/span><\/strong><\/p>\n<p>Ce foyer de terrasse \u00e0 bois est polyvalent : il peut \u00eatre utilis\u00e9 pour chauffer et griller.<\/p>\n<p><img fetchpriority=\"high\" decoding=\"async\" class=\"alignnone wp-image-2528\" src=\"https:\/\/jblcorten.com\/wp-content\/uploads\/2025\/03\/Wood-Burning-Patio-Fire-Pit-for-sale.jpg\" alt=\"\" width=\"750\" height=\"375\" title=\"\" srcset=\"https:\/\/jblcorten.com\/wp-content\/uploads\/2025\/03\/Wood-Burning-Patio-Fire-Pit-for-sale.jpg 1000w, https:\/\/jblcorten.com\/wp-content\/uploads\/2025\/03\/Wood-Burning-Patio-Fire-Pit-for-sale-600x300.jpg 600w, https:\/\/jblcorten.com\/wp-content\/uploads\/2025\/03\/Wood-Burning-Patio-Fire-Pit-for-sale-300x150.jpg 300w, https:\/\/jblcorten.com\/wp-content\/uploads\/2025\/03\/Wood-Burning-Patio-Fire-Pit-for-sale-768x384.jpg 768w, https:\/\/jblcorten.com\/wp-content\/uploads\/2025\/03\/Wood-Burning-Patio-Fire-Pit-for-sale-18x9.jpg 18w\" sizes=\"(max-width: 750px) 100vw, 750px\" \/><\/p>\n<p><strong><span style=\"font-size: 14pt;\">Emballage du produit :<\/span><\/strong><\/p>\n<p><img decoding=\"async\" class=\"alignnone wp-image-2529\" src=\"https:\/\/jblcorten.com\/wp-content\/uploads\/2025\/03\/fire-pit-supplier.jpg\" alt=\"\" width=\"750\" height=\"375\" title=\"\" srcset=\"https:\/\/jblcorten.com\/wp-content\/uploads\/2025\/03\/fire-pit-supplier.jpg 1000w, https:\/\/jblcorten.com\/wp-content\/uploads\/2025\/03\/fire-pit-supplier-600x300.jpg 600w, https:\/\/jblcorten.com\/wp-content\/uploads\/2025\/03\/fire-pit-supplier-300x150.jpg 300w, https:\/\/jblcorten.com\/wp-content\/uploads\/2025\/03\/fire-pit-supplier-768x384.jpg 768w, https:\/\/jblcorten.com\/wp-content\/uploads\/2025\/03\/fire-pit-supplier-18x9.jpg 18w\" sizes=\"(max-width: 750px) 100vw, 750px\" \/><\/p>\n<p><strong><span style=\"font-size: 14pt;\">FAQ :<\/span><\/strong><\/p>\n<p>1.Q:\u00cates-vous une soci\u00e9t\u00e9 commerciale ou un fabricant ?<br \/>\nR : Nous avons notre propre usine.<\/p>\n<p>2.Q:Quels sont les d\u00e9lais de livraison ?<br \/>\nR : Dans un d\u00e9lai de 10 \u00e0 30 jours apr\u00e8s r\u00e9ception du d\u00e9p\u00f4t ou de la lettre de change \u00e0 vue. Cela d\u00e9pend \u00e9galement de la quantit\u00e9 de produits.<\/p>\n<p>3.Q:Fabriquez-vous des produits personnalis\u00e9s sur la base de nos dessins ou de nos id\u00e9es ?<br \/>\nR : Oui, nous sommes une usine professionnelle de fabrication d'acier corten avec une \u00e9quipe d'ing\u00e9nieurs exp\u00e9riment\u00e9s pour fabriquer des produits personnalis\u00e9s selon les dessins et les id\u00e9es des clients.<\/p>","protected":false},"excerpt":{"rendered":"<p>Le foyer de patio \u00e0 bois est fabriqu\u00e9 en acier avec un rev\u00eatement r\u00e9sistant aux hautes temp\u00e9ratures. Ce foyer peut conserver la chaleur et la diffuser efficacement. Il est \u00e9galement r\u00e9sistant \u00e0 la rouille et \u00e0 la corrosion.<\/p>\n<p>Ce foyer est \u00e9galement con\u00e7u avec des \u00e9l\u00e9ments d\u00e9coratifs, tels que de beaux motifs creux ou des rev\u00eatements artistiques, qui ajoutent une touche \u00e9l\u00e9gante \u00e0 la terrasse.<\/p>","protected":false},"featured_media":2523,"template":"","meta":{"site-sidebar-layout":"default","site-content-layout":"","ast-site-content-layout":"default","site-content-style":"default","site-sidebar-style":"default","ast-global-header-display":"","ast-banner-title-visibility":"","ast-main-header-display":"","ast-hfb-above-header-display":"","ast-hfb-below-header-display":"","ast-hfb-mobile-header-display":"","site-post-title":"","ast-breadcrumbs-content":"","ast-featured-img":"","footer-sml-layout":"","ast-disable-related-posts":"","theme-transparent-header-meta":"default","adv-header-id-meta":"","stick-header-meta":"","header-above-stick-meta":"","header-main-stick-meta":"","header-below-stick-meta":"","astra-migrate-meta-layouts":"set","ast-page-background-enabled":"default","ast-page-background-meta":{"desktop":{"background-color":"var(--ast-global-color-4)","background-image":"","background-repeat":"repeat","background-position":"center center","background-size":"auto","background-attachment":"scroll","background-type":"","background-media":"","overlay-type":"","overlay-color":"","overlay-opacity":"","overlay-gradient":""},"tablet":{"background-color":"","background-image":"","background-repeat":"repeat","background-position":"center center","background-size":"auto","background-attachment":"scroll","background-type":"","background-media":"","overlay-type":"","overlay-color":"","overlay-opacity":"","overlay-gradient":""},"mobile":{"background-color":"","background-image":"","background-repeat":"repeat","background-position":"center center","background-size":"auto","background-attachment":"scroll","background-type":"","background-media":"","overlay-type":"","overlay-color":"","overlay-opacity":"","overlay-gradient":""}},"ast-content-background-meta":{"desktop":{"background-color":"var(--ast-global-color-5)","background-image":"","background-repeat":"repeat","background-position":"center center","background-size":"auto","background-attachment":"scroll","background-type":"","background-media":"","overlay-type":"","overlay-color":"","overlay-opacity":"","overlay-gradient":""},"tablet":{"background-color":"var(--ast-global-color-5)","background-image":"","background-repeat":"repeat","background-position":"center center","background-size":"auto","background-attachment":"scroll","background-type":"","background-media":"","overlay-type":"","overlay-color":"","overlay-opacity":"","overlay-gradient":""},"mobile":{"background-color":"var(--ast-global-color-5)","background-image":"","background-repeat":"repeat","background-position":"center center","background-size":"auto","background-attachment":"scroll","background-type":"","background-media":"","overlay-type":"","overlay-color":"","overlay-opacity":"","overlay-gradient":""}}},"product_brand":[],"product_cat":[29,45],"product_tag":[63],"class_list":{"0":"post-2522","1":"product","2":"type-product","3":"status-publish","4":"has-post-thumbnail","6":"product_cat-fire-pit","7":"product_cat-wood-burning-fire-pit","8":"product_tag-fire-pit","9":"desktop-align-center","10":"tablet-align-left","11":"mobile-align-left","13":"first","14":"instock","15":"featured","16":"shipping-taxable","17":"product-type-simple"},"_links":{"self":[{"href":"https:\/\/jblcorten.com\/fr\/wp-json\/wp\/v2\/product\/2522","targetHints":{"allow":["GET"]}}],"collection":[{"href":"https:\/\/jblcorten.com\/fr\/wp-json\/wp\/v2\/product"}],"about":[{"href":"https:\/\/jblcorten.com\/fr\/wp-json\/wp\/v2\/types\/product"}],"wp:featuredmedia":[{"embeddable":true,"href":"https:\/\/jblcorten.com\/fr\/wp-json\/wp\/v2\/media\/2523"}],"wp:attachment":[{"href":"https:\/\/jblcorten.com\/fr\/wp-json\/wp\/v2\/media?parent=2522"}],"wp:term":[{"taxonomy":"product_brand","embeddable":true,"href":"https:\/\/jblcorten.com\/fr\/wp-json\/wp\/v2\/product_brand?post=2522"},{"taxonomy":"product_cat","embeddable":true,"href":"https:\/\/jblcorten.com\/fr\/wp-json\/wp\/v2\/product_cat?post=2522"},{"taxonomy":"product_tag","embeddable":true,"href":"https:\/\/jblcorten.com\/fr\/wp-json\/wp\/v2\/product_tag?post=2522"}],"curies":[{"name":"wp","href":"https:\/\/api.w.org\/{rel}","templated":true}]}}